{"id":107,"date":"2021-10-12T19:38:31","date_gmt":"2021-10-12T19:38:31","guid":{"rendered":"https:\/\/temp.fertilovit.com\/?page_id=107"},"modified":"2024-05-09T11:39:52","modified_gmt":"2024-05-09T10:39:52","slug":"tiroidite-di-hashimoto","status":"publish","type":"page","link":"https:\/\/fertilovit.com\/it\/informazioni\/tiroidite-di-hashimoto\/","title":{"rendered":"Hashimoto"},"content":{"rendered":"<div data-elementor-type=\"wp-page\" data-elementor-id=\"107\" class=\"elementor elementor-107\" data-elementor-settings=\"{&quot;element_pack_global_tooltip_width&quot;:{&quot;unit&quot;:&quot;px&quot;,&quot;size&quot;:&quot;&quot;,&quot;sizes&quot;:[]},&quot;element_pack_global_tooltip_width_laptop&quot;:{&quot;unit&quot;:&quot;px&quot;,&quot;size&quot;:&quot;&quot;,&quot;sizes&quot;:[]},&quot;element_pack_global_tooltip_width_tablet&quot;:{&quot;unit&quot;:&quot;px&quot;,&quot;size&quot;:&quot;&quot;,&quot;sizes&quot;:[]},&quot;element_pack_global_tooltip_width_mobile&quot;:{&quot;unit&quot;:&quot;px&quot;,&quot;size&quot;:&quot;&quot;,&quot;sizes&quot;:[]},&quot;element_pack_global_tooltip_padding&quot;:{&quot;unit&quot;:&quot;px&quot;,&quot;top&quot;:&quot;&quot;,&quot;right&quot;:&quot;&quot;,&quot;bottom&quot;:&quot;&quot;,&quot;left&quot;:&quot;&quot;,&quot;isLinked&quot;:true},&quot;element_pack_global_tooltip_padding_laptop&quot;:{&quot;unit&quot;:&quot;px&quot;,&quot;top&quot;:&quot;&quot;,&quot;right&quot;:&quot;&quot;,&quot;bottom&quot;:&quot;&quot;,&quot;left&quot;:&quot;&quot;,&quot;isLinked&quot;:true},&quot;element_pack_global_tooltip_padding_tablet&quot;:{&quot;unit&quot;:&quot;px&quot;,&quot;top&quot;:&quot;&quot;,&quot;right&quot;:&quot;&quot;,&quot;bottom&quot;:&quot;&quot;,&quot;left&quot;:&quot;&quot;,&quot;isLinked&quot;:true},&quot;element_pack_global_tooltip_padding_mobile&quot;:{&quot;unit&quot;:&quot;px&quot;,&quot;top&quot;:&quot;&quot;,&quot;right&quot;:&quot;&quot;,&quot;bottom&quot;:&quot;&quot;,&quot;left&quot;:&quot;&quot;,&quot;isLinked&quot;:true},&quot;element_pack_global_tooltip_border_radius&quot;:{&quot;unit&quot;:&quot;px&quot;,&quot;top&quot;:&quot;&quot;,&quot;right&quot;:&quot;&quot;,&quot;bottom&quot;:&quot;&quot;,&quot;left&quot;:&quot;&quot;,&quot;isLinked&quot;:true},&quot;element_pack_global_tooltip_border_radius_laptop&quot;:{&quot;unit&quot;:&quot;px&quot;,&quot;top&quot;:&quot;&quot;,&quot;right&quot;:&quot;&quot;,&quot;bottom&quot;:&quot;&quot;,&quot;left&quot;:&quot;&quot;,&quot;isLinked&quot;:true},&quot;element_pack_global_tooltip_border_radius_tablet&quot;:{&quot;unit&quot;:&quot;px&quot;,&quot;top&quot;:&quot;&quot;,&quot;right&quot;:&quot;&quot;,&quot;bottom&quot;:&quot;&quot;,&quot;left&quot;:&quot;&quot;,&quot;isLinked&quot;:true},&quot;element_pack_global_tooltip_border_radius_mobile&quot;:{&quot;unit&quot;:&quot;px&quot;,&quot;top&quot;:&quot;&quot;,&quot;right&quot;:&quot;&quot;,&quot;bottom&quot;:&quot;&quot;,&quot;left&quot;:&quot;&quot;,&quot;isLinked&quot;:true}}\" data-elementor-post-type=\"page\">\n\t\t\t\t\t\t<section class=\"has_ae_slider elementor-section elementor-top-section elementor-element elementor-element-0419567 elementor-section-full_width elementor-section-height-default elementor-section-height-default ae-bg-gallery-type-default\" data-id=\"0419567\" data-element_type=\"section\" data-e-type=\"section\" data-settings=\"{&quot;background_background&quot;:&quot;classic&quot;}\">\n\t\t\t\t\t\t<div class=\"elementor-container elementor-column-gap-no\">\n\t\t\t\t\t<div class=\"has_ae_slider elementor-column elementor-col-100 elementor-top-column elementor-element elementor-element-5650d1c ae-bg-gallery-type-default\" data-id=\"5650d1c\" data-element_type=\"column\" data-e-type=\"column\">\n\t\t\t<div class=\"elementor-widget-wrap elementor-element-populated\">\n\t\t\t\t\t\t<div class=\"elementor-element elementor-element-5ced9e1 elementor-widget elementor-widget-bdt-featured-box\" data-id=\"5ced9e1\" data-element_type=\"widget\" data-e-type=\"widget\" data-widget_type=\"bdt-featured-box.split\">\n\t\t\t\t<div class=\"elementor-widget-container\">\n\t\t\t\t\t\t\t<div class=\"bdt-ep-featured-box bdt-ep-featured-box-skin-split\">\r\n\r\n\t\t\t<div class=\"bdt-grid\">\r\n\t\t\t\t<div class=\"bdt-width-1-1 bdt-width-2-5@s\">\r\n\t\t\t\t\t<div class=\"bdt-ep-featured-box-content bdt-position-z-index bdt-position-center-left bdt-text-left\">\r\n\t\t\t\t\t\t\t\t\t\t\t<div class=\"bdt-ep-featured-box-sub-title\">\r\n\t\t\t\tTiroidite di Hashimoto\t\t\t<\/div>\r\n\t\t\r\n\t\t\t\t\t<h3\t\t\t\tclass=\"bdt-ep-featured-box-title\">\r\n\t\t\t\t<span >\r\n\t\t\t\t\te fertilit\u00e0\t\t\t\t<\/span>\r\n\t\t\t<\/h3>\r\n\t\t\r\n\t\t\r\n\t\t\t\t\t<div class=\"bdt-ep-featured-box-button\">\r\n\t\t\t\t<a class=\"bdt-ep-featured-box-readmore bdt-display-inline-block elementor-animation-wobble-horizontal\" href=\"https:\/\/fertilovit.com\/it\/donna\/fertilovit-f-thy\/\" target=\"_blank\">\r\n\t\t\t\t\tFertilovit\u00ae F THY\t\t\t\t\t\t\t\t\t\t\t<span class=\"bdt-button-icon-align-right\">\r\n\t\t\t\t\t\t\t<i aria-hidden=\"true\" class=\"fa-fw fas fa-venus-mars\"><\/i>\t\t\t\t\t\t<\/span>\r\n\t\t\t\t\t\t\t\t\t<\/a>\r\n\t\t\t<\/div>\r\n\t\t\t\t\t\t\t\t<\/div>\r\n\t\t\t\t<\/div>\r\n\t\t\t\t<div class=\"bdt-width-1-1 bdt-width-3-5@s\">\r\n\t\t\t\t\t\t\t<div class=\"bdt-ep-featured-box-image\">\r\n\t\t\t<div class=\"bdt-position-relative\">\r\n\t\t\t\t<img fetchpriority=\"high\" decoding=\"async\" width=\"1920\" height=\"1280\" src=\"https:\/\/fertilovit.com\/wp-content\/uploads\/2021\/12\/hashimoto-compressed.jpg\" class=\"attachment-full size-full\" alt=\"e fertilit\u00e0\" srcset=\"https:\/\/fertilovit.com\/wp-content\/uploads\/2021\/12\/hashimoto-compressed.jpg 1920w, https:\/\/fertilovit.com\/wp-content\/uploads\/2021\/12\/hashimoto-compressed-300x200.jpg 300w, https:\/\/fertilovit.com\/wp-content\/uploads\/2021\/12\/hashimoto-compressed-1024x683.jpg 1024w, https:\/\/fertilovit.com\/wp-content\/uploads\/2021\/12\/hashimoto-compressed-768x512.jpg 768w, https:\/\/fertilovit.com\/wp-content\/uploads\/2021\/12\/hashimoto-compressed-1536x1024.jpg 1536w, https:\/\/fertilovit.com\/wp-content\/uploads\/2021\/12\/hashimoto-compressed-18x12.jpg 18w\" sizes=\"(max-width: 1920px) 100vw, 1920px\" \/>\t\t\t\t\t\t<\/div>\r\n\t\t<\/div>\r\n\t\t\t\t\t\t<\/div>\r\n\t\t\t<\/div>\r\n\r\n\t\t<\/div>\r\n\r\n\t\t\t\t\t\t<\/div>\n\t\t\t\t<\/div>\n\t\t\t\t\t<\/div>\n\t\t<\/div>\n\t\t\t\t\t<\/div>\n\t\t<\/section>\n\t\t\t\t<section class=\"has_ae_slider elementor-section elementor-top-section elementor-element elementor-element-ff51dab elementor-section-boxed elementor-section-height-default elementor-section-height-default ae-bg-gallery-type-default\" data-id=\"ff51dab\" data-element_type=\"section\" data-e-type=\"section\">\n\t\t\t\t\t\t<div class=\"elementor-container elementor-column-gap-default\">\n\t\t\t\t\t<div class=\"has_ae_slider elementor-column elementor-col-100 elementor-top-column elementor-element elementor-element-1454345 ae-bg-gallery-type-default\" data-id=\"1454345\" data-element_type=\"column\" data-e-type=\"column\">\n\t\t\t<div class=\"elementor-widget-wrap elementor-element-populated\">\n\t\t\t\t\t\t<section class=\"has_ae_slider elementor-section elementor-inner-section elementor-element elementor-element-83ee502 elementor-section-boxed elementor-section-height-default elementor-section-height-default ae-bg-gallery-type-default\" data-id=\"83ee502\" data-element_type=\"section\" data-e-type=\"section\">\n\t\t\t\t\t\t<div class=\"elementor-container elementor-column-gap-extended\">\n\t\t\t\t\t<div class=\"has_ae_slider elementor-column elementor-col-100 elementor-inner-column elementor-element elementor-element-4037edf ae-bg-gallery-type-default\" data-id=\"4037edf\" data-element_type=\"column\" data-e-type=\"column\">\n\t\t\t<div class=\"elementor-widget-wrap elementor-element-populated\">\n\t\t\t\t\t\t<div class=\"elementor-element elementor-element-de0e223 elementor-widget elementor-widget-text-editor\" data-id=\"de0e223\" data-element_type=\"widget\" data-e-type=\"widget\" data-widget_type=\"text-editor.default\">\n\t\t\t\t<div class=\"elementor-widget-container\">\n\t\t\t\t\t\t\t\t\t<div class=\"page\" title=\"Pagina 1\"><div class=\"layoutArea\"><div class=\"column\"><div class=\"page\" title=\"Pagina 1\"><div class=\"layoutArea\"><div class=\"column\"><p id=\"c3\" class=\"intro\">La tiroidite di Hashimoto \u00e8 una variet\u00e0 comune di tiroidite cronica autoimmune. Si tratta di una malattia autoimmune della tiroide in cui l&#039;organismo produce autoanticorpi diretti contro le cellule tiroidee sane, distruggendole. Di conseguenza, la produzione di ormoni tiroidei. diminuisce sostanzialmente (ipofunzione tiroidea o ipotiroidismo).<\/p><p id=\"c4\" class=\"intro\">La malattia prende il nome dal medico giapponese Hakaru Hashimoto (1881-1934), che fu il primo a descriverla nel 1912. Non \u00e8 solo la malattia autoimmune pi\u00f9 diffusa negli esseri umani, ma anche la causa pi\u00f9 frequente di ipotiroidismo primario.<\/p><p id=\"c5\">La pi\u00f9 rara malattia di Graves \u00e8 associata alla produzione di anticorpi diretti contro una molecola di segnalazione sulla superficie delle cellule tiroidee. Ci\u00f2 fa s\u00ec che le cellule tiroidee producano una quantit\u00e0 eccessiva di ormoni tiroidei (iperfunzione tiroidea o ipertiroidismo). A lungo termine, tuttavia, molti pazienti sperimentano anche un\u2019ipofunzione tiroidea.<\/p><p id=\"c6\" class=\"intro feature-color short\"><strong>Compromissione della fertilit\u00e0<\/strong><\/p><p id=\"c7\" class=\"intro\">Questa disfunzione della produzione ormonale pu\u00f2 compromettere notevolmente la fertilit\u00e0: le pazienti hanno problemi di concepimento e aumenta anche il rischio di aborto spontaneo. Mentre nella popolazione generale il disturbo ha un&#039;incidenza di circa 5-10 %, fino a 25 % di pazienti di sesso femminile che cercano cure nelle cliniche della fertilit\u00e0 vengono diagnosticate con la malattia di Hashimoto. Fortunatamente, il trattamento della fertilit\u00e0 pu\u00f2 aiutare a ottenere una gravidanza sana.<\/p><p id=\"c8\" class=\"intro feature-color short\"><strong>Il paziente pu\u00f2 sostenere il trattamento<\/strong><\/p><p id=\"c9\" class=\"intro\">La paziente stessa pu\u00f2 migliorare le percentuali di successo del trattamento per la fertilit\u00e0 adottando scelte di vita sane e mantenendo una dieta sana che tenga conto di alcune specificit\u00e0 della malattia.<\/p><p id=\"c10\" class=\"intro feature-color short\"><strong>Una dieta a basso contenuto di iodio<\/strong><\/p><p id=\"c11\" class=\"intro\">Secondo studi scientifici l\u2019eccessiva esposizione allo iodio peggiora l\u2019andamento della malattia. D&#039;altro canto, \u00e8 stato segnalato che una dieta a basso contenuto di iodio determina un miglioramento. Pertanto si raccomanda ai pazienti con tiroidite autoimmune di abbandonare il sale da cucina iodato. Anche eventuali integratori alimentari dovrebbero essere privi di iodio.<\/p><p id=\"c12\" class=\"intro feature-color short\"><strong>Selenio<\/strong><\/p><p id=\"c13\" class=\"intro\">I terreni europei sono poveri di selenio. Di conseguenza le piante coltivate in questo terreno e quindi gli alimenti ivi prodotti hanno un basso contenuto di selenio. Gli studi hanno dimostrato che l\u2019integrazione di selenio nei pazienti con tiroidite autoimmune pu\u00f2 migliorare i sintomi.<\/p><p id=\"c14\" class=\"intro feature-color short\"><strong>Stress ossidativo e antiossidanti<\/strong><\/p><p id=\"c15\" class=\"intro\">Anche se le ragioni dell\u2019insorgenza della malattia non sono del tutto chiare, recenti ricerche hanno rivelato che lo stress ossidativo \u00e8 un importante fattore che contribuisce. Pu\u00f2 anche compromettere la qualit\u00e0 degli ovociti ed \u00e8 dannoso per lo sviluppo embrionale. Pertanto, gli esperti raccomandano di assicurarsi che vi sia un adeguato apporto di antiossidanti.<\/p><p id=\"c16\" class=\"intro\">Lo stress, il fumo e le cattive abitudini alimentari presentano situazioni in cui \u00e8 consigliabile l\u2019integrazione di antiossidanti e possono avere un impatto positivo sui sintomi della tiroidite autoimmune.<\/p><p id=\"c17\" class=\"intro feature-color short\"><strong>Vitamine del gruppo B<\/strong><\/p><p id=\"c18\" class=\"intro\">I pazienti con tiroidite autoimmune hanno anche un rischio maggiore di avere una carenza di vitamina B12. Ci\u00f2 pu\u00f2 rappresentare un problema soprattutto durante la pianificazione del concepimento, perch\u00e9 la vitamina B12 non \u00e8 importante solo per la divisione cellulare ma, insieme alle altre vitamine del gruppo B, \u00e8 di vitale importanza anche per il metabolismo dell&#039;omocisteina. Pertanto gli esperti raccomandano ai pazienti con tiroidite di integrare le vitamine del gruppo B.<\/p><\/div><\/div><\/div><\/div><\/div><\/div>\t\t\t\t\t\t\t\t<\/div>\n\t\t\t\t<\/div>\n\t\t\t\t\t<\/div>\n\t\t<\/div>\n\t\t\t\t\t<\/div>\n\t\t<\/section>\n\t\t\t\t\t<\/div>\n\t\t<\/div>\n\t\t\t\t\t<\/div>\n\t\t<\/section>\n\t\t\t\t<\/div>","protected":false},"excerpt":{"rendered":"<p>Hashimoto&#8217;s thyroiditis and Fertility Fertilovit\u00ae F THY Hashimoto\u2019s thyroiditis is a common variety of chronic autoimmune thyroiditis. This is an auto-immune disease of the thyroid in which the body produces auto-antibodies directed against healthy thyroid cells, destroying them. As a consequence of this, thyroid hormone production. decreases substantially (thyroid hypofunction or hypothyroidism). The disorder was [&hellip;]<\/p>\n","protected":false},"author":2,"featured_media":0,"parent":99,"menu_order":0,"comment_status":"closed","ping_status":"closed","template":"","meta":{"_acf_changed":false,"footnotes":""},"class_list":["post-107","page","type-page","status-publish","hentry"],"acf":[],"yoast_head":"<!-- This site is optimized with the Yoast SEO Premium plugin v27.0 (Yoast SEO v27.3) - https:\/\/yoast.com\/product\/yoast-seo-premium-wordpress\/ -->\n<title>Hashimoto&#039;s thyroiditis - Fertilovit\u00ae<\/title>\n<meta name=\"description\" content=\"Here you can learn more about Hashimoto&#039;s thyroiditis, its impairment of fertility and the importance of an iodine-free diet.\" \/>\n<meta name=\"robots\" content=\"index, follow, max-snippet:-1, max-image-preview:large, max-video-preview:-1\" \/>\n<link rel=\"canonical\" href=\"https:\/\/fertilovit.com\/it\/informazioni\/tiroidite-di-hashimoto\/\" \/>\n<meta property=\"og:locale\" content=\"it_IT\" \/>\n<meta property=\"og:type\" content=\"article\" \/>\n<meta property=\"og:title\" content=\"Hashimoto\" \/>\n<meta property=\"og:description\" content=\"Here you can learn more about Hashimoto&#039;s thyroiditis, its impairment of fertility and the importance of an iodine-free diet.\" \/>\n<meta property=\"og:url\" content=\"https:\/\/fertilovit.com\/it\/informazioni\/tiroidite-di-hashimoto\/\" \/>\n<meta property=\"og:site_name\" content=\"Fertilovit\u00ae\" \/>\n<meta property=\"article:publisher\" content=\"https:\/\/www.facebook.com\/fertilovit\" \/>\n<meta property=\"article:modified_time\" content=\"2024-05-09T10:39:52+00:00\" \/>\n<meta property=\"og:image\" content=\"https:\/\/fertilovit.com\/wp-content\/uploads\/2021\/12\/hashimoto-compressed.jpg\" \/>\n<meta name=\"twitter:card\" content=\"summary_large_image\" \/>\n<meta name=\"twitter:label1\" content=\"Tempo di lettura stimato\" \/>\n\t<meta name=\"twitter:data1\" content=\"3 minuti\" \/>\n<script type=\"application\/ld+json\" class=\"yoast-schema-graph\">{\"@context\":\"https:\\\/\\\/schema.org\",\"@graph\":[{\"@type\":\"WebPage\",\"@id\":\"https:\\\/\\\/fertilovit.com\\\/it\\\/informazioni\\\/tiroidite-di-hashimoto\\\/\",\"url\":\"https:\\\/\\\/fertilovit.com\\\/it\\\/informazioni\\\/tiroidite-di-hashimoto\\\/\",\"name\":\"Hashimoto's thyroiditis - Fertilovit\u00ae\",\"isPartOf\":{\"@id\":\"https:\\\/\\\/fertilovit.com\\\/it\\\/#website\"},\"primaryImageOfPage\":{\"@id\":\"https:\\\/\\\/fertilovit.com\\\/it\\\/informazioni\\\/tiroidite-di-hashimoto\\\/#primaryimage\"},\"image\":{\"@id\":\"https:\\\/\\\/fertilovit.com\\\/it\\\/informazioni\\\/tiroidite-di-hashimoto\\\/#primaryimage\"},\"thumbnailUrl\":\"https:\\\/\\\/fertilovit.com\\\/wp-content\\\/uploads\\\/2021\\\/12\\\/hashimoto-compressed.jpg\",\"datePublished\":\"2021-10-12T19:38:31+00:00\",\"dateModified\":\"2024-05-09T10:39:52+00:00\",\"description\":\"Here you can learn more about Hashimoto's thyroiditis, its impairment of fertility and the importance of an iodine-free diet.\",\"breadcrumb\":{\"@id\":\"https:\\\/\\\/fertilovit.com\\\/it\\\/informazioni\\\/tiroidite-di-hashimoto\\\/#breadcrumb\"},\"inLanguage\":\"it-IT\",\"potentialAction\":[{\"@type\":\"ReadAction\",\"target\":[\"https:\\\/\\\/fertilovit.com\\\/it\\\/informazioni\\\/tiroidite-di-hashimoto\\\/\"]}]},{\"@type\":\"ImageObject\",\"inLanguage\":\"it-IT\",\"@id\":\"https:\\\/\\\/fertilovit.com\\\/it\\\/informazioni\\\/tiroidite-di-hashimoto\\\/#primaryimage\",\"url\":\"https:\\\/\\\/fertilovit.com\\\/wp-content\\\/uploads\\\/2021\\\/12\\\/hashimoto-compressed.jpg\",\"contentUrl\":\"https:\\\/\\\/fertilovit.com\\\/wp-content\\\/uploads\\\/2021\\\/12\\\/hashimoto-compressed.jpg\"},{\"@type\":\"BreadcrumbList\",\"@id\":\"https:\\\/\\\/fertilovit.com\\\/it\\\/informazioni\\\/tiroidite-di-hashimoto\\\/#breadcrumb\",\"itemListElement\":[{\"@type\":\"ListItem\",\"position\":1,\"name\":\"Home\",\"item\":\"https:\\\/\\\/fertilovit.com\\\/\"},{\"@type\":\"ListItem\",\"position\":2,\"name\":\"Information\",\"item\":\"https:\\\/\\\/fertilovit.com\\\/information\\\/\"},{\"@type\":\"ListItem\",\"position\":3,\"name\":\"Hashimoto\"}]},{\"@type\":\"WebSite\",\"@id\":\"https:\\\/\\\/fertilovit.com\\\/it\\\/#website\",\"url\":\"https:\\\/\\\/fertilovit.com\\\/it\\\/\",\"name\":\"Fertilovit\u00ae\",\"description\":\"For a new life\",\"publisher\":{\"@id\":\"https:\\\/\\\/fertilovit.com\\\/it\\\/#organization\"},\"potentialAction\":[{\"@type\":\"SearchAction\",\"target\":{\"@type\":\"EntryPoint\",\"urlTemplate\":\"https:\\\/\\\/fertilovit.com\\\/it\\\/?s={search_term_string}\"},\"query-input\":{\"@type\":\"PropertyValueSpecification\",\"valueRequired\":true,\"valueName\":\"search_term_string\"}}],\"inLanguage\":\"it-IT\"},{\"@type\":\"Organization\",\"@id\":\"https:\\\/\\\/fertilovit.com\\\/it\\\/#organization\",\"name\":\"Fertilovit\u00ae\",\"url\":\"https:\\\/\\\/fertilovit.com\\\/it\\\/\",\"logo\":{\"@type\":\"ImageObject\",\"inLanguage\":\"it-IT\",\"@id\":\"https:\\\/\\\/fertilovit.com\\\/it\\\/#\\\/schema\\\/logo\\\/image\\\/\",\"url\":\"https:\\\/\\\/fertilovit.com\\\/wp-content\\\/uploads\\\/2021\\\/10\\\/fertilovit-logo.png\",\"contentUrl\":\"https:\\\/\\\/fertilovit.com\\\/wp-content\\\/uploads\\\/2021\\\/10\\\/fertilovit-logo.png\",\"width\":835,\"height\":188,\"caption\":\"Fertilovit\u00ae\"},\"image\":{\"@id\":\"https:\\\/\\\/fertilovit.com\\\/it\\\/#\\\/schema\\\/logo\\\/image\\\/\"},\"sameAs\":[\"https:\\\/\\\/www.facebook.com\\\/fertilovit\",\"https:\\\/\\\/www.instagram.com\\\/fertilovit_international\\\/\",\"https:\\\/\\\/www.youtube.com\\\/@Fertilovit-com\",\"https:\\\/\\\/www.instagram.com\\\/fertilovitaustria\\\/\"],\"description\":\"Fertilovit is a scientifically-backed brand of advanced micronutrient supplements specifically formulated for preconception, pregnancy, and reproductive health. Developed by fertility experts, our patent-protected products provide targeted nutritional support for women and men, addressing specific needs such as PCOS, endometriosis, and optimized sperm quality.\",\"email\":\"office@fertilovit.com\",\"telephone\":\"+43 5574 54195\",\"legalName\":\"Gonadosan Distribution GmbH\",\"foundingDate\":\"2010-01-01\",\"vatID\":\"ATU35594004\",\"duns\":\"302468913\"}]}<\/script>\n<!-- \/ Yoast SEO Premium plugin. -->","yoast_head_json":{"title":"Tiroidite di Hashimoto - Fertilovit\u00ae","description":"Qui puoi saperne di pi\u00f9 sulla tiroidite di Hashimoto, sulla sua compromissione della fertilit\u00e0 e sull&#039;importanza di una dieta priva di iodio.","robots":{"index":"index","follow":"follow","max-snippet":"max-snippet:-1","max-image-preview":"max-image-preview:large","max-video-preview":"max-video-preview:-1"},"canonical":"https:\/\/fertilovit.com\/it\/informazioni\/tiroidite-di-hashimoto\/","og_locale":"it_IT","og_type":"article","og_title":"Hashimoto","og_description":"Here you can learn more about Hashimoto's thyroiditis, its impairment of fertility and the importance of an iodine-free diet.","og_url":"https:\/\/fertilovit.com\/it\/informazioni\/tiroidite-di-hashimoto\/","og_site_name":"Fertilovit\u00ae","article_publisher":"https:\/\/www.facebook.com\/fertilovit","article_modified_time":"2024-05-09T10:39:52+00:00","og_image":[{"url":"https:\/\/fertilovit.com\/wp-content\/uploads\/2021\/12\/hashimoto-compressed.jpg","type":"","width":"","height":""}],"twitter_card":"summary_large_image","twitter_misc":{"Tempo di lettura stimato":"3 minuti"},"schema":{"@context":"https:\/\/schema.org","@graph":[{"@type":"WebPage","@id":"https:\/\/fertilovit.com\/it\/informazioni\/tiroidite-di-hashimoto\/","url":"https:\/\/fertilovit.com\/it\/informazioni\/tiroidite-di-hashimoto\/","name":"Tiroidite di Hashimoto - Fertilovit\u00ae","isPartOf":{"@id":"https:\/\/fertilovit.com\/it\/#website"},"primaryImageOfPage":{"@id":"https:\/\/fertilovit.com\/it\/informazioni\/tiroidite-di-hashimoto\/#primaryimage"},"image":{"@id":"https:\/\/fertilovit.com\/it\/informazioni\/tiroidite-di-hashimoto\/#primaryimage"},"thumbnailUrl":"https:\/\/fertilovit.com\/wp-content\/uploads\/2021\/12\/hashimoto-compressed.jpg","datePublished":"2021-10-12T19:38:31+00:00","dateModified":"2024-05-09T10:39:52+00:00","description":"Qui puoi saperne di pi\u00f9 sulla tiroidite di Hashimoto, sulla sua compromissione della fertilit\u00e0 e sull&#039;importanza di una dieta priva di iodio.","breadcrumb":{"@id":"https:\/\/fertilovit.com\/it\/informazioni\/tiroidite-di-hashimoto\/#breadcrumb"},"inLanguage":"it-IT","potentialAction":[{"@type":"ReadAction","target":["https:\/\/fertilovit.com\/it\/informazioni\/tiroidite-di-hashimoto\/"]}]},{"@type":"ImageObject","inLanguage":"it-IT","@id":"https:\/\/fertilovit.com\/it\/informazioni\/tiroidite-di-hashimoto\/#primaryimage","url":"https:\/\/fertilovit.com\/wp-content\/uploads\/2021\/12\/hashimoto-compressed.jpg","contentUrl":"https:\/\/fertilovit.com\/wp-content\/uploads\/2021\/12\/hashimoto-compressed.jpg"},{"@type":"BreadcrumbList","@id":"https:\/\/fertilovit.com\/it\/informazioni\/tiroidite-di-hashimoto\/#breadcrumb","itemListElement":[{"@type":"ListItem","position":1,"name":"Home","item":"https:\/\/fertilovit.com\/"},{"@type":"ListItem","position":2,"name":"Information","item":"https:\/\/fertilovit.com\/information\/"},{"@type":"ListItem","position":3,"name":"Hashimoto"}]},{"@type":"WebSite","@id":"https:\/\/fertilovit.com\/it\/#website","url":"https:\/\/fertilovit.com\/it\/","name":"Fertilovit\u00ae","description":"PER UNA NUOVA VITA","publisher":{"@id":"https:\/\/fertilovit.com\/it\/#organization"},"potentialAction":[{"@type":"SearchAction","target":{"@type":"EntryPoint","urlTemplate":"https:\/\/fertilovit.com\/it\/?s={search_term_string}"},"query-input":{"@type":"PropertyValueSpecification","valueRequired":true,"valueName":"search_term_string"}}],"inLanguage":"it-IT"},{"@type":"Organization","@id":"https:\/\/fertilovit.com\/it\/#organization","name":"Fertilovit\u00ae","url":"https:\/\/fertilovit.com\/it\/","logo":{"@type":"ImageObject","inLanguage":"it-IT","@id":"https:\/\/fertilovit.com\/it\/#\/schema\/logo\/image\/","url":"https:\/\/fertilovit.com\/wp-content\/uploads\/2021\/10\/fertilovit-logo.png","contentUrl":"https:\/\/fertilovit.com\/wp-content\/uploads\/2021\/10\/fertilovit-logo.png","width":835,"height":188,"caption":"Fertilovit\u00ae"},"image":{"@id":"https:\/\/fertilovit.com\/it\/#\/schema\/logo\/image\/"},"sameAs":["https:\/\/www.facebook.com\/fertilovit","https:\/\/www.instagram.com\/fertilovit_international\/","https:\/\/www.youtube.com\/@Fertilovit-com","https:\/\/www.instagram.com\/fertilovitaustria\/"],"description":"Fertilovit \u00e8 un marchio di integratori di micronutrienti avanzati, scientificamente supportati, specificamente formulati per il preconcepimento, la gravidanza e la salute riproduttiva. Sviluppati da esperti di fertilit\u00e0, i nostri prodotti, protetti da brevetto, forniscono un supporto nutrizionale mirato per donne e uomini, rispondendo a esigenze specifiche come PCOS, endometriosi e qualit\u00e0 dello sperma ottimizzata.","email":"office@fertilovit.com","telephone":"+43 5574 54195","legalName":"Gonadosan Distribution GmbH","foundingDate":"2010-01-01","vatID":"ATU35594004","duns":"302468913"}]}},"_links":{"self":[{"href":"https:\/\/fertilovit.com\/it\/wp-json\/wp\/v2\/pages\/107","targetHints":{"allow":["GET"]}}],"collection":[{"href":"https:\/\/fertilovit.com\/it\/wp-json\/wp\/v2\/pages"}],"about":[{"href":"https:\/\/fertilovit.com\/it\/wp-json\/wp\/v2\/types\/page"}],"author":[{"embeddable":true,"href":"https:\/\/fertilovit.com\/it\/wp-json\/wp\/v2\/users\/2"}],"replies":[{"embeddable":true,"href":"https:\/\/fertilovit.com\/it\/wp-json\/wp\/v2\/comments?post=107"}],"version-history":[{"count":0,"href":"https:\/\/fertilovit.com\/it\/wp-json\/wp\/v2\/pages\/107\/revisions"}],"up":[{"embeddable":true,"href":"https:\/\/fertilovit.com\/it\/wp-json\/wp\/v2\/pages\/99"}],"wp:attachment":[{"href":"https:\/\/fertilovit.com\/it\/wp-json\/wp\/v2\/media?parent=107"}],"curies":[{"name":"wp","href":"https:\/\/api.w.org\/{rel}","templated":true}]}}