{"id":105,"date":"2021-10-12T19:38:14","date_gmt":"2021-10-12T19:38:14","guid":{"rendered":"https:\/\/temp.fertilovit.com\/?page_id=105"},"modified":"2024-05-09T11:39:55","modified_gmt":"2024-05-09T10:39:55","slug":"pcos","status":"publish","type":"page","link":"https:\/\/fertilovit.com\/it\/informazioni\/pcos\/","title":{"rendered":"Inositolo"},"content":{"rendered":"<div data-elementor-type=\"wp-page\" data-elementor-id=\"105\" class=\"elementor elementor-105\" data-elementor-settings=\"{&quot;element_pack_global_tooltip_width&quot;:{&quot;unit&quot;:&quot;px&quot;,&quot;size&quot;:&quot;&quot;,&quot;sizes&quot;:[]},&quot;element_pack_global_tooltip_width_laptop&quot;:{&quot;unit&quot;:&quot;px&quot;,&quot;size&quot;:&quot;&quot;,&quot;sizes&quot;:[]},&quot;element_pack_global_tooltip_width_tablet&quot;:{&quot;unit&quot;:&quot;px&quot;,&quot;size&quot;:&quot;&quot;,&quot;sizes&quot;:[]},&quot;element_pack_global_tooltip_width_mobile&quot;:{&quot;unit&quot;:&quot;px&quot;,&quot;size&quot;:&quot;&quot;,&quot;sizes&quot;:[]},&quot;element_pack_global_tooltip_padding&quot;:{&quot;unit&quot;:&quot;px&quot;,&quot;top&quot;:&quot;&quot;,&quot;right&quot;:&quot;&quot;,&quot;bottom&quot;:&quot;&quot;,&quot;left&quot;:&quot;&quot;,&quot;isLinked&quot;:true},&quot;element_pack_global_tooltip_padding_laptop&quot;:{&quot;unit&quot;:&quot;px&quot;,&quot;top&quot;:&quot;&quot;,&quot;right&quot;:&quot;&quot;,&quot;bottom&quot;:&quot;&quot;,&quot;left&quot;:&quot;&quot;,&quot;isLinked&quot;:true},&quot;element_pack_global_tooltip_padding_tablet&quot;:{&quot;unit&quot;:&quot;px&quot;,&quot;top&quot;:&quot;&quot;,&quot;right&quot;:&quot;&quot;,&quot;bottom&quot;:&quot;&quot;,&quot;left&quot;:&quot;&quot;,&quot;isLinked&quot;:true},&quot;element_pack_global_tooltip_padding_mobile&quot;:{&quot;unit&quot;:&quot;px&quot;,&quot;top&quot;:&quot;&quot;,&quot;right&quot;:&quot;&quot;,&quot;bottom&quot;:&quot;&quot;,&quot;left&quot;:&quot;&quot;,&quot;isLinked&quot;:true},&quot;element_pack_global_tooltip_border_radius&quot;:{&quot;unit&quot;:&quot;px&quot;,&quot;top&quot;:&quot;&quot;,&quot;right&quot;:&quot;&quot;,&quot;bottom&quot;:&quot;&quot;,&quot;left&quot;:&quot;&quot;,&quot;isLinked&quot;:true},&quot;element_pack_global_tooltip_border_radius_laptop&quot;:{&quot;unit&quot;:&quot;px&quot;,&quot;top&quot;:&quot;&quot;,&quot;right&quot;:&quot;&quot;,&quot;bottom&quot;:&quot;&quot;,&quot;left&quot;:&quot;&quot;,&quot;isLinked&quot;:true},&quot;element_pack_global_tooltip_border_radius_tablet&quot;:{&quot;unit&quot;:&quot;px&quot;,&quot;top&quot;:&quot;&quot;,&quot;right&quot;:&quot;&quot;,&quot;bottom&quot;:&quot;&quot;,&quot;left&quot;:&quot;&quot;,&quot;isLinked&quot;:true},&quot;element_pack_global_tooltip_border_radius_mobile&quot;:{&quot;unit&quot;:&quot;px&quot;,&quot;top&quot;:&quot;&quot;,&quot;right&quot;:&quot;&quot;,&quot;bottom&quot;:&quot;&quot;,&quot;left&quot;:&quot;&quot;,&quot;isLinked&quot;:true}}\" data-elementor-post-type=\"page\">\n\t\t\t\t\t\t<section class=\"has_ae_slider elementor-section elementor-top-section elementor-element elementor-element-9e8fc93 elementor-section-full_width elementor-section-height-default elementor-section-height-default ae-bg-gallery-type-default\" data-id=\"9e8fc93\" data-element_type=\"section\" data-e-type=\"section\" data-settings=\"{&quot;background_background&quot;:&quot;classic&quot;}\">\n\t\t\t\t\t\t<div class=\"elementor-container elementor-column-gap-no\">\n\t\t\t\t\t<div class=\"has_ae_slider elementor-column elementor-col-100 elementor-top-column elementor-element elementor-element-8e4a187 ae-bg-gallery-type-default\" data-id=\"8e4a187\" data-element_type=\"column\" data-e-type=\"column\">\n\t\t\t<div class=\"elementor-widget-wrap elementor-element-populated\">\n\t\t\t\t\t\t<div class=\"elementor-element elementor-element-4fd2e6b elementor-widget elementor-widget-bdt-featured-box\" data-id=\"4fd2e6b\" data-element_type=\"widget\" data-e-type=\"widget\" data-widget_type=\"bdt-featured-box.split\">\n\t\t\t\t<div class=\"elementor-widget-container\">\n\t\t\t\t\t\t\t<div class=\"bdt-ep-featured-box bdt-ep-featured-box-skin-split\">\r\n\r\n\t\t\t<div class=\"bdt-grid\">\r\n\t\t\t\t<div class=\"bdt-width-1-1 bdt-width-2-5@s\">\r\n\t\t\t\t\t<div class=\"bdt-ep-featured-box-content bdt-position-z-index bdt-position-center-left bdt-text-left\">\r\n\t\t\t\t\t\t\t\t\t\t\t<div class=\"bdt-ep-featured-box-sub-title\">\r\n\t\t\t\tPCOS\t\t\t<\/div>\r\n\t\t\r\n\t\t\t\t\t<h3\t\t\t\tclass=\"bdt-ep-featured-box-title\">\r\n\t\t\t\t<span >\r\n\t\t\t\t\te fertilit\u00e0\t\t\t\t<\/span>\r\n\t\t\t<\/h3>\r\n\t\t\r\n\t\t\r\n\t\t\t\t\t<div class=\"bdt-ep-featured-box-button\">\r\n\t\t\t\t<a class=\"bdt-ep-featured-box-readmore bdt-display-inline-block elementor-animation-wobble-horizontal\" href=\"https:\/\/fertilovit.com\/it\/donna\/fertilovit-f-pcos\/\" target=\"_blank\">\r\n\t\t\t\t\tFertilovit\u00ae F PCOS\t\t\t\t\t\t\t\t\t\t\t<span class=\"bdt-button-icon-align-right\">\r\n\t\t\t\t\t\t\t<i aria-hidden=\"true\" class=\"fa-fw fas fa-venus-mars\"><\/i>\t\t\t\t\t\t<\/span>\r\n\t\t\t\t\t\t\t\t\t<\/a>\r\n\t\t\t<\/div>\r\n\t\t\t\t\t\t\t\t<\/div>\r\n\t\t\t\t<\/div>\r\n\t\t\t\t<div class=\"bdt-width-1-1 bdt-width-3-5@s\">\r\n\t\t\t\t\t\t\t<div class=\"bdt-ep-featured-box-image\">\r\n\t\t\t<div class=\"bdt-position-relative\">\r\n\t\t\t\t<img fetchpriority=\"high\" decoding=\"async\" width=\"1920\" height=\"1280\" src=\"https:\/\/fertilovit.com\/wp-content\/uploads\/2021\/12\/pcos-2-compressed.jpg\" class=\"attachment-full size-full\" alt=\"e fertilit\u00e0\" srcset=\"https:\/\/fertilovit.com\/wp-content\/uploads\/2021\/12\/pcos-2-compressed.jpg 1920w, https:\/\/fertilovit.com\/wp-content\/uploads\/2021\/12\/pcos-2-compressed-300x200.jpg 300w, https:\/\/fertilovit.com\/wp-content\/uploads\/2021\/12\/pcos-2-compressed-1024x683.jpg 1024w, https:\/\/fertilovit.com\/wp-content\/uploads\/2021\/12\/pcos-2-compressed-768x512.jpg 768w, https:\/\/fertilovit.com\/wp-content\/uploads\/2021\/12\/pcos-2-compressed-1536x1024.jpg 1536w, https:\/\/fertilovit.com\/wp-content\/uploads\/2021\/12\/pcos-2-compressed-18x12.jpg 18w\" sizes=\"(max-width: 1920px) 100vw, 1920px\" \/>\t\t\t\t\t\t<\/div>\r\n\t\t<\/div>\r\n\t\t\t\t\t\t<\/div>\r\n\t\t\t<\/div>\r\n\r\n\t\t<\/div>\r\n\r\n\t\t\t\t\t\t<\/div>\n\t\t\t\t<\/div>\n\t\t\t\t\t<\/div>\n\t\t<\/div>\n\t\t\t\t\t<\/div>\n\t\t<\/section>\n\t\t\t\t<section class=\"has_ae_slider elementor-section elementor-top-section elementor-element elementor-element-c0de4b5 elementor-section-boxed elementor-section-height-default elementor-section-height-default ae-bg-gallery-type-default\" data-id=\"c0de4b5\" data-element_type=\"section\" data-e-type=\"section\">\n\t\t\t\t\t\t<div class=\"elementor-container elementor-column-gap-default\">\n\t\t\t\t\t<div class=\"has_ae_slider elementor-column elementor-col-100 elementor-top-column elementor-element elementor-element-3742ffd ae-bg-gallery-type-default\" data-id=\"3742ffd\" data-element_type=\"column\" data-e-type=\"column\">\n\t\t\t<div class=\"elementor-widget-wrap elementor-element-populated\">\n\t\t\t\t\t\t<section class=\"has_ae_slider elementor-section elementor-inner-section elementor-element elementor-element-3b90985 elementor-section-boxed elementor-section-height-default elementor-section-height-default ae-bg-gallery-type-default\" data-id=\"3b90985\" data-element_type=\"section\" data-e-type=\"section\">\n\t\t\t\t\t\t<div class=\"elementor-container elementor-column-gap-extended\">\n\t\t\t\t\t<div class=\"has_ae_slider elementor-column elementor-col-100 elementor-inner-column elementor-element elementor-element-9e109e5 ae-bg-gallery-type-default\" data-id=\"9e109e5\" data-element_type=\"column\" data-e-type=\"column\">\n\t\t\t<div class=\"elementor-widget-wrap elementor-element-populated\">\n\t\t\t\t\t\t<div class=\"elementor-element elementor-element-591d7ff elementor-widget elementor-widget-text-editor\" data-id=\"591d7ff\" data-element_type=\"widget\" data-e-type=\"widget\" data-widget_type=\"text-editor.default\">\n\t\t\t\t<div class=\"elementor-widget-container\">\n\t\t\t\t\t\t\t\t\t<p><span style=\"font-weight: 400;\">Circa 5 \u2013 10 % delle donne in et\u00e0 riproduttiva sono affette da sindrome dell\u2019ovaio policistico (<\/span><a href=\"https:\/\/www.my-fertility-blog.com\/2017\/09\/01\/10-signs-you-might-be-suffering-from-pcos\/\"><span style=\"font-weight: 400;\">PCOS<\/span><\/a><span style=\"font-weight: 400;\">). La sindrome \u00e8, infatti, un disturbo ormonale con una variet\u00e0 di sintomi tra cui eccesso di peli sul viso, acne, cicli irregolari e cisti ovariche.<\/span><\/p><p><strong>In che modo la PCOS interferisce con la fertilit\u00e0?<\/strong><\/p><p><span style=\"font-weight: 400;\">La PCOS \u00e8 uno dei motivi pi\u00f9 comuni per i problemi di fertilit\u00e0 femminile. I cambiamenti ormonali osservati nella PCOS alterano la funzione ovarica. Ci\u00f2 porta a problemi con la maturazione degli ovociti e l&#039;ovulazione. Di conseguenza, le pazienti spesso presentano cisti ovariche multiple e presentano cicli irregolari o addirittura mancanti.\u00a0<\/span><\/p><p><strong>PCOS: opzioni terapeutiche<\/strong><\/p><ol><li style=\"font-weight: 400;\" aria-level=\"1\"><p><b>\u00a0<\/b><span style=\"font-weight: 400;\"><strong>Perdita di peso:<\/strong> Se sei in sovrappeso, il primo passo \u00e8 perdere peso. Anche una perdita di peso di soli 5% pu\u00f2 apportare miglioramenti significativi all\u2019equilibrio ormonale. Per un peso corporeo di 80 kg ci\u00f2 corrisponde a soli 4 kg di perdita di peso. La ricompensa: pelle bella, minore crescita di peli, cicli pi\u00f9 regolari. <\/span><a href=\"https:\/\/www.my-fertility-blog.com\/2019\/09\/13\/pcos-losing-weight-easier-with-tricks-from-research\/\"><span style=\"font-weight: 400;\">Saperne di pi\u00f9\u2026<\/span><\/a><span style=\"font-weight: 400;\">\u00a0<\/span><\/p><\/li><li style=\"font-weight: 400;\" aria-level=\"1\"><p><span style=\"font-weight: 400;\"><strong>Metformina:<\/strong> La maggior parte dei pazienti con PCOS soffre anche di insulino-resistenza, esacerbando il disturbo ormonale. La resistenza all\u2019insulina pu\u00f2 essere trattata con metformina, un principio attivo normalmente utilizzato nei pazienti con diabete di tipo 2. La metformina ottimizza l\u2019azione dell\u2019insulina. Ci\u00f2 ha un effetto favorevole sulla PCOS. Una volta che la resistenza all\u2019insulina diminuisce, la produzione di ormoni maschili viene stimolata meno. Oltre a ci\u00f2, cambia anche il metabolismo dei lipidi. Tuttavia, il farmaco metformina non \u00e8 ancora approvato per il trattamento della PCOS e molte donne non lo tollerano molto bene.<\/span><\/p><\/li><li style=\"font-weight: 400;\" aria-level=\"1\"><p><span style=\"font-weight: 400;\"><strong>Nutrizione:<\/strong> A causa della stretta connessione tra metabolismo e sistema ormonale, \u00e8 necessario un cambiamento dello stile di vita in combinazione con <\/span><a href=\"https:\/\/www.pcos-info.eu\/index.php?&amp;lang=en-US\"><span style=\"font-weight: 400;\">misure nutrizionali<\/span><\/a><span style=\"font-weight: 400;\"> \u00e8 un approccio gentile e spesso molto utile. <a href=\"https:\/\/www.pcos-info.eu\/p.php?c=ernaehrung\">Saperne di pi\u00f9\u2026<\/a><\/span><\/p><\/li><li style=\"font-weight: 400;\" aria-level=\"1\"><p><span style=\"font-weight: 400;\"><strong>Terapia di supporto con micronutrienti:<\/strong> Una vasta gamma di micronutrienti \u00e8 stata utilizzata negli studi per esaminare i loro benefici per i pazienti con PCOS. Secondo la ricerca, <\/span><a href=\"https:\/\/www.my-fertility-blog.com\/2016\/08\/25\/dietetic-treatment-of-pcos-inositol\/\"><span style=\"font-weight: 400;\">integrazione mirata<\/span><\/a><span style=\"font-weight: 400;\"> pu\u00f2 contribuire delicatamente dall&#039;interno a un maggiore equilibrio metabolico e ormonale nella PCOS. Sulla base della ricerca attuale, la formula a tripla azione di Fertilovit\u00ae F PCOS \u00e8 stata progettata per fornire alle donne con PCOS che stanno pianificando una gravidanza tutte le vitamine, i minerali e gli altri nutrienti che si sono rivelati importanti in questa situazione speciale.<\/span><\/p><\/li><li style=\"font-weight: 400;\" aria-level=\"1\"><p><strong>Trattamento di fertilit\u00e0: <\/strong><span style=\"font-weight: 400;\">Molto spesso \u00e8 necessaria l&#039;induzione artificiale dell&#039;ovulazione da parte di uno specialista, ad esempio con clomifene. A volte le misure chirurgiche possono aiutare. Nella cosiddetta perforazione ovarica laparoscopica, la distruzione meccanica delle cellule della teca pu\u00f2 interrompere il circolo vizioso ormonale e regolare la produzione di ormoni. Inoltre, il trattamento ormonale con FSH \u00e8 un\u2019opzione terapeutica.<\/span><\/p><\/li><\/ol><p><strong>PCOS e gravidanza<\/strong><span style=\"font-weight: 400;\"><br \/><\/span><\/p><p><span style=\"font-weight: 400;\">Durante la gravidanza, le pazienti con PCOS corrono un rischio maggiore di sviluppare il diabete gestazionale. \u00c8 consigliabile uno screening regolare per verificarlo e offrire un trattamento rapido.<\/span><\/p><p><strong>La PCOS \u00e8 curabile?<\/strong><\/p><p><span style=\"font-weight: 400;\">Sfortunatamente no. Tuttavia, la maggior parte dei pazienti trae beneficio dalla terapia medica e dai cambiamenti dello stile di vita. A volte si nota un miglioramento dopo la gravidanza e la menopausa.<\/span><\/p>\t\t\t\t\t\t\t\t<\/div>\n\t\t\t\t<\/div>\n\t\t\t\t\t<\/div>\n\t\t<\/div>\n\t\t\t\t\t<\/div>\n\t\t<\/section>\n\t\t\t\t\t<\/div>\n\t\t<\/div>\n\t\t\t\t\t<\/div>\n\t\t<\/section>\n\t\t\t\t<\/div>","protected":false},"excerpt":{"rendered":"<p>PCOS and fertility Fertilovit\u00ae F PCOS Approximately 5 \u2013 10 % of women of reproductive age are affected by polycystic ovarian syndrome (PCOS). The syndrome is, in fact, a hormonal disorder with a variety of symptoms including excess facial hair, acne, irregular cycles, and ovarian cysts. How does PCOS interfere with fertility? PCOS is one [&hellip;]<\/p>\n","protected":false},"author":2,"featured_media":0,"parent":99,"menu_order":0,"comment_status":"closed","ping_status":"closed","template":"","meta":{"_acf_changed":false,"footnotes":""},"class_list":["post-105","page","type-page","status-publish","hentry"],"acf":[],"yoast_head":"<!-- This site is optimized with the Yoast SEO Premium plugin v27.0 (Yoast SEO v27.3) - https:\/\/yoast.com\/product\/yoast-seo-premium-wordpress\/ -->\n<title>PCOS - Fertilovit\u00ae<\/title>\n<meta name=\"description\" content=\"Find out more about Polycystic Ovary Syndrome (PCOS), how it interferes with fertility and different therapeutic options.\" \/>\n<meta name=\"robots\" content=\"index, follow, max-snippet:-1, max-image-preview:large, max-video-preview:-1\" \/>\n<link rel=\"canonical\" href=\"https:\/\/fertilovit.com\/it\/informazioni\/pcos\/\" \/>\n<meta property=\"og:locale\" content=\"it_IT\" \/>\n<meta property=\"og:type\" content=\"article\" \/>\n<meta property=\"og:title\" content=\"Inositol\" \/>\n<meta property=\"og:description\" content=\"Find out more about Polycystic Ovary Syndrome (PCOS), how it interferes with fertility and different therapeutic options.\" \/>\n<meta property=\"og:url\" content=\"https:\/\/fertilovit.com\/it\/informazioni\/pcos\/\" \/>\n<meta property=\"og:site_name\" content=\"Fertilovit\u00ae\" \/>\n<meta property=\"article:publisher\" content=\"https:\/\/www.facebook.com\/fertilovit\" \/>\n<meta property=\"article:modified_time\" content=\"2024-05-09T10:39:55+00:00\" \/>\n<meta property=\"og:image\" content=\"https:\/\/fertilovit.com\/wp-content\/uploads\/2021\/12\/pcos-2-compressed.jpg\" \/>\n<meta name=\"twitter:card\" content=\"summary_large_image\" \/>\n<meta name=\"twitter:label1\" content=\"Tempo di lettura stimato\" \/>\n\t<meta name=\"twitter:data1\" content=\"3 minuti\" \/>\n<script type=\"application\/ld+json\" class=\"yoast-schema-graph\">{\"@context\":\"https:\\\/\\\/schema.org\",\"@graph\":[{\"@type\":\"WebPage\",\"@id\":\"https:\\\/\\\/fertilovit.com\\\/it\\\/informazioni\\\/pcos\\\/\",\"url\":\"https:\\\/\\\/fertilovit.com\\\/it\\\/informazioni\\\/pcos\\\/\",\"name\":\"PCOS - Fertilovit\u00ae\",\"isPartOf\":{\"@id\":\"https:\\\/\\\/fertilovit.com\\\/it\\\/#website\"},\"primaryImageOfPage\":{\"@id\":\"https:\\\/\\\/fertilovit.com\\\/it\\\/informazioni\\\/pcos\\\/#primaryimage\"},\"image\":{\"@id\":\"https:\\\/\\\/fertilovit.com\\\/it\\\/informazioni\\\/pcos\\\/#primaryimage\"},\"thumbnailUrl\":\"https:\\\/\\\/fertilovit.com\\\/wp-content\\\/uploads\\\/2021\\\/12\\\/pcos-2-compressed.jpg\",\"datePublished\":\"2021-10-12T19:38:14+00:00\",\"dateModified\":\"2024-05-09T10:39:55+00:00\",\"description\":\"Find out more about Polycystic Ovary Syndrome (PCOS), how it interferes with fertility and different therapeutic options.\",\"breadcrumb\":{\"@id\":\"https:\\\/\\\/fertilovit.com\\\/it\\\/informazioni\\\/pcos\\\/#breadcrumb\"},\"inLanguage\":\"it-IT\",\"potentialAction\":[{\"@type\":\"ReadAction\",\"target\":[\"https:\\\/\\\/fertilovit.com\\\/it\\\/informazioni\\\/pcos\\\/\"]}]},{\"@type\":\"ImageObject\",\"inLanguage\":\"it-IT\",\"@id\":\"https:\\\/\\\/fertilovit.com\\\/it\\\/informazioni\\\/pcos\\\/#primaryimage\",\"url\":\"https:\\\/\\\/fertilovit.com\\\/wp-content\\\/uploads\\\/2021\\\/12\\\/pcos-2-compressed.jpg\",\"contentUrl\":\"https:\\\/\\\/fertilovit.com\\\/wp-content\\\/uploads\\\/2021\\\/12\\\/pcos-2-compressed.jpg\"},{\"@type\":\"BreadcrumbList\",\"@id\":\"https:\\\/\\\/fertilovit.com\\\/it\\\/informazioni\\\/pcos\\\/#breadcrumb\",\"itemListElement\":[{\"@type\":\"ListItem\",\"position\":1,\"name\":\"Home\",\"item\":\"https:\\\/\\\/fertilovit.com\\\/\"},{\"@type\":\"ListItem\",\"position\":2,\"name\":\"Information\",\"item\":\"https:\\\/\\\/fertilovit.com\\\/information\\\/\"},{\"@type\":\"ListItem\",\"position\":3,\"name\":\"Inositol\"}]},{\"@type\":\"WebSite\",\"@id\":\"https:\\\/\\\/fertilovit.com\\\/it\\\/#website\",\"url\":\"https:\\\/\\\/fertilovit.com\\\/it\\\/\",\"name\":\"Fertilovit\u00ae\",\"description\":\"For a new life\",\"publisher\":{\"@id\":\"https:\\\/\\\/fertilovit.com\\\/it\\\/#organization\"},\"potentialAction\":[{\"@type\":\"SearchAction\",\"target\":{\"@type\":\"EntryPoint\",\"urlTemplate\":\"https:\\\/\\\/fertilovit.com\\\/it\\\/?s={search_term_string}\"},\"query-input\":{\"@type\":\"PropertyValueSpecification\",\"valueRequired\":true,\"valueName\":\"search_term_string\"}}],\"inLanguage\":\"it-IT\"},{\"@type\":\"Organization\",\"@id\":\"https:\\\/\\\/fertilovit.com\\\/it\\\/#organization\",\"name\":\"Fertilovit\u00ae\",\"url\":\"https:\\\/\\\/fertilovit.com\\\/it\\\/\",\"logo\":{\"@type\":\"ImageObject\",\"inLanguage\":\"it-IT\",\"@id\":\"https:\\\/\\\/fertilovit.com\\\/it\\\/#\\\/schema\\\/logo\\\/image\\\/\",\"url\":\"https:\\\/\\\/fertilovit.com\\\/wp-content\\\/uploads\\\/2021\\\/10\\\/fertilovit-logo.png\",\"contentUrl\":\"https:\\\/\\\/fertilovit.com\\\/wp-content\\\/uploads\\\/2021\\\/10\\\/fertilovit-logo.png\",\"width\":835,\"height\":188,\"caption\":\"Fertilovit\u00ae\"},\"image\":{\"@id\":\"https:\\\/\\\/fertilovit.com\\\/it\\\/#\\\/schema\\\/logo\\\/image\\\/\"},\"sameAs\":[\"https:\\\/\\\/www.facebook.com\\\/fertilovit\",\"https:\\\/\\\/www.instagram.com\\\/fertilovit_international\\\/\",\"https:\\\/\\\/www.youtube.com\\\/@Fertilovit-com\",\"https:\\\/\\\/www.instagram.com\\\/fertilovitaustria\\\/\"],\"description\":\"Fertilovit is a scientifically-backed brand of advanced micronutrient supplements specifically formulated for preconception, pregnancy, and reproductive health. Developed by fertility experts, our patent-protected products provide targeted nutritional support for women and men, addressing specific needs such as PCOS, endometriosis, and optimized sperm quality.\",\"email\":\"office@fertilovit.com\",\"telephone\":\"+43 5574 54195\",\"legalName\":\"Gonadosan Distribution GmbH\",\"foundingDate\":\"2010-01-01\",\"vatID\":\"ATU35594004\",\"duns\":\"302468913\"}]}<\/script>\n<!-- \/ Yoast SEO Premium plugin. -->","yoast_head_json":{"title":"PCOS \u2013 Fertilovit\u00ae","description":"Scopri di pi\u00f9 sulla sindrome dell&#039;ovaio policistico (PCOS), su come interferisce con la fertilit\u00e0 e sulle diverse opzioni terapeutiche.","robots":{"index":"index","follow":"follow","max-snippet":"max-snippet:-1","max-image-preview":"max-image-preview:large","max-video-preview":"max-video-preview:-1"},"canonical":"https:\/\/fertilovit.com\/it\/informazioni\/pcos\/","og_locale":"it_IT","og_type":"article","og_title":"Inositol","og_description":"Find out more about Polycystic Ovary Syndrome (PCOS), how it interferes with fertility and different therapeutic options.","og_url":"https:\/\/fertilovit.com\/it\/informazioni\/pcos\/","og_site_name":"Fertilovit\u00ae","article_publisher":"https:\/\/www.facebook.com\/fertilovit","article_modified_time":"2024-05-09T10:39:55+00:00","og_image":[{"url":"https:\/\/fertilovit.com\/wp-content\/uploads\/2021\/12\/pcos-2-compressed.jpg","type":"","width":"","height":""}],"twitter_card":"summary_large_image","twitter_misc":{"Tempo di lettura stimato":"3 minuti"},"schema":{"@context":"https:\/\/schema.org","@graph":[{"@type":"WebPage","@id":"https:\/\/fertilovit.com\/it\/informazioni\/pcos\/","url":"https:\/\/fertilovit.com\/it\/informazioni\/pcos\/","name":"PCOS \u2013 Fertilovit\u00ae","isPartOf":{"@id":"https:\/\/fertilovit.com\/it\/#website"},"primaryImageOfPage":{"@id":"https:\/\/fertilovit.com\/it\/informazioni\/pcos\/#primaryimage"},"image":{"@id":"https:\/\/fertilovit.com\/it\/informazioni\/pcos\/#primaryimage"},"thumbnailUrl":"https:\/\/fertilovit.com\/wp-content\/uploads\/2021\/12\/pcos-2-compressed.jpg","datePublished":"2021-10-12T19:38:14+00:00","dateModified":"2024-05-09T10:39:55+00:00","description":"Scopri di pi\u00f9 sulla sindrome dell&#039;ovaio policistico (PCOS), su come interferisce con la fertilit\u00e0 e sulle diverse opzioni terapeutiche.","breadcrumb":{"@id":"https:\/\/fertilovit.com\/it\/informazioni\/pcos\/#breadcrumb"},"inLanguage":"it-IT","potentialAction":[{"@type":"ReadAction","target":["https:\/\/fertilovit.com\/it\/informazioni\/pcos\/"]}]},{"@type":"ImageObject","inLanguage":"it-IT","@id":"https:\/\/fertilovit.com\/it\/informazioni\/pcos\/#primaryimage","url":"https:\/\/fertilovit.com\/wp-content\/uploads\/2021\/12\/pcos-2-compressed.jpg","contentUrl":"https:\/\/fertilovit.com\/wp-content\/uploads\/2021\/12\/pcos-2-compressed.jpg"},{"@type":"BreadcrumbList","@id":"https:\/\/fertilovit.com\/it\/informazioni\/pcos\/#breadcrumb","itemListElement":[{"@type":"ListItem","position":1,"name":"Home","item":"https:\/\/fertilovit.com\/"},{"@type":"ListItem","position":2,"name":"Information","item":"https:\/\/fertilovit.com\/information\/"},{"@type":"ListItem","position":3,"name":"Inositol"}]},{"@type":"WebSite","@id":"https:\/\/fertilovit.com\/it\/#website","url":"https:\/\/fertilovit.com\/it\/","name":"Fertilovit\u00ae","description":"PER UNA NUOVA VITA","publisher":{"@id":"https:\/\/fertilovit.com\/it\/#organization"},"potentialAction":[{"@type":"SearchAction","target":{"@type":"EntryPoint","urlTemplate":"https:\/\/fertilovit.com\/it\/?s={search_term_string}"},"query-input":{"@type":"PropertyValueSpecification","valueRequired":true,"valueName":"search_term_string"}}],"inLanguage":"it-IT"},{"@type":"Organization","@id":"https:\/\/fertilovit.com\/it\/#organization","name":"Fertilovit\u00ae","url":"https:\/\/fertilovit.com\/it\/","logo":{"@type":"ImageObject","inLanguage":"it-IT","@id":"https:\/\/fertilovit.com\/it\/#\/schema\/logo\/image\/","url":"https:\/\/fertilovit.com\/wp-content\/uploads\/2021\/10\/fertilovit-logo.png","contentUrl":"https:\/\/fertilovit.com\/wp-content\/uploads\/2021\/10\/fertilovit-logo.png","width":835,"height":188,"caption":"Fertilovit\u00ae"},"image":{"@id":"https:\/\/fertilovit.com\/it\/#\/schema\/logo\/image\/"},"sameAs":["https:\/\/www.facebook.com\/fertilovit","https:\/\/www.instagram.com\/fertilovit_international\/","https:\/\/www.youtube.com\/@Fertilovit-com","https:\/\/www.instagram.com\/fertilovitaustria\/"],"description":"Fertilovit \u00e8 un marchio di integratori di micronutrienti avanzati, scientificamente supportati, specificamente formulati per il preconcepimento, la gravidanza e la salute riproduttiva. Sviluppati da esperti di fertilit\u00e0, i nostri prodotti, protetti da brevetto, forniscono un supporto nutrizionale mirato per donne e uomini, rispondendo a esigenze specifiche come PCOS, endometriosi e qualit\u00e0 dello sperma ottimizzata.","email":"office@fertilovit.com","telephone":"+43 5574 54195","legalName":"Gonadosan Distribution GmbH","foundingDate":"2010-01-01","vatID":"ATU35594004","duns":"302468913"}]}},"_links":{"self":[{"href":"https:\/\/fertilovit.com\/it\/wp-json\/wp\/v2\/pages\/105","targetHints":{"allow":["GET"]}}],"collection":[{"href":"https:\/\/fertilovit.com\/it\/wp-json\/wp\/v2\/pages"}],"about":[{"href":"https:\/\/fertilovit.com\/it\/wp-json\/wp\/v2\/types\/page"}],"author":[{"embeddable":true,"href":"https:\/\/fertilovit.com\/it\/wp-json\/wp\/v2\/users\/2"}],"replies":[{"embeddable":true,"href":"https:\/\/fertilovit.com\/it\/wp-json\/wp\/v2\/comments?post=105"}],"version-history":[{"count":0,"href":"https:\/\/fertilovit.com\/it\/wp-json\/wp\/v2\/pages\/105\/revisions"}],"up":[{"embeddable":true,"href":"https:\/\/fertilovit.com\/it\/wp-json\/wp\/v2\/pages\/99"}],"wp:attachment":[{"href":"https:\/\/fertilovit.com\/it\/wp-json\/wp\/v2\/media?parent=105"}],"curies":[{"name":"wp","href":"https:\/\/api.w.org\/{rel}","templated":true}]}}