{"id":103,"date":"2021-10-12T19:37:56","date_gmt":"2021-10-12T19:37:56","guid":{"rendered":"https:\/\/temp.fertilovit.com\/?page_id=103"},"modified":"2024-05-09T11:39:58","modified_gmt":"2024-05-09T10:39:58","slug":"endometriosi","status":"publish","type":"page","link":"https:\/\/fertilovit.com\/it\/informazioni\/endometriosi\/","title":{"rendered":"Endometriosi"},"content":{"rendered":"<div data-elementor-type=\"wp-page\" data-elementor-id=\"103\" class=\"elementor elementor-103\" data-elementor-settings=\"{&quot;element_pack_global_tooltip_width&quot;:{&quot;unit&quot;:&quot;px&quot;,&quot;size&quot;:&quot;&quot;,&quot;sizes&quot;:[]},&quot;element_pack_global_tooltip_width_laptop&quot;:{&quot;unit&quot;:&quot;px&quot;,&quot;size&quot;:&quot;&quot;,&quot;sizes&quot;:[]},&quot;element_pack_global_tooltip_width_tablet&quot;:{&quot;unit&quot;:&quot;px&quot;,&quot;size&quot;:&quot;&quot;,&quot;sizes&quot;:[]},&quot;element_pack_global_tooltip_width_mobile&quot;:{&quot;unit&quot;:&quot;px&quot;,&quot;size&quot;:&quot;&quot;,&quot;sizes&quot;:[]},&quot;element_pack_global_tooltip_padding&quot;:{&quot;unit&quot;:&quot;px&quot;,&quot;top&quot;:&quot;&quot;,&quot;right&quot;:&quot;&quot;,&quot;bottom&quot;:&quot;&quot;,&quot;left&quot;:&quot;&quot;,&quot;isLinked&quot;:true},&quot;element_pack_global_tooltip_padding_laptop&quot;:{&quot;unit&quot;:&quot;px&quot;,&quot;top&quot;:&quot;&quot;,&quot;right&quot;:&quot;&quot;,&quot;bottom&quot;:&quot;&quot;,&quot;left&quot;:&quot;&quot;,&quot;isLinked&quot;:true},&quot;element_pack_global_tooltip_padding_tablet&quot;:{&quot;unit&quot;:&quot;px&quot;,&quot;top&quot;:&quot;&quot;,&quot;right&quot;:&quot;&quot;,&quot;bottom&quot;:&quot;&quot;,&quot;left&quot;:&quot;&quot;,&quot;isLinked&quot;:true},&quot;element_pack_global_tooltip_padding_mobile&quot;:{&quot;unit&quot;:&quot;px&quot;,&quot;top&quot;:&quot;&quot;,&quot;right&quot;:&quot;&quot;,&quot;bottom&quot;:&quot;&quot;,&quot;left&quot;:&quot;&quot;,&quot;isLinked&quot;:true},&quot;element_pack_global_tooltip_border_radius&quot;:{&quot;unit&quot;:&quot;px&quot;,&quot;top&quot;:&quot;&quot;,&quot;right&quot;:&quot;&quot;,&quot;bottom&quot;:&quot;&quot;,&quot;left&quot;:&quot;&quot;,&quot;isLinked&quot;:true},&quot;element_pack_global_tooltip_border_radius_laptop&quot;:{&quot;unit&quot;:&quot;px&quot;,&quot;top&quot;:&quot;&quot;,&quot;right&quot;:&quot;&quot;,&quot;bottom&quot;:&quot;&quot;,&quot;left&quot;:&quot;&quot;,&quot;isLinked&quot;:true},&quot;element_pack_global_tooltip_border_radius_tablet&quot;:{&quot;unit&quot;:&quot;px&quot;,&quot;top&quot;:&quot;&quot;,&quot;right&quot;:&quot;&quot;,&quot;bottom&quot;:&quot;&quot;,&quot;left&quot;:&quot;&quot;,&quot;isLinked&quot;:true},&quot;element_pack_global_tooltip_border_radius_mobile&quot;:{&quot;unit&quot;:&quot;px&quot;,&quot;top&quot;:&quot;&quot;,&quot;right&quot;:&quot;&quot;,&quot;bottom&quot;:&quot;&quot;,&quot;left&quot;:&quot;&quot;,&quot;isLinked&quot;:true}}\" data-elementor-post-type=\"page\">\n\t\t\t\t\t\t<section class=\"has_ae_slider elementor-section elementor-top-section elementor-element elementor-element-cbaca7e elementor-section-full_width elementor-section-height-default elementor-section-height-default ae-bg-gallery-type-default\" data-id=\"cbaca7e\" data-element_type=\"section\" data-e-type=\"section\" data-settings=\"{&quot;background_background&quot;:&quot;classic&quot;}\">\n\t\t\t\t\t\t<div class=\"elementor-container elementor-column-gap-no\">\n\t\t\t\t\t<div class=\"has_ae_slider elementor-column elementor-col-100 elementor-top-column elementor-element elementor-element-4b055ca ae-bg-gallery-type-default\" data-id=\"4b055ca\" data-element_type=\"column\" data-e-type=\"column\">\n\t\t\t<div class=\"elementor-widget-wrap elementor-element-populated\">\n\t\t\t\t\t\t<div class=\"elementor-element elementor-element-c806ce9 elementor-widget elementor-widget-bdt-featured-box\" data-id=\"c806ce9\" data-element_type=\"widget\" data-e-type=\"widget\" data-widget_type=\"bdt-featured-box.split\">\n\t\t\t\t<div class=\"elementor-widget-container\">\n\t\t\t\t\t\t\t<div class=\"bdt-ep-featured-box bdt-ep-featured-box-skin-split\">\r\n\r\n\t\t\t<div class=\"bdt-grid\">\r\n\t\t\t\t<div class=\"bdt-width-1-1 bdt-width-2-5@s\">\r\n\t\t\t\t\t<div class=\"bdt-ep-featured-box-content bdt-position-z-index bdt-position-center-left bdt-text-left\">\r\n\t\t\t\t\t\t\t\t\t\t\t<div class=\"bdt-ep-featured-box-sub-title\">\r\n\t\t\t\tEndometriosi\t\t\t<\/div>\r\n\t\t\r\n\t\t\t\t\t<h3\t\t\t\tclass=\"bdt-ep-featured-box-title\">\r\n\t\t\t\t<span >\r\n\t\t\t\t\te fertilit\u00e0\t\t\t\t<\/span>\r\n\t\t\t<\/h3>\r\n\t\t\r\n\t\t\r\n\t\t\t\t\t<div class=\"bdt-ep-featured-box-button\">\r\n\t\t\t\t<a class=\"bdt-ep-featured-box-readmore bdt-display-inline-block elementor-animation-wobble-horizontal\" href=\"https:\/\/fertilovit.com\/it\/donna\/fertilovit-f-endo\/\" target=\"_blank\">\r\n\t\t\t\t\tFertilovit\u00ae FENDO\t\t\t\t\t\t\t\t\t\t\t<span class=\"bdt-button-icon-align-right\">\r\n\t\t\t\t\t\t\t<i aria-hidden=\"true\" class=\"fa-fw fas fa-venus-mars\"><\/i>\t\t\t\t\t\t<\/span>\r\n\t\t\t\t\t\t\t\t\t<\/a>\r\n\t\t\t<\/div>\r\n\t\t\t\t\t\t\t\t<\/div>\r\n\t\t\t\t<\/div>\r\n\t\t\t\t<div class=\"bdt-width-1-1 bdt-width-3-5@s\">\r\n\t\t\t\t\t\t\t<div class=\"bdt-ep-featured-box-image\">\r\n\t\t\t<div class=\"bdt-position-relative\">\r\n\t\t\t\t<img fetchpriority=\"high\" decoding=\"async\" width=\"1920\" height=\"1280\" src=\"https:\/\/fertilovit.com\/wp-content\/uploads\/2021\/12\/endometriosis-compressed.jpg\" class=\"attachment-full size-full\" alt=\"e fertilit\u00e0\" srcset=\"https:\/\/fertilovit.com\/wp-content\/uploads\/2021\/12\/endometriosis-compressed.jpg 1920w, https:\/\/fertilovit.com\/wp-content\/uploads\/2021\/12\/endometriosis-compressed-300x200.jpg 300w, https:\/\/fertilovit.com\/wp-content\/uploads\/2021\/12\/endometriosis-compressed-1024x683.jpg 1024w, https:\/\/fertilovit.com\/wp-content\/uploads\/2021\/12\/endometriosis-compressed-768x512.jpg 768w, https:\/\/fertilovit.com\/wp-content\/uploads\/2021\/12\/endometriosis-compressed-1536x1024.jpg 1536w, https:\/\/fertilovit.com\/wp-content\/uploads\/2021\/12\/endometriosis-compressed-18x12.jpg 18w\" sizes=\"(max-width: 1920px) 100vw, 1920px\" \/>\t\t\t\t\t\t<\/div>\r\n\t\t<\/div>\r\n\t\t\t\t\t\t<\/div>\r\n\t\t\t<\/div>\r\n\r\n\t\t<\/div>\r\n\r\n\t\t\t\t\t\t<\/div>\n\t\t\t\t<\/div>\n\t\t\t\t\t<\/div>\n\t\t<\/div>\n\t\t\t\t\t<\/div>\n\t\t<\/section>\n\t\t\t\t<section class=\"has_ae_slider elementor-section elementor-top-section elementor-element elementor-element-aa61fa7 elementor-section-boxed elementor-section-height-default elementor-section-height-default ae-bg-gallery-type-default\" data-id=\"aa61fa7\" data-element_type=\"section\" data-e-type=\"section\">\n\t\t\t\t\t\t<div class=\"elementor-container elementor-column-gap-default\">\n\t\t\t\t\t<div class=\"has_ae_slider elementor-column elementor-col-100 elementor-top-column elementor-element elementor-element-ad396b7 ae-bg-gallery-type-default\" data-id=\"ad396b7\" data-element_type=\"column\" data-e-type=\"column\">\n\t\t\t<div class=\"elementor-widget-wrap elementor-element-populated\">\n\t\t\t\t\t\t<section class=\"has_ae_slider elementor-section elementor-inner-section elementor-element elementor-element-753107b elementor-section-boxed elementor-section-height-default elementor-section-height-default ae-bg-gallery-type-default\" data-id=\"753107b\" data-element_type=\"section\" data-e-type=\"section\">\n\t\t\t\t\t\t<div class=\"elementor-container elementor-column-gap-extended\">\n\t\t\t\t\t<div class=\"has_ae_slider elementor-column elementor-col-100 elementor-inner-column elementor-element elementor-element-39e30e9 ae-bg-gallery-type-default\" data-id=\"39e30e9\" data-element_type=\"column\" data-e-type=\"column\">\n\t\t\t<div class=\"elementor-widget-wrap elementor-element-populated\">\n\t\t\t\t\t\t<div class=\"elementor-element elementor-element-2a19d6c elementor-widget elementor-widget-text-editor\" data-id=\"2a19d6c\" data-element_type=\"widget\" data-e-type=\"widget\" data-widget_type=\"text-editor.default\">\n\t\t\t\t<div class=\"elementor-widget-container\">\n\t\t\t\t\t\t\t\t\t<div class=\"page\" title=\"Pagina 1\"><div class=\"layoutArea\"><div class=\"column\"><div class=\"page\" title=\"Pagina 1\"><div class=\"layoutArea\"><div class=\"column\"><p><span style=\"font-weight: 400;\">L\u2019endometriosi \u00e8 una condizione molto comune che colpisce circa una donna su dieci durante l\u2019et\u00e0 riproduttiva. \u00c8 caratterizzato dalla presenza di tessuto endometriale all&#039;esterno dell&#039;utero. Il tessuto fuori posto si sviluppa in escrescenze o lesioni che rispondono al ciclo mestruale allo stesso modo del tessuto del rivestimento uterino: ogni mese il tessuto si accumula, si rompe e si stacca. <br \/><\/span><\/p><p><span style=\"font-weight: 400;\">Il sangue mestruale scorre dall&#039;utero e fuori dal corpo attraverso la vagina, ma il sangue e i tessuti rilasciati dalle escrescenze endometriali non hanno modo di lasciare il corpo. Ci\u00f2 provoca emorragie interne, rottura del sangue e dei tessuti delle lesioni e, infine, infiammazione: le conseguenze includono dolore da moderato a grave, formazione di tessuto cicatriziale, aderenze, problemi intestinali e infertilit\u00e0.<\/span><\/p><p><strong>In che modo esattamente l\u2019endometriosi compromette la fertilit\u00e0?<\/strong><\/p><p><span style=\"font-weight: 400;\">L\u2019endometriosi interferisce con una sana fertilit\u00e0 in vari modi. Circa 30-40% delle donne che si presentano alle cliniche della fertilit\u00e0 soffrono di endometriosi. A seconda della localizzazione degli endometriomi, a volte rappresentano semplicemente un ostacolo meccanico. Ma i problemi sono anche pi\u00f9 profondi: le pazienti con endometriosi ovulano in media meno ovociti rispetto ai controlli sani e gli ovociti ovulati hanno una qualit\u00e0 ridotta. La maggior parte degli esperti oggi ritiene che ci\u00f2 potrebbe essere attribuibile a livelli elevati di infiammazione e ad un aumento dello stress ossidativo.<\/span><\/p><p><strong>Quali sono le opzioni di trattamento?<\/strong><\/p><p><span style=\"font-weight: 400;\">L\u2019endometriosi \u00e8 una malattia cronica e purtroppo non esiste una cura vera e propria. Il trattamento dei sintomi varia dagli antidolorifici al trattamento ormonale e alla chirurgia. Secondo alcuni sondaggi anche molti pazienti preferiscono ricorrere alla medicina complementare. Il trattamento della fertilit\u00e0 ha visto notevoli progressi negli ultimi anni e spesso ha risultati eccellenti.<\/span><\/p><p><span style=\"font-weight: 400;\">Quando si pianifica una gravidanza, aggiustare la dieta e aggiungere un&#039;integrazione mirata di micronutrienti pu\u00f2 aiutare a ridurre delicatamente i livelli di infiammazione e stress ossidativo dall&#039;interno. <a href=\"https:\/\/endometriosis-info.net\/p.php?c=ernaehrung\"><strong>Saperne di pi\u00f9\u2026<\/strong><\/a><\/span><\/p><p><strong>Come pu\u00f2 Fertilovit\u00ae F Endo aiutare durante il preconcetto?<\/strong><\/p><p><span style=\"font-weight: 400;\">Fertilovit\u00ae F Endo \u00e8 la prima formulazione preconcezionale al mondo su misura per soddisfare le esigenze delle donne con endometriosi che pianificano una gravidanza. Contiene acido folico ad alto dosaggio (800 \u00b5g) in combinazione con un apporto completo di vitamine, minerali e antiossidanti.\u00a0<\/span><\/p><p><span style=\"font-weight: 400;\">Fertilovit\u00ae F Endo consente la gestione dietetica specifica ma completa dell&#039;endometriosi.\u00a0<\/span><\/p><p><span style=\"font-weight: 400;\">Con solo due capsule al giorno, il paziente non solo raggiunge il livello di folato consigliato per la protezione dai disturbi del tubo neurale, ma \u00e8 anche conforme alle nuove raccomandazioni dell&#039;American Nurses&#039; Health Study. Il coenzima Q10 svolge un ruolo nella funzione mitocondriale, che \u00e8 particolarmente importante nei pazienti maturi.<\/span><\/p><p><span style=\"font-weight: 400;\">Oltre a ci\u00f2, l\u2019opzione di trattamento non invasivo fornisce un modo naturale per ridurre i livelli di stress ossidativo.\u00a0<\/span><\/p><p><span style=\"font-weight: 400;\">Un gradito effetto collaterale \u00e8 il fatto che molti pazienti sperimentano anche un aumento del benessere generale e una riduzione del dolore. Ci\u00f2 potrebbe essere dovuto al fatto che la nocicezione nei pazienti con endometriosi \u00e8 stata nel frattempo direttamente collegata all&#039;aumento dello stress ossidativo e la neutralizzazione di questo meccanismo ha mostrato ottimi risultati per la riduzione del dolore su base naturale. <\/span><\/p><\/div><\/div><\/div><\/div><\/div><\/div>\t\t\t\t\t\t\t\t<\/div>\n\t\t\t\t<\/div>\n\t\t\t\t\t<\/div>\n\t\t<\/div>\n\t\t\t\t\t<\/div>\n\t\t<\/section>\n\t\t\t\t\t<\/div>\n\t\t<\/div>\n\t\t\t\t\t<\/div>\n\t\t<\/section>\n\t\t\t\t<\/div>","protected":false},"excerpt":{"rendered":"<p>Endometriosis and fertility Fertilovit\u00ae F ENDO Endometriosis is a very common condition that affects approximately one in ten women during their reproductive years. It is characterized by the presence of endometrial tissue outside the uterus. The misplaced tissue develops into growths or lesions which respond to the menstrual cycle in the same way that the [&hellip;]<\/p>\n","protected":false},"author":2,"featured_media":0,"parent":99,"menu_order":0,"comment_status":"closed","ping_status":"closed","template":"","meta":{"_acf_changed":false,"footnotes":""},"class_list":["post-103","page","type-page","status-publish","hentry"],"acf":[],"yoast_head":"<!-- This site is optimized with the Yoast SEO Premium plugin v27.0 (Yoast SEO v27.3) - https:\/\/yoast.com\/product\/yoast-seo-premium-wordpress\/ -->\n<title>Endometriosis - Fertilovit\u00ae<\/title>\n<meta name=\"description\" content=\"Here you will learn everything you need to know about endometriosis, its possible effects on fertility and its dietary management.\" \/>\n<meta name=\"robots\" content=\"index, follow, max-snippet:-1, max-image-preview:large, max-video-preview:-1\" \/>\n<link rel=\"canonical\" href=\"https:\/\/fertilovit.com\/it\/informazioni\/endometriosi\/\" \/>\n<meta property=\"og:locale\" content=\"it_IT\" \/>\n<meta property=\"og:type\" content=\"article\" \/>\n<meta property=\"og:title\" content=\"Endometriosis\" \/>\n<meta property=\"og:description\" content=\"Here you will learn everything you need to know about endometriosis, its possible effects on fertility and its dietary management.\" \/>\n<meta property=\"og:url\" content=\"https:\/\/fertilovit.com\/it\/informazioni\/endometriosi\/\" \/>\n<meta property=\"og:site_name\" content=\"Fertilovit\u00ae\" \/>\n<meta property=\"article:publisher\" content=\"https:\/\/www.facebook.com\/fertilovit\" \/>\n<meta property=\"article:modified_time\" content=\"2024-05-09T10:39:58+00:00\" \/>\n<meta property=\"og:image\" content=\"https:\/\/fertilovit.com\/wp-content\/uploads\/2021\/12\/endometriosis-compressed.jpg\" \/>\n<meta name=\"twitter:card\" content=\"summary_large_image\" \/>\n<meta name=\"twitter:label1\" content=\"Tempo di lettura stimato\" \/>\n\t<meta name=\"twitter:data1\" content=\"3 minuti\" \/>\n<script type=\"application\/ld+json\" class=\"yoast-schema-graph\">{\"@context\":\"https:\\\/\\\/schema.org\",\"@graph\":[{\"@type\":\"WebPage\",\"@id\":\"https:\\\/\\\/fertilovit.com\\\/it\\\/informazioni\\\/endometriosi\\\/\",\"url\":\"https:\\\/\\\/fertilovit.com\\\/it\\\/informazioni\\\/endometriosi\\\/\",\"name\":\"Endometriosis - Fertilovit\u00ae\",\"isPartOf\":{\"@id\":\"https:\\\/\\\/fertilovit.com\\\/it\\\/#website\"},\"primaryImageOfPage\":{\"@id\":\"https:\\\/\\\/fertilovit.com\\\/it\\\/informazioni\\\/endometriosi\\\/#primaryimage\"},\"image\":{\"@id\":\"https:\\\/\\\/fertilovit.com\\\/it\\\/informazioni\\\/endometriosi\\\/#primaryimage\"},\"thumbnailUrl\":\"https:\\\/\\\/fertilovit.com\\\/wp-content\\\/uploads\\\/2021\\\/12\\\/endometriosis-compressed.jpg\",\"datePublished\":\"2021-10-12T19:37:56+00:00\",\"dateModified\":\"2024-05-09T10:39:58+00:00\",\"description\":\"Here you will learn everything you need to know about endometriosis, its possible effects on fertility and its dietary management.\",\"breadcrumb\":{\"@id\":\"https:\\\/\\\/fertilovit.com\\\/it\\\/informazioni\\\/endometriosi\\\/#breadcrumb\"},\"inLanguage\":\"it-IT\",\"potentialAction\":[{\"@type\":\"ReadAction\",\"target\":[\"https:\\\/\\\/fertilovit.com\\\/it\\\/informazioni\\\/endometriosi\\\/\"]}]},{\"@type\":\"ImageObject\",\"inLanguage\":\"it-IT\",\"@id\":\"https:\\\/\\\/fertilovit.com\\\/it\\\/informazioni\\\/endometriosi\\\/#primaryimage\",\"url\":\"https:\\\/\\\/fertilovit.com\\\/wp-content\\\/uploads\\\/2021\\\/12\\\/endometriosis-compressed.jpg\",\"contentUrl\":\"https:\\\/\\\/fertilovit.com\\\/wp-content\\\/uploads\\\/2021\\\/12\\\/endometriosis-compressed.jpg\"},{\"@type\":\"BreadcrumbList\",\"@id\":\"https:\\\/\\\/fertilovit.com\\\/it\\\/informazioni\\\/endometriosi\\\/#breadcrumb\",\"itemListElement\":[{\"@type\":\"ListItem\",\"position\":1,\"name\":\"Home\",\"item\":\"https:\\\/\\\/fertilovit.com\\\/\"},{\"@type\":\"ListItem\",\"position\":2,\"name\":\"Information\",\"item\":\"https:\\\/\\\/fertilovit.com\\\/information\\\/\"},{\"@type\":\"ListItem\",\"position\":3,\"name\":\"Endometriosis\"}]},{\"@type\":\"WebSite\",\"@id\":\"https:\\\/\\\/fertilovit.com\\\/it\\\/#website\",\"url\":\"https:\\\/\\\/fertilovit.com\\\/it\\\/\",\"name\":\"Fertilovit\u00ae\",\"description\":\"For a new life\",\"publisher\":{\"@id\":\"https:\\\/\\\/fertilovit.com\\\/it\\\/#organization\"},\"potentialAction\":[{\"@type\":\"SearchAction\",\"target\":{\"@type\":\"EntryPoint\",\"urlTemplate\":\"https:\\\/\\\/fertilovit.com\\\/it\\\/?s={search_term_string}\"},\"query-input\":{\"@type\":\"PropertyValueSpecification\",\"valueRequired\":true,\"valueName\":\"search_term_string\"}}],\"inLanguage\":\"it-IT\"},{\"@type\":\"Organization\",\"@id\":\"https:\\\/\\\/fertilovit.com\\\/it\\\/#organization\",\"name\":\"Fertilovit\u00ae\",\"url\":\"https:\\\/\\\/fertilovit.com\\\/it\\\/\",\"logo\":{\"@type\":\"ImageObject\",\"inLanguage\":\"it-IT\",\"@id\":\"https:\\\/\\\/fertilovit.com\\\/it\\\/#\\\/schema\\\/logo\\\/image\\\/\",\"url\":\"https:\\\/\\\/fertilovit.com\\\/wp-content\\\/uploads\\\/2021\\\/10\\\/fertilovit-logo.png\",\"contentUrl\":\"https:\\\/\\\/fertilovit.com\\\/wp-content\\\/uploads\\\/2021\\\/10\\\/fertilovit-logo.png\",\"width\":835,\"height\":188,\"caption\":\"Fertilovit\u00ae\"},\"image\":{\"@id\":\"https:\\\/\\\/fertilovit.com\\\/it\\\/#\\\/schema\\\/logo\\\/image\\\/\"},\"sameAs\":[\"https:\\\/\\\/www.facebook.com\\\/fertilovit\",\"https:\\\/\\\/www.instagram.com\\\/fertilovit_international\\\/\",\"https:\\\/\\\/www.youtube.com\\\/@Fertilovit-com\",\"https:\\\/\\\/www.instagram.com\\\/fertilovitaustria\\\/\"],\"description\":\"Fertilovit is a scientifically-backed brand of advanced micronutrient supplements specifically formulated for preconception, pregnancy, and reproductive health. Developed by fertility experts, our patent-protected products provide targeted nutritional support for women and men, addressing specific needs such as PCOS, endometriosis, and optimized sperm quality.\",\"email\":\"office@fertilovit.com\",\"telephone\":\"+43 5574 54195\",\"legalName\":\"Gonadosan Distribution GmbH\",\"foundingDate\":\"2010-01-01\",\"vatID\":\"ATU35594004\",\"duns\":\"302468913\"}]}<\/script>\n<!-- \/ Yoast SEO Premium plugin. -->","yoast_head_json":{"title":"Endometriosi - Fertilovit\u00ae","description":"Qui imparerai tutto quello che c&#039;\u00e8 da sapere sull&#039;endometriosi, sui suoi possibili effetti sulla fertilit\u00e0 e sulla sua gestione alimentare.","robots":{"index":"index","follow":"follow","max-snippet":"max-snippet:-1","max-image-preview":"max-image-preview:large","max-video-preview":"max-video-preview:-1"},"canonical":"https:\/\/fertilovit.com\/it\/informazioni\/endometriosi\/","og_locale":"it_IT","og_type":"article","og_title":"Endometriosis","og_description":"Here you will learn everything you need to know about endometriosis, its possible effects on fertility and its dietary management.","og_url":"https:\/\/fertilovit.com\/it\/informazioni\/endometriosi\/","og_site_name":"Fertilovit\u00ae","article_publisher":"https:\/\/www.facebook.com\/fertilovit","article_modified_time":"2024-05-09T10:39:58+00:00","og_image":[{"url":"https:\/\/fertilovit.com\/wp-content\/uploads\/2021\/12\/endometriosis-compressed.jpg","type":"","width":"","height":""}],"twitter_card":"summary_large_image","twitter_misc":{"Tempo di lettura stimato":"3 minuti"},"schema":{"@context":"https:\/\/schema.org","@graph":[{"@type":"WebPage","@id":"https:\/\/fertilovit.com\/it\/informazioni\/endometriosi\/","url":"https:\/\/fertilovit.com\/it\/informazioni\/endometriosi\/","name":"Endometriosi - Fertilovit\u00ae","isPartOf":{"@id":"https:\/\/fertilovit.com\/it\/#website"},"primaryImageOfPage":{"@id":"https:\/\/fertilovit.com\/it\/informazioni\/endometriosi\/#primaryimage"},"image":{"@id":"https:\/\/fertilovit.com\/it\/informazioni\/endometriosi\/#primaryimage"},"thumbnailUrl":"https:\/\/fertilovit.com\/wp-content\/uploads\/2021\/12\/endometriosis-compressed.jpg","datePublished":"2021-10-12T19:37:56+00:00","dateModified":"2024-05-09T10:39:58+00:00","description":"Qui imparerai tutto quello che c&#039;\u00e8 da sapere sull&#039;endometriosi, sui suoi possibili effetti sulla fertilit\u00e0 e sulla sua gestione alimentare.","breadcrumb":{"@id":"https:\/\/fertilovit.com\/it\/informazioni\/endometriosi\/#breadcrumb"},"inLanguage":"it-IT","potentialAction":[{"@type":"ReadAction","target":["https:\/\/fertilovit.com\/it\/informazioni\/endometriosi\/"]}]},{"@type":"ImageObject","inLanguage":"it-IT","@id":"https:\/\/fertilovit.com\/it\/informazioni\/endometriosi\/#primaryimage","url":"https:\/\/fertilovit.com\/wp-content\/uploads\/2021\/12\/endometriosis-compressed.jpg","contentUrl":"https:\/\/fertilovit.com\/wp-content\/uploads\/2021\/12\/endometriosis-compressed.jpg"},{"@type":"BreadcrumbList","@id":"https:\/\/fertilovit.com\/it\/informazioni\/endometriosi\/#breadcrumb","itemListElement":[{"@type":"ListItem","position":1,"name":"Home","item":"https:\/\/fertilovit.com\/"},{"@type":"ListItem","position":2,"name":"Information","item":"https:\/\/fertilovit.com\/information\/"},{"@type":"ListItem","position":3,"name":"Endometriosis"}]},{"@type":"WebSite","@id":"https:\/\/fertilovit.com\/it\/#website","url":"https:\/\/fertilovit.com\/it\/","name":"Fertilovit\u00ae","description":"PER UNA NUOVA VITA","publisher":{"@id":"https:\/\/fertilovit.com\/it\/#organization"},"potentialAction":[{"@type":"SearchAction","target":{"@type":"EntryPoint","urlTemplate":"https:\/\/fertilovit.com\/it\/?s={search_term_string}"},"query-input":{"@type":"PropertyValueSpecification","valueRequired":true,"valueName":"search_term_string"}}],"inLanguage":"it-IT"},{"@type":"Organization","@id":"https:\/\/fertilovit.com\/it\/#organization","name":"Fertilovit\u00ae","url":"https:\/\/fertilovit.com\/it\/","logo":{"@type":"ImageObject","inLanguage":"it-IT","@id":"https:\/\/fertilovit.com\/it\/#\/schema\/logo\/image\/","url":"https:\/\/fertilovit.com\/wp-content\/uploads\/2021\/10\/fertilovit-logo.png","contentUrl":"https:\/\/fertilovit.com\/wp-content\/uploads\/2021\/10\/fertilovit-logo.png","width":835,"height":188,"caption":"Fertilovit\u00ae"},"image":{"@id":"https:\/\/fertilovit.com\/it\/#\/schema\/logo\/image\/"},"sameAs":["https:\/\/www.facebook.com\/fertilovit","https:\/\/www.instagram.com\/fertilovit_international\/","https:\/\/www.youtube.com\/@Fertilovit-com","https:\/\/www.instagram.com\/fertilovitaustria\/"],"description":"Fertilovit \u00e8 un marchio di integratori di micronutrienti avanzati, scientificamente supportati, specificamente formulati per il preconcepimento, la gravidanza e la salute riproduttiva. Sviluppati da esperti di fertilit\u00e0, i nostri prodotti, protetti da brevetto, forniscono un supporto nutrizionale mirato per donne e uomini, rispondendo a esigenze specifiche come PCOS, endometriosi e qualit\u00e0 dello sperma ottimizzata.","email":"office@fertilovit.com","telephone":"+43 5574 54195","legalName":"Gonadosan Distribution GmbH","foundingDate":"2010-01-01","vatID":"ATU35594004","duns":"302468913"}]}},"_links":{"self":[{"href":"https:\/\/fertilovit.com\/it\/wp-json\/wp\/v2\/pages\/103","targetHints":{"allow":["GET"]}}],"collection":[{"href":"https:\/\/fertilovit.com\/it\/wp-json\/wp\/v2\/pages"}],"about":[{"href":"https:\/\/fertilovit.com\/it\/wp-json\/wp\/v2\/types\/page"}],"author":[{"embeddable":true,"href":"https:\/\/fertilovit.com\/it\/wp-json\/wp\/v2\/users\/2"}],"replies":[{"embeddable":true,"href":"https:\/\/fertilovit.com\/it\/wp-json\/wp\/v2\/comments?post=103"}],"version-history":[{"count":0,"href":"https:\/\/fertilovit.com\/it\/wp-json\/wp\/v2\/pages\/103\/revisions"}],"up":[{"embeddable":true,"href":"https:\/\/fertilovit.com\/it\/wp-json\/wp\/v2\/pages\/99"}],"wp:attachment":[{"href":"https:\/\/fertilovit.com\/it\/wp-json\/wp\/v2\/media?parent=103"}],"curies":[{"name":"wp","href":"https:\/\/api.w.org\/{rel}","templated":true}]}}