{"id":3450,"date":"2021-11-04T23:33:47","date_gmt":"2021-11-04T23:33:47","guid":{"rendered":"https:\/\/temp.fertilovit.com\/?page_id=3450"},"modified":"2024-11-14T11:21:30","modified_gmt":"2024-11-14T10:21:30","slug":"mention-legale","status":"publish","type":"page","link":"https:\/\/fertilovit.com\/fr\/mention-legale\/","title":{"rendered":"Mention l\u00e9gale"},"content":{"rendered":"<div data-elementor-type=\"wp-page\" data-elementor-id=\"3450\" class=\"elementor elementor-3450\" data-elementor-settings=\"{&quot;element_pack_global_tooltip_width&quot;:{&quot;unit&quot;:&quot;px&quot;,&quot;size&quot;:&quot;&quot;,&quot;sizes&quot;:[]},&quot;element_pack_global_tooltip_width_laptop&quot;:{&quot;unit&quot;:&quot;px&quot;,&quot;size&quot;:&quot;&quot;,&quot;sizes&quot;:[]},&quot;element_pack_global_tooltip_width_tablet&quot;:{&quot;unit&quot;:&quot;px&quot;,&quot;size&quot;:&quot;&quot;,&quot;sizes&quot;:[]},&quot;element_pack_global_tooltip_width_mobile&quot;:{&quot;unit&quot;:&quot;px&quot;,&quot;size&quot;:&quot;&quot;,&quot;sizes&quot;:[]},&quot;element_pack_global_tooltip_padding&quot;:{&quot;unit&quot;:&quot;px&quot;,&quot;top&quot;:&quot;&quot;,&quot;right&quot;:&quot;&quot;,&quot;bottom&quot;:&quot;&quot;,&quot;left&quot;:&quot;&quot;,&quot;isLinked&quot;:true},&quot;element_pack_global_tooltip_padding_laptop&quot;:{&quot;unit&quot;:&quot;px&quot;,&quot;top&quot;:&quot;&quot;,&quot;right&quot;:&quot;&quot;,&quot;bottom&quot;:&quot;&quot;,&quot;left&quot;:&quot;&quot;,&quot;isLinked&quot;:true},&quot;element_pack_global_tooltip_padding_tablet&quot;:{&quot;unit&quot;:&quot;px&quot;,&quot;top&quot;:&quot;&quot;,&quot;right&quot;:&quot;&quot;,&quot;bottom&quot;:&quot;&quot;,&quot;left&quot;:&quot;&quot;,&quot;isLinked&quot;:true},&quot;element_pack_global_tooltip_padding_mobile&quot;:{&quot;unit&quot;:&quot;px&quot;,&quot;top&quot;:&quot;&quot;,&quot;right&quot;:&quot;&quot;,&quot;bottom&quot;:&quot;&quot;,&quot;left&quot;:&quot;&quot;,&quot;isLinked&quot;:true},&quot;element_pack_global_tooltip_border_radius&quot;:{&quot;unit&quot;:&quot;px&quot;,&quot;top&quot;:&quot;&quot;,&quot;right&quot;:&quot;&quot;,&quot;bottom&quot;:&quot;&quot;,&quot;left&quot;:&quot;&quot;,&quot;isLinked&quot;:true},&quot;element_pack_global_tooltip_border_radius_laptop&quot;:{&quot;unit&quot;:&quot;px&quot;,&quot;top&quot;:&quot;&quot;,&quot;right&quot;:&quot;&quot;,&quot;bottom&quot;:&quot;&quot;,&quot;left&quot;:&quot;&quot;,&quot;isLinked&quot;:true},&quot;element_pack_global_tooltip_border_radius_tablet&quot;:{&quot;unit&quot;:&quot;px&quot;,&quot;top&quot;:&quot;&quot;,&quot;right&quot;:&quot;&quot;,&quot;bottom&quot;:&quot;&quot;,&quot;left&quot;:&quot;&quot;,&quot;isLinked&quot;:true},&quot;element_pack_global_tooltip_border_radius_mobile&quot;:{&quot;unit&quot;:&quot;px&quot;,&quot;top&quot;:&quot;&quot;,&quot;right&quot;:&quot;&quot;,&quot;bottom&quot;:&quot;&quot;,&quot;left&quot;:&quot;&quot;,&quot;isLinked&quot;:true}}\" data-elementor-post-type=\"page\">\n\t\t\t\t\t\t<section class=\"has_ae_slider elementor-section elementor-top-section elementor-element elementor-element-b1bdddf elementor-section-boxed elementor-section-height-default elementor-section-height-default ae-bg-gallery-type-default\" data-id=\"b1bdddf\" data-element_type=\"section\" data-e-type=\"section\">\n\t\t\t\t\t\t<div class=\"elementor-container elementor-column-gap-default\">\n\t\t\t\t\t<div class=\"has_ae_slider elementor-column elementor-col-100 elementor-top-column elementor-element elementor-element-7db53ef ae-bg-gallery-type-default\" data-id=\"7db53ef\" data-element_type=\"column\" data-e-type=\"column\">\n\t\t\t<div class=\"elementor-widget-wrap elementor-element-populated\">\n\t\t\t\t\t\t<div class=\"elementor-element elementor-element-7d62d38 elementor-widget elementor-widget-heading\" data-id=\"7d62d38\" data-element_type=\"widget\" data-e-type=\"widget\" data-widget_type=\"heading.default\">\n\t\t\t\t<div class=\"elementor-widget-container\">\n\t\t\t\t\t<h2 class=\"elementor-heading-title elementor-size-default\">Mention l\u00e9gale<\/h2>\t\t\t\t<\/div>\n\t\t\t\t<\/div>\n\t\t\t\t<div class=\"elementor-element elementor-element-774dd4e elementor-widget elementor-widget-text-editor\" data-id=\"774dd4e\" data-element_type=\"widget\" data-e-type=\"widget\" data-widget_type=\"text-editor.default\">\n\t\t\t\t<div class=\"elementor-widget-container\">\n\t\t\t\t\t\t\t\t\t<h2 id=\"c2\"><strong>Gonadosan GmbH<\/strong><\/h2><p id=\"c3\" class=\"vshort\">Soci\u00e9t\u00e9 \u00e0 responsabilit\u00e9 limit\u00e9e<br \/><em><br \/><\/em>K\u00fcrsteinerstrasse 2<br \/>9015 Saint-Gall<br \/>Suisse<\/p><p id=\"c8\" class=\"vshort\"><strong>T\u00e9l\u00e9phone:<\/strong> 0043 5574 54195<br \/><strong>Fax:<\/strong> 0043 5574 54195 55<br \/><strong>E-mail:<\/strong> office@fertilovit.com<\/p><p id=\"c11\" class=\"vshort\"><strong>Identifiant de l&#039;entreprise\u00a0:<\/strong> CH-170.4.009.382-5<\/p><p id=\"c12\" class=\"vshort\"><strong>Lieu de juridiction et de contr\u00f4le :<\/strong> Saint-Gall<\/p><p id=\"c13\" class=\"vshort\"><strong>Num\u00e9ro de TVA:<\/strong> CHE-115.283.600<\/p><h2 id=\"c19\"><strong><br \/>Gonadosan Distribution GmbH\u00a0<\/strong><\/h2><p id=\"c20\" class=\"vshort\">R\u00f6merstr. 2<br \/>6900 Br\u00e9gence<br \/>L&#039;Autriche<\/p><p id=\"c23\" class=\"vshort\"><strong>T\u00e9l\u00e9phone:<\/strong> 0043 5574 54195<br \/><strong>Fax:<\/strong> 0043 5574 54195 55<br \/><strong>E-mail:<\/strong> office@fertilovit.com<\/p><p id=\"c26\" class=\"vshort\"><strong>Num\u00e9ro d&#039;entreprise:<\/strong> 77177x<br \/><strong>Tribunal des soci\u00e9t\u00e9s :<\/strong> Tribunal r\u00e9gional de Feldkirch<br \/><strong>Num\u00e9ro de TVA:<\/strong> ATU35594004<\/p><h2 id=\"c33\"><strong><br \/>Concept, conception et d\u00e9veloppement de Fertilovit.com<\/strong><\/h2><p id=\"c34\">Red\u00e9marrer la solution informatique EU<br \/>Schulgasse 48<br \/>6850 Dornbirn<br \/>Autriche<\/p><p class=\"vshort\"><strong>T\u00e9l :<\/strong> <a href=\"tel:00436803201501\">+43 680 320 150 1<\/a><\/p><p><strong>E-mail:<\/strong> <a title=\"Nehmen Sie per Mail Contact auf\" href=\"mailto:office@reboot.at\">office@reboot.at<\/a> \u00a0 |\u00a0 \u00a0 <strong>Site web:<\/strong> <a title=\"Nehmen Sie per Mail Contact auf\" href=\"https:\/\/www.reboot.at\" target=\"_blank\" rel=\"noopener\">www.reboot.at<\/a><\/p>\t\t\t\t\t\t\t\t<\/div>\n\t\t\t\t<\/div>\n\t\t\t\t\t<\/div>\n\t\t<\/div>\n\t\t\t\t\t<\/div>\n\t\t<\/section>\n\t\t\t\t<\/div>","protected":false},"excerpt":{"rendered":"<p>Legal Notice Gonadosan GmbH Company with limited liabilityK\u00fcrsteinerstrasse 29015 St. GallenSwitzerland Phone: 0043 5574 54195Fax: 0043 5574 54195 55E-Mail: office@fertilovit.com Company ID: CH-170.4.009.382-5 Place of jurisdiction and supervision: St. Gallen VAT No: CHE-115.283.600 Gonadosan Distribution GmbH\u00a0 R\u00f6merstr. 26900 BregenzAustria Phone: 0043 5574 54195Fax: 0043 5574 54195 55E-Mail: office@fertilovit.com Company number: 77177 xCompany court: Feldkirch regional [&hellip;]<\/p>\n","protected":false},"author":2,"featured_media":0,"parent":0,"menu_order":0,"comment_status":"closed","ping_status":"closed","template":"","meta":{"_acf_changed":false,"footnotes":""},"class_list":["post-3450","page","type-page","status-publish","hentry"],"acf":[],"yoast_head":"<!-- This site is optimized with the Yoast SEO Premium plugin v27.0 (Yoast SEO v27.3) - https:\/\/yoast.com\/product\/yoast-seo-premium-wordpress\/ -->\n<title>Legal Notice - Fertilovit\u00ae<\/title>\n<meta name=\"robots\" content=\"index, follow, max-snippet:-1, max-image-preview:large, max-video-preview:-1\" \/>\n<link rel=\"canonical\" href=\"https:\/\/fertilovit.com\/fr\/mention-legale\/\" \/>\n<meta property=\"og:locale\" content=\"fr_FR\" \/>\n<meta property=\"og:type\" content=\"article\" \/>\n<meta property=\"og:title\" content=\"Legal Notice\" \/>\n<meta property=\"og:description\" content=\"Legal Notice Gonadosan GmbH Company with limited liabilityK\u00fcrsteinerstrasse 29015 St. GallenSwitzerland Phone: 0043 5574 54195Fax: 0043 5574 54195 55E-Mail: office@fertilovit.com Company ID: CH-170.4.009.382-5 Place of jurisdiction and supervision: St. Gallen VAT No: CHE-115.283.600 Gonadosan Distribution GmbH\u00a0 R\u00f6merstr. 26900 BregenzAustria Phone: 0043 5574 54195Fax: 0043 5574 54195 55E-Mail: office@fertilovit.com Company number: 77177 xCompany court: Feldkirch regional [&hellip;]\" \/>\n<meta property=\"og:url\" content=\"https:\/\/fertilovit.com\/fr\/mention-legale\/\" \/>\n<meta property=\"og:site_name\" content=\"Fertilovit\u00ae\" \/>\n<meta property=\"article:publisher\" content=\"https:\/\/www.facebook.com\/fertilovit\" \/>\n<meta property=\"article:modified_time\" content=\"2024-11-14T10:21:30+00:00\" \/>\n<meta name=\"twitter:card\" content=\"summary_large_image\" \/>\n<meta name=\"twitter:label1\" content=\"Dur\u00e9e de lecture estim\u00e9e\" \/>\n\t<meta name=\"twitter:data1\" content=\"1 minute\" \/>\n<script type=\"application\/ld+json\" class=\"yoast-schema-graph\">{\"@context\":\"https:\\\/\\\/schema.org\",\"@graph\":[{\"@type\":\"WebPage\",\"@id\":\"https:\\\/\\\/fertilovit.com\\\/fr\\\/mention-legale\\\/\",\"url\":\"https:\\\/\\\/fertilovit.com\\\/fr\\\/mention-legale\\\/\",\"name\":\"Legal Notice - Fertilovit\u00ae\",\"isPartOf\":{\"@id\":\"https:\\\/\\\/fertilovit.com\\\/fr\\\/#website\"},\"datePublished\":\"2021-11-04T23:33:47+00:00\",\"dateModified\":\"2024-11-14T10:21:30+00:00\",\"breadcrumb\":{\"@id\":\"https:\\\/\\\/fertilovit.com\\\/fr\\\/mention-legale\\\/#breadcrumb\"},\"inLanguage\":\"fr-FR\",\"potentialAction\":[{\"@type\":\"ReadAction\",\"target\":[\"https:\\\/\\\/fertilovit.com\\\/fr\\\/mention-legale\\\/\"]}]},{\"@type\":\"BreadcrumbList\",\"@id\":\"https:\\\/\\\/fertilovit.com\\\/fr\\\/mention-legale\\\/#breadcrumb\",\"itemListElement\":[{\"@type\":\"ListItem\",\"position\":1,\"name\":\"Home\",\"item\":\"https:\\\/\\\/fertilovit.com\\\/\"},{\"@type\":\"ListItem\",\"position\":2,\"name\":\"Legal Notice\"}]},{\"@type\":\"WebSite\",\"@id\":\"https:\\\/\\\/fertilovit.com\\\/fr\\\/#website\",\"url\":\"https:\\\/\\\/fertilovit.com\\\/fr\\\/\",\"name\":\"Fertilovit\u00ae\",\"description\":\"For a new life\",\"publisher\":{\"@id\":\"https:\\\/\\\/fertilovit.com\\\/fr\\\/#organization\"},\"potentialAction\":[{\"@type\":\"SearchAction\",\"target\":{\"@type\":\"EntryPoint\",\"urlTemplate\":\"https:\\\/\\\/fertilovit.com\\\/fr\\\/?s={search_term_string}\"},\"query-input\":{\"@type\":\"PropertyValueSpecification\",\"valueRequired\":true,\"valueName\":\"search_term_string\"}}],\"inLanguage\":\"fr-FR\"},{\"@type\":\"Organization\",\"@id\":\"https:\\\/\\\/fertilovit.com\\\/fr\\\/#organization\",\"name\":\"Fertilovit\u00ae\",\"url\":\"https:\\\/\\\/fertilovit.com\\\/fr\\\/\",\"logo\":{\"@type\":\"ImageObject\",\"inLanguage\":\"fr-FR\",\"@id\":\"https:\\\/\\\/fertilovit.com\\\/fr\\\/#\\\/schema\\\/logo\\\/image\\\/\",\"url\":\"https:\\\/\\\/fertilovit.com\\\/wp-content\\\/uploads\\\/2021\\\/10\\\/fertilovit-logo.png\",\"contentUrl\":\"https:\\\/\\\/fertilovit.com\\\/wp-content\\\/uploads\\\/2021\\\/10\\\/fertilovit-logo.png\",\"width\":835,\"height\":188,\"caption\":\"Fertilovit\u00ae\"},\"image\":{\"@id\":\"https:\\\/\\\/fertilovit.com\\\/fr\\\/#\\\/schema\\\/logo\\\/image\\\/\"},\"sameAs\":[\"https:\\\/\\\/www.facebook.com\\\/fertilovit\",\"https:\\\/\\\/www.instagram.com\\\/fertilovit_international\\\/\",\"https:\\\/\\\/www.youtube.com\\\/@Fertilovit-com\",\"https:\\\/\\\/www.instagram.com\\\/fertilovitaustria\\\/\"],\"description\":\"Fertilovit is a scientifically-backed brand of advanced micronutrient supplements specifically formulated for preconception, pregnancy, and reproductive health. Developed by fertility experts, our patent-protected products provide targeted nutritional support for women and men, addressing specific needs such as PCOS, endometriosis, and optimized sperm quality.\",\"email\":\"office@fertilovit.com\",\"telephone\":\"+43 5574 54195\",\"legalName\":\"Gonadosan Distribution GmbH\",\"foundingDate\":\"2010-01-01\",\"vatID\":\"ATU35594004\",\"duns\":\"302468913\"}]}<\/script>\n<!-- \/ Yoast SEO Premium plugin. -->","yoast_head_json":{"title":"Mentions l\u00e9gales - Fertilovit\u00ae","robots":{"index":"index","follow":"follow","max-snippet":"max-snippet:-1","max-image-preview":"max-image-preview:large","max-video-preview":"max-video-preview:-1"},"canonical":"https:\/\/fertilovit.com\/fr\/mention-legale\/","og_locale":"fr_FR","og_type":"article","og_title":"Legal Notice","og_description":"Legal Notice Gonadosan GmbH Company with limited liabilityK\u00fcrsteinerstrasse 29015 St. GallenSwitzerland Phone: 0043 5574 54195Fax: 0043 5574 54195 55E-Mail: office@fertilovit.com Company ID: CH-170.4.009.382-5 Place of jurisdiction and supervision: St. Gallen VAT No: CHE-115.283.600 Gonadosan Distribution GmbH\u00a0 R\u00f6merstr. 26900 BregenzAustria Phone: 0043 5574 54195Fax: 0043 5574 54195 55E-Mail: office@fertilovit.com Company number: 77177 xCompany court: Feldkirch regional [&hellip;]","og_url":"https:\/\/fertilovit.com\/fr\/mention-legale\/","og_site_name":"Fertilovit\u00ae","article_publisher":"https:\/\/www.facebook.com\/fertilovit","article_modified_time":"2024-11-14T10:21:30+00:00","twitter_card":"summary_large_image","twitter_misc":{"Dur\u00e9e de lecture estim\u00e9e":"1 minute"},"schema":{"@context":"https:\/\/schema.org","@graph":[{"@type":"WebPage","@id":"https:\/\/fertilovit.com\/fr\/mention-legale\/","url":"https:\/\/fertilovit.com\/fr\/mention-legale\/","name":"Mentions l\u00e9gales - Fertilovit\u00ae","isPartOf":{"@id":"https:\/\/fertilovit.com\/fr\/#website"},"datePublished":"2021-11-04T23:33:47+00:00","dateModified":"2024-11-14T10:21:30+00:00","breadcrumb":{"@id":"https:\/\/fertilovit.com\/fr\/mention-legale\/#breadcrumb"},"inLanguage":"fr-FR","potentialAction":[{"@type":"ReadAction","target":["https:\/\/fertilovit.com\/fr\/mention-legale\/"]}]},{"@type":"BreadcrumbList","@id":"https:\/\/fertilovit.com\/fr\/mention-legale\/#breadcrumb","itemListElement":[{"@type":"ListItem","position":1,"name":"Home","item":"https:\/\/fertilovit.com\/"},{"@type":"ListItem","position":2,"name":"Legal Notice"}]},{"@type":"WebSite","@id":"https:\/\/fertilovit.com\/fr\/#website","url":"https:\/\/fertilovit.com\/fr\/","name":"Fertilovit\u00ae","description":"Pour une nouvelle vie","publisher":{"@id":"https:\/\/fertilovit.com\/fr\/#organization"},"potentialAction":[{"@type":"SearchAction","target":{"@type":"EntryPoint","urlTemplate":"https:\/\/fertilovit.com\/fr\/?s={search_term_string}"},"query-input":{"@type":"PropertyValueSpecification","valueRequired":true,"valueName":"search_term_string"}}],"inLanguage":"fr-FR"},{"@type":"Organization","@id":"https:\/\/fertilovit.com\/fr\/#organization","name":"Fertilovit\u00ae","url":"https:\/\/fertilovit.com\/fr\/","logo":{"@type":"ImageObject","inLanguage":"fr-FR","@id":"https:\/\/fertilovit.com\/fr\/#\/schema\/logo\/image\/","url":"https:\/\/fertilovit.com\/wp-content\/uploads\/2021\/10\/fertilovit-logo.png","contentUrl":"https:\/\/fertilovit.com\/wp-content\/uploads\/2021\/10\/fertilovit-logo.png","width":835,"height":188,"caption":"Fertilovit\u00ae"},"image":{"@id":"https:\/\/fertilovit.com\/fr\/#\/schema\/logo\/image\/"},"sameAs":["https:\/\/www.facebook.com\/fertilovit","https:\/\/www.instagram.com\/fertilovit_international\/","https:\/\/www.youtube.com\/@Fertilovit-com","https:\/\/www.instagram.com\/fertilovitaustria\/"],"description":"Fertilovit est une marque de suppl\u00e9ments de micronutriments avanc\u00e9s, soutenue par la science et sp\u00e9cifiquement formul\u00e9e pour la pr\u00e9conception, la grossesse et la sant\u00e9 reproductive. D\u00e9velopp\u00e9s par des experts en fertilit\u00e9, nos produits prot\u00e9g\u00e9s par des brevets apportent un soutien nutritionnel cibl\u00e9 aux femmes et aux hommes, r\u00e9pondant \u00e0 des besoins sp\u00e9cifiques tels que le SOPK, l'endom\u00e9triose et l'optimisation de la qualit\u00e9 du sperme.","email":"office@fertilovit.com","telephone":"+43 5574 54195","legalName":"Gonadosan Distribution GmbH","foundingDate":"2010-01-01","vatID":"ATU35594004","duns":"302468913"}]}},"_links":{"self":[{"href":"https:\/\/fertilovit.com\/fr\/wp-json\/wp\/v2\/pages\/3450","targetHints":{"allow":["GET"]}}],"collection":[{"href":"https:\/\/fertilovit.com\/fr\/wp-json\/wp\/v2\/pages"}],"about":[{"href":"https:\/\/fertilovit.com\/fr\/wp-json\/wp\/v2\/types\/page"}],"author":[{"embeddable":true,"href":"https:\/\/fertilovit.com\/fr\/wp-json\/wp\/v2\/users\/2"}],"replies":[{"embeddable":true,"href":"https:\/\/fertilovit.com\/fr\/wp-json\/wp\/v2\/comments?post=3450"}],"version-history":[{"count":0,"href":"https:\/\/fertilovit.com\/fr\/wp-json\/wp\/v2\/pages\/3450\/revisions"}],"wp:attachment":[{"href":"https:\/\/fertilovit.com\/fr\/wp-json\/wp\/v2\/media?parent=3450"}],"curies":[{"name":"wp","href":"https:\/\/api.w.org\/{rel}","templated":true}]}}