{"id":107,"date":"2021-10-12T19:38:31","date_gmt":"2021-10-12T19:38:31","guid":{"rendered":"https:\/\/temp.fertilovit.com\/?page_id=107"},"modified":"2024-05-09T11:39:52","modified_gmt":"2024-05-09T10:39:52","slug":"hashimotos-thyroidite","status":"publish","type":"page","link":"https:\/\/fertilovit.com\/fr\/linformation\/hashimotos-thyroidite\/","title":{"rendered":"Hashimoto"},"content":{"rendered":"<div data-elementor-type=\"wp-page\" data-elementor-id=\"107\" class=\"elementor elementor-107\" data-elementor-settings=\"{&quot;element_pack_global_tooltip_width&quot;:{&quot;unit&quot;:&quot;px&quot;,&quot;size&quot;:&quot;&quot;,&quot;sizes&quot;:[]},&quot;element_pack_global_tooltip_width_laptop&quot;:{&quot;unit&quot;:&quot;px&quot;,&quot;size&quot;:&quot;&quot;,&quot;sizes&quot;:[]},&quot;element_pack_global_tooltip_width_tablet&quot;:{&quot;unit&quot;:&quot;px&quot;,&quot;size&quot;:&quot;&quot;,&quot;sizes&quot;:[]},&quot;element_pack_global_tooltip_width_mobile&quot;:{&quot;unit&quot;:&quot;px&quot;,&quot;size&quot;:&quot;&quot;,&quot;sizes&quot;:[]},&quot;element_pack_global_tooltip_padding&quot;:{&quot;unit&quot;:&quot;px&quot;,&quot;top&quot;:&quot;&quot;,&quot;right&quot;:&quot;&quot;,&quot;bottom&quot;:&quot;&quot;,&quot;left&quot;:&quot;&quot;,&quot;isLinked&quot;:true},&quot;element_pack_global_tooltip_padding_laptop&quot;:{&quot;unit&quot;:&quot;px&quot;,&quot;top&quot;:&quot;&quot;,&quot;right&quot;:&quot;&quot;,&quot;bottom&quot;:&quot;&quot;,&quot;left&quot;:&quot;&quot;,&quot;isLinked&quot;:true},&quot;element_pack_global_tooltip_padding_tablet&quot;:{&quot;unit&quot;:&quot;px&quot;,&quot;top&quot;:&quot;&quot;,&quot;right&quot;:&quot;&quot;,&quot;bottom&quot;:&quot;&quot;,&quot;left&quot;:&quot;&quot;,&quot;isLinked&quot;:true},&quot;element_pack_global_tooltip_padding_mobile&quot;:{&quot;unit&quot;:&quot;px&quot;,&quot;top&quot;:&quot;&quot;,&quot;right&quot;:&quot;&quot;,&quot;bottom&quot;:&quot;&quot;,&quot;left&quot;:&quot;&quot;,&quot;isLinked&quot;:true},&quot;element_pack_global_tooltip_border_radius&quot;:{&quot;unit&quot;:&quot;px&quot;,&quot;top&quot;:&quot;&quot;,&quot;right&quot;:&quot;&quot;,&quot;bottom&quot;:&quot;&quot;,&quot;left&quot;:&quot;&quot;,&quot;isLinked&quot;:true},&quot;element_pack_global_tooltip_border_radius_laptop&quot;:{&quot;unit&quot;:&quot;px&quot;,&quot;top&quot;:&quot;&quot;,&quot;right&quot;:&quot;&quot;,&quot;bottom&quot;:&quot;&quot;,&quot;left&quot;:&quot;&quot;,&quot;isLinked&quot;:true},&quot;element_pack_global_tooltip_border_radius_tablet&quot;:{&quot;unit&quot;:&quot;px&quot;,&quot;top&quot;:&quot;&quot;,&quot;right&quot;:&quot;&quot;,&quot;bottom&quot;:&quot;&quot;,&quot;left&quot;:&quot;&quot;,&quot;isLinked&quot;:true},&quot;element_pack_global_tooltip_border_radius_mobile&quot;:{&quot;unit&quot;:&quot;px&quot;,&quot;top&quot;:&quot;&quot;,&quot;right&quot;:&quot;&quot;,&quot;bottom&quot;:&quot;&quot;,&quot;left&quot;:&quot;&quot;,&quot;isLinked&quot;:true}}\" data-elementor-post-type=\"page\">\n\t\t\t\t\t\t<section class=\"has_ae_slider elementor-section elementor-top-section elementor-element elementor-element-0419567 elementor-section-full_width elementor-section-height-default elementor-section-height-default ae-bg-gallery-type-default\" data-id=\"0419567\" data-element_type=\"section\" data-e-type=\"section\" data-settings=\"{&quot;background_background&quot;:&quot;classic&quot;}\">\n\t\t\t\t\t\t<div class=\"elementor-container elementor-column-gap-no\">\n\t\t\t\t\t<div class=\"has_ae_slider elementor-column elementor-col-100 elementor-top-column elementor-element elementor-element-5650d1c ae-bg-gallery-type-default\" data-id=\"5650d1c\" data-element_type=\"column\" data-e-type=\"column\">\n\t\t\t<div class=\"elementor-widget-wrap elementor-element-populated\">\n\t\t\t\t\t\t<div class=\"elementor-element elementor-element-5ced9e1 elementor-widget elementor-widget-bdt-featured-box\" data-id=\"5ced9e1\" data-element_type=\"widget\" data-e-type=\"widget\" data-widget_type=\"bdt-featured-box.split\">\n\t\t\t\t<div class=\"elementor-widget-container\">\n\t\t\t\t\t\t\t<div class=\"bdt-ep-featured-box bdt-ep-featured-box-skin-split\">\r\n\r\n\t\t\t<div class=\"bdt-grid\">\r\n\t\t\t\t<div class=\"bdt-width-1-1 bdt-width-2-5@s\">\r\n\t\t\t\t\t<div class=\"bdt-ep-featured-box-content bdt-position-z-index bdt-position-center-left bdt-text-left\">\r\n\t\t\t\t\t\t\t\t\t\t\t<div class=\"bdt-ep-featured-box-sub-title\">\r\n\t\t\t\tThyro\u00efdite de Hashimoto\t\t\t<\/div>\r\n\t\t\r\n\t\t\t\t\t<h3\t\t\t\tclass=\"bdt-ep-featured-box-title\">\r\n\t\t\t\t<span >\r\n\t\t\t\t\tet la fertilit\u00e9\t\t\t\t<\/span>\r\n\t\t\t<\/h3>\r\n\t\t\r\n\t\t\r\n\t\t\t\t\t<div class=\"bdt-ep-featured-box-button\">\r\n\t\t\t\t<a class=\"bdt-ep-featured-box-readmore bdt-display-inline-block elementor-animation-wobble-horizontal\" href=\"https:\/\/fertilovit.com\/fr\/femme\/fertilovit-f-thy\/\" target=\"_blank\">\r\n\t\t\t\t\tFertilovit\u00ae F THY\t\t\t\t\t\t\t\t\t\t\t<span class=\"bdt-button-icon-align-right\">\r\n\t\t\t\t\t\t\t<i aria-hidden=\"true\" class=\"fa-fw fas fa-venus-mars\"><\/i>\t\t\t\t\t\t<\/span>\r\n\t\t\t\t\t\t\t\t\t<\/a>\r\n\t\t\t<\/div>\r\n\t\t\t\t\t\t\t\t<\/div>\r\n\t\t\t\t<\/div>\r\n\t\t\t\t<div class=\"bdt-width-1-1 bdt-width-3-5@s\">\r\n\t\t\t\t\t\t\t<div class=\"bdt-ep-featured-box-image\">\r\n\t\t\t<div class=\"bdt-position-relative\">\r\n\t\t\t\t<img fetchpriority=\"high\" decoding=\"async\" width=\"1920\" height=\"1280\" src=\"https:\/\/fertilovit.com\/wp-content\/uploads\/2021\/12\/hashimoto-compressed.jpg\" class=\"attachment-full size-full\" alt=\"et la fertilit\u00e9\" srcset=\"https:\/\/fertilovit.com\/wp-content\/uploads\/2021\/12\/hashimoto-compressed.jpg 1920w, https:\/\/fertilovit.com\/wp-content\/uploads\/2021\/12\/hashimoto-compressed-300x200.jpg 300w, https:\/\/fertilovit.com\/wp-content\/uploads\/2021\/12\/hashimoto-compressed-1024x683.jpg 1024w, https:\/\/fertilovit.com\/wp-content\/uploads\/2021\/12\/hashimoto-compressed-768x512.jpg 768w, https:\/\/fertilovit.com\/wp-content\/uploads\/2021\/12\/hashimoto-compressed-1536x1024.jpg 1536w, https:\/\/fertilovit.com\/wp-content\/uploads\/2021\/12\/hashimoto-compressed-18x12.jpg 18w\" sizes=\"(max-width: 1920px) 100vw, 1920px\" \/>\t\t\t\t\t\t<\/div>\r\n\t\t<\/div>\r\n\t\t\t\t\t\t<\/div>\r\n\t\t\t<\/div>\r\n\r\n\t\t<\/div>\r\n\r\n\t\t\t\t\t\t<\/div>\n\t\t\t\t<\/div>\n\t\t\t\t\t<\/div>\n\t\t<\/div>\n\t\t\t\t\t<\/div>\n\t\t<\/section>\n\t\t\t\t<section class=\"has_ae_slider elementor-section elementor-top-section elementor-element elementor-element-ff51dab elementor-section-boxed elementor-section-height-default elementor-section-height-default ae-bg-gallery-type-default\" data-id=\"ff51dab\" data-element_type=\"section\" data-e-type=\"section\">\n\t\t\t\t\t\t<div class=\"elementor-container elementor-column-gap-default\">\n\t\t\t\t\t<div class=\"has_ae_slider elementor-column elementor-col-100 elementor-top-column elementor-element elementor-element-1454345 ae-bg-gallery-type-default\" data-id=\"1454345\" data-element_type=\"column\" data-e-type=\"column\">\n\t\t\t<div class=\"elementor-widget-wrap elementor-element-populated\">\n\t\t\t\t\t\t<section class=\"has_ae_slider elementor-section elementor-inner-section elementor-element elementor-element-83ee502 elementor-section-boxed elementor-section-height-default elementor-section-height-default ae-bg-gallery-type-default\" data-id=\"83ee502\" data-element_type=\"section\" data-e-type=\"section\">\n\t\t\t\t\t\t<div class=\"elementor-container elementor-column-gap-extended\">\n\t\t\t\t\t<div class=\"has_ae_slider elementor-column elementor-col-100 elementor-inner-column elementor-element elementor-element-4037edf ae-bg-gallery-type-default\" data-id=\"4037edf\" data-element_type=\"column\" data-e-type=\"column\">\n\t\t\t<div class=\"elementor-widget-wrap elementor-element-populated\">\n\t\t\t\t\t\t<div class=\"elementor-element elementor-element-de0e223 elementor-widget elementor-widget-text-editor\" data-id=\"de0e223\" data-element_type=\"widget\" data-e-type=\"widget\" data-widget_type=\"text-editor.default\">\n\t\t\t\t<div class=\"elementor-widget-container\">\n\t\t\t\t\t\t\t\t\t<div class=\"page\" title=\"Page 1\"><div class=\"layoutArea\"><div class=\"column\"><div class=\"page\" title=\"Page 1\"><div class=\"layoutArea\"><div class=\"column\"><p id=\"c3\" class=\"intro\">La thyro\u00efdite de Hashimoto est une vari\u00e9t\u00e9 courante de thyro\u00efdite auto-immune chronique. Il s\u2019agit d\u2019une maladie auto-immune de la thyro\u00efde dans laquelle l\u2019organisme produit des auto-anticorps dirig\u00e9s contre les cellules thyro\u00efdiennes saines, les d\u00e9truisant. En cons\u00e9quence, la production d\u2019hormones thyro\u00efdiennes. diminue consid\u00e9rablement (hypofonctionnement thyro\u00efdien ou hypothyro\u00efdie).<\/p><p id=\"c4\" class=\"intro\">Cette maladie doit son nom au m\u00e9decin japonais Hakaru Hashimoto (1881-1934), qui fut le premier \u00e0 la d\u00e9crire en 1912. Il s&#039;agit non seulement de la maladie auto-immune la plus r\u00e9pandue chez l&#039;homme, mais aussi de la cause la plus fr\u00e9quente d&#039;hypothyro\u00efdie primaire.<\/p><p id=\"c5\">La maladie de Basedow, plus rare, est associ\u00e9e \u00e0 la production d&#039;anticorps dirig\u00e9s contre une mol\u00e9cule de signalisation situ\u00e9e \u00e0 la surface des cellules thyro\u00efdiennes. Cela am\u00e8ne les cellules thyro\u00efdiennes \u00e0 produire une quantit\u00e9 excessive d\u2019hormones thyro\u00efdiennes (hyperfonctionnement thyro\u00efdien ou hyperthyro\u00efdie). Cependant, \u00e0 long terme, de nombreux patients souffrent \u00e9galement d\u2019hypofonctionnement de la thyro\u00efde.<\/p><p id=\"c6\" class=\"intro feature-color short\"><strong>Alt\u00e9ration de la fertilit\u00e9<\/strong><\/p><p id=\"c7\" class=\"intro\">Ce dysfonctionnement de la production hormonale peut alt\u00e9rer consid\u00e9rablement la fertilit\u00e9 : les patientes \u00e9prouvent des difficult\u00e9s \u00e0 concevoir et le risque de fausse couche est \u00e9galement accru. Alors que dans la population g\u00e9n\u00e9rale, la maladie a une incidence d&#039;environ 5 \u00e0 10 %, jusqu&#039;\u00e0 25 % de patientes cherchant un traitement dans des cliniques de fertilit\u00e9 re\u00e7oivent un diagnostic de maladie de Hashimoto. Heureusement, les traitements de fertilit\u00e9 peuvent aider \u00e0 mener une grossesse saine.<\/p><p id=\"c8\" class=\"intro feature-color short\"><strong>Le patient peut soutenir le traitement<\/strong><\/p><p id=\"c9\" class=\"intro\">La patiente elle-m\u00eame peut am\u00e9liorer les taux de r\u00e9ussite du traitement de fertilit\u00e9 en faisant des choix de vie sains et en maintenant une alimentation saine qui prend en compte certaines sp\u00e9cificit\u00e9s de la maladie.<\/p><p id=\"c10\" class=\"intro feature-color short\"><strong>Un r\u00e9gime pauvre en iode<\/strong><\/p><p id=\"c11\" class=\"intro\">Selon des \u00e9tudes scientifiques, une exposition excessive \u00e0 l\u2019iode aggrave la progression de la maladie. En revanche, un r\u00e9gime pauvre en iode entra\u00eenerait une am\u00e9lioration. Il est donc recommand\u00e9 aux patients atteints de thyro\u00efdite auto-immune d\u2019abandonner le sel de table iod\u00e9. Tous les compl\u00e9ments alimentaires doivent \u00e9galement \u00eatre exempts d\u2019iode.<\/p><p id=\"c12\" class=\"intro feature-color short\"><strong>S\u00e9l\u00e9nium<\/strong><\/p><p id=\"c13\" class=\"intro\">Les sols europ\u00e9ens sont pauvres en s\u00e9l\u00e9nium. Par cons\u00e9quent, les plantes cultiv\u00e9es dans ce sol et donc les aliments qui y sont produits ont une faible teneur en s\u00e9l\u00e9nium. Des \u00e9tudes ont montr\u00e9 qu&#039;une suppl\u00e9mentation en s\u00e9l\u00e9nium chez les patients atteints de thyro\u00efdite auto-immune peut am\u00e9liorer les sympt\u00f4mes.<\/p><p id=\"c14\" class=\"intro feature-color short\"><strong>Stress oxydatif et antioxydants<\/strong><\/p><p id=\"c15\" class=\"intro\">M\u00eame si les raisons de l\u2019apparition de la maladie ne sont pas encore bien comprises, des recherches r\u00e9centes ont r\u00e9v\u00e9l\u00e9 que le stress oxydatif \u00e9tait un facteur contributif important. Cela peut \u00e9galement compromettre la qualit\u00e9 des ovocytes et nuire au d\u00e9veloppement embryonnaire. C\u2019est pourquoi les experts recommandent de s\u2019assurer d\u2019un apport suffisant en antioxydants.<\/p><p id=\"c16\" class=\"intro\">Le stress, le tabagisme et les mauvaises habitudes alimentaires pr\u00e9sentent des situations dans lesquelles une suppl\u00e9mentation en antioxydants est recommand\u00e9e et peut avoir un impact positif sur les sympt\u00f4mes de la thyro\u00efdite auto-immune.<\/p><p id=\"c17\" class=\"intro feature-color short\"><strong>Vitamines B<\/strong><\/p><p id=\"c18\" class=\"intro\">Les patients atteints de thyro\u00efdite auto-immune pr\u00e9sentent \u00e9galement un risque accru de carence en vitamine B12. Cela peut \u00eatre un probl\u00e8me en particulier lors de la planification de la conception, car la vitamine B12 est non seulement importante pour la division cellulaire mais, avec d&#039;autres vitamines B, elle est \u00e9galement vitale pour le m\u00e9tabolisme de l&#039;homocyst\u00e9ine. C\u2019est pourquoi les experts recommandent aux patients atteints de thyro\u00efdite de prendre des vitamines B.<\/p><\/div><\/div><\/div><\/div><\/div><\/div>\t\t\t\t\t\t\t\t<\/div>\n\t\t\t\t<\/div>\n\t\t\t\t\t<\/div>\n\t\t<\/div>\n\t\t\t\t\t<\/div>\n\t\t<\/section>\n\t\t\t\t\t<\/div>\n\t\t<\/div>\n\t\t\t\t\t<\/div>\n\t\t<\/section>\n\t\t\t\t<\/div>","protected":false},"excerpt":{"rendered":"<p>Hashimoto&#8217;s thyroiditis and Fertility Fertilovit\u00ae F THY Hashimoto\u2019s thyroiditis is a common variety of chronic autoimmune thyroiditis. This is an auto-immune disease of the thyroid in which the body produces auto-antibodies directed against healthy thyroid cells, destroying them. As a consequence of this, thyroid hormone production. decreases substantially (thyroid hypofunction or hypothyroidism). The disorder was [&hellip;]<\/p>\n","protected":false},"author":2,"featured_media":0,"parent":99,"menu_order":0,"comment_status":"closed","ping_status":"closed","template":"","meta":{"_acf_changed":false,"footnotes":""},"class_list":["post-107","page","type-page","status-publish","hentry"],"acf":[],"yoast_head":"<!-- This site is optimized with the Yoast SEO Premium plugin v27.0 (Yoast SEO v27.3) - https:\/\/yoast.com\/product\/yoast-seo-premium-wordpress\/ -->\n<title>Hashimoto&#039;s thyroiditis - Fertilovit\u00ae<\/title>\n<meta name=\"description\" content=\"Here you can learn more about Hashimoto&#039;s thyroiditis, its impairment of fertility and the importance of an iodine-free diet.\" \/>\n<meta name=\"robots\" content=\"index, follow, max-snippet:-1, max-image-preview:large, max-video-preview:-1\" \/>\n<link rel=\"canonical\" href=\"https:\/\/fertilovit.com\/fr\/linformation\/hashimotos-thyroidite\/\" \/>\n<meta property=\"og:locale\" content=\"fr_FR\" \/>\n<meta property=\"og:type\" content=\"article\" \/>\n<meta property=\"og:title\" content=\"Hashimoto\" \/>\n<meta property=\"og:description\" content=\"Here you can learn more about Hashimoto&#039;s thyroiditis, its impairment of fertility and the importance of an iodine-free diet.\" \/>\n<meta property=\"og:url\" content=\"https:\/\/fertilovit.com\/fr\/linformation\/hashimotos-thyroidite\/\" \/>\n<meta property=\"og:site_name\" content=\"Fertilovit\u00ae\" \/>\n<meta property=\"article:publisher\" content=\"https:\/\/www.facebook.com\/fertilovit\" \/>\n<meta property=\"article:modified_time\" content=\"2024-05-09T10:39:52+00:00\" \/>\n<meta property=\"og:image\" content=\"https:\/\/fertilovit.com\/wp-content\/uploads\/2021\/12\/hashimoto-compressed.jpg\" \/>\n<meta name=\"twitter:card\" content=\"summary_large_image\" \/>\n<meta name=\"twitter:label1\" content=\"Dur\u00e9e de lecture estim\u00e9e\" \/>\n\t<meta name=\"twitter:data1\" content=\"3 minutes\" \/>\n<script type=\"application\/ld+json\" class=\"yoast-schema-graph\">{\"@context\":\"https:\\\/\\\/schema.org\",\"@graph\":[{\"@type\":\"WebPage\",\"@id\":\"https:\\\/\\\/fertilovit.com\\\/fr\\\/linformation\\\/hashimotos-thyroidite\\\/\",\"url\":\"https:\\\/\\\/fertilovit.com\\\/fr\\\/linformation\\\/hashimotos-thyroidite\\\/\",\"name\":\"Hashimoto's thyroiditis - Fertilovit\u00ae\",\"isPartOf\":{\"@id\":\"https:\\\/\\\/fertilovit.com\\\/fr\\\/#website\"},\"primaryImageOfPage\":{\"@id\":\"https:\\\/\\\/fertilovit.com\\\/fr\\\/linformation\\\/hashimotos-thyroidite\\\/#primaryimage\"},\"image\":{\"@id\":\"https:\\\/\\\/fertilovit.com\\\/fr\\\/linformation\\\/hashimotos-thyroidite\\\/#primaryimage\"},\"thumbnailUrl\":\"https:\\\/\\\/fertilovit.com\\\/wp-content\\\/uploads\\\/2021\\\/12\\\/hashimoto-compressed.jpg\",\"datePublished\":\"2021-10-12T19:38:31+00:00\",\"dateModified\":\"2024-05-09T10:39:52+00:00\",\"description\":\"Here you can learn more about Hashimoto's thyroiditis, its impairment of fertility and the importance of an iodine-free diet.\",\"breadcrumb\":{\"@id\":\"https:\\\/\\\/fertilovit.com\\\/fr\\\/linformation\\\/hashimotos-thyroidite\\\/#breadcrumb\"},\"inLanguage\":\"fr-FR\",\"potentialAction\":[{\"@type\":\"ReadAction\",\"target\":[\"https:\\\/\\\/fertilovit.com\\\/fr\\\/linformation\\\/hashimotos-thyroidite\\\/\"]}]},{\"@type\":\"ImageObject\",\"inLanguage\":\"fr-FR\",\"@id\":\"https:\\\/\\\/fertilovit.com\\\/fr\\\/linformation\\\/hashimotos-thyroidite\\\/#primaryimage\",\"url\":\"https:\\\/\\\/fertilovit.com\\\/wp-content\\\/uploads\\\/2021\\\/12\\\/hashimoto-compressed.jpg\",\"contentUrl\":\"https:\\\/\\\/fertilovit.com\\\/wp-content\\\/uploads\\\/2021\\\/12\\\/hashimoto-compressed.jpg\"},{\"@type\":\"BreadcrumbList\",\"@id\":\"https:\\\/\\\/fertilovit.com\\\/fr\\\/linformation\\\/hashimotos-thyroidite\\\/#breadcrumb\",\"itemListElement\":[{\"@type\":\"ListItem\",\"position\":1,\"name\":\"Home\",\"item\":\"https:\\\/\\\/fertilovit.com\\\/\"},{\"@type\":\"ListItem\",\"position\":2,\"name\":\"Information\",\"item\":\"https:\\\/\\\/fertilovit.com\\\/information\\\/\"},{\"@type\":\"ListItem\",\"position\":3,\"name\":\"Hashimoto\"}]},{\"@type\":\"WebSite\",\"@id\":\"https:\\\/\\\/fertilovit.com\\\/fr\\\/#website\",\"url\":\"https:\\\/\\\/fertilovit.com\\\/fr\\\/\",\"name\":\"Fertilovit\u00ae\",\"description\":\"For a new life\",\"publisher\":{\"@id\":\"https:\\\/\\\/fertilovit.com\\\/fr\\\/#organization\"},\"potentialAction\":[{\"@type\":\"SearchAction\",\"target\":{\"@type\":\"EntryPoint\",\"urlTemplate\":\"https:\\\/\\\/fertilovit.com\\\/fr\\\/?s={search_term_string}\"},\"query-input\":{\"@type\":\"PropertyValueSpecification\",\"valueRequired\":true,\"valueName\":\"search_term_string\"}}],\"inLanguage\":\"fr-FR\"},{\"@type\":\"Organization\",\"@id\":\"https:\\\/\\\/fertilovit.com\\\/fr\\\/#organization\",\"name\":\"Fertilovit\u00ae\",\"url\":\"https:\\\/\\\/fertilovit.com\\\/fr\\\/\",\"logo\":{\"@type\":\"ImageObject\",\"inLanguage\":\"fr-FR\",\"@id\":\"https:\\\/\\\/fertilovit.com\\\/fr\\\/#\\\/schema\\\/logo\\\/image\\\/\",\"url\":\"https:\\\/\\\/fertilovit.com\\\/wp-content\\\/uploads\\\/2021\\\/10\\\/fertilovit-logo.png\",\"contentUrl\":\"https:\\\/\\\/fertilovit.com\\\/wp-content\\\/uploads\\\/2021\\\/10\\\/fertilovit-logo.png\",\"width\":835,\"height\":188,\"caption\":\"Fertilovit\u00ae\"},\"image\":{\"@id\":\"https:\\\/\\\/fertilovit.com\\\/fr\\\/#\\\/schema\\\/logo\\\/image\\\/\"},\"sameAs\":[\"https:\\\/\\\/www.facebook.com\\\/fertilovit\",\"https:\\\/\\\/www.instagram.com\\\/fertilovit_international\\\/\",\"https:\\\/\\\/www.youtube.com\\\/@Fertilovit-com\",\"https:\\\/\\\/www.instagram.com\\\/fertilovitaustria\\\/\"],\"description\":\"Fertilovit is a scientifically-backed brand of advanced micronutrient supplements specifically formulated for preconception, pregnancy, and reproductive health. Developed by fertility experts, our patent-protected products provide targeted nutritional support for women and men, addressing specific needs such as PCOS, endometriosis, and optimized sperm quality.\",\"email\":\"office@fertilovit.com\",\"telephone\":\"+43 5574 54195\",\"legalName\":\"Gonadosan Distribution GmbH\",\"foundingDate\":\"2010-01-01\",\"vatID\":\"ATU35594004\",\"duns\":\"302468913\"}]}<\/script>\n<!-- \/ Yoast SEO Premium plugin. -->","yoast_head_json":{"title":"Thyro\u00efdite de Hashimoto - Fertilovit\u00ae","description":"Ici, vous pouvez en apprendre davantage sur la thyro\u00efdite de Hashimoto, ses troubles de la fertilit\u00e9 et l&#039;importance d&#039;un r\u00e9gime sans iode.","robots":{"index":"index","follow":"follow","max-snippet":"max-snippet:-1","max-image-preview":"max-image-preview:large","max-video-preview":"max-video-preview:-1"},"canonical":"https:\/\/fertilovit.com\/fr\/linformation\/hashimotos-thyroidite\/","og_locale":"fr_FR","og_type":"article","og_title":"Hashimoto","og_description":"Here you can learn more about Hashimoto's thyroiditis, its impairment of fertility and the importance of an iodine-free diet.","og_url":"https:\/\/fertilovit.com\/fr\/linformation\/hashimotos-thyroidite\/","og_site_name":"Fertilovit\u00ae","article_publisher":"https:\/\/www.facebook.com\/fertilovit","article_modified_time":"2024-05-09T10:39:52+00:00","og_image":[{"url":"https:\/\/fertilovit.com\/wp-content\/uploads\/2021\/12\/hashimoto-compressed.jpg","type":"","width":"","height":""}],"twitter_card":"summary_large_image","twitter_misc":{"Dur\u00e9e de lecture estim\u00e9e":"3 minutes"},"schema":{"@context":"https:\/\/schema.org","@graph":[{"@type":"WebPage","@id":"https:\/\/fertilovit.com\/fr\/linformation\/hashimotos-thyroidite\/","url":"https:\/\/fertilovit.com\/fr\/linformation\/hashimotos-thyroidite\/","name":"Thyro\u00efdite de Hashimoto - Fertilovit\u00ae","isPartOf":{"@id":"https:\/\/fertilovit.com\/fr\/#website"},"primaryImageOfPage":{"@id":"https:\/\/fertilovit.com\/fr\/linformation\/hashimotos-thyroidite\/#primaryimage"},"image":{"@id":"https:\/\/fertilovit.com\/fr\/linformation\/hashimotos-thyroidite\/#primaryimage"},"thumbnailUrl":"https:\/\/fertilovit.com\/wp-content\/uploads\/2021\/12\/hashimoto-compressed.jpg","datePublished":"2021-10-12T19:38:31+00:00","dateModified":"2024-05-09T10:39:52+00:00","description":"Ici, vous pouvez en apprendre davantage sur la thyro\u00efdite de Hashimoto, ses troubles de la fertilit\u00e9 et l&#039;importance d&#039;un r\u00e9gime sans iode.","breadcrumb":{"@id":"https:\/\/fertilovit.com\/fr\/linformation\/hashimotos-thyroidite\/#breadcrumb"},"inLanguage":"fr-FR","potentialAction":[{"@type":"ReadAction","target":["https:\/\/fertilovit.com\/fr\/linformation\/hashimotos-thyroidite\/"]}]},{"@type":"ImageObject","inLanguage":"fr-FR","@id":"https:\/\/fertilovit.com\/fr\/linformation\/hashimotos-thyroidite\/#primaryimage","url":"https:\/\/fertilovit.com\/wp-content\/uploads\/2021\/12\/hashimoto-compressed.jpg","contentUrl":"https:\/\/fertilovit.com\/wp-content\/uploads\/2021\/12\/hashimoto-compressed.jpg"},{"@type":"BreadcrumbList","@id":"https:\/\/fertilovit.com\/fr\/linformation\/hashimotos-thyroidite\/#breadcrumb","itemListElement":[{"@type":"ListItem","position":1,"name":"Home","item":"https:\/\/fertilovit.com\/"},{"@type":"ListItem","position":2,"name":"Information","item":"https:\/\/fertilovit.com\/information\/"},{"@type":"ListItem","position":3,"name":"Hashimoto"}]},{"@type":"WebSite","@id":"https:\/\/fertilovit.com\/fr\/#website","url":"https:\/\/fertilovit.com\/fr\/","name":"Fertilovit\u00ae","description":"Pour une nouvelle vie","publisher":{"@id":"https:\/\/fertilovit.com\/fr\/#organization"},"potentialAction":[{"@type":"SearchAction","target":{"@type":"EntryPoint","urlTemplate":"https:\/\/fertilovit.com\/fr\/?s={search_term_string}"},"query-input":{"@type":"PropertyValueSpecification","valueRequired":true,"valueName":"search_term_string"}}],"inLanguage":"fr-FR"},{"@type":"Organization","@id":"https:\/\/fertilovit.com\/fr\/#organization","name":"Fertilovit\u00ae","url":"https:\/\/fertilovit.com\/fr\/","logo":{"@type":"ImageObject","inLanguage":"fr-FR","@id":"https:\/\/fertilovit.com\/fr\/#\/schema\/logo\/image\/","url":"https:\/\/fertilovit.com\/wp-content\/uploads\/2021\/10\/fertilovit-logo.png","contentUrl":"https:\/\/fertilovit.com\/wp-content\/uploads\/2021\/10\/fertilovit-logo.png","width":835,"height":188,"caption":"Fertilovit\u00ae"},"image":{"@id":"https:\/\/fertilovit.com\/fr\/#\/schema\/logo\/image\/"},"sameAs":["https:\/\/www.facebook.com\/fertilovit","https:\/\/www.instagram.com\/fertilovit_international\/","https:\/\/www.youtube.com\/@Fertilovit-com","https:\/\/www.instagram.com\/fertilovitaustria\/"],"description":"Fertilovit est une marque de suppl\u00e9ments de micronutriments avanc\u00e9s, soutenue par la science et sp\u00e9cifiquement formul\u00e9e pour la pr\u00e9conception, la grossesse et la sant\u00e9 reproductive. D\u00e9velopp\u00e9s par des experts en fertilit\u00e9, nos produits prot\u00e9g\u00e9s par des brevets apportent un soutien nutritionnel cibl\u00e9 aux femmes et aux hommes, r\u00e9pondant \u00e0 des besoins sp\u00e9cifiques tels que le SOPK, l'endom\u00e9triose et l'optimisation de la qualit\u00e9 du sperme.","email":"office@fertilovit.com","telephone":"+43 5574 54195","legalName":"Gonadosan Distribution GmbH","foundingDate":"2010-01-01","vatID":"ATU35594004","duns":"302468913"}]}},"_links":{"self":[{"href":"https:\/\/fertilovit.com\/fr\/wp-json\/wp\/v2\/pages\/107","targetHints":{"allow":["GET"]}}],"collection":[{"href":"https:\/\/fertilovit.com\/fr\/wp-json\/wp\/v2\/pages"}],"about":[{"href":"https:\/\/fertilovit.com\/fr\/wp-json\/wp\/v2\/types\/page"}],"author":[{"embeddable":true,"href":"https:\/\/fertilovit.com\/fr\/wp-json\/wp\/v2\/users\/2"}],"replies":[{"embeddable":true,"href":"https:\/\/fertilovit.com\/fr\/wp-json\/wp\/v2\/comments?post=107"}],"version-history":[{"count":0,"href":"https:\/\/fertilovit.com\/fr\/wp-json\/wp\/v2\/pages\/107\/revisions"}],"up":[{"embeddable":true,"href":"https:\/\/fertilovit.com\/fr\/wp-json\/wp\/v2\/pages\/99"}],"wp:attachment":[{"href":"https:\/\/fertilovit.com\/fr\/wp-json\/wp\/v2\/media?parent=107"}],"curies":[{"name":"wp","href":"https:\/\/api.w.org\/{rel}","templated":true}]}}