{"id":105,"date":"2021-10-12T19:38:14","date_gmt":"2021-10-12T19:38:14","guid":{"rendered":"https:\/\/temp.fertilovit.com\/?page_id=105"},"modified":"2024-05-09T11:39:55","modified_gmt":"2024-05-09T10:39:55","slug":"pcos","status":"publish","type":"page","link":"https:\/\/fertilovit.com\/fr\/linformation\/pcos\/","title":{"rendered":"Inositol"},"content":{"rendered":"<div data-elementor-type=\"wp-page\" data-elementor-id=\"105\" class=\"elementor elementor-105\" data-elementor-settings=\"{&quot;element_pack_global_tooltip_width&quot;:{&quot;unit&quot;:&quot;px&quot;,&quot;size&quot;:&quot;&quot;,&quot;sizes&quot;:[]},&quot;element_pack_global_tooltip_width_laptop&quot;:{&quot;unit&quot;:&quot;px&quot;,&quot;size&quot;:&quot;&quot;,&quot;sizes&quot;:[]},&quot;element_pack_global_tooltip_width_tablet&quot;:{&quot;unit&quot;:&quot;px&quot;,&quot;size&quot;:&quot;&quot;,&quot;sizes&quot;:[]},&quot;element_pack_global_tooltip_width_mobile&quot;:{&quot;unit&quot;:&quot;px&quot;,&quot;size&quot;:&quot;&quot;,&quot;sizes&quot;:[]},&quot;element_pack_global_tooltip_padding&quot;:{&quot;unit&quot;:&quot;px&quot;,&quot;top&quot;:&quot;&quot;,&quot;right&quot;:&quot;&quot;,&quot;bottom&quot;:&quot;&quot;,&quot;left&quot;:&quot;&quot;,&quot;isLinked&quot;:true},&quot;element_pack_global_tooltip_padding_laptop&quot;:{&quot;unit&quot;:&quot;px&quot;,&quot;top&quot;:&quot;&quot;,&quot;right&quot;:&quot;&quot;,&quot;bottom&quot;:&quot;&quot;,&quot;left&quot;:&quot;&quot;,&quot;isLinked&quot;:true},&quot;element_pack_global_tooltip_padding_tablet&quot;:{&quot;unit&quot;:&quot;px&quot;,&quot;top&quot;:&quot;&quot;,&quot;right&quot;:&quot;&quot;,&quot;bottom&quot;:&quot;&quot;,&quot;left&quot;:&quot;&quot;,&quot;isLinked&quot;:true},&quot;element_pack_global_tooltip_padding_mobile&quot;:{&quot;unit&quot;:&quot;px&quot;,&quot;top&quot;:&quot;&quot;,&quot;right&quot;:&quot;&quot;,&quot;bottom&quot;:&quot;&quot;,&quot;left&quot;:&quot;&quot;,&quot;isLinked&quot;:true},&quot;element_pack_global_tooltip_border_radius&quot;:{&quot;unit&quot;:&quot;px&quot;,&quot;top&quot;:&quot;&quot;,&quot;right&quot;:&quot;&quot;,&quot;bottom&quot;:&quot;&quot;,&quot;left&quot;:&quot;&quot;,&quot;isLinked&quot;:true},&quot;element_pack_global_tooltip_border_radius_laptop&quot;:{&quot;unit&quot;:&quot;px&quot;,&quot;top&quot;:&quot;&quot;,&quot;right&quot;:&quot;&quot;,&quot;bottom&quot;:&quot;&quot;,&quot;left&quot;:&quot;&quot;,&quot;isLinked&quot;:true},&quot;element_pack_global_tooltip_border_radius_tablet&quot;:{&quot;unit&quot;:&quot;px&quot;,&quot;top&quot;:&quot;&quot;,&quot;right&quot;:&quot;&quot;,&quot;bottom&quot;:&quot;&quot;,&quot;left&quot;:&quot;&quot;,&quot;isLinked&quot;:true},&quot;element_pack_global_tooltip_border_radius_mobile&quot;:{&quot;unit&quot;:&quot;px&quot;,&quot;top&quot;:&quot;&quot;,&quot;right&quot;:&quot;&quot;,&quot;bottom&quot;:&quot;&quot;,&quot;left&quot;:&quot;&quot;,&quot;isLinked&quot;:true}}\" data-elementor-post-type=\"page\">\n\t\t\t\t\t\t<section class=\"has_ae_slider elementor-section elementor-top-section elementor-element elementor-element-9e8fc93 elementor-section-full_width elementor-section-height-default elementor-section-height-default ae-bg-gallery-type-default\" data-id=\"9e8fc93\" data-element_type=\"section\" data-e-type=\"section\" data-settings=\"{&quot;background_background&quot;:&quot;classic&quot;}\">\n\t\t\t\t\t\t<div class=\"elementor-container elementor-column-gap-no\">\n\t\t\t\t\t<div class=\"has_ae_slider elementor-column elementor-col-100 elementor-top-column elementor-element elementor-element-8e4a187 ae-bg-gallery-type-default\" data-id=\"8e4a187\" data-element_type=\"column\" data-e-type=\"column\">\n\t\t\t<div class=\"elementor-widget-wrap elementor-element-populated\">\n\t\t\t\t\t\t<div class=\"elementor-element elementor-element-4fd2e6b elementor-widget elementor-widget-bdt-featured-box\" data-id=\"4fd2e6b\" data-element_type=\"widget\" data-e-type=\"widget\" data-widget_type=\"bdt-featured-box.split\">\n\t\t\t\t<div class=\"elementor-widget-container\">\n\t\t\t\t\t\t\t<div class=\"bdt-ep-featured-box bdt-ep-featured-box-skin-split\">\r\n\r\n\t\t\t<div class=\"bdt-grid\">\r\n\t\t\t\t<div class=\"bdt-width-1-1 bdt-width-2-5@s\">\r\n\t\t\t\t\t<div class=\"bdt-ep-featured-box-content bdt-position-z-index bdt-position-center-left bdt-text-left\">\r\n\t\t\t\t\t\t\t\t\t\t\t<div class=\"bdt-ep-featured-box-sub-title\">\r\n\t\t\t\tPCOS\t\t\t<\/div>\r\n\t\t\r\n\t\t\t\t\t<h3\t\t\t\tclass=\"bdt-ep-featured-box-title\">\r\n\t\t\t\t<span >\r\n\t\t\t\t\tet la fertilit\u00e9\t\t\t\t<\/span>\r\n\t\t\t<\/h3>\r\n\t\t\r\n\t\t\r\n\t\t\t\t\t<div class=\"bdt-ep-featured-box-button\">\r\n\t\t\t\t<a class=\"bdt-ep-featured-box-readmore bdt-display-inline-block elementor-animation-wobble-horizontal\" href=\"https:\/\/fertilovit.com\/fr\/femme\/fertilovit-f-pcos\/\" target=\"_blank\">\r\n\t\t\t\t\tFertilovit\u00ae F PCOS\t\t\t\t\t\t\t\t\t\t\t<span class=\"bdt-button-icon-align-right\">\r\n\t\t\t\t\t\t\t<i aria-hidden=\"true\" class=\"fa-fw fas fa-venus-mars\"><\/i>\t\t\t\t\t\t<\/span>\r\n\t\t\t\t\t\t\t\t\t<\/a>\r\n\t\t\t<\/div>\r\n\t\t\t\t\t\t\t\t<\/div>\r\n\t\t\t\t<\/div>\r\n\t\t\t\t<div class=\"bdt-width-1-1 bdt-width-3-5@s\">\r\n\t\t\t\t\t\t\t<div class=\"bdt-ep-featured-box-image\">\r\n\t\t\t<div class=\"bdt-position-relative\">\r\n\t\t\t\t<img fetchpriority=\"high\" decoding=\"async\" width=\"1920\" height=\"1280\" src=\"https:\/\/fertilovit.com\/wp-content\/uploads\/2021\/12\/pcos-2-compressed.jpg\" class=\"attachment-full size-full\" alt=\"et la fertilit\u00e9\" srcset=\"https:\/\/fertilovit.com\/wp-content\/uploads\/2021\/12\/pcos-2-compressed.jpg 1920w, https:\/\/fertilovit.com\/wp-content\/uploads\/2021\/12\/pcos-2-compressed-300x200.jpg 300w, https:\/\/fertilovit.com\/wp-content\/uploads\/2021\/12\/pcos-2-compressed-1024x683.jpg 1024w, https:\/\/fertilovit.com\/wp-content\/uploads\/2021\/12\/pcos-2-compressed-768x512.jpg 768w, https:\/\/fertilovit.com\/wp-content\/uploads\/2021\/12\/pcos-2-compressed-1536x1024.jpg 1536w, https:\/\/fertilovit.com\/wp-content\/uploads\/2021\/12\/pcos-2-compressed-18x12.jpg 18w\" sizes=\"(max-width: 1920px) 100vw, 1920px\" \/>\t\t\t\t\t\t<\/div>\r\n\t\t<\/div>\r\n\t\t\t\t\t\t<\/div>\r\n\t\t\t<\/div>\r\n\r\n\t\t<\/div>\r\n\r\n\t\t\t\t\t\t<\/div>\n\t\t\t\t<\/div>\n\t\t\t\t\t<\/div>\n\t\t<\/div>\n\t\t\t\t\t<\/div>\n\t\t<\/section>\n\t\t\t\t<section class=\"has_ae_slider elementor-section elementor-top-section elementor-element elementor-element-c0de4b5 elementor-section-boxed elementor-section-height-default elementor-section-height-default ae-bg-gallery-type-default\" data-id=\"c0de4b5\" data-element_type=\"section\" data-e-type=\"section\">\n\t\t\t\t\t\t<div class=\"elementor-container elementor-column-gap-default\">\n\t\t\t\t\t<div class=\"has_ae_slider elementor-column elementor-col-100 elementor-top-column elementor-element elementor-element-3742ffd ae-bg-gallery-type-default\" data-id=\"3742ffd\" data-element_type=\"column\" data-e-type=\"column\">\n\t\t\t<div class=\"elementor-widget-wrap elementor-element-populated\">\n\t\t\t\t\t\t<section class=\"has_ae_slider elementor-section elementor-inner-section elementor-element elementor-element-3b90985 elementor-section-boxed elementor-section-height-default elementor-section-height-default ae-bg-gallery-type-default\" data-id=\"3b90985\" data-element_type=\"section\" data-e-type=\"section\">\n\t\t\t\t\t\t<div class=\"elementor-container elementor-column-gap-extended\">\n\t\t\t\t\t<div class=\"has_ae_slider elementor-column elementor-col-100 elementor-inner-column elementor-element elementor-element-9e109e5 ae-bg-gallery-type-default\" data-id=\"9e109e5\" data-element_type=\"column\" data-e-type=\"column\">\n\t\t\t<div class=\"elementor-widget-wrap elementor-element-populated\">\n\t\t\t\t\t\t<div class=\"elementor-element elementor-element-591d7ff elementor-widget elementor-widget-text-editor\" data-id=\"591d7ff\" data-element_type=\"widget\" data-e-type=\"widget\" data-widget_type=\"text-editor.default\">\n\t\t\t\t<div class=\"elementor-widget-container\">\n\t\t\t\t\t\t\t\t\t<p><span style=\"font-weight: 400;\">Environ 5 \u00e0 10 femmes % en \u00e2ge de procr\u00e9er sont touch\u00e9es par le syndrome des ovaires polykystiques (<\/span><a href=\"https:\/\/www.my-fertility-blog.com\/2017\/09\/01\/10-signs-you-might-be-suffering-from-pcos\/\"><span style=\"font-weight: 400;\">PCOS<\/span><\/a><span style=\"font-weight: 400;\">). Le syndrome est, en fait, un trouble hormonal accompagn\u00e9 de divers sympt\u00f4mes, notamment une pilosit\u00e9 excessive du visage, de l\u2019acn\u00e9, des cycles irr\u00e9guliers et des kystes ovariens.<\/span><\/p><p><strong>Comment le SOPK interf\u00e8re-t-il avec la fertilit\u00e9 ?<\/strong><\/p><p><span style=\"font-weight: 400;\">Le SOPK est l\u2019une des causes les plus courantes de probl\u00e8mes de fertilit\u00e9 f\u00e9minine. Les changements hormonaux observ\u00e9s dans le SOPK alt\u00e8rent la fonction ovarienne. Cela entra\u00eene des probl\u00e8mes de maturation des ovocytes et d\u2019ovulation. En cons\u00e9quence, les patientes pr\u00e9sentent souvent de multiples kystes ovariens et pr\u00e9sentent des cycles irr\u00e9guliers, voire manquants.\u00a0<\/span><\/p><p><strong>SOPK\u00a0: options th\u00e9rapeutiques<\/strong><\/p><ol><li style=\"font-weight: 400;\" aria-level=\"1\"><p><b>\u00a0<\/b><span style=\"font-weight: 400;\"><strong>Perte de poids:<\/strong> Si vous \u00eates en surpoids, la premi\u00e8re \u00e9tape consiste \u00e0 perdre du poids. M\u00eame une perte de poids de seulement 5% peut apporter des am\u00e9liorations significatives de l\u2019\u00e9quilibre hormonal. Pour un poids corporel de 80 kg, cela correspond \u00e0 seulement 4 kg de perte de poids. La r\u00e9compense : une belle peau, moins de pousse de poils, des cycles plus r\u00e9guliers. <\/span><a href=\"https:\/\/www.my-fertility-blog.com\/2019\/09\/13\/pcos-losing-weight-easier-with-tricks-from-research\/\"><span style=\"font-weight: 400;\">Apprendre encore plus\u2026<\/span><\/a><span style=\"font-weight: 400;\">\u00a0<\/span><\/p><\/li><li style=\"font-weight: 400;\" aria-level=\"1\"><p><span style=\"font-weight: 400;\"><strong>Metformine\u00a0:<\/strong> La majorit\u00e9 des patients atteints du SOPK souffrent \u00e9galement de r\u00e9sistance \u00e0 l\u2019insuline, ce qui exacerbe les troubles hormonaux. La r\u00e9sistance \u00e0 l&#039;insuline peut \u00eatre trait\u00e9e avec la metformine, un principe actif normalement utilis\u00e9 chez les patients atteints de diab\u00e8te de type 2. La metformine optimise l&#039;action de l&#039;insuline. Cela a un effet favorable sur le SOPK. Une fois que la r\u00e9sistance \u00e0 l\u2019insuline diminue, la production d\u2019hormones m\u00e2les est moins stimul\u00e9e. En plus de cela, le m\u00e9tabolisme des lipides change \u00e9galement. Cependant, le m\u00e9dicament metformine n\u2019est pas encore approuv\u00e9 pour le traitement du SOPK et de nombreuses femmes ne le tol\u00e8rent pas tr\u00e8s bien.<\/span><\/p><\/li><li style=\"font-weight: 400;\" aria-level=\"1\"><p><span style=\"font-weight: 400;\"><strong>Nutrition:<\/strong> En raison du lien \u00e9troit entre le m\u00e9tabolisme et le syst\u00e8me hormonal, un changement de mode de vie associ\u00e9 \u00e0 <\/span><a href=\"https:\/\/www.pcos-info.eu\/index.php?&amp;lang=en-US\"><span style=\"font-weight: 400;\">mesures nutritionnelles<\/span><\/a><span style=\"font-weight: 400;\"> est une approche douce et souvent tr\u00e8s utile. <a href=\"https:\/\/www.pcos-info.eu\/p.php?c=ernaehrung\">Apprendre encore plus\u2026<\/a><\/span><\/p><\/li><li style=\"font-weight: 400;\" aria-level=\"1\"><p><span style=\"font-weight: 400;\"><strong>Th\u00e9rapie de soutien par micronutriments\u00a0:<\/strong> Un large \u00e9ventail de micronutriments ont \u00e9t\u00e9 utilis\u00e9s dans des \u00e9tudes visant \u00e0 examiner leurs avantages pour les patients atteints du SOPK. D&#039;apr\u00e8s les recherches, <\/span><a href=\"https:\/\/www.my-fertility-blog.com\/2016\/08\/25\/dietetic-treatment-of-pcos-inositol\/\"><span style=\"font-weight: 400;\">suppl\u00e9mentation cibl\u00e9e<\/span><\/a><span style=\"font-weight: 400;\"> peut contribuer en douceur de l\u2019int\u00e9rieur \u00e0 un meilleur \u00e9quilibre m\u00e9tabolique et hormonal dans le SOPK. Sur la base des recherches actuelles, la formule triple action de Fertilovit\u00ae F PCOS a \u00e9t\u00e9 con\u00e7ue pour fournir aux femmes atteintes du SOPK qui envisagent une grossesse toutes les vitamines, min\u00e9raux et autres nutriments qui se sont r\u00e9v\u00e9l\u00e9s importants dans cette situation particuli\u00e8re.<\/span><\/p><\/li><li style=\"font-weight: 400;\" aria-level=\"1\"><p><strong>Traitement de fertilit\u00e9: <\/strong><span style=\"font-weight: 400;\">Tr\u00e8s souvent, une induction artificielle de l&#039;ovulation par un sp\u00e9cialiste, par exemple avec du clomif\u00e8ne, est n\u00e9cessaire. Parfois, des mesures chirurgicales peuvent aider. Dans ce qu&#039;on appelle le forage ovarien laparoscopique, la destruction m\u00e9canique des cellules th\u00e8ques peut briser le cercle vicieux hormonal et r\u00e9guler la production d&#039;hormones. De plus, le traitement hormonal par FSH est une option th\u00e9rapeutique.<\/span><\/p><\/li><\/ol><p><strong>SOPK et grossesse<\/strong><span style=\"font-weight: 400;\"><br \/><\/span><\/p><p><span style=\"font-weight: 400;\">Pendant la grossesse, les patientes atteintes du SOPK courent un risque accru de d\u00e9velopper un diab\u00e8te gestationnel. Un d\u00e9pistage r\u00e9gulier est conseill\u00e9 pour v\u00e9rifier cela et proposer un traitement rapidement.<\/span><\/p><p><strong>Le SOPK est-il curable ?<\/strong><\/p><p><span style=\"font-weight: 400;\">Malheureusement non. Cependant, la plupart des patients b\u00e9n\u00e9ficient d\u2019un traitement m\u00e9dical et de changements de mode de vie. Parfois, on constate une am\u00e9lioration apr\u00e8s la grossesse et la m\u00e9nopause.<\/span><\/p>\t\t\t\t\t\t\t\t<\/div>\n\t\t\t\t<\/div>\n\t\t\t\t\t<\/div>\n\t\t<\/div>\n\t\t\t\t\t<\/div>\n\t\t<\/section>\n\t\t\t\t\t<\/div>\n\t\t<\/div>\n\t\t\t\t\t<\/div>\n\t\t<\/section>\n\t\t\t\t<\/div>","protected":false},"excerpt":{"rendered":"<p>PCOS and fertility Fertilovit\u00ae F PCOS Approximately 5 \u2013 10 % of women of reproductive age are affected by polycystic ovarian syndrome (PCOS). The syndrome is, in fact, a hormonal disorder with a variety of symptoms including excess facial hair, acne, irregular cycles, and ovarian cysts. How does PCOS interfere with fertility? PCOS is one [&hellip;]<\/p>\n","protected":false},"author":2,"featured_media":0,"parent":99,"menu_order":0,"comment_status":"closed","ping_status":"closed","template":"","meta":{"_acf_changed":false,"footnotes":""},"class_list":["post-105","page","type-page","status-publish","hentry"],"acf":[],"yoast_head":"<!-- This site is optimized with the Yoast SEO Premium plugin v27.0 (Yoast SEO v27.3) - https:\/\/yoast.com\/product\/yoast-seo-premium-wordpress\/ -->\n<title>PCOS - Fertilovit\u00ae<\/title>\n<meta name=\"description\" content=\"Find out more about Polycystic Ovary Syndrome (PCOS), how it interferes with fertility and different therapeutic options.\" \/>\n<meta name=\"robots\" content=\"index, follow, max-snippet:-1, max-image-preview:large, max-video-preview:-1\" \/>\n<link rel=\"canonical\" href=\"https:\/\/fertilovit.com\/fr\/linformation\/pcos\/\" \/>\n<meta property=\"og:locale\" content=\"fr_FR\" \/>\n<meta property=\"og:type\" content=\"article\" \/>\n<meta property=\"og:title\" content=\"Inositol\" \/>\n<meta property=\"og:description\" content=\"Find out more about Polycystic Ovary Syndrome (PCOS), how it interferes with fertility and different therapeutic options.\" \/>\n<meta property=\"og:url\" content=\"https:\/\/fertilovit.com\/fr\/linformation\/pcos\/\" \/>\n<meta property=\"og:site_name\" content=\"Fertilovit\u00ae\" \/>\n<meta property=\"article:publisher\" content=\"https:\/\/www.facebook.com\/fertilovit\" \/>\n<meta property=\"article:modified_time\" content=\"2024-05-09T10:39:55+00:00\" \/>\n<meta property=\"og:image\" content=\"https:\/\/fertilovit.com\/wp-content\/uploads\/2021\/12\/pcos-2-compressed.jpg\" \/>\n<meta name=\"twitter:card\" content=\"summary_large_image\" \/>\n<meta name=\"twitter:label1\" content=\"Dur\u00e9e de lecture estim\u00e9e\" \/>\n\t<meta name=\"twitter:data1\" content=\"3 minutes\" \/>\n<script type=\"application\/ld+json\" class=\"yoast-schema-graph\">{\"@context\":\"https:\\\/\\\/schema.org\",\"@graph\":[{\"@type\":\"WebPage\",\"@id\":\"https:\\\/\\\/fertilovit.com\\\/fr\\\/linformation\\\/pcos\\\/\",\"url\":\"https:\\\/\\\/fertilovit.com\\\/fr\\\/linformation\\\/pcos\\\/\",\"name\":\"PCOS - Fertilovit\u00ae\",\"isPartOf\":{\"@id\":\"https:\\\/\\\/fertilovit.com\\\/fr\\\/#website\"},\"primaryImageOfPage\":{\"@id\":\"https:\\\/\\\/fertilovit.com\\\/fr\\\/linformation\\\/pcos\\\/#primaryimage\"},\"image\":{\"@id\":\"https:\\\/\\\/fertilovit.com\\\/fr\\\/linformation\\\/pcos\\\/#primaryimage\"},\"thumbnailUrl\":\"https:\\\/\\\/fertilovit.com\\\/wp-content\\\/uploads\\\/2021\\\/12\\\/pcos-2-compressed.jpg\",\"datePublished\":\"2021-10-12T19:38:14+00:00\",\"dateModified\":\"2024-05-09T10:39:55+00:00\",\"description\":\"Find out more about Polycystic Ovary Syndrome (PCOS), how it interferes with fertility and different therapeutic options.\",\"breadcrumb\":{\"@id\":\"https:\\\/\\\/fertilovit.com\\\/fr\\\/linformation\\\/pcos\\\/#breadcrumb\"},\"inLanguage\":\"fr-FR\",\"potentialAction\":[{\"@type\":\"ReadAction\",\"target\":[\"https:\\\/\\\/fertilovit.com\\\/fr\\\/linformation\\\/pcos\\\/\"]}]},{\"@type\":\"ImageObject\",\"inLanguage\":\"fr-FR\",\"@id\":\"https:\\\/\\\/fertilovit.com\\\/fr\\\/linformation\\\/pcos\\\/#primaryimage\",\"url\":\"https:\\\/\\\/fertilovit.com\\\/wp-content\\\/uploads\\\/2021\\\/12\\\/pcos-2-compressed.jpg\",\"contentUrl\":\"https:\\\/\\\/fertilovit.com\\\/wp-content\\\/uploads\\\/2021\\\/12\\\/pcos-2-compressed.jpg\"},{\"@type\":\"BreadcrumbList\",\"@id\":\"https:\\\/\\\/fertilovit.com\\\/fr\\\/linformation\\\/pcos\\\/#breadcrumb\",\"itemListElement\":[{\"@type\":\"ListItem\",\"position\":1,\"name\":\"Home\",\"item\":\"https:\\\/\\\/fertilovit.com\\\/\"},{\"@type\":\"ListItem\",\"position\":2,\"name\":\"Information\",\"item\":\"https:\\\/\\\/fertilovit.com\\\/information\\\/\"},{\"@type\":\"ListItem\",\"position\":3,\"name\":\"Inositol\"}]},{\"@type\":\"WebSite\",\"@id\":\"https:\\\/\\\/fertilovit.com\\\/fr\\\/#website\",\"url\":\"https:\\\/\\\/fertilovit.com\\\/fr\\\/\",\"name\":\"Fertilovit\u00ae\",\"description\":\"For a new life\",\"publisher\":{\"@id\":\"https:\\\/\\\/fertilovit.com\\\/fr\\\/#organization\"},\"potentialAction\":[{\"@type\":\"SearchAction\",\"target\":{\"@type\":\"EntryPoint\",\"urlTemplate\":\"https:\\\/\\\/fertilovit.com\\\/fr\\\/?s={search_term_string}\"},\"query-input\":{\"@type\":\"PropertyValueSpecification\",\"valueRequired\":true,\"valueName\":\"search_term_string\"}}],\"inLanguage\":\"fr-FR\"},{\"@type\":\"Organization\",\"@id\":\"https:\\\/\\\/fertilovit.com\\\/fr\\\/#organization\",\"name\":\"Fertilovit\u00ae\",\"url\":\"https:\\\/\\\/fertilovit.com\\\/fr\\\/\",\"logo\":{\"@type\":\"ImageObject\",\"inLanguage\":\"fr-FR\",\"@id\":\"https:\\\/\\\/fertilovit.com\\\/fr\\\/#\\\/schema\\\/logo\\\/image\\\/\",\"url\":\"https:\\\/\\\/fertilovit.com\\\/wp-content\\\/uploads\\\/2021\\\/10\\\/fertilovit-logo.png\",\"contentUrl\":\"https:\\\/\\\/fertilovit.com\\\/wp-content\\\/uploads\\\/2021\\\/10\\\/fertilovit-logo.png\",\"width\":835,\"height\":188,\"caption\":\"Fertilovit\u00ae\"},\"image\":{\"@id\":\"https:\\\/\\\/fertilovit.com\\\/fr\\\/#\\\/schema\\\/logo\\\/image\\\/\"},\"sameAs\":[\"https:\\\/\\\/www.facebook.com\\\/fertilovit\",\"https:\\\/\\\/www.instagram.com\\\/fertilovit_international\\\/\",\"https:\\\/\\\/www.youtube.com\\\/@Fertilovit-com\",\"https:\\\/\\\/www.instagram.com\\\/fertilovitaustria\\\/\"],\"description\":\"Fertilovit is a scientifically-backed brand of advanced micronutrient supplements specifically formulated for preconception, pregnancy, and reproductive health. Developed by fertility experts, our patent-protected products provide targeted nutritional support for women and men, addressing specific needs such as PCOS, endometriosis, and optimized sperm quality.\",\"email\":\"office@fertilovit.com\",\"telephone\":\"+43 5574 54195\",\"legalName\":\"Gonadosan Distribution GmbH\",\"foundingDate\":\"2010-01-01\",\"vatID\":\"ATU35594004\",\"duns\":\"302468913\"}]}<\/script>\n<!-- \/ Yoast SEO Premium plugin. -->","yoast_head_json":{"title":"SOPK - Fertilovit\u00ae","description":"Apprenez-en davantage sur le syndrome des ovaires polykystiques (SOPK), comment il interf\u00e8re avec la fertilit\u00e9 et les diff\u00e9rentes options th\u00e9rapeutiques.","robots":{"index":"index","follow":"follow","max-snippet":"max-snippet:-1","max-image-preview":"max-image-preview:large","max-video-preview":"max-video-preview:-1"},"canonical":"https:\/\/fertilovit.com\/fr\/linformation\/pcos\/","og_locale":"fr_FR","og_type":"article","og_title":"Inositol","og_description":"Find out more about Polycystic Ovary Syndrome (PCOS), how it interferes with fertility and different therapeutic options.","og_url":"https:\/\/fertilovit.com\/fr\/linformation\/pcos\/","og_site_name":"Fertilovit\u00ae","article_publisher":"https:\/\/www.facebook.com\/fertilovit","article_modified_time":"2024-05-09T10:39:55+00:00","og_image":[{"url":"https:\/\/fertilovit.com\/wp-content\/uploads\/2021\/12\/pcos-2-compressed.jpg","type":"","width":"","height":""}],"twitter_card":"summary_large_image","twitter_misc":{"Dur\u00e9e de lecture estim\u00e9e":"3 minutes"},"schema":{"@context":"https:\/\/schema.org","@graph":[{"@type":"WebPage","@id":"https:\/\/fertilovit.com\/fr\/linformation\/pcos\/","url":"https:\/\/fertilovit.com\/fr\/linformation\/pcos\/","name":"SOPK - Fertilovit\u00ae","isPartOf":{"@id":"https:\/\/fertilovit.com\/fr\/#website"},"primaryImageOfPage":{"@id":"https:\/\/fertilovit.com\/fr\/linformation\/pcos\/#primaryimage"},"image":{"@id":"https:\/\/fertilovit.com\/fr\/linformation\/pcos\/#primaryimage"},"thumbnailUrl":"https:\/\/fertilovit.com\/wp-content\/uploads\/2021\/12\/pcos-2-compressed.jpg","datePublished":"2021-10-12T19:38:14+00:00","dateModified":"2024-05-09T10:39:55+00:00","description":"Apprenez-en davantage sur le syndrome des ovaires polykystiques (SOPK), comment il interf\u00e8re avec la fertilit\u00e9 et les diff\u00e9rentes options th\u00e9rapeutiques.","breadcrumb":{"@id":"https:\/\/fertilovit.com\/fr\/linformation\/pcos\/#breadcrumb"},"inLanguage":"fr-FR","potentialAction":[{"@type":"ReadAction","target":["https:\/\/fertilovit.com\/fr\/linformation\/pcos\/"]}]},{"@type":"ImageObject","inLanguage":"fr-FR","@id":"https:\/\/fertilovit.com\/fr\/linformation\/pcos\/#primaryimage","url":"https:\/\/fertilovit.com\/wp-content\/uploads\/2021\/12\/pcos-2-compressed.jpg","contentUrl":"https:\/\/fertilovit.com\/wp-content\/uploads\/2021\/12\/pcos-2-compressed.jpg"},{"@type":"BreadcrumbList","@id":"https:\/\/fertilovit.com\/fr\/linformation\/pcos\/#breadcrumb","itemListElement":[{"@type":"ListItem","position":1,"name":"Home","item":"https:\/\/fertilovit.com\/"},{"@type":"ListItem","position":2,"name":"Information","item":"https:\/\/fertilovit.com\/information\/"},{"@type":"ListItem","position":3,"name":"Inositol"}]},{"@type":"WebSite","@id":"https:\/\/fertilovit.com\/fr\/#website","url":"https:\/\/fertilovit.com\/fr\/","name":"Fertilovit\u00ae","description":"Pour une nouvelle vie","publisher":{"@id":"https:\/\/fertilovit.com\/fr\/#organization"},"potentialAction":[{"@type":"SearchAction","target":{"@type":"EntryPoint","urlTemplate":"https:\/\/fertilovit.com\/fr\/?s={search_term_string}"},"query-input":{"@type":"PropertyValueSpecification","valueRequired":true,"valueName":"search_term_string"}}],"inLanguage":"fr-FR"},{"@type":"Organization","@id":"https:\/\/fertilovit.com\/fr\/#organization","name":"Fertilovit\u00ae","url":"https:\/\/fertilovit.com\/fr\/","logo":{"@type":"ImageObject","inLanguage":"fr-FR","@id":"https:\/\/fertilovit.com\/fr\/#\/schema\/logo\/image\/","url":"https:\/\/fertilovit.com\/wp-content\/uploads\/2021\/10\/fertilovit-logo.png","contentUrl":"https:\/\/fertilovit.com\/wp-content\/uploads\/2021\/10\/fertilovit-logo.png","width":835,"height":188,"caption":"Fertilovit\u00ae"},"image":{"@id":"https:\/\/fertilovit.com\/fr\/#\/schema\/logo\/image\/"},"sameAs":["https:\/\/www.facebook.com\/fertilovit","https:\/\/www.instagram.com\/fertilovit_international\/","https:\/\/www.youtube.com\/@Fertilovit-com","https:\/\/www.instagram.com\/fertilovitaustria\/"],"description":"Fertilovit est une marque de suppl\u00e9ments de micronutriments avanc\u00e9s, soutenue par la science et sp\u00e9cifiquement formul\u00e9e pour la pr\u00e9conception, la grossesse et la sant\u00e9 reproductive. D\u00e9velopp\u00e9s par des experts en fertilit\u00e9, nos produits prot\u00e9g\u00e9s par des brevets apportent un soutien nutritionnel cibl\u00e9 aux femmes et aux hommes, r\u00e9pondant \u00e0 des besoins sp\u00e9cifiques tels que le SOPK, l'endom\u00e9triose et l'optimisation de la qualit\u00e9 du sperme.","email":"office@fertilovit.com","telephone":"+43 5574 54195","legalName":"Gonadosan Distribution GmbH","foundingDate":"2010-01-01","vatID":"ATU35594004","duns":"302468913"}]}},"_links":{"self":[{"href":"https:\/\/fertilovit.com\/fr\/wp-json\/wp\/v2\/pages\/105","targetHints":{"allow":["GET"]}}],"collection":[{"href":"https:\/\/fertilovit.com\/fr\/wp-json\/wp\/v2\/pages"}],"about":[{"href":"https:\/\/fertilovit.com\/fr\/wp-json\/wp\/v2\/types\/page"}],"author":[{"embeddable":true,"href":"https:\/\/fertilovit.com\/fr\/wp-json\/wp\/v2\/users\/2"}],"replies":[{"embeddable":true,"href":"https:\/\/fertilovit.com\/fr\/wp-json\/wp\/v2\/comments?post=105"}],"version-history":[{"count":0,"href":"https:\/\/fertilovit.com\/fr\/wp-json\/wp\/v2\/pages\/105\/revisions"}],"up":[{"embeddable":true,"href":"https:\/\/fertilovit.com\/fr\/wp-json\/wp\/v2\/pages\/99"}],"wp:attachment":[{"href":"https:\/\/fertilovit.com\/fr\/wp-json\/wp\/v2\/media?parent=105"}],"curies":[{"name":"wp","href":"https:\/\/api.w.org\/{rel}","templated":true}]}}