{"id":103,"date":"2021-10-12T19:37:56","date_gmt":"2021-10-12T19:37:56","guid":{"rendered":"https:\/\/temp.fertilovit.com\/?page_id=103"},"modified":"2024-05-09T11:39:58","modified_gmt":"2024-05-09T10:39:58","slug":"endometriose","status":"publish","type":"page","link":"https:\/\/fertilovit.com\/fr\/linformation\/endometriose\/","title":{"rendered":"Endom\u00e9triose"},"content":{"rendered":"<div data-elementor-type=\"wp-page\" data-elementor-id=\"103\" class=\"elementor elementor-103\" data-elementor-settings=\"{&quot;element_pack_global_tooltip_width&quot;:{&quot;unit&quot;:&quot;px&quot;,&quot;size&quot;:&quot;&quot;,&quot;sizes&quot;:[]},&quot;element_pack_global_tooltip_width_laptop&quot;:{&quot;unit&quot;:&quot;px&quot;,&quot;size&quot;:&quot;&quot;,&quot;sizes&quot;:[]},&quot;element_pack_global_tooltip_width_tablet&quot;:{&quot;unit&quot;:&quot;px&quot;,&quot;size&quot;:&quot;&quot;,&quot;sizes&quot;:[]},&quot;element_pack_global_tooltip_width_mobile&quot;:{&quot;unit&quot;:&quot;px&quot;,&quot;size&quot;:&quot;&quot;,&quot;sizes&quot;:[]},&quot;element_pack_global_tooltip_padding&quot;:{&quot;unit&quot;:&quot;px&quot;,&quot;top&quot;:&quot;&quot;,&quot;right&quot;:&quot;&quot;,&quot;bottom&quot;:&quot;&quot;,&quot;left&quot;:&quot;&quot;,&quot;isLinked&quot;:true},&quot;element_pack_global_tooltip_padding_laptop&quot;:{&quot;unit&quot;:&quot;px&quot;,&quot;top&quot;:&quot;&quot;,&quot;right&quot;:&quot;&quot;,&quot;bottom&quot;:&quot;&quot;,&quot;left&quot;:&quot;&quot;,&quot;isLinked&quot;:true},&quot;element_pack_global_tooltip_padding_tablet&quot;:{&quot;unit&quot;:&quot;px&quot;,&quot;top&quot;:&quot;&quot;,&quot;right&quot;:&quot;&quot;,&quot;bottom&quot;:&quot;&quot;,&quot;left&quot;:&quot;&quot;,&quot;isLinked&quot;:true},&quot;element_pack_global_tooltip_padding_mobile&quot;:{&quot;unit&quot;:&quot;px&quot;,&quot;top&quot;:&quot;&quot;,&quot;right&quot;:&quot;&quot;,&quot;bottom&quot;:&quot;&quot;,&quot;left&quot;:&quot;&quot;,&quot;isLinked&quot;:true},&quot;element_pack_global_tooltip_border_radius&quot;:{&quot;unit&quot;:&quot;px&quot;,&quot;top&quot;:&quot;&quot;,&quot;right&quot;:&quot;&quot;,&quot;bottom&quot;:&quot;&quot;,&quot;left&quot;:&quot;&quot;,&quot;isLinked&quot;:true},&quot;element_pack_global_tooltip_border_radius_laptop&quot;:{&quot;unit&quot;:&quot;px&quot;,&quot;top&quot;:&quot;&quot;,&quot;right&quot;:&quot;&quot;,&quot;bottom&quot;:&quot;&quot;,&quot;left&quot;:&quot;&quot;,&quot;isLinked&quot;:true},&quot;element_pack_global_tooltip_border_radius_tablet&quot;:{&quot;unit&quot;:&quot;px&quot;,&quot;top&quot;:&quot;&quot;,&quot;right&quot;:&quot;&quot;,&quot;bottom&quot;:&quot;&quot;,&quot;left&quot;:&quot;&quot;,&quot;isLinked&quot;:true},&quot;element_pack_global_tooltip_border_radius_mobile&quot;:{&quot;unit&quot;:&quot;px&quot;,&quot;top&quot;:&quot;&quot;,&quot;right&quot;:&quot;&quot;,&quot;bottom&quot;:&quot;&quot;,&quot;left&quot;:&quot;&quot;,&quot;isLinked&quot;:true}}\" data-elementor-post-type=\"page\">\n\t\t\t\t\t\t<section class=\"has_ae_slider elementor-section elementor-top-section elementor-element elementor-element-cbaca7e elementor-section-full_width elementor-section-height-default elementor-section-height-default ae-bg-gallery-type-default\" data-id=\"cbaca7e\" data-element_type=\"section\" data-e-type=\"section\" data-settings=\"{&quot;background_background&quot;:&quot;classic&quot;}\">\n\t\t\t\t\t\t<div class=\"elementor-container elementor-column-gap-no\">\n\t\t\t\t\t<div class=\"has_ae_slider elementor-column elementor-col-100 elementor-top-column elementor-element elementor-element-4b055ca ae-bg-gallery-type-default\" data-id=\"4b055ca\" data-element_type=\"column\" data-e-type=\"column\">\n\t\t\t<div class=\"elementor-widget-wrap elementor-element-populated\">\n\t\t\t\t\t\t<div class=\"elementor-element elementor-element-c806ce9 elementor-widget elementor-widget-bdt-featured-box\" data-id=\"c806ce9\" data-element_type=\"widget\" data-e-type=\"widget\" data-widget_type=\"bdt-featured-box.split\">\n\t\t\t\t<div class=\"elementor-widget-container\">\n\t\t\t\t\t\t\t<div class=\"bdt-ep-featured-box bdt-ep-featured-box-skin-split\">\r\n\r\n\t\t\t<div class=\"bdt-grid\">\r\n\t\t\t\t<div class=\"bdt-width-1-1 bdt-width-2-5@s\">\r\n\t\t\t\t\t<div class=\"bdt-ep-featured-box-content bdt-position-z-index bdt-position-center-left bdt-text-left\">\r\n\t\t\t\t\t\t\t\t\t\t\t<div class=\"bdt-ep-featured-box-sub-title\">\r\n\t\t\t\tEndom\u00e9triose\t\t\t<\/div>\r\n\t\t\r\n\t\t\t\t\t<h3\t\t\t\tclass=\"bdt-ep-featured-box-title\">\r\n\t\t\t\t<span >\r\n\t\t\t\t\tet la fertilit\u00e9\t\t\t\t<\/span>\r\n\t\t\t<\/h3>\r\n\t\t\r\n\t\t\r\n\t\t\t\t\t<div class=\"bdt-ep-featured-box-button\">\r\n\t\t\t\t<a class=\"bdt-ep-featured-box-readmore bdt-display-inline-block elementor-animation-wobble-horizontal\" href=\"https:\/\/fertilovit.com\/fr\/femme\/fertilovit-f-endo\/\" target=\"_blank\">\r\n\t\t\t\t\tFertilovit\u00ae F ENDO\t\t\t\t\t\t\t\t\t\t\t<span class=\"bdt-button-icon-align-right\">\r\n\t\t\t\t\t\t\t<i aria-hidden=\"true\" class=\"fa-fw fas fa-venus-mars\"><\/i>\t\t\t\t\t\t<\/span>\r\n\t\t\t\t\t\t\t\t\t<\/a>\r\n\t\t\t<\/div>\r\n\t\t\t\t\t\t\t\t<\/div>\r\n\t\t\t\t<\/div>\r\n\t\t\t\t<div class=\"bdt-width-1-1 bdt-width-3-5@s\">\r\n\t\t\t\t\t\t\t<div class=\"bdt-ep-featured-box-image\">\r\n\t\t\t<div class=\"bdt-position-relative\">\r\n\t\t\t\t<img fetchpriority=\"high\" decoding=\"async\" width=\"1920\" height=\"1280\" src=\"https:\/\/fertilovit.com\/wp-content\/uploads\/2021\/12\/endometriosis-compressed.jpg\" class=\"attachment-full size-full\" alt=\"et la fertilit\u00e9\" srcset=\"https:\/\/fertilovit.com\/wp-content\/uploads\/2021\/12\/endometriosis-compressed.jpg 1920w, https:\/\/fertilovit.com\/wp-content\/uploads\/2021\/12\/endometriosis-compressed-300x200.jpg 300w, https:\/\/fertilovit.com\/wp-content\/uploads\/2021\/12\/endometriosis-compressed-1024x683.jpg 1024w, https:\/\/fertilovit.com\/wp-content\/uploads\/2021\/12\/endometriosis-compressed-768x512.jpg 768w, https:\/\/fertilovit.com\/wp-content\/uploads\/2021\/12\/endometriosis-compressed-1536x1024.jpg 1536w, https:\/\/fertilovit.com\/wp-content\/uploads\/2021\/12\/endometriosis-compressed-18x12.jpg 18w\" sizes=\"(max-width: 1920px) 100vw, 1920px\" \/>\t\t\t\t\t\t<\/div>\r\n\t\t<\/div>\r\n\t\t\t\t\t\t<\/div>\r\n\t\t\t<\/div>\r\n\r\n\t\t<\/div>\r\n\r\n\t\t\t\t\t\t<\/div>\n\t\t\t\t<\/div>\n\t\t\t\t\t<\/div>\n\t\t<\/div>\n\t\t\t\t\t<\/div>\n\t\t<\/section>\n\t\t\t\t<section class=\"has_ae_slider elementor-section elementor-top-section elementor-element elementor-element-aa61fa7 elementor-section-boxed elementor-section-height-default elementor-section-height-default ae-bg-gallery-type-default\" data-id=\"aa61fa7\" data-element_type=\"section\" data-e-type=\"section\">\n\t\t\t\t\t\t<div class=\"elementor-container elementor-column-gap-default\">\n\t\t\t\t\t<div class=\"has_ae_slider elementor-column elementor-col-100 elementor-top-column elementor-element elementor-element-ad396b7 ae-bg-gallery-type-default\" data-id=\"ad396b7\" data-element_type=\"column\" data-e-type=\"column\">\n\t\t\t<div class=\"elementor-widget-wrap elementor-element-populated\">\n\t\t\t\t\t\t<section class=\"has_ae_slider elementor-section elementor-inner-section elementor-element elementor-element-753107b elementor-section-boxed elementor-section-height-default elementor-section-height-default ae-bg-gallery-type-default\" data-id=\"753107b\" data-element_type=\"section\" data-e-type=\"section\">\n\t\t\t\t\t\t<div class=\"elementor-container elementor-column-gap-extended\">\n\t\t\t\t\t<div class=\"has_ae_slider elementor-column elementor-col-100 elementor-inner-column elementor-element elementor-element-39e30e9 ae-bg-gallery-type-default\" data-id=\"39e30e9\" data-element_type=\"column\" data-e-type=\"column\">\n\t\t\t<div class=\"elementor-widget-wrap elementor-element-populated\">\n\t\t\t\t\t\t<div class=\"elementor-element elementor-element-2a19d6c elementor-widget elementor-widget-text-editor\" data-id=\"2a19d6c\" data-element_type=\"widget\" data-e-type=\"widget\" data-widget_type=\"text-editor.default\">\n\t\t\t\t<div class=\"elementor-widget-container\">\n\t\t\t\t\t\t\t\t\t<div class=\"page\" title=\"Page 1\"><div class=\"layoutArea\"><div class=\"column\"><div class=\"page\" title=\"Page 1\"><div class=\"layoutArea\"><div class=\"column\"><p><span style=\"font-weight: 400;\">L'endom\u00e9triose est une affection tr\u00e8s courante qui touche environ une femme sur dix pendant ses ann\u00e9es de procr\u00e9ation. Elle se caract\u00e9rise par la pr\u00e9sence de tissu endom\u00e9trial en dehors de l'ut\u00e9rus. Ce tissu mal plac\u00e9 se transforme en excroissances ou en l\u00e9sions qui r\u00e9agissent au cycle menstruel de la m\u00eame mani\u00e8re que le tissu de la muqueuse ut\u00e9rine : chaque mois, le tissu s'accumule, se d\u00e9compose et s'\u00e9limine. <br \/><\/span><\/p><p><span style=\"font-weight: 400;\">Le sang menstruel s'\u00e9coule de l'ut\u00e9rus et sort du corps par le vagin, mais le sang et les tissus rejet\u00e9s par les excroissances endom\u00e9triales ne peuvent pas quitter le corps. Il en r\u00e9sulte une h\u00e9morragie interne, une d\u00e9gradation du sang et des tissus des l\u00e9sions et, enfin, une inflammation : Les cons\u00e9quences sont des douleurs mod\u00e9r\u00e9es \u00e0 s\u00e9v\u00e8res, la formation de tissus cicatriciels, des adh\u00e9rences, des probl\u00e8mes intestinaux et l'infertilit\u00e9.<\/span><\/p><p><strong>Comment l'endom\u00e9triose nuit-elle \u00e0 la fertilit\u00e9 ?<\/strong><\/p><p><span style=\"font-weight: 400;\">L'endom\u00e9triose interf\u00e8re de diverses mani\u00e8res avec une fertilit\u00e9 saine. Environ 30 \u00e0 40% des femmes qui se pr\u00e9sentent dans les cliniques de fertilit\u00e9 souffrent d'endom\u00e9triose. Selon leur localisation, les endom\u00e9triomes ne constituent parfois qu'un simple obstacle m\u00e9canique. Cependant, les probl\u00e8mes sont \u00e9galement plus profonds : Les patientes atteintes d'endom\u00e9triose ovulent en moyenne moins d'ovocytes que les t\u00e9moins sains et les ovocytes ovul\u00e9s sont de moins bonne qualit\u00e9. La plupart des experts pensent aujourd'hui que cela pourrait \u00eatre attribuable \u00e0 des niveaux \u00e9lev\u00e9s d'inflammation et \u00e0 un stress oxydatif accru.<\/span><\/p><p><strong>Quelles sont les options de traitement ?<\/strong><\/p><p><span style=\"font-weight: 400;\">L'endom\u00e9triose est une maladie chronique et, malheureusement, il n'existe pas de rem\u00e8de \u00e0 proprement parler. Le traitement des sympt\u00f4mes va des analg\u00e9siques aux traitements hormonaux, en passant par la chirurgie. D'apr\u00e8s les enqu\u00eates, de nombreuses patientes ont \u00e9galement recours \u00e0 la m\u00e9decine compl\u00e9mentaire. Le traitement de la fertilit\u00e9 a connu des progr\u00e8s consid\u00e9rables ces derni\u00e8res ann\u00e9es et donne souvent d'excellents r\u00e9sultats.<\/span><\/p><p><span style=\"font-weight: 400;\">Lors de la pr\u00e9paration d'une grossesse, l'adaptation du r\u00e9gime alimentaire et l'ajout d'une suppl\u00e9mentation cibl\u00e9e en micronutriments peuvent contribuer \u00e0 r\u00e9duire en douceur les niveaux d'inflammation et de stress oxydatif \u00e0 l'int\u00e9rieur de l'organisme. <a href=\"https:\/\/endometriosis-info.net\/p.php?c=ernaehrung\"><strong>Apprendre encore plus\u2026<\/strong><\/a><\/span><\/p><p><strong>Comment Fertilovit\u00ae F Endo peut-il aider en p\u00e9riode de pr\u00e9conception ?<\/strong><\/p><p><span style=\"font-weight: 400;\">Fertilovit\u00ae F Endo est la premi\u00e8re formulation pr\u00e9conceptionnelle au monde con\u00e7ue pour r\u00e9pondre aux besoins des femmes atteintes d'endom\u00e9triose qui envisagent une grossesse. Elle contient de l'acide folique hautement dos\u00e9 (800 \u00b5g) associ\u00e9 \u00e0 un apport complet de vitamines, de min\u00e9raux et d'antioxydants.\u00a0<\/span><\/p><p><span style=\"font-weight: 400;\">Fertilovit\u00ae F Endo permet une prise en charge di\u00e9t\u00e9tique sp\u00e9cifique et compl\u00e8te de l'endom\u00e9triose.\u00a0<\/span><\/p><p><span style=\"font-weight: 400;\">Avec seulement deux g\u00e9lules par jour, la patiente atteint non seulement le niveau de folates conseill\u00e9 pour la protection contre les troubles du tube neural, mais se conforme \u00e9galement aux nouvelles recommandations de l'\u00e9tude am\u00e9ricaine sur la sant\u00e9 des infirmi\u00e8res (Nurses\u2019 Health Study). La coenzyme Q10 joue un r\u00f4le dans la fonction mitochondriale, ce qui est particuli\u00e8rement important chez les patients d'\u00e2ge m\u00fbr.<\/span><\/p><p><span style=\"font-weight: 400;\">En outre, cette option de traitement non invasif constitue un moyen naturel de r\u00e9duire les niveaux de stress oxydatif.\u00a0<\/span><\/p><p><span style=\"font-weight: 400;\">Un effet secondaire bienvenu est le fait que de nombreuses patientes ressentent \u00e9galement une am\u00e9lioration de leur bien-\u00eatre g\u00e9n\u00e9ral et une diminution de la douleur. Ce dernier point pourrait \u00eatre d\u00fb au fait que la nociception chez les patientes atteintes d'endom\u00e9triose a entre-temps \u00e9t\u00e9 directement li\u00e9e \u00e0 l'augmentation du stress oxydatif, et que la neutralisation de ce m\u00e9canisme a donn\u00e9 d'excellents r\u00e9sultats en mati\u00e8re de soulagement de la douleur sur une base naturelle. <\/span><\/p><\/div><\/div><\/div><\/div><\/div><\/div>\t\t\t\t\t\t\t\t<\/div>\n\t\t\t\t<\/div>\n\t\t\t\t\t<\/div>\n\t\t<\/div>\n\t\t\t\t\t<\/div>\n\t\t<\/section>\n\t\t\t\t\t<\/div>\n\t\t<\/div>\n\t\t\t\t\t<\/div>\n\t\t<\/section>\n\t\t\t\t<\/div>","protected":false},"excerpt":{"rendered":"<p>Endometriosis and fertility Fertilovit\u00ae F ENDO Endometriosis is a very common condition that affects approximately one in ten women during their reproductive years. It is characterized by the presence of endometrial tissue outside the uterus. The misplaced tissue develops into growths or lesions which respond to the menstrual cycle in the same way that the [&hellip;]<\/p>\n","protected":false},"author":2,"featured_media":0,"parent":99,"menu_order":0,"comment_status":"closed","ping_status":"closed","template":"","meta":{"_acf_changed":false,"footnotes":""},"class_list":["post-103","page","type-page","status-publish","hentry"],"acf":[],"yoast_head":"<!-- This site is optimized with the Yoast SEO Premium plugin v27.0 (Yoast SEO v27.3) - https:\/\/yoast.com\/product\/yoast-seo-premium-wordpress\/ -->\n<title>Endometriosis - Fertilovit\u00ae<\/title>\n<meta name=\"description\" content=\"Here you will learn everything you need to know about endometriosis, its possible effects on fertility and its dietary management.\" \/>\n<meta name=\"robots\" content=\"index, follow, max-snippet:-1, max-image-preview:large, max-video-preview:-1\" \/>\n<link rel=\"canonical\" href=\"https:\/\/fertilovit.com\/fr\/linformation\/endometriose\/\" \/>\n<meta property=\"og:locale\" content=\"fr_FR\" \/>\n<meta property=\"og:type\" content=\"article\" \/>\n<meta property=\"og:title\" content=\"Endometriosis\" \/>\n<meta property=\"og:description\" content=\"Here you will learn everything you need to know about endometriosis, its possible effects on fertility and its dietary management.\" \/>\n<meta property=\"og:url\" content=\"https:\/\/fertilovit.com\/fr\/linformation\/endometriose\/\" \/>\n<meta property=\"og:site_name\" content=\"Fertilovit\u00ae\" \/>\n<meta property=\"article:publisher\" content=\"https:\/\/www.facebook.com\/fertilovit\" \/>\n<meta property=\"article:modified_time\" content=\"2024-05-09T10:39:58+00:00\" \/>\n<meta property=\"og:image\" content=\"https:\/\/fertilovit.com\/wp-content\/uploads\/2021\/12\/endometriosis-compressed.jpg\" \/>\n<meta name=\"twitter:card\" content=\"summary_large_image\" \/>\n<meta name=\"twitter:label1\" content=\"Dur\u00e9e de lecture estim\u00e9e\" \/>\n\t<meta name=\"twitter:data1\" content=\"3 minutes\" \/>\n<script type=\"application\/ld+json\" class=\"yoast-schema-graph\">{\"@context\":\"https:\\\/\\\/schema.org\",\"@graph\":[{\"@type\":\"WebPage\",\"@id\":\"https:\\\/\\\/fertilovit.com\\\/fr\\\/linformation\\\/endometriose\\\/\",\"url\":\"https:\\\/\\\/fertilovit.com\\\/fr\\\/linformation\\\/endometriose\\\/\",\"name\":\"Endometriosis - Fertilovit\u00ae\",\"isPartOf\":{\"@id\":\"https:\\\/\\\/fertilovit.com\\\/fr\\\/#website\"},\"primaryImageOfPage\":{\"@id\":\"https:\\\/\\\/fertilovit.com\\\/fr\\\/linformation\\\/endometriose\\\/#primaryimage\"},\"image\":{\"@id\":\"https:\\\/\\\/fertilovit.com\\\/fr\\\/linformation\\\/endometriose\\\/#primaryimage\"},\"thumbnailUrl\":\"https:\\\/\\\/fertilovit.com\\\/wp-content\\\/uploads\\\/2021\\\/12\\\/endometriosis-compressed.jpg\",\"datePublished\":\"2021-10-12T19:37:56+00:00\",\"dateModified\":\"2024-05-09T10:39:58+00:00\",\"description\":\"Here you will learn everything you need to know about endometriosis, its possible effects on fertility and its dietary management.\",\"breadcrumb\":{\"@id\":\"https:\\\/\\\/fertilovit.com\\\/fr\\\/linformation\\\/endometriose\\\/#breadcrumb\"},\"inLanguage\":\"fr-FR\",\"potentialAction\":[{\"@type\":\"ReadAction\",\"target\":[\"https:\\\/\\\/fertilovit.com\\\/fr\\\/linformation\\\/endometriose\\\/\"]}]},{\"@type\":\"ImageObject\",\"inLanguage\":\"fr-FR\",\"@id\":\"https:\\\/\\\/fertilovit.com\\\/fr\\\/linformation\\\/endometriose\\\/#primaryimage\",\"url\":\"https:\\\/\\\/fertilovit.com\\\/wp-content\\\/uploads\\\/2021\\\/12\\\/endometriosis-compressed.jpg\",\"contentUrl\":\"https:\\\/\\\/fertilovit.com\\\/wp-content\\\/uploads\\\/2021\\\/12\\\/endometriosis-compressed.jpg\"},{\"@type\":\"BreadcrumbList\",\"@id\":\"https:\\\/\\\/fertilovit.com\\\/fr\\\/linformation\\\/endometriose\\\/#breadcrumb\",\"itemListElement\":[{\"@type\":\"ListItem\",\"position\":1,\"name\":\"Home\",\"item\":\"https:\\\/\\\/fertilovit.com\\\/\"},{\"@type\":\"ListItem\",\"position\":2,\"name\":\"Information\",\"item\":\"https:\\\/\\\/fertilovit.com\\\/information\\\/\"},{\"@type\":\"ListItem\",\"position\":3,\"name\":\"Endometriosis\"}]},{\"@type\":\"WebSite\",\"@id\":\"https:\\\/\\\/fertilovit.com\\\/fr\\\/#website\",\"url\":\"https:\\\/\\\/fertilovit.com\\\/fr\\\/\",\"name\":\"Fertilovit\u00ae\",\"description\":\"For a new life\",\"publisher\":{\"@id\":\"https:\\\/\\\/fertilovit.com\\\/fr\\\/#organization\"},\"potentialAction\":[{\"@type\":\"SearchAction\",\"target\":{\"@type\":\"EntryPoint\",\"urlTemplate\":\"https:\\\/\\\/fertilovit.com\\\/fr\\\/?s={search_term_string}\"},\"query-input\":{\"@type\":\"PropertyValueSpecification\",\"valueRequired\":true,\"valueName\":\"search_term_string\"}}],\"inLanguage\":\"fr-FR\"},{\"@type\":\"Organization\",\"@id\":\"https:\\\/\\\/fertilovit.com\\\/fr\\\/#organization\",\"name\":\"Fertilovit\u00ae\",\"url\":\"https:\\\/\\\/fertilovit.com\\\/fr\\\/\",\"logo\":{\"@type\":\"ImageObject\",\"inLanguage\":\"fr-FR\",\"@id\":\"https:\\\/\\\/fertilovit.com\\\/fr\\\/#\\\/schema\\\/logo\\\/image\\\/\",\"url\":\"https:\\\/\\\/fertilovit.com\\\/wp-content\\\/uploads\\\/2021\\\/10\\\/fertilovit-logo.png\",\"contentUrl\":\"https:\\\/\\\/fertilovit.com\\\/wp-content\\\/uploads\\\/2021\\\/10\\\/fertilovit-logo.png\",\"width\":835,\"height\":188,\"caption\":\"Fertilovit\u00ae\"},\"image\":{\"@id\":\"https:\\\/\\\/fertilovit.com\\\/fr\\\/#\\\/schema\\\/logo\\\/image\\\/\"},\"sameAs\":[\"https:\\\/\\\/www.facebook.com\\\/fertilovit\",\"https:\\\/\\\/www.instagram.com\\\/fertilovit_international\\\/\",\"https:\\\/\\\/www.youtube.com\\\/@Fertilovit-com\",\"https:\\\/\\\/www.instagram.com\\\/fertilovitaustria\\\/\"],\"description\":\"Fertilovit is a scientifically-backed brand of advanced micronutrient supplements specifically formulated for preconception, pregnancy, and reproductive health. Developed by fertility experts, our patent-protected products provide targeted nutritional support for women and men, addressing specific needs such as PCOS, endometriosis, and optimized sperm quality.\",\"email\":\"office@fertilovit.com\",\"telephone\":\"+43 5574 54195\",\"legalName\":\"Gonadosan Distribution GmbH\",\"foundingDate\":\"2010-01-01\",\"vatID\":\"ATU35594004\",\"duns\":\"302468913\"}]}<\/script>\n<!-- \/ Yoast SEO Premium plugin. -->","yoast_head_json":{"title":"Endom\u00e9triose - Fertilovit","description":"Vous apprendrez ici tout ce qu'il faut savoir sur l'endom\u00e9triose, ses effets possibles sur la fertilit\u00e9 et sa prise en charge di\u00e9t\u00e9tique.","robots":{"index":"index","follow":"follow","max-snippet":"max-snippet:-1","max-image-preview":"max-image-preview:large","max-video-preview":"max-video-preview:-1"},"canonical":"https:\/\/fertilovit.com\/fr\/linformation\/endometriose\/","og_locale":"fr_FR","og_type":"article","og_title":"Endometriosis","og_description":"Here you will learn everything you need to know about endometriosis, its possible effects on fertility and its dietary management.","og_url":"https:\/\/fertilovit.com\/fr\/linformation\/endometriose\/","og_site_name":"Fertilovit\u00ae","article_publisher":"https:\/\/www.facebook.com\/fertilovit","article_modified_time":"2024-05-09T10:39:58+00:00","og_image":[{"url":"https:\/\/fertilovit.com\/wp-content\/uploads\/2021\/12\/endometriosis-compressed.jpg","type":"","width":"","height":""}],"twitter_card":"summary_large_image","twitter_misc":{"Dur\u00e9e de lecture estim\u00e9e":"3 minutes"},"schema":{"@context":"https:\/\/schema.org","@graph":[{"@type":"WebPage","@id":"https:\/\/fertilovit.com\/fr\/linformation\/endometriose\/","url":"https:\/\/fertilovit.com\/fr\/linformation\/endometriose\/","name":"Endom\u00e9triose - Fertilovit","isPartOf":{"@id":"https:\/\/fertilovit.com\/fr\/#website"},"primaryImageOfPage":{"@id":"https:\/\/fertilovit.com\/fr\/linformation\/endometriose\/#primaryimage"},"image":{"@id":"https:\/\/fertilovit.com\/fr\/linformation\/endometriose\/#primaryimage"},"thumbnailUrl":"https:\/\/fertilovit.com\/wp-content\/uploads\/2021\/12\/endometriosis-compressed.jpg","datePublished":"2021-10-12T19:37:56+00:00","dateModified":"2024-05-09T10:39:58+00:00","description":"Vous apprendrez ici tout ce qu'il faut savoir sur l'endom\u00e9triose, ses effets possibles sur la fertilit\u00e9 et sa prise en charge di\u00e9t\u00e9tique.","breadcrumb":{"@id":"https:\/\/fertilovit.com\/fr\/linformation\/endometriose\/#breadcrumb"},"inLanguage":"fr-FR","potentialAction":[{"@type":"ReadAction","target":["https:\/\/fertilovit.com\/fr\/linformation\/endometriose\/"]}]},{"@type":"ImageObject","inLanguage":"fr-FR","@id":"https:\/\/fertilovit.com\/fr\/linformation\/endometriose\/#primaryimage","url":"https:\/\/fertilovit.com\/wp-content\/uploads\/2021\/12\/endometriosis-compressed.jpg","contentUrl":"https:\/\/fertilovit.com\/wp-content\/uploads\/2021\/12\/endometriosis-compressed.jpg"},{"@type":"BreadcrumbList","@id":"https:\/\/fertilovit.com\/fr\/linformation\/endometriose\/#breadcrumb","itemListElement":[{"@type":"ListItem","position":1,"name":"Home","item":"https:\/\/fertilovit.com\/"},{"@type":"ListItem","position":2,"name":"Information","item":"https:\/\/fertilovit.com\/information\/"},{"@type":"ListItem","position":3,"name":"Endometriosis"}]},{"@type":"WebSite","@id":"https:\/\/fertilovit.com\/fr\/#website","url":"https:\/\/fertilovit.com\/fr\/","name":"Fertilovit\u00ae","description":"Pour une nouvelle vie","publisher":{"@id":"https:\/\/fertilovit.com\/fr\/#organization"},"potentialAction":[{"@type":"SearchAction","target":{"@type":"EntryPoint","urlTemplate":"https:\/\/fertilovit.com\/fr\/?s={search_term_string}"},"query-input":{"@type":"PropertyValueSpecification","valueRequired":true,"valueName":"search_term_string"}}],"inLanguage":"fr-FR"},{"@type":"Organization","@id":"https:\/\/fertilovit.com\/fr\/#organization","name":"Fertilovit\u00ae","url":"https:\/\/fertilovit.com\/fr\/","logo":{"@type":"ImageObject","inLanguage":"fr-FR","@id":"https:\/\/fertilovit.com\/fr\/#\/schema\/logo\/image\/","url":"https:\/\/fertilovit.com\/wp-content\/uploads\/2021\/10\/fertilovit-logo.png","contentUrl":"https:\/\/fertilovit.com\/wp-content\/uploads\/2021\/10\/fertilovit-logo.png","width":835,"height":188,"caption":"Fertilovit\u00ae"},"image":{"@id":"https:\/\/fertilovit.com\/fr\/#\/schema\/logo\/image\/"},"sameAs":["https:\/\/www.facebook.com\/fertilovit","https:\/\/www.instagram.com\/fertilovit_international\/","https:\/\/www.youtube.com\/@Fertilovit-com","https:\/\/www.instagram.com\/fertilovitaustria\/"],"description":"Fertilovit est une marque de suppl\u00e9ments de micronutriments avanc\u00e9s, soutenue par la science et sp\u00e9cifiquement formul\u00e9e pour la pr\u00e9conception, la grossesse et la sant\u00e9 reproductive. D\u00e9velopp\u00e9s par des experts en fertilit\u00e9, nos produits prot\u00e9g\u00e9s par des brevets apportent un soutien nutritionnel cibl\u00e9 aux femmes et aux hommes, r\u00e9pondant \u00e0 des besoins sp\u00e9cifiques tels que le SOPK, l'endom\u00e9triose et l'optimisation de la qualit\u00e9 du sperme.","email":"office@fertilovit.com","telephone":"+43 5574 54195","legalName":"Gonadosan Distribution GmbH","foundingDate":"2010-01-01","vatID":"ATU35594004","duns":"302468913"}]}},"_links":{"self":[{"href":"https:\/\/fertilovit.com\/fr\/wp-json\/wp\/v2\/pages\/103","targetHints":{"allow":["GET"]}}],"collection":[{"href":"https:\/\/fertilovit.com\/fr\/wp-json\/wp\/v2\/pages"}],"about":[{"href":"https:\/\/fertilovit.com\/fr\/wp-json\/wp\/v2\/types\/page"}],"author":[{"embeddable":true,"href":"https:\/\/fertilovit.com\/fr\/wp-json\/wp\/v2\/users\/2"}],"replies":[{"embeddable":true,"href":"https:\/\/fertilovit.com\/fr\/wp-json\/wp\/v2\/comments?post=103"}],"version-history":[{"count":0,"href":"https:\/\/fertilovit.com\/fr\/wp-json\/wp\/v2\/pages\/103\/revisions"}],"up":[{"embeddable":true,"href":"https:\/\/fertilovit.com\/fr\/wp-json\/wp\/v2\/pages\/99"}],"wp:attachment":[{"href":"https:\/\/fertilovit.com\/fr\/wp-json\/wp\/v2\/media?parent=103"}],"curies":[{"name":"wp","href":"https:\/\/api.w.org\/{rel}","templated":true}]}}