{"id":107,"date":"2021-10-12T19:38:31","date_gmt":"2021-10-12T19:38:31","guid":{"rendered":"https:\/\/temp.fertilovit.com\/?page_id=107"},"modified":"2024-05-09T11:39:52","modified_gmt":"2024-05-09T10:39:52","slug":"tiroiditis-de-hashimoto","status":"publish","type":"page","link":"https:\/\/fertilovit.com\/es\/informacion\/tiroiditis-de-hashimoto\/","title":{"rendered":"Hashimoto"},"content":{"rendered":"<div data-elementor-type=\"wp-page\" data-elementor-id=\"107\" class=\"elementor elementor-107\" data-elementor-settings=\"{&quot;element_pack_global_tooltip_width&quot;:{&quot;unit&quot;:&quot;px&quot;,&quot;size&quot;:&quot;&quot;,&quot;sizes&quot;:[]},&quot;element_pack_global_tooltip_width_laptop&quot;:{&quot;unit&quot;:&quot;px&quot;,&quot;size&quot;:&quot;&quot;,&quot;sizes&quot;:[]},&quot;element_pack_global_tooltip_width_tablet&quot;:{&quot;unit&quot;:&quot;px&quot;,&quot;size&quot;:&quot;&quot;,&quot;sizes&quot;:[]},&quot;element_pack_global_tooltip_width_mobile&quot;:{&quot;unit&quot;:&quot;px&quot;,&quot;size&quot;:&quot;&quot;,&quot;sizes&quot;:[]},&quot;element_pack_global_tooltip_padding&quot;:{&quot;unit&quot;:&quot;px&quot;,&quot;top&quot;:&quot;&quot;,&quot;right&quot;:&quot;&quot;,&quot;bottom&quot;:&quot;&quot;,&quot;left&quot;:&quot;&quot;,&quot;isLinked&quot;:true},&quot;element_pack_global_tooltip_padding_laptop&quot;:{&quot;unit&quot;:&quot;px&quot;,&quot;top&quot;:&quot;&quot;,&quot;right&quot;:&quot;&quot;,&quot;bottom&quot;:&quot;&quot;,&quot;left&quot;:&quot;&quot;,&quot;isLinked&quot;:true},&quot;element_pack_global_tooltip_padding_tablet&quot;:{&quot;unit&quot;:&quot;px&quot;,&quot;top&quot;:&quot;&quot;,&quot;right&quot;:&quot;&quot;,&quot;bottom&quot;:&quot;&quot;,&quot;left&quot;:&quot;&quot;,&quot;isLinked&quot;:true},&quot;element_pack_global_tooltip_padding_mobile&quot;:{&quot;unit&quot;:&quot;px&quot;,&quot;top&quot;:&quot;&quot;,&quot;right&quot;:&quot;&quot;,&quot;bottom&quot;:&quot;&quot;,&quot;left&quot;:&quot;&quot;,&quot;isLinked&quot;:true},&quot;element_pack_global_tooltip_border_radius&quot;:{&quot;unit&quot;:&quot;px&quot;,&quot;top&quot;:&quot;&quot;,&quot;right&quot;:&quot;&quot;,&quot;bottom&quot;:&quot;&quot;,&quot;left&quot;:&quot;&quot;,&quot;isLinked&quot;:true},&quot;element_pack_global_tooltip_border_radius_laptop&quot;:{&quot;unit&quot;:&quot;px&quot;,&quot;top&quot;:&quot;&quot;,&quot;right&quot;:&quot;&quot;,&quot;bottom&quot;:&quot;&quot;,&quot;left&quot;:&quot;&quot;,&quot;isLinked&quot;:true},&quot;element_pack_global_tooltip_border_radius_tablet&quot;:{&quot;unit&quot;:&quot;px&quot;,&quot;top&quot;:&quot;&quot;,&quot;right&quot;:&quot;&quot;,&quot;bottom&quot;:&quot;&quot;,&quot;left&quot;:&quot;&quot;,&quot;isLinked&quot;:true},&quot;element_pack_global_tooltip_border_radius_mobile&quot;:{&quot;unit&quot;:&quot;px&quot;,&quot;top&quot;:&quot;&quot;,&quot;right&quot;:&quot;&quot;,&quot;bottom&quot;:&quot;&quot;,&quot;left&quot;:&quot;&quot;,&quot;isLinked&quot;:true}}\" data-elementor-post-type=\"page\">\n\t\t\t\t\t\t<section class=\"has_ae_slider elementor-section elementor-top-section elementor-element elementor-element-0419567 elementor-section-full_width elementor-section-height-default elementor-section-height-default ae-bg-gallery-type-default\" data-id=\"0419567\" data-element_type=\"section\" data-e-type=\"section\" data-settings=\"{&quot;background_background&quot;:&quot;classic&quot;}\">\n\t\t\t\t\t\t<div class=\"elementor-container elementor-column-gap-no\">\n\t\t\t\t\t<div class=\"has_ae_slider elementor-column elementor-col-100 elementor-top-column elementor-element elementor-element-5650d1c ae-bg-gallery-type-default\" data-id=\"5650d1c\" data-element_type=\"column\" data-e-type=\"column\">\n\t\t\t<div class=\"elementor-widget-wrap elementor-element-populated\">\n\t\t\t\t\t\t<div class=\"elementor-element elementor-element-5ced9e1 elementor-widget elementor-widget-bdt-featured-box\" data-id=\"5ced9e1\" data-element_type=\"widget\" data-e-type=\"widget\" data-widget_type=\"bdt-featured-box.split\">\n\t\t\t\t<div class=\"elementor-widget-container\">\n\t\t\t\t\t\t\t<div class=\"bdt-ep-featured-box bdt-ep-featured-box-skin-split\">\r\n\r\n\t\t\t<div class=\"bdt-grid\">\r\n\t\t\t\t<div class=\"bdt-width-1-1 bdt-width-2-5@s\">\r\n\t\t\t\t\t<div class=\"bdt-ep-featured-box-content bdt-position-z-index bdt-position-center-left bdt-text-left\">\r\n\t\t\t\t\t\t\t\t\t\t\t<div class=\"bdt-ep-featured-box-sub-title\">\r\n\t\t\t\ttiroiditis de Hashimoto\t\t\t<\/div>\r\n\t\t\r\n\t\t\t\t\t<h3\t\t\t\tclass=\"bdt-ep-featured-box-title\">\r\n\t\t\t\t<span >\r\n\t\t\t\t\ty fertilidad\t\t\t\t<\/span>\r\n\t\t\t<\/h3>\r\n\t\t\r\n\t\t\r\n\t\t\t\t\t<div class=\"bdt-ep-featured-box-button\">\r\n\t\t\t\t<a class=\"bdt-ep-featured-box-readmore bdt-display-inline-block elementor-animation-wobble-horizontal\" href=\"https:\/\/fertilovit.com\/es\/mujer\/fertilovit-f-tu\/\" target=\"_blank\">\r\n\t\t\t\t\tFertilovit\u00ae F THY\t\t\t\t\t\t\t\t\t\t\t<span class=\"bdt-button-icon-align-right\">\r\n\t\t\t\t\t\t\t<i aria-hidden=\"true\" class=\"fa-fw fas fa-venus-mars\"><\/i>\t\t\t\t\t\t<\/span>\r\n\t\t\t\t\t\t\t\t\t<\/a>\r\n\t\t\t<\/div>\r\n\t\t\t\t\t\t\t\t<\/div>\r\n\t\t\t\t<\/div>\r\n\t\t\t\t<div class=\"bdt-width-1-1 bdt-width-3-5@s\">\r\n\t\t\t\t\t\t\t<div class=\"bdt-ep-featured-box-image\">\r\n\t\t\t<div class=\"bdt-position-relative\">\r\n\t\t\t\t<img fetchpriority=\"high\" decoding=\"async\" width=\"1920\" height=\"1280\" src=\"https:\/\/fertilovit.com\/wp-content\/uploads\/2021\/12\/hashimoto-compressed.jpg\" class=\"attachment-full size-full\" alt=\"y fertilidad\" srcset=\"https:\/\/fertilovit.com\/wp-content\/uploads\/2021\/12\/hashimoto-compressed.jpg 1920w, https:\/\/fertilovit.com\/wp-content\/uploads\/2021\/12\/hashimoto-compressed-300x200.jpg 300w, https:\/\/fertilovit.com\/wp-content\/uploads\/2021\/12\/hashimoto-compressed-1024x683.jpg 1024w, https:\/\/fertilovit.com\/wp-content\/uploads\/2021\/12\/hashimoto-compressed-768x512.jpg 768w, https:\/\/fertilovit.com\/wp-content\/uploads\/2021\/12\/hashimoto-compressed-1536x1024.jpg 1536w, https:\/\/fertilovit.com\/wp-content\/uploads\/2021\/12\/hashimoto-compressed-18x12.jpg 18w\" sizes=\"(max-width: 1920px) 100vw, 1920px\" \/>\t\t\t\t\t\t<\/div>\r\n\t\t<\/div>\r\n\t\t\t\t\t\t<\/div>\r\n\t\t\t<\/div>\r\n\r\n\t\t<\/div>\r\n\r\n\t\t\t\t\t\t<\/div>\n\t\t\t\t<\/div>\n\t\t\t\t\t<\/div>\n\t\t<\/div>\n\t\t\t\t\t<\/div>\n\t\t<\/section>\n\t\t\t\t<section class=\"has_ae_slider elementor-section elementor-top-section elementor-element elementor-element-ff51dab elementor-section-boxed elementor-section-height-default elementor-section-height-default ae-bg-gallery-type-default\" data-id=\"ff51dab\" data-element_type=\"section\" data-e-type=\"section\">\n\t\t\t\t\t\t<div class=\"elementor-container elementor-column-gap-default\">\n\t\t\t\t\t<div class=\"has_ae_slider elementor-column elementor-col-100 elementor-top-column elementor-element elementor-element-1454345 ae-bg-gallery-type-default\" data-id=\"1454345\" data-element_type=\"column\" data-e-type=\"column\">\n\t\t\t<div class=\"elementor-widget-wrap elementor-element-populated\">\n\t\t\t\t\t\t<section class=\"has_ae_slider elementor-section elementor-inner-section elementor-element elementor-element-83ee502 elementor-section-boxed elementor-section-height-default elementor-section-height-default ae-bg-gallery-type-default\" data-id=\"83ee502\" data-element_type=\"section\" data-e-type=\"section\">\n\t\t\t\t\t\t<div class=\"elementor-container elementor-column-gap-extended\">\n\t\t\t\t\t<div class=\"has_ae_slider elementor-column elementor-col-100 elementor-inner-column elementor-element elementor-element-4037edf ae-bg-gallery-type-default\" data-id=\"4037edf\" data-element_type=\"column\" data-e-type=\"column\">\n\t\t\t<div class=\"elementor-widget-wrap elementor-element-populated\">\n\t\t\t\t\t\t<div class=\"elementor-element elementor-element-de0e223 elementor-widget elementor-widget-text-editor\" data-id=\"de0e223\" data-element_type=\"widget\" data-e-type=\"widget\" data-widget_type=\"text-editor.default\">\n\t\t\t\t<div class=\"elementor-widget-container\">\n\t\t\t\t\t\t\t\t\t<div class=\"page\" title=\"P\u00e1gina 1\"><div class=\"layoutArea\"><div class=\"column\"><div class=\"page\" title=\"P\u00e1gina 1\"><div class=\"layoutArea\"><div class=\"column\"><p id=\"c3\" class=\"intro\">La tiroiditis de Hashimoto es una variedad com\u00fan de tiroiditis autoinmune cr\u00f3nica. Esta es una enfermedad autoinmune de la tiroides en la que el cuerpo produce autoanticuerpos dirigidos contra las c\u00e9lulas tiroideas sanas, destruy\u00e9ndolas. Como consecuencia de esto, se produce la producci\u00f3n de hormona tiroidea. disminuye sustancialmente (hipofunci\u00f3n tiroidea o hipotiroidismo).<\/p><p id=\"c4\" class=\"intro\">El trastorno lleva el nombre del m\u00e9dico japon\u00e9s Hakaru Hashimoto (1881-1934), quien fue el primero en describirlo en 1912. No s\u00f3lo es el trastorno autoinmune m\u00e1s prevalente en humanos sino tambi\u00e9n la causa m\u00e1s frecuente de hipotiroidismo primario.<\/p><p id=\"c5\">La enfermedad de Graves, m\u00e1s rara, se asocia con la producci\u00f3n de anticuerpos dirigidos contra una mol\u00e9cula de se\u00f1alizaci\u00f3n en la superficie de las c\u00e9lulas tiroideas. Esto hace que las c\u00e9lulas tiroideas produzcan una cantidad excesiva de hormonas tiroideas (hiperfunci\u00f3n tiroidea o hipertiroidismo). Sin embargo, a largo plazo, muchos pacientes tambi\u00e9n experimentan hipofunci\u00f3n tiroidea.<\/p><p id=\"c6\" class=\"intro feature-color short\"><strong>Deterioro de la fertilidad<\/strong><\/p><p id=\"c7\" class=\"intro\">Este mal funcionamiento de la producci\u00f3n hormonal puede perjudicar sustancialmente la fertilidad: las pacientes experimentan problemas para concebir y tambi\u00e9n aumenta el riesgo de aborto espont\u00e1neo. Mientras que en la poblaci\u00f3n general el trastorno tiene una incidencia de aproximadamente 5-10 %, hasta 25 % de pacientes femeninas que buscan tratamiento en cl\u00ednicas de fertilidad son diagnosticadas con la enfermedad de Hashimoto. Afortunadamente, el tratamiento de fertilidad puede ayudar a conseguir un embarazo saludable.<\/p><p id=\"c8\" class=\"intro feature-color short\"><strong>El paciente puede apoyar el tratamiento<\/strong><\/p><p id=\"c9\" class=\"intro\">El propio paciente puede mejorar las tasas de \u00e9xito del tratamiento de fertilidad si elige un estilo de vida saludable y mantiene una dieta saludable que tenga en cuenta algunas caracter\u00edsticas espec\u00edficas de la enfermedad.<\/p><p id=\"c10\" class=\"intro feature-color short\"><strong>Una dieta baja en yodo<\/strong><\/p><p id=\"c11\" class=\"intro\">Seg\u00fan estudios cient\u00edficos, la exposici\u00f3n excesiva al yodo empeora el avance de la enfermedad. Por otro lado, se ha informado que una dieta baja en yodo produce una mejora. Por lo tanto, se recomienda a los pacientes con tiroiditis autoinmune que abandonen la sal de mesa yodada. Cualquier suplemento diet\u00e9tico tampoco debe contener yodo.<\/p><p id=\"c12\" class=\"intro feature-color short\"><strong>Selenio<\/strong><\/p><p id=\"c13\" class=\"intro\">Los suelos de Europa son pobres en selenio. En consecuencia, las plantas que crecen en este suelo y, por tanto, los alimentos que all\u00ed se producen, tienen un bajo contenido de selenio. Los estudios han demostrado que complementar el selenio en pacientes con tiroiditis autoinmune puede mejorar los s\u00edntomas.<\/p><p id=\"c14\" class=\"intro feature-color short\"><strong>Estr\u00e9s oxidativo y antioxidantes<\/strong><\/p><p id=\"c15\" class=\"intro\">Aunque no se comprenden del todo las razones de la aparici\u00f3n de la enfermedad, investigaciones recientes han revelado que el estr\u00e9s oxidativo es un factor contribuyente importante. Tambi\u00e9n puede comprometer la calidad de los ovocitos y es perjudicial para el desarrollo embrionario. De ah\u00ed que los expertos recomienden asegurarse de que exista un aporte adecuado de antioxidantes.<\/p><p id=\"c16\" class=\"intro\">El estr\u00e9s, el tabaquismo y los malos h\u00e1bitos alimentarios presentan situaciones en las que es aconsejable complementar con antioxidantes y pueden tener un impacto positivo en los s\u00edntomas de la tiroiditis autoinmune.<\/p><p id=\"c17\" class=\"intro feature-color short\"><strong>Vitaminas B<\/strong><\/p><p id=\"c18\" class=\"intro\">Los pacientes con tiroiditis autoinmune tambi\u00e9n tienen un mayor riesgo de tener una deficiencia de vitamina B12. Esto puede ser un problema especialmente a la hora de planificar la concepci\u00f3n, porque la vitamina B12 no s\u00f3lo es importante para la divisi\u00f3n celular sino que, junto con otras vitaminas B, tambi\u00e9n es de vital importancia para el metabolismo de la homociste\u00edna. Por lo tanto, los expertos recomiendan que los pacientes con tiroiditis complementen con vitamina B.<\/p><\/div><\/div><\/div><\/div><\/div><\/div>\t\t\t\t\t\t\t\t<\/div>\n\t\t\t\t<\/div>\n\t\t\t\t\t<\/div>\n\t\t<\/div>\n\t\t\t\t\t<\/div>\n\t\t<\/section>\n\t\t\t\t\t<\/div>\n\t\t<\/div>\n\t\t\t\t\t<\/div>\n\t\t<\/section>\n\t\t\t\t<\/div>","protected":false},"excerpt":{"rendered":"<p>Hashimoto&#8217;s thyroiditis and Fertility Fertilovit\u00ae F THY Hashimoto\u2019s thyroiditis is a common variety of chronic autoimmune thyroiditis. This is an auto-immune disease of the thyroid in which the body produces auto-antibodies directed against healthy thyroid cells, destroying them. As a consequence of this, thyroid hormone production. decreases substantially (thyroid hypofunction or hypothyroidism). The disorder was [&hellip;]<\/p>\n","protected":false},"author":2,"featured_media":0,"parent":99,"menu_order":0,"comment_status":"closed","ping_status":"closed","template":"","meta":{"_acf_changed":false,"footnotes":""},"class_list":["post-107","page","type-page","status-publish","hentry"],"acf":[],"yoast_head":"<!-- This site is optimized with the Yoast SEO Premium plugin v27.0 (Yoast SEO v27.3) - https:\/\/yoast.com\/product\/yoast-seo-premium-wordpress\/ -->\n<title>Hashimoto&#039;s thyroiditis - Fertilovit\u00ae<\/title>\n<meta name=\"description\" content=\"Here you can learn more about Hashimoto&#039;s thyroiditis, its impairment of fertility and the importance of an iodine-free diet.\" \/>\n<meta name=\"robots\" content=\"index, follow, max-snippet:-1, max-image-preview:large, max-video-preview:-1\" \/>\n<link rel=\"canonical\" href=\"https:\/\/fertilovit.com\/es\/informacion\/tiroiditis-de-hashimoto\/\" \/>\n<meta property=\"og:locale\" content=\"es_ES\" \/>\n<meta property=\"og:type\" content=\"article\" \/>\n<meta property=\"og:title\" content=\"Hashimoto\" \/>\n<meta property=\"og:description\" content=\"Here you can learn more about Hashimoto&#039;s thyroiditis, its impairment of fertility and the importance of an iodine-free diet.\" \/>\n<meta property=\"og:url\" content=\"https:\/\/fertilovit.com\/es\/informacion\/tiroiditis-de-hashimoto\/\" \/>\n<meta property=\"og:site_name\" content=\"Fertilovit\u00ae\" \/>\n<meta property=\"article:publisher\" content=\"https:\/\/www.facebook.com\/fertilovit\" \/>\n<meta property=\"article:modified_time\" content=\"2024-05-09T10:39:52+00:00\" \/>\n<meta property=\"og:image\" content=\"https:\/\/fertilovit.com\/wp-content\/uploads\/2021\/12\/hashimoto-compressed.jpg\" \/>\n<meta name=\"twitter:card\" content=\"summary_large_image\" \/>\n<meta name=\"twitter:label1\" content=\"Tiempo de lectura\" \/>\n\t<meta name=\"twitter:data1\" content=\"3 minutos\" \/>\n<script type=\"application\/ld+json\" class=\"yoast-schema-graph\">{\"@context\":\"https:\\\/\\\/schema.org\",\"@graph\":[{\"@type\":\"WebPage\",\"@id\":\"https:\\\/\\\/fertilovit.com\\\/es\\\/informacion\\\/tiroiditis-de-hashimoto\\\/\",\"url\":\"https:\\\/\\\/fertilovit.com\\\/es\\\/informacion\\\/tiroiditis-de-hashimoto\\\/\",\"name\":\"Hashimoto's thyroiditis - Fertilovit\u00ae\",\"isPartOf\":{\"@id\":\"https:\\\/\\\/fertilovit.com\\\/es\\\/#website\"},\"primaryImageOfPage\":{\"@id\":\"https:\\\/\\\/fertilovit.com\\\/es\\\/informacion\\\/tiroiditis-de-hashimoto\\\/#primaryimage\"},\"image\":{\"@id\":\"https:\\\/\\\/fertilovit.com\\\/es\\\/informacion\\\/tiroiditis-de-hashimoto\\\/#primaryimage\"},\"thumbnailUrl\":\"https:\\\/\\\/fertilovit.com\\\/wp-content\\\/uploads\\\/2021\\\/12\\\/hashimoto-compressed.jpg\",\"datePublished\":\"2021-10-12T19:38:31+00:00\",\"dateModified\":\"2024-05-09T10:39:52+00:00\",\"description\":\"Here you can learn more about Hashimoto's thyroiditis, its impairment of fertility and the importance of an iodine-free diet.\",\"breadcrumb\":{\"@id\":\"https:\\\/\\\/fertilovit.com\\\/es\\\/informacion\\\/tiroiditis-de-hashimoto\\\/#breadcrumb\"},\"inLanguage\":\"es\",\"potentialAction\":[{\"@type\":\"ReadAction\",\"target\":[\"https:\\\/\\\/fertilovit.com\\\/es\\\/informacion\\\/tiroiditis-de-hashimoto\\\/\"]}]},{\"@type\":\"ImageObject\",\"inLanguage\":\"es\",\"@id\":\"https:\\\/\\\/fertilovit.com\\\/es\\\/informacion\\\/tiroiditis-de-hashimoto\\\/#primaryimage\",\"url\":\"https:\\\/\\\/fertilovit.com\\\/wp-content\\\/uploads\\\/2021\\\/12\\\/hashimoto-compressed.jpg\",\"contentUrl\":\"https:\\\/\\\/fertilovit.com\\\/wp-content\\\/uploads\\\/2021\\\/12\\\/hashimoto-compressed.jpg\"},{\"@type\":\"BreadcrumbList\",\"@id\":\"https:\\\/\\\/fertilovit.com\\\/es\\\/informacion\\\/tiroiditis-de-hashimoto\\\/#breadcrumb\",\"itemListElement\":[{\"@type\":\"ListItem\",\"position\":1,\"name\":\"Home\",\"item\":\"https:\\\/\\\/fertilovit.com\\\/\"},{\"@type\":\"ListItem\",\"position\":2,\"name\":\"Information\",\"item\":\"https:\\\/\\\/fertilovit.com\\\/information\\\/\"},{\"@type\":\"ListItem\",\"position\":3,\"name\":\"Hashimoto\"}]},{\"@type\":\"WebSite\",\"@id\":\"https:\\\/\\\/fertilovit.com\\\/es\\\/#website\",\"url\":\"https:\\\/\\\/fertilovit.com\\\/es\\\/\",\"name\":\"Fertilovit\u00ae\",\"description\":\"For a new life\",\"publisher\":{\"@id\":\"https:\\\/\\\/fertilovit.com\\\/es\\\/#organization\"},\"potentialAction\":[{\"@type\":\"SearchAction\",\"target\":{\"@type\":\"EntryPoint\",\"urlTemplate\":\"https:\\\/\\\/fertilovit.com\\\/es\\\/?s={search_term_string}\"},\"query-input\":{\"@type\":\"PropertyValueSpecification\",\"valueRequired\":true,\"valueName\":\"search_term_string\"}}],\"inLanguage\":\"es\"},{\"@type\":\"Organization\",\"@id\":\"https:\\\/\\\/fertilovit.com\\\/es\\\/#organization\",\"name\":\"Fertilovit\u00ae\",\"url\":\"https:\\\/\\\/fertilovit.com\\\/es\\\/\",\"logo\":{\"@type\":\"ImageObject\",\"inLanguage\":\"es\",\"@id\":\"https:\\\/\\\/fertilovit.com\\\/es\\\/#\\\/schema\\\/logo\\\/image\\\/\",\"url\":\"https:\\\/\\\/fertilovit.com\\\/wp-content\\\/uploads\\\/2021\\\/10\\\/fertilovit-logo.png\",\"contentUrl\":\"https:\\\/\\\/fertilovit.com\\\/wp-content\\\/uploads\\\/2021\\\/10\\\/fertilovit-logo.png\",\"width\":835,\"height\":188,\"caption\":\"Fertilovit\u00ae\"},\"image\":{\"@id\":\"https:\\\/\\\/fertilovit.com\\\/es\\\/#\\\/schema\\\/logo\\\/image\\\/\"},\"sameAs\":[\"https:\\\/\\\/www.facebook.com\\\/fertilovit\",\"https:\\\/\\\/www.instagram.com\\\/fertilovit_international\\\/\",\"https:\\\/\\\/www.youtube.com\\\/@Fertilovit-com\",\"https:\\\/\\\/www.instagram.com\\\/fertilovitaustria\\\/\"],\"description\":\"Fertilovit is a scientifically-backed brand of advanced micronutrient supplements specifically formulated for preconception, pregnancy, and reproductive health. Developed by fertility experts, our patent-protected products provide targeted nutritional support for women and men, addressing specific needs such as PCOS, endometriosis, and optimized sperm quality.\",\"email\":\"office@fertilovit.com\",\"telephone\":\"+43 5574 54195\",\"legalName\":\"Gonadosan Distribution GmbH\",\"foundingDate\":\"2010-01-01\",\"vatID\":\"ATU35594004\",\"duns\":\"302468913\"}]}<\/script>\n<!-- \/ Yoast SEO Premium plugin. -->","yoast_head_json":{"title":"Tiroiditis de Hashimoto - Fertilovit\u00ae","description":"Aqu\u00ed podr\u00e1s conocer m\u00e1s sobre la tiroiditis de Hashimoto, su deterioro de la fertilidad y la importancia de una dieta libre de yodo.","robots":{"index":"index","follow":"follow","max-snippet":"max-snippet:-1","max-image-preview":"max-image-preview:large","max-video-preview":"max-video-preview:-1"},"canonical":"https:\/\/fertilovit.com\/es\/informacion\/tiroiditis-de-hashimoto\/","og_locale":"es_ES","og_type":"article","og_title":"Hashimoto","og_description":"Here you can learn more about Hashimoto's thyroiditis, its impairment of fertility and the importance of an iodine-free diet.","og_url":"https:\/\/fertilovit.com\/es\/informacion\/tiroiditis-de-hashimoto\/","og_site_name":"Fertilovit\u00ae","article_publisher":"https:\/\/www.facebook.com\/fertilovit","article_modified_time":"2024-05-09T10:39:52+00:00","og_image":[{"url":"https:\/\/fertilovit.com\/wp-content\/uploads\/2021\/12\/hashimoto-compressed.jpg","type":"","width":"","height":""}],"twitter_card":"summary_large_image","twitter_misc":{"Tiempo de lectura":"3 minutos"},"schema":{"@context":"https:\/\/schema.org","@graph":[{"@type":"WebPage","@id":"https:\/\/fertilovit.com\/es\/informacion\/tiroiditis-de-hashimoto\/","url":"https:\/\/fertilovit.com\/es\/informacion\/tiroiditis-de-hashimoto\/","name":"Tiroiditis de Hashimoto - Fertilovit\u00ae","isPartOf":{"@id":"https:\/\/fertilovit.com\/es\/#website"},"primaryImageOfPage":{"@id":"https:\/\/fertilovit.com\/es\/informacion\/tiroiditis-de-hashimoto\/#primaryimage"},"image":{"@id":"https:\/\/fertilovit.com\/es\/informacion\/tiroiditis-de-hashimoto\/#primaryimage"},"thumbnailUrl":"https:\/\/fertilovit.com\/wp-content\/uploads\/2021\/12\/hashimoto-compressed.jpg","datePublished":"2021-10-12T19:38:31+00:00","dateModified":"2024-05-09T10:39:52+00:00","description":"Aqu\u00ed podr\u00e1s conocer m\u00e1s sobre la tiroiditis de Hashimoto, su deterioro de la fertilidad y la importancia de una dieta libre de yodo.","breadcrumb":{"@id":"https:\/\/fertilovit.com\/es\/informacion\/tiroiditis-de-hashimoto\/#breadcrumb"},"inLanguage":"es","potentialAction":[{"@type":"ReadAction","target":["https:\/\/fertilovit.com\/es\/informacion\/tiroiditis-de-hashimoto\/"]}]},{"@type":"ImageObject","inLanguage":"es","@id":"https:\/\/fertilovit.com\/es\/informacion\/tiroiditis-de-hashimoto\/#primaryimage","url":"https:\/\/fertilovit.com\/wp-content\/uploads\/2021\/12\/hashimoto-compressed.jpg","contentUrl":"https:\/\/fertilovit.com\/wp-content\/uploads\/2021\/12\/hashimoto-compressed.jpg"},{"@type":"BreadcrumbList","@id":"https:\/\/fertilovit.com\/es\/informacion\/tiroiditis-de-hashimoto\/#breadcrumb","itemListElement":[{"@type":"ListItem","position":1,"name":"Home","item":"https:\/\/fertilovit.com\/"},{"@type":"ListItem","position":2,"name":"Information","item":"https:\/\/fertilovit.com\/information\/"},{"@type":"ListItem","position":3,"name":"Hashimoto"}]},{"@type":"WebSite","@id":"https:\/\/fertilovit.com\/es\/#website","url":"https:\/\/fertilovit.com\/es\/","name":"Fertilovit\u00ae","description":"PARA UNA VIDA NUEVA","publisher":{"@id":"https:\/\/fertilovit.com\/es\/#organization"},"potentialAction":[{"@type":"SearchAction","target":{"@type":"EntryPoint","urlTemplate":"https:\/\/fertilovit.com\/es\/?s={search_term_string}"},"query-input":{"@type":"PropertyValueSpecification","valueRequired":true,"valueName":"search_term_string"}}],"inLanguage":"es"},{"@type":"Organization","@id":"https:\/\/fertilovit.com\/es\/#organization","name":"Fertilovit\u00ae","url":"https:\/\/fertilovit.com\/es\/","logo":{"@type":"ImageObject","inLanguage":"es","@id":"https:\/\/fertilovit.com\/es\/#\/schema\/logo\/image\/","url":"https:\/\/fertilovit.com\/wp-content\/uploads\/2021\/10\/fertilovit-logo.png","contentUrl":"https:\/\/fertilovit.com\/wp-content\/uploads\/2021\/10\/fertilovit-logo.png","width":835,"height":188,"caption":"Fertilovit\u00ae"},"image":{"@id":"https:\/\/fertilovit.com\/es\/#\/schema\/logo\/image\/"},"sameAs":["https:\/\/www.facebook.com\/fertilovit","https:\/\/www.instagram.com\/fertilovit_international\/","https:\/\/www.youtube.com\/@Fertilovit-com","https:\/\/www.instagram.com\/fertilovitaustria\/"],"description":"Fertilovit es una marca con respaldo cient\u00edfico de suplementos avanzados de micronutrientes formulados espec\u00edficamente para la preconcepci\u00f3n, el embarazo y la salud reproductiva. Desarrollados por expertos en fertilidad, nuestros productos protegidos por patente proporcionan un apoyo nutricional espec\u00edfico para mujeres y hombres, abordando necesidades concretas como el s\u00edndrome de ovario poliqu\u00edstico, la endometriosis y la optimizaci\u00f3n de la calidad del esperma.","email":"office@fertilovit.com","telephone":"+43 5574 54195","legalName":"Gonadosan Distribution GmbH","foundingDate":"2010-01-01","vatID":"ATU35594004","duns":"302468913"}]}},"_links":{"self":[{"href":"https:\/\/fertilovit.com\/es\/wp-json\/wp\/v2\/pages\/107","targetHints":{"allow":["GET"]}}],"collection":[{"href":"https:\/\/fertilovit.com\/es\/wp-json\/wp\/v2\/pages"}],"about":[{"href":"https:\/\/fertilovit.com\/es\/wp-json\/wp\/v2\/types\/page"}],"author":[{"embeddable":true,"href":"https:\/\/fertilovit.com\/es\/wp-json\/wp\/v2\/users\/2"}],"replies":[{"embeddable":true,"href":"https:\/\/fertilovit.com\/es\/wp-json\/wp\/v2\/comments?post=107"}],"version-history":[{"count":0,"href":"https:\/\/fertilovit.com\/es\/wp-json\/wp\/v2\/pages\/107\/revisions"}],"up":[{"embeddable":true,"href":"https:\/\/fertilovit.com\/es\/wp-json\/wp\/v2\/pages\/99"}],"wp:attachment":[{"href":"https:\/\/fertilovit.com\/es\/wp-json\/wp\/v2\/media?parent=107"}],"curies":[{"name":"wp","href":"https:\/\/api.w.org\/{rel}","templated":true}]}}