{"id":10682,"date":"2023-04-18T10:59:56","date_gmt":"2023-04-18T09:59:56","guid":{"rendered":"https:\/\/temp.fertilovit.com\/?page_id=10682"},"modified":"2023-04-18T10:59:56","modified_gmt":"2023-04-18T09:59:56","slug":"kooperationen","status":"publish","type":"page","link":"https:\/\/fertilovit.com\/es\/kooperationen\/","title":{"rendered":"Cooperaciones"},"content":{"rendered":"","protected":false},"excerpt":{"rendered":"","protected":false},"author":2,"featured_media":0,"parent":0,"menu_order":0,"comment_status":"closed","ping_status":"closed","template":"","meta":{"_acf_changed":false,"footnotes":""},"class_list":["post-10682","page","type-page","status-publish","hentry"],"acf":[],"yoast_head":"<!-- This site is optimized with the Yoast SEO Premium plugin v27.0 (Yoast SEO v27.3) - https:\/\/yoast.com\/product\/yoast-seo-premium-wordpress\/ -->\n<title>Kooperationen - Fertilovit\u00ae<\/title>\n<meta name=\"robots\" content=\"index, follow, max-snippet:-1, max-image-preview:large, max-video-preview:-1\" \/>\n<link rel=\"canonical\" href=\"https:\/\/fertilovit.com\/es\/kooperationen\/\" \/>\n<meta property=\"og:locale\" content=\"es_ES\" \/>\n<meta property=\"og:type\" content=\"article\" \/>\n<meta property=\"og:title\" content=\"Kooperationen\" \/>\n<meta property=\"og:url\" content=\"https:\/\/fertilovit.com\/es\/kooperationen\/\" \/>\n<meta property=\"og:site_name\" content=\"Fertilovit\u00ae\" \/>\n<meta property=\"article:publisher\" content=\"https:\/\/www.facebook.com\/fertilovit\" \/>\n<meta name=\"twitter:card\" content=\"summary_large_image\" \/>\n<script type=\"application\/ld+json\" class=\"yoast-schema-graph\">{\"@context\":\"https:\\\/\\\/schema.org\",\"@graph\":[{\"@type\":\"WebPage\",\"@id\":\"https:\\\/\\\/fertilovit.com\\\/es\\\/kooperationen\\\/\",\"url\":\"https:\\\/\\\/fertilovit.com\\\/es\\\/kooperationen\\\/\",\"name\":\"Kooperationen - Fertilovit\u00ae\",\"isPartOf\":{\"@id\":\"https:\\\/\\\/fertilovit.com\\\/es\\\/#website\"},\"datePublished\":\"2023-04-18T09:59:56+00:00\",\"breadcrumb\":{\"@id\":\"https:\\\/\\\/fertilovit.com\\\/es\\\/kooperationen\\\/#breadcrumb\"},\"inLanguage\":\"es\",\"potentialAction\":[{\"@type\":\"ReadAction\",\"target\":[\"https:\\\/\\\/fertilovit.com\\\/es\\\/kooperationen\\\/\"]}]},{\"@type\":\"BreadcrumbList\",\"@id\":\"https:\\\/\\\/fertilovit.com\\\/es\\\/kooperationen\\\/#breadcrumb\",\"itemListElement\":[{\"@type\":\"ListItem\",\"position\":1,\"name\":\"Home\",\"item\":\"https:\\\/\\\/fertilovit.com\\\/\"},{\"@type\":\"ListItem\",\"position\":2,\"name\":\"Kooperationen\"}]},{\"@type\":\"WebSite\",\"@id\":\"https:\\\/\\\/fertilovit.com\\\/es\\\/#website\",\"url\":\"https:\\\/\\\/fertilovit.com\\\/es\\\/\",\"name\":\"Fertilovit\u00ae\",\"description\":\"For a new life\",\"publisher\":{\"@id\":\"https:\\\/\\\/fertilovit.com\\\/es\\\/#organization\"},\"potentialAction\":[{\"@type\":\"SearchAction\",\"target\":{\"@type\":\"EntryPoint\",\"urlTemplate\":\"https:\\\/\\\/fertilovit.com\\\/es\\\/?s={search_term_string}\"},\"query-input\":{\"@type\":\"PropertyValueSpecification\",\"valueRequired\":true,\"valueName\":\"search_term_string\"}}],\"inLanguage\":\"es\"},{\"@type\":\"Organization\",\"@id\":\"https:\\\/\\\/fertilovit.com\\\/es\\\/#organization\",\"name\":\"Fertilovit\u00ae\",\"url\":\"https:\\\/\\\/fertilovit.com\\\/es\\\/\",\"logo\":{\"@type\":\"ImageObject\",\"inLanguage\":\"es\",\"@id\":\"https:\\\/\\\/fertilovit.com\\\/es\\\/#\\\/schema\\\/logo\\\/image\\\/\",\"url\":\"https:\\\/\\\/fertilovit.com\\\/wp-content\\\/uploads\\\/2021\\\/10\\\/fertilovit-logo.png\",\"contentUrl\":\"https:\\\/\\\/fertilovit.com\\\/wp-content\\\/uploads\\\/2021\\\/10\\\/fertilovit-logo.png\",\"width\":835,\"height\":188,\"caption\":\"Fertilovit\u00ae\"},\"image\":{\"@id\":\"https:\\\/\\\/fertilovit.com\\\/es\\\/#\\\/schema\\\/logo\\\/image\\\/\"},\"sameAs\":[\"https:\\\/\\\/www.facebook.com\\\/fertilovit\",\"https:\\\/\\\/www.instagram.com\\\/fertilovit_international\\\/\",\"https:\\\/\\\/www.youtube.com\\\/@Fertilovit-com\",\"https:\\\/\\\/www.instagram.com\\\/fertilovitaustria\\\/\"],\"description\":\"Fertilovit is a scientifically-backed brand of advanced micronutrient supplements specifically formulated for preconception, pregnancy, and reproductive health. Developed by fertility experts, our patent-protected products provide targeted nutritional support for women and men, addressing specific needs such as PCOS, endometriosis, and optimized sperm quality.\",\"email\":\"office@fertilovit.com\",\"telephone\":\"+43 5574 54195\",\"legalName\":\"Gonadosan Distribution GmbH\",\"foundingDate\":\"2010-01-01\",\"vatID\":\"ATU35594004\",\"duns\":\"302468913\"}]}<\/script>\n<!-- \/ Yoast SEO Premium plugin. -->","yoast_head_json":{"title":"Colaboraci\u00f3n - Fertilovit","robots":{"index":"index","follow":"follow","max-snippet":"max-snippet:-1","max-image-preview":"max-image-preview:large","max-video-preview":"max-video-preview:-1"},"canonical":"https:\/\/fertilovit.com\/es\/kooperationen\/","og_locale":"es_ES","og_type":"article","og_title":"Kooperationen","og_url":"https:\/\/fertilovit.com\/es\/kooperationen\/","og_site_name":"Fertilovit\u00ae","article_publisher":"https:\/\/www.facebook.com\/fertilovit","twitter_card":"summary_large_image","schema":{"@context":"https:\/\/schema.org","@graph":[{"@type":"WebPage","@id":"https:\/\/fertilovit.com\/es\/kooperationen\/","url":"https:\/\/fertilovit.com\/es\/kooperationen\/","name":"Colaboraci\u00f3n - Fertilovit","isPartOf":{"@id":"https:\/\/fertilovit.com\/es\/#website"},"datePublished":"2023-04-18T09:59:56+00:00","breadcrumb":{"@id":"https:\/\/fertilovit.com\/es\/kooperationen\/#breadcrumb"},"inLanguage":"es","potentialAction":[{"@type":"ReadAction","target":["https:\/\/fertilovit.com\/es\/kooperationen\/"]}]},{"@type":"BreadcrumbList","@id":"https:\/\/fertilovit.com\/es\/kooperationen\/#breadcrumb","itemListElement":[{"@type":"ListItem","position":1,"name":"Home","item":"https:\/\/fertilovit.com\/"},{"@type":"ListItem","position":2,"name":"Kooperationen"}]},{"@type":"WebSite","@id":"https:\/\/fertilovit.com\/es\/#website","url":"https:\/\/fertilovit.com\/es\/","name":"Fertilovit\u00ae","description":"PARA UNA VIDA NUEVA","publisher":{"@id":"https:\/\/fertilovit.com\/es\/#organization"},"potentialAction":[{"@type":"SearchAction","target":{"@type":"EntryPoint","urlTemplate":"https:\/\/fertilovit.com\/es\/?s={search_term_string}"},"query-input":{"@type":"PropertyValueSpecification","valueRequired":true,"valueName":"search_term_string"}}],"inLanguage":"es"},{"@type":"Organization","@id":"https:\/\/fertilovit.com\/es\/#organization","name":"Fertilovit\u00ae","url":"https:\/\/fertilovit.com\/es\/","logo":{"@type":"ImageObject","inLanguage":"es","@id":"https:\/\/fertilovit.com\/es\/#\/schema\/logo\/image\/","url":"https:\/\/fertilovit.com\/wp-content\/uploads\/2021\/10\/fertilovit-logo.png","contentUrl":"https:\/\/fertilovit.com\/wp-content\/uploads\/2021\/10\/fertilovit-logo.png","width":835,"height":188,"caption":"Fertilovit\u00ae"},"image":{"@id":"https:\/\/fertilovit.com\/es\/#\/schema\/logo\/image\/"},"sameAs":["https:\/\/www.facebook.com\/fertilovit","https:\/\/www.instagram.com\/fertilovit_international\/","https:\/\/www.youtube.com\/@Fertilovit-com","https:\/\/www.instagram.com\/fertilovitaustria\/"],"description":"Fertilovit es una marca con respaldo cient\u00edfico de suplementos avanzados de micronutrientes formulados espec\u00edficamente para la preconcepci\u00f3n, el embarazo y la salud reproductiva. Desarrollados por expertos en fertilidad, nuestros productos protegidos por patente proporcionan un apoyo nutricional espec\u00edfico para mujeres y hombres, abordando necesidades concretas como el s\u00edndrome de ovario poliqu\u00edstico, la endometriosis y la optimizaci\u00f3n de la calidad del esperma.","email":"office@fertilovit.com","telephone":"+43 5574 54195","legalName":"Gonadosan Distribution GmbH","foundingDate":"2010-01-01","vatID":"ATU35594004","duns":"302468913"}]}},"_links":{"self":[{"href":"https:\/\/fertilovit.com\/es\/wp-json\/wp\/v2\/pages\/10682","targetHints":{"allow":["GET"]}}],"collection":[{"href":"https:\/\/fertilovit.com\/es\/wp-json\/wp\/v2\/pages"}],"about":[{"href":"https:\/\/fertilovit.com\/es\/wp-json\/wp\/v2\/types\/page"}],"author":[{"embeddable":true,"href":"https:\/\/fertilovit.com\/es\/wp-json\/wp\/v2\/users\/2"}],"replies":[{"embeddable":true,"href":"https:\/\/fertilovit.com\/es\/wp-json\/wp\/v2\/comments?post=10682"}],"version-history":[{"count":0,"href":"https:\/\/fertilovit.com\/es\/wp-json\/wp\/v2\/pages\/10682\/revisions"}],"wp:attachment":[{"href":"https:\/\/fertilovit.com\/es\/wp-json\/wp\/v2\/media?parent=10682"}],"curies":[{"name":"wp","href":"https:\/\/api.w.org\/{rel}","templated":true}]}}