{"id":105,"date":"2021-10-12T19:38:14","date_gmt":"2021-10-12T19:38:14","guid":{"rendered":"https:\/\/temp.fertilovit.com\/?page_id=105"},"modified":"2024-05-09T11:39:55","modified_gmt":"2024-05-09T10:39:55","slug":"pcos","status":"publish","type":"page","link":"https:\/\/fertilovit.com\/es\/informacion\/pcos\/","title":{"rendered":"Inositol"},"content":{"rendered":"<div data-elementor-type=\"wp-page\" data-elementor-id=\"105\" class=\"elementor elementor-105\" data-elementor-settings=\"{&quot;element_pack_global_tooltip_width&quot;:{&quot;unit&quot;:&quot;px&quot;,&quot;size&quot;:&quot;&quot;,&quot;sizes&quot;:[]},&quot;element_pack_global_tooltip_width_laptop&quot;:{&quot;unit&quot;:&quot;px&quot;,&quot;size&quot;:&quot;&quot;,&quot;sizes&quot;:[]},&quot;element_pack_global_tooltip_width_tablet&quot;:{&quot;unit&quot;:&quot;px&quot;,&quot;size&quot;:&quot;&quot;,&quot;sizes&quot;:[]},&quot;element_pack_global_tooltip_width_mobile&quot;:{&quot;unit&quot;:&quot;px&quot;,&quot;size&quot;:&quot;&quot;,&quot;sizes&quot;:[]},&quot;element_pack_global_tooltip_padding&quot;:{&quot;unit&quot;:&quot;px&quot;,&quot;top&quot;:&quot;&quot;,&quot;right&quot;:&quot;&quot;,&quot;bottom&quot;:&quot;&quot;,&quot;left&quot;:&quot;&quot;,&quot;isLinked&quot;:true},&quot;element_pack_global_tooltip_padding_laptop&quot;:{&quot;unit&quot;:&quot;px&quot;,&quot;top&quot;:&quot;&quot;,&quot;right&quot;:&quot;&quot;,&quot;bottom&quot;:&quot;&quot;,&quot;left&quot;:&quot;&quot;,&quot;isLinked&quot;:true},&quot;element_pack_global_tooltip_padding_tablet&quot;:{&quot;unit&quot;:&quot;px&quot;,&quot;top&quot;:&quot;&quot;,&quot;right&quot;:&quot;&quot;,&quot;bottom&quot;:&quot;&quot;,&quot;left&quot;:&quot;&quot;,&quot;isLinked&quot;:true},&quot;element_pack_global_tooltip_padding_mobile&quot;:{&quot;unit&quot;:&quot;px&quot;,&quot;top&quot;:&quot;&quot;,&quot;right&quot;:&quot;&quot;,&quot;bottom&quot;:&quot;&quot;,&quot;left&quot;:&quot;&quot;,&quot;isLinked&quot;:true},&quot;element_pack_global_tooltip_border_radius&quot;:{&quot;unit&quot;:&quot;px&quot;,&quot;top&quot;:&quot;&quot;,&quot;right&quot;:&quot;&quot;,&quot;bottom&quot;:&quot;&quot;,&quot;left&quot;:&quot;&quot;,&quot;isLinked&quot;:true},&quot;element_pack_global_tooltip_border_radius_laptop&quot;:{&quot;unit&quot;:&quot;px&quot;,&quot;top&quot;:&quot;&quot;,&quot;right&quot;:&quot;&quot;,&quot;bottom&quot;:&quot;&quot;,&quot;left&quot;:&quot;&quot;,&quot;isLinked&quot;:true},&quot;element_pack_global_tooltip_border_radius_tablet&quot;:{&quot;unit&quot;:&quot;px&quot;,&quot;top&quot;:&quot;&quot;,&quot;right&quot;:&quot;&quot;,&quot;bottom&quot;:&quot;&quot;,&quot;left&quot;:&quot;&quot;,&quot;isLinked&quot;:true},&quot;element_pack_global_tooltip_border_radius_mobile&quot;:{&quot;unit&quot;:&quot;px&quot;,&quot;top&quot;:&quot;&quot;,&quot;right&quot;:&quot;&quot;,&quot;bottom&quot;:&quot;&quot;,&quot;left&quot;:&quot;&quot;,&quot;isLinked&quot;:true}}\" data-elementor-post-type=\"page\">\n\t\t\t\t\t\t<section class=\"has_ae_slider elementor-section elementor-top-section elementor-element elementor-element-9e8fc93 elementor-section-full_width elementor-section-height-default elementor-section-height-default ae-bg-gallery-type-default\" data-id=\"9e8fc93\" data-element_type=\"section\" data-e-type=\"section\" data-settings=\"{&quot;background_background&quot;:&quot;classic&quot;}\">\n\t\t\t\t\t\t<div class=\"elementor-container elementor-column-gap-no\">\n\t\t\t\t\t<div class=\"has_ae_slider elementor-column elementor-col-100 elementor-top-column elementor-element elementor-element-8e4a187 ae-bg-gallery-type-default\" data-id=\"8e4a187\" data-element_type=\"column\" data-e-type=\"column\">\n\t\t\t<div class=\"elementor-widget-wrap elementor-element-populated\">\n\t\t\t\t\t\t<div class=\"elementor-element elementor-element-4fd2e6b elementor-widget elementor-widget-bdt-featured-box\" data-id=\"4fd2e6b\" data-element_type=\"widget\" data-e-type=\"widget\" data-widget_type=\"bdt-featured-box.split\">\n\t\t\t\t<div class=\"elementor-widget-container\">\n\t\t\t\t\t\t\t<div class=\"bdt-ep-featured-box bdt-ep-featured-box-skin-split\">\r\n\r\n\t\t\t<div class=\"bdt-grid\">\r\n\t\t\t\t<div class=\"bdt-width-1-1 bdt-width-2-5@s\">\r\n\t\t\t\t\t<div class=\"bdt-ep-featured-box-content bdt-position-z-index bdt-position-center-left bdt-text-left\">\r\n\t\t\t\t\t\t\t\t\t\t\t<div class=\"bdt-ep-featured-box-sub-title\">\r\n\t\t\t\tPCOS\t\t\t<\/div>\r\n\t\t\r\n\t\t\t\t\t<h3\t\t\t\tclass=\"bdt-ep-featured-box-title\">\r\n\t\t\t\t<span >\r\n\t\t\t\t\ty fertilidad\t\t\t\t<\/span>\r\n\t\t\t<\/h3>\r\n\t\t\r\n\t\t\r\n\t\t\t\t\t<div class=\"bdt-ep-featured-box-button\">\r\n\t\t\t\t<a class=\"bdt-ep-featured-box-readmore bdt-display-inline-block elementor-animation-wobble-horizontal\" href=\"https:\/\/fertilovit.com\/es\/mujer\/fertilovit-f-pcos\/\" target=\"_blank\">\r\n\t\t\t\t\tFertilovit\u00ae F PCOS\t\t\t\t\t\t\t\t\t\t\t<span class=\"bdt-button-icon-align-right\">\r\n\t\t\t\t\t\t\t<i aria-hidden=\"true\" class=\"fa-fw fas fa-venus-mars\"><\/i>\t\t\t\t\t\t<\/span>\r\n\t\t\t\t\t\t\t\t\t<\/a>\r\n\t\t\t<\/div>\r\n\t\t\t\t\t\t\t\t<\/div>\r\n\t\t\t\t<\/div>\r\n\t\t\t\t<div class=\"bdt-width-1-1 bdt-width-3-5@s\">\r\n\t\t\t\t\t\t\t<div class=\"bdt-ep-featured-box-image\">\r\n\t\t\t<div class=\"bdt-position-relative\">\r\n\t\t\t\t<img fetchpriority=\"high\" decoding=\"async\" width=\"1920\" height=\"1280\" src=\"https:\/\/fertilovit.com\/wp-content\/uploads\/2021\/12\/pcos-2-compressed.jpg\" class=\"attachment-full size-full\" alt=\"y fertilidad\" srcset=\"https:\/\/fertilovit.com\/wp-content\/uploads\/2021\/12\/pcos-2-compressed.jpg 1920w, https:\/\/fertilovit.com\/wp-content\/uploads\/2021\/12\/pcos-2-compressed-300x200.jpg 300w, https:\/\/fertilovit.com\/wp-content\/uploads\/2021\/12\/pcos-2-compressed-1024x683.jpg 1024w, https:\/\/fertilovit.com\/wp-content\/uploads\/2021\/12\/pcos-2-compressed-768x512.jpg 768w, https:\/\/fertilovit.com\/wp-content\/uploads\/2021\/12\/pcos-2-compressed-1536x1024.jpg 1536w, https:\/\/fertilovit.com\/wp-content\/uploads\/2021\/12\/pcos-2-compressed-18x12.jpg 18w\" sizes=\"(max-width: 1920px) 100vw, 1920px\" \/>\t\t\t\t\t\t<\/div>\r\n\t\t<\/div>\r\n\t\t\t\t\t\t<\/div>\r\n\t\t\t<\/div>\r\n\r\n\t\t<\/div>\r\n\r\n\t\t\t\t\t\t<\/div>\n\t\t\t\t<\/div>\n\t\t\t\t\t<\/div>\n\t\t<\/div>\n\t\t\t\t\t<\/div>\n\t\t<\/section>\n\t\t\t\t<section class=\"has_ae_slider elementor-section elementor-top-section elementor-element elementor-element-c0de4b5 elementor-section-boxed elementor-section-height-default elementor-section-height-default ae-bg-gallery-type-default\" data-id=\"c0de4b5\" data-element_type=\"section\" data-e-type=\"section\">\n\t\t\t\t\t\t<div class=\"elementor-container elementor-column-gap-default\">\n\t\t\t\t\t<div class=\"has_ae_slider elementor-column elementor-col-100 elementor-top-column elementor-element elementor-element-3742ffd ae-bg-gallery-type-default\" data-id=\"3742ffd\" data-element_type=\"column\" data-e-type=\"column\">\n\t\t\t<div class=\"elementor-widget-wrap elementor-element-populated\">\n\t\t\t\t\t\t<section class=\"has_ae_slider elementor-section elementor-inner-section elementor-element elementor-element-3b90985 elementor-section-boxed elementor-section-height-default elementor-section-height-default ae-bg-gallery-type-default\" data-id=\"3b90985\" data-element_type=\"section\" data-e-type=\"section\">\n\t\t\t\t\t\t<div class=\"elementor-container elementor-column-gap-extended\">\n\t\t\t\t\t<div class=\"has_ae_slider elementor-column elementor-col-100 elementor-inner-column elementor-element elementor-element-9e109e5 ae-bg-gallery-type-default\" data-id=\"9e109e5\" data-element_type=\"column\" data-e-type=\"column\">\n\t\t\t<div class=\"elementor-widget-wrap elementor-element-populated\">\n\t\t\t\t\t\t<div class=\"elementor-element elementor-element-591d7ff elementor-widget elementor-widget-text-editor\" data-id=\"591d7ff\" data-element_type=\"widget\" data-e-type=\"widget\" data-widget_type=\"text-editor.default\">\n\t\t\t\t<div class=\"elementor-widget-container\">\n\t\t\t\t\t\t\t\t\t<p><span style=\"font-weight: 400;\">Aproximadamente entre 5 y 10 % de mujeres en edad reproductiva se ven afectadas por el s\u00edndrome de ovario poliqu\u00edstico (<\/span><a href=\"https:\/\/www.my-fertility-blog.com\/2017\/09\/01\/10-signs-you-might-be-suffering-from-pcos\/\"><span style=\"font-weight: 400;\">PCOS<\/span><\/a><span style=\"font-weight: 400;\">). El s\u00edndrome es, de hecho, un trastorno hormonal con una variedad de s\u00edntomas que incluyen exceso de vello facial, acn\u00e9, ciclos irregulares y quistes ov\u00e1ricos.<\/span><\/p><p><strong>\u00bfC\u00f3mo interfiere el SOP con la fertilidad?<\/strong><\/p><p><span style=\"font-weight: 400;\">El s\u00edndrome de ovario poliqu\u00edstico es una de las razones m\u00e1s comunes de problemas de fertilidad femenina. Los cambios hormonales observados en el s\u00edndrome de ovario poliqu\u00edstico alteran la funci\u00f3n ov\u00e1rica. Esto conduce a problemas con la maduraci\u00f3n de los ovocitos y la ovulaci\u00f3n. Como consecuencia de esto, las pacientes suelen tener m\u00faltiples quistes ov\u00e1ricos y experimentar ciclos irregulares e incluso faltantes.\u00a0<\/span><\/p><p><strong>SOP: opciones terap\u00e9uticas<\/strong><\/p><ol><li style=\"font-weight: 400;\" aria-level=\"1\"><p><b>\u00a0<\/b><span style=\"font-weight: 400;\"><strong>P\u00e9rdida de peso:<\/strong> Si tienes sobrepeso, el primer paso es perder peso. Incluso una p\u00e9rdida de peso de s\u00f3lo 5% puede aportar mejoras significativas en el equilibrio hormonal. Para un peso corporal de 80 kg, esto corresponde a s\u00f3lo 4 kg de p\u00e9rdida de peso. La recompensa: piel hermosa, menos crecimiento de vello, ciclos m\u00e1s regulares. <\/span><a href=\"https:\/\/www.my-fertility-blog.com\/2019\/09\/13\/pcos-losing-weight-easier-with-tricks-from-research\/\"><span style=\"font-weight: 400;\">Aprende m\u00e1s\u2026<\/span><\/a><span style=\"font-weight: 400;\">\u00a0<\/span><\/p><\/li><li style=\"font-weight: 400;\" aria-level=\"1\"><p><span style=\"font-weight: 400;\"><strong>Metformina:<\/strong> La mayor\u00eda de los pacientes con s\u00edndrome de ovario poliqu\u00edstico tambi\u00e9n sufren de resistencia a la insulina, lo que exacerba la confusi\u00f3n hormonal. La resistencia a la insulina se puede tratar con metformina, un ingrediente activo que normalmente se usa en pacientes con diabetes tipo 2. La metformina optimiza la acci\u00f3n de la insulina. Esto tiene un efecto favorable en el s\u00edndrome de ovario poliqu\u00edstico. Una vez que la resistencia a la insulina disminuye, la producci\u00f3n de hormonas masculinas se estimula menos. Adem\u00e1s de esto, el metabolismo de los l\u00edpidos tambi\u00e9n cambia. Sin embargo, el f\u00e1rmaco metformina a\u00fan no est\u00e1 aprobado para el tratamiento del s\u00edndrome de ovario poliqu\u00edstico y muchas mujeres no lo toleran muy bien.<\/span><\/p><\/li><li style=\"font-weight: 400;\" aria-level=\"1\"><p><span style=\"font-weight: 400;\"><strong>Nutrici\u00f3n:<\/strong> Debido a la estrecha conexi\u00f3n entre el metabolismo y el sistema hormonal, un cambio de estilo de vida en combinaci\u00f3n con <\/span><a href=\"https:\/\/www.pcos-info.eu\/index.php?&amp;lang=en-US\"><span style=\"font-weight: 400;\">medidas nutricionales<\/span><\/a><span style=\"font-weight: 400;\"> es un enfoque gentil y a menudo muy \u00fatil. <a href=\"https:\/\/www.pcos-info.eu\/p.php?c=ernaehrung\">Aprende m\u00e1s\u2026<\/a><\/span><\/p><\/li><li style=\"font-weight: 400;\" aria-level=\"1\"><p><span style=\"font-weight: 400;\"><strong>Terapia de apoyo con micronutrientes:<\/strong> Se ha utilizado una amplia gama de micronutrientes en estudios para examinar sus beneficios para los pacientes con s\u00edndrome de ovario poliqu\u00edstico. Seg\u00fan estudios, <\/span><a href=\"https:\/\/www.my-fertility-blog.com\/2016\/08\/25\/dietetic-treatment-of-pcos-inositol\/\"><span style=\"font-weight: 400;\">suplementaci\u00f3n dirigida<\/span><\/a><span style=\"font-weight: 400;\"> puede contribuir suavemente desde dentro a un mayor equilibrio metab\u00f3lico y hormonal en el s\u00edndrome de ovario poliqu\u00edstico. Seg\u00fan las investigaciones actuales, la f\u00f3rmula de triple acci\u00f3n de Fertilovit\u00ae F PCOS ha sido dise\u00f1ada para proporcionar a las mujeres con SOP que est\u00e1n planeando un embarazo todas las vitaminas, minerales y otros nutrientes que se han considerado importantes en esta situaci\u00f3n especial.<\/span><\/p><\/li><li style=\"font-weight: 400;\" aria-level=\"1\"><p><strong>Tratamiento de fertilidad: <\/strong><span style=\"font-weight: 400;\">Muy a menudo es necesaria la inducci\u00f3n artificial de la ovulaci\u00f3n por parte de un especialista, por ejemplo con clomifeno. A veces, las medidas quir\u00fargicas pueden ayudar. En la llamada perforaci\u00f3n ov\u00e1rica laparosc\u00f3pica, la destrucci\u00f3n mec\u00e1nica de las c\u00e9lulas de la teca puede romper el c\u00edrculo vicioso hormonal y regular la producci\u00f3n de hormonas. Adem\u00e1s, el tratamiento hormonal con FSH es una opci\u00f3n de tratamiento.<\/span><\/p><\/li><\/ol><p><strong>SOP y embarazo<\/strong><span style=\"font-weight: 400;\"><br \/><\/span><\/p><p><span style=\"font-weight: 400;\">Durante el embarazo, las pacientes con SOP enfrentan un mayor riesgo de desarrollar diabetes gestacional. Es aconsejable realizar ex\u00e1menes peri\u00f3dicos para comprobarlo y ofrecer tratamiento r\u00e1pidamente.<\/span><\/p><p><strong>\u00bfEl SOP es curable?<\/strong><\/p><p><span style=\"font-weight: 400;\">Lamentablemente no. Sin embargo, la mayor\u00eda de los pacientes se benefician de la terapia m\u00e9dica y los cambios en el estilo de vida. En ocasiones, hay una mejor\u00eda despu\u00e9s del embarazo y la menopausia.<\/span><\/p>\t\t\t\t\t\t\t\t<\/div>\n\t\t\t\t<\/div>\n\t\t\t\t\t<\/div>\n\t\t<\/div>\n\t\t\t\t\t<\/div>\n\t\t<\/section>\n\t\t\t\t\t<\/div>\n\t\t<\/div>\n\t\t\t\t\t<\/div>\n\t\t<\/section>\n\t\t\t\t<\/div>","protected":false},"excerpt":{"rendered":"<p>PCOS and fertility Fertilovit\u00ae F PCOS Approximately 5 \u2013 10 % of women of reproductive age are affected by polycystic ovarian syndrome (PCOS). The syndrome is, in fact, a hormonal disorder with a variety of symptoms including excess facial hair, acne, irregular cycles, and ovarian cysts. How does PCOS interfere with fertility? PCOS is one [&hellip;]<\/p>\n","protected":false},"author":2,"featured_media":0,"parent":99,"menu_order":0,"comment_status":"closed","ping_status":"closed","template":"","meta":{"_acf_changed":false,"footnotes":""},"class_list":["post-105","page","type-page","status-publish","hentry"],"acf":[],"yoast_head":"<!-- This site is optimized with the Yoast SEO Premium plugin v27.0 (Yoast SEO v27.3) - https:\/\/yoast.com\/product\/yoast-seo-premium-wordpress\/ -->\n<title>PCOS - Fertilovit\u00ae<\/title>\n<meta name=\"description\" content=\"Find out more about Polycystic Ovary Syndrome (PCOS), how it interferes with fertility and different therapeutic options.\" \/>\n<meta name=\"robots\" content=\"index, follow, max-snippet:-1, max-image-preview:large, max-video-preview:-1\" \/>\n<link rel=\"canonical\" href=\"https:\/\/fertilovit.com\/es\/informacion\/pcos\/\" \/>\n<meta property=\"og:locale\" content=\"es_ES\" \/>\n<meta property=\"og:type\" content=\"article\" \/>\n<meta property=\"og:title\" content=\"Inositol\" \/>\n<meta property=\"og:description\" content=\"Find out more about Polycystic Ovary Syndrome (PCOS), how it interferes with fertility and different therapeutic options.\" \/>\n<meta property=\"og:url\" content=\"https:\/\/fertilovit.com\/es\/informacion\/pcos\/\" \/>\n<meta property=\"og:site_name\" content=\"Fertilovit\u00ae\" \/>\n<meta property=\"article:publisher\" content=\"https:\/\/www.facebook.com\/fertilovit\" \/>\n<meta property=\"article:modified_time\" content=\"2024-05-09T10:39:55+00:00\" \/>\n<meta property=\"og:image\" content=\"https:\/\/fertilovit.com\/wp-content\/uploads\/2021\/12\/pcos-2-compressed.jpg\" \/>\n<meta name=\"twitter:card\" content=\"summary_large_image\" \/>\n<meta name=\"twitter:label1\" content=\"Tiempo de lectura\" \/>\n\t<meta name=\"twitter:data1\" content=\"3 minutos\" \/>\n<script type=\"application\/ld+json\" class=\"yoast-schema-graph\">{\"@context\":\"https:\\\/\\\/schema.org\",\"@graph\":[{\"@type\":\"WebPage\",\"@id\":\"https:\\\/\\\/fertilovit.com\\\/es\\\/informacion\\\/pcos\\\/\",\"url\":\"https:\\\/\\\/fertilovit.com\\\/es\\\/informacion\\\/pcos\\\/\",\"name\":\"PCOS - Fertilovit\u00ae\",\"isPartOf\":{\"@id\":\"https:\\\/\\\/fertilovit.com\\\/es\\\/#website\"},\"primaryImageOfPage\":{\"@id\":\"https:\\\/\\\/fertilovit.com\\\/es\\\/informacion\\\/pcos\\\/#primaryimage\"},\"image\":{\"@id\":\"https:\\\/\\\/fertilovit.com\\\/es\\\/informacion\\\/pcos\\\/#primaryimage\"},\"thumbnailUrl\":\"https:\\\/\\\/fertilovit.com\\\/wp-content\\\/uploads\\\/2021\\\/12\\\/pcos-2-compressed.jpg\",\"datePublished\":\"2021-10-12T19:38:14+00:00\",\"dateModified\":\"2024-05-09T10:39:55+00:00\",\"description\":\"Find out more about Polycystic Ovary Syndrome (PCOS), how it interferes with fertility and different therapeutic options.\",\"breadcrumb\":{\"@id\":\"https:\\\/\\\/fertilovit.com\\\/es\\\/informacion\\\/pcos\\\/#breadcrumb\"},\"inLanguage\":\"es\",\"potentialAction\":[{\"@type\":\"ReadAction\",\"target\":[\"https:\\\/\\\/fertilovit.com\\\/es\\\/informacion\\\/pcos\\\/\"]}]},{\"@type\":\"ImageObject\",\"inLanguage\":\"es\",\"@id\":\"https:\\\/\\\/fertilovit.com\\\/es\\\/informacion\\\/pcos\\\/#primaryimage\",\"url\":\"https:\\\/\\\/fertilovit.com\\\/wp-content\\\/uploads\\\/2021\\\/12\\\/pcos-2-compressed.jpg\",\"contentUrl\":\"https:\\\/\\\/fertilovit.com\\\/wp-content\\\/uploads\\\/2021\\\/12\\\/pcos-2-compressed.jpg\"},{\"@type\":\"BreadcrumbList\",\"@id\":\"https:\\\/\\\/fertilovit.com\\\/es\\\/informacion\\\/pcos\\\/#breadcrumb\",\"itemListElement\":[{\"@type\":\"ListItem\",\"position\":1,\"name\":\"Home\",\"item\":\"https:\\\/\\\/fertilovit.com\\\/\"},{\"@type\":\"ListItem\",\"position\":2,\"name\":\"Information\",\"item\":\"https:\\\/\\\/fertilovit.com\\\/information\\\/\"},{\"@type\":\"ListItem\",\"position\":3,\"name\":\"Inositol\"}]},{\"@type\":\"WebSite\",\"@id\":\"https:\\\/\\\/fertilovit.com\\\/es\\\/#website\",\"url\":\"https:\\\/\\\/fertilovit.com\\\/es\\\/\",\"name\":\"Fertilovit\u00ae\",\"description\":\"For a new life\",\"publisher\":{\"@id\":\"https:\\\/\\\/fertilovit.com\\\/es\\\/#organization\"},\"potentialAction\":[{\"@type\":\"SearchAction\",\"target\":{\"@type\":\"EntryPoint\",\"urlTemplate\":\"https:\\\/\\\/fertilovit.com\\\/es\\\/?s={search_term_string}\"},\"query-input\":{\"@type\":\"PropertyValueSpecification\",\"valueRequired\":true,\"valueName\":\"search_term_string\"}}],\"inLanguage\":\"es\"},{\"@type\":\"Organization\",\"@id\":\"https:\\\/\\\/fertilovit.com\\\/es\\\/#organization\",\"name\":\"Fertilovit\u00ae\",\"url\":\"https:\\\/\\\/fertilovit.com\\\/es\\\/\",\"logo\":{\"@type\":\"ImageObject\",\"inLanguage\":\"es\",\"@id\":\"https:\\\/\\\/fertilovit.com\\\/es\\\/#\\\/schema\\\/logo\\\/image\\\/\",\"url\":\"https:\\\/\\\/fertilovit.com\\\/wp-content\\\/uploads\\\/2021\\\/10\\\/fertilovit-logo.png\",\"contentUrl\":\"https:\\\/\\\/fertilovit.com\\\/wp-content\\\/uploads\\\/2021\\\/10\\\/fertilovit-logo.png\",\"width\":835,\"height\":188,\"caption\":\"Fertilovit\u00ae\"},\"image\":{\"@id\":\"https:\\\/\\\/fertilovit.com\\\/es\\\/#\\\/schema\\\/logo\\\/image\\\/\"},\"sameAs\":[\"https:\\\/\\\/www.facebook.com\\\/fertilovit\",\"https:\\\/\\\/www.instagram.com\\\/fertilovit_international\\\/\",\"https:\\\/\\\/www.youtube.com\\\/@Fertilovit-com\",\"https:\\\/\\\/www.instagram.com\\\/fertilovitaustria\\\/\"],\"description\":\"Fertilovit is a scientifically-backed brand of advanced micronutrient supplements specifically formulated for preconception, pregnancy, and reproductive health. Developed by fertility experts, our patent-protected products provide targeted nutritional support for women and men, addressing specific needs such as PCOS, endometriosis, and optimized sperm quality.\",\"email\":\"office@fertilovit.com\",\"telephone\":\"+43 5574 54195\",\"legalName\":\"Gonadosan Distribution GmbH\",\"foundingDate\":\"2010-01-01\",\"vatID\":\"ATU35594004\",\"duns\":\"302468913\"}]}<\/script>\n<!-- \/ Yoast SEO Premium plugin. -->","yoast_head_json":{"title":"SOP - Fertilovit\u00ae","description":"Descubre m\u00e1s sobre el S\u00edndrome de Ovario Poliqu\u00edstico (SOP), c\u00f3mo interfiere con la fertilidad y las diferentes opciones terap\u00e9uticas.","robots":{"index":"index","follow":"follow","max-snippet":"max-snippet:-1","max-image-preview":"max-image-preview:large","max-video-preview":"max-video-preview:-1"},"canonical":"https:\/\/fertilovit.com\/es\/informacion\/pcos\/","og_locale":"es_ES","og_type":"article","og_title":"Inositol","og_description":"Find out more about Polycystic Ovary Syndrome (PCOS), how it interferes with fertility and different therapeutic options.","og_url":"https:\/\/fertilovit.com\/es\/informacion\/pcos\/","og_site_name":"Fertilovit\u00ae","article_publisher":"https:\/\/www.facebook.com\/fertilovit","article_modified_time":"2024-05-09T10:39:55+00:00","og_image":[{"url":"https:\/\/fertilovit.com\/wp-content\/uploads\/2021\/12\/pcos-2-compressed.jpg","type":"","width":"","height":""}],"twitter_card":"summary_large_image","twitter_misc":{"Tiempo de lectura":"3 minutos"},"schema":{"@context":"https:\/\/schema.org","@graph":[{"@type":"WebPage","@id":"https:\/\/fertilovit.com\/es\/informacion\/pcos\/","url":"https:\/\/fertilovit.com\/es\/informacion\/pcos\/","name":"SOP - Fertilovit\u00ae","isPartOf":{"@id":"https:\/\/fertilovit.com\/es\/#website"},"primaryImageOfPage":{"@id":"https:\/\/fertilovit.com\/es\/informacion\/pcos\/#primaryimage"},"image":{"@id":"https:\/\/fertilovit.com\/es\/informacion\/pcos\/#primaryimage"},"thumbnailUrl":"https:\/\/fertilovit.com\/wp-content\/uploads\/2021\/12\/pcos-2-compressed.jpg","datePublished":"2021-10-12T19:38:14+00:00","dateModified":"2024-05-09T10:39:55+00:00","description":"Descubre m\u00e1s sobre el S\u00edndrome de Ovario Poliqu\u00edstico (SOP), c\u00f3mo interfiere con la fertilidad y las diferentes opciones terap\u00e9uticas.","breadcrumb":{"@id":"https:\/\/fertilovit.com\/es\/informacion\/pcos\/#breadcrumb"},"inLanguage":"es","potentialAction":[{"@type":"ReadAction","target":["https:\/\/fertilovit.com\/es\/informacion\/pcos\/"]}]},{"@type":"ImageObject","inLanguage":"es","@id":"https:\/\/fertilovit.com\/es\/informacion\/pcos\/#primaryimage","url":"https:\/\/fertilovit.com\/wp-content\/uploads\/2021\/12\/pcos-2-compressed.jpg","contentUrl":"https:\/\/fertilovit.com\/wp-content\/uploads\/2021\/12\/pcos-2-compressed.jpg"},{"@type":"BreadcrumbList","@id":"https:\/\/fertilovit.com\/es\/informacion\/pcos\/#breadcrumb","itemListElement":[{"@type":"ListItem","position":1,"name":"Home","item":"https:\/\/fertilovit.com\/"},{"@type":"ListItem","position":2,"name":"Information","item":"https:\/\/fertilovit.com\/information\/"},{"@type":"ListItem","position":3,"name":"Inositol"}]},{"@type":"WebSite","@id":"https:\/\/fertilovit.com\/es\/#website","url":"https:\/\/fertilovit.com\/es\/","name":"Fertilovit\u00ae","description":"PARA UNA VIDA NUEVA","publisher":{"@id":"https:\/\/fertilovit.com\/es\/#organization"},"potentialAction":[{"@type":"SearchAction","target":{"@type":"EntryPoint","urlTemplate":"https:\/\/fertilovit.com\/es\/?s={search_term_string}"},"query-input":{"@type":"PropertyValueSpecification","valueRequired":true,"valueName":"search_term_string"}}],"inLanguage":"es"},{"@type":"Organization","@id":"https:\/\/fertilovit.com\/es\/#organization","name":"Fertilovit\u00ae","url":"https:\/\/fertilovit.com\/es\/","logo":{"@type":"ImageObject","inLanguage":"es","@id":"https:\/\/fertilovit.com\/es\/#\/schema\/logo\/image\/","url":"https:\/\/fertilovit.com\/wp-content\/uploads\/2021\/10\/fertilovit-logo.png","contentUrl":"https:\/\/fertilovit.com\/wp-content\/uploads\/2021\/10\/fertilovit-logo.png","width":835,"height":188,"caption":"Fertilovit\u00ae"},"image":{"@id":"https:\/\/fertilovit.com\/es\/#\/schema\/logo\/image\/"},"sameAs":["https:\/\/www.facebook.com\/fertilovit","https:\/\/www.instagram.com\/fertilovit_international\/","https:\/\/www.youtube.com\/@Fertilovit-com","https:\/\/www.instagram.com\/fertilovitaustria\/"],"description":"Fertilovit es una marca con respaldo cient\u00edfico de suplementos avanzados de micronutrientes formulados espec\u00edficamente para la preconcepci\u00f3n, el embarazo y la salud reproductiva. Desarrollados por expertos en fertilidad, nuestros productos protegidos por patente proporcionan un apoyo nutricional espec\u00edfico para mujeres y hombres, abordando necesidades concretas como el s\u00edndrome de ovario poliqu\u00edstico, la endometriosis y la optimizaci\u00f3n de la calidad del esperma.","email":"office@fertilovit.com","telephone":"+43 5574 54195","legalName":"Gonadosan Distribution GmbH","foundingDate":"2010-01-01","vatID":"ATU35594004","duns":"302468913"}]}},"_links":{"self":[{"href":"https:\/\/fertilovit.com\/es\/wp-json\/wp\/v2\/pages\/105","targetHints":{"allow":["GET"]}}],"collection":[{"href":"https:\/\/fertilovit.com\/es\/wp-json\/wp\/v2\/pages"}],"about":[{"href":"https:\/\/fertilovit.com\/es\/wp-json\/wp\/v2\/types\/page"}],"author":[{"embeddable":true,"href":"https:\/\/fertilovit.com\/es\/wp-json\/wp\/v2\/users\/2"}],"replies":[{"embeddable":true,"href":"https:\/\/fertilovit.com\/es\/wp-json\/wp\/v2\/comments?post=105"}],"version-history":[{"count":0,"href":"https:\/\/fertilovit.com\/es\/wp-json\/wp\/v2\/pages\/105\/revisions"}],"up":[{"embeddable":true,"href":"https:\/\/fertilovit.com\/es\/wp-json\/wp\/v2\/pages\/99"}],"wp:attachment":[{"href":"https:\/\/fertilovit.com\/es\/wp-json\/wp\/v2\/media?parent=105"}],"curies":[{"name":"wp","href":"https:\/\/api.w.org\/{rel}","templated":true}]}}