{"id":103,"date":"2021-10-12T19:37:56","date_gmt":"2021-10-12T19:37:56","guid":{"rendered":"https:\/\/temp.fertilovit.com\/?page_id=103"},"modified":"2024-05-09T11:39:58","modified_gmt":"2024-05-09T10:39:58","slug":"endometriosis","status":"publish","type":"page","link":"https:\/\/fertilovit.com\/es\/informacion\/endometriosis\/","title":{"rendered":"Endometriosis"},"content":{"rendered":"<div data-elementor-type=\"wp-page\" data-elementor-id=\"103\" class=\"elementor elementor-103\" data-elementor-settings=\"{&quot;element_pack_global_tooltip_width&quot;:{&quot;unit&quot;:&quot;px&quot;,&quot;size&quot;:&quot;&quot;,&quot;sizes&quot;:[]},&quot;element_pack_global_tooltip_width_laptop&quot;:{&quot;unit&quot;:&quot;px&quot;,&quot;size&quot;:&quot;&quot;,&quot;sizes&quot;:[]},&quot;element_pack_global_tooltip_width_tablet&quot;:{&quot;unit&quot;:&quot;px&quot;,&quot;size&quot;:&quot;&quot;,&quot;sizes&quot;:[]},&quot;element_pack_global_tooltip_width_mobile&quot;:{&quot;unit&quot;:&quot;px&quot;,&quot;size&quot;:&quot;&quot;,&quot;sizes&quot;:[]},&quot;element_pack_global_tooltip_padding&quot;:{&quot;unit&quot;:&quot;px&quot;,&quot;top&quot;:&quot;&quot;,&quot;right&quot;:&quot;&quot;,&quot;bottom&quot;:&quot;&quot;,&quot;left&quot;:&quot;&quot;,&quot;isLinked&quot;:true},&quot;element_pack_global_tooltip_padding_laptop&quot;:{&quot;unit&quot;:&quot;px&quot;,&quot;top&quot;:&quot;&quot;,&quot;right&quot;:&quot;&quot;,&quot;bottom&quot;:&quot;&quot;,&quot;left&quot;:&quot;&quot;,&quot;isLinked&quot;:true},&quot;element_pack_global_tooltip_padding_tablet&quot;:{&quot;unit&quot;:&quot;px&quot;,&quot;top&quot;:&quot;&quot;,&quot;right&quot;:&quot;&quot;,&quot;bottom&quot;:&quot;&quot;,&quot;left&quot;:&quot;&quot;,&quot;isLinked&quot;:true},&quot;element_pack_global_tooltip_padding_mobile&quot;:{&quot;unit&quot;:&quot;px&quot;,&quot;top&quot;:&quot;&quot;,&quot;right&quot;:&quot;&quot;,&quot;bottom&quot;:&quot;&quot;,&quot;left&quot;:&quot;&quot;,&quot;isLinked&quot;:true},&quot;element_pack_global_tooltip_border_radius&quot;:{&quot;unit&quot;:&quot;px&quot;,&quot;top&quot;:&quot;&quot;,&quot;right&quot;:&quot;&quot;,&quot;bottom&quot;:&quot;&quot;,&quot;left&quot;:&quot;&quot;,&quot;isLinked&quot;:true},&quot;element_pack_global_tooltip_border_radius_laptop&quot;:{&quot;unit&quot;:&quot;px&quot;,&quot;top&quot;:&quot;&quot;,&quot;right&quot;:&quot;&quot;,&quot;bottom&quot;:&quot;&quot;,&quot;left&quot;:&quot;&quot;,&quot;isLinked&quot;:true},&quot;element_pack_global_tooltip_border_radius_tablet&quot;:{&quot;unit&quot;:&quot;px&quot;,&quot;top&quot;:&quot;&quot;,&quot;right&quot;:&quot;&quot;,&quot;bottom&quot;:&quot;&quot;,&quot;left&quot;:&quot;&quot;,&quot;isLinked&quot;:true},&quot;element_pack_global_tooltip_border_radius_mobile&quot;:{&quot;unit&quot;:&quot;px&quot;,&quot;top&quot;:&quot;&quot;,&quot;right&quot;:&quot;&quot;,&quot;bottom&quot;:&quot;&quot;,&quot;left&quot;:&quot;&quot;,&quot;isLinked&quot;:true}}\" data-elementor-post-type=\"page\">\n\t\t\t\t\t\t<section class=\"has_ae_slider elementor-section elementor-top-section elementor-element elementor-element-cbaca7e elementor-section-full_width elementor-section-height-default elementor-section-height-default ae-bg-gallery-type-default\" data-id=\"cbaca7e\" data-element_type=\"section\" data-e-type=\"section\" data-settings=\"{&quot;background_background&quot;:&quot;classic&quot;}\">\n\t\t\t\t\t\t<div class=\"elementor-container elementor-column-gap-no\">\n\t\t\t\t\t<div class=\"has_ae_slider elementor-column elementor-col-100 elementor-top-column elementor-element elementor-element-4b055ca ae-bg-gallery-type-default\" data-id=\"4b055ca\" data-element_type=\"column\" data-e-type=\"column\">\n\t\t\t<div class=\"elementor-widget-wrap elementor-element-populated\">\n\t\t\t\t\t\t<div class=\"elementor-element elementor-element-c806ce9 elementor-widget elementor-widget-bdt-featured-box\" data-id=\"c806ce9\" data-element_type=\"widget\" data-e-type=\"widget\" data-widget_type=\"bdt-featured-box.split\">\n\t\t\t\t<div class=\"elementor-widget-container\">\n\t\t\t\t\t\t\t<div class=\"bdt-ep-featured-box bdt-ep-featured-box-skin-split\">\r\n\r\n\t\t\t<div class=\"bdt-grid\">\r\n\t\t\t\t<div class=\"bdt-width-1-1 bdt-width-2-5@s\">\r\n\t\t\t\t\t<div class=\"bdt-ep-featured-box-content bdt-position-z-index bdt-position-center-left bdt-text-left\">\r\n\t\t\t\t\t\t\t\t\t\t\t<div class=\"bdt-ep-featured-box-sub-title\">\r\n\t\t\t\tEndometriosis\t\t\t<\/div>\r\n\t\t\r\n\t\t\t\t\t<h3\t\t\t\tclass=\"bdt-ep-featured-box-title\">\r\n\t\t\t\t<span >\r\n\t\t\t\t\ty fertilidad\t\t\t\t<\/span>\r\n\t\t\t<\/h3>\r\n\t\t\r\n\t\t\r\n\t\t\t\t\t<div class=\"bdt-ep-featured-box-button\">\r\n\t\t\t\t<a class=\"bdt-ep-featured-box-readmore bdt-display-inline-block elementor-animation-wobble-horizontal\" href=\"https:\/\/fertilovit.com\/es\/mujer\/fertilovit-f-endo\/\" target=\"_blank\">\r\n\t\t\t\t\tFertilovit\u00ae F ENDO\t\t\t\t\t\t\t\t\t\t\t<span class=\"bdt-button-icon-align-right\">\r\n\t\t\t\t\t\t\t<i aria-hidden=\"true\" class=\"fa-fw fas fa-venus-mars\"><\/i>\t\t\t\t\t\t<\/span>\r\n\t\t\t\t\t\t\t\t\t<\/a>\r\n\t\t\t<\/div>\r\n\t\t\t\t\t\t\t\t<\/div>\r\n\t\t\t\t<\/div>\r\n\t\t\t\t<div class=\"bdt-width-1-1 bdt-width-3-5@s\">\r\n\t\t\t\t\t\t\t<div class=\"bdt-ep-featured-box-image\">\r\n\t\t\t<div class=\"bdt-position-relative\">\r\n\t\t\t\t<img fetchpriority=\"high\" decoding=\"async\" width=\"1920\" height=\"1280\" src=\"https:\/\/fertilovit.com\/wp-content\/uploads\/2021\/12\/endometriosis-compressed.jpg\" class=\"attachment-full size-full\" alt=\"y fertilidad\" srcset=\"https:\/\/fertilovit.com\/wp-content\/uploads\/2021\/12\/endometriosis-compressed.jpg 1920w, https:\/\/fertilovit.com\/wp-content\/uploads\/2021\/12\/endometriosis-compressed-300x200.jpg 300w, https:\/\/fertilovit.com\/wp-content\/uploads\/2021\/12\/endometriosis-compressed-1024x683.jpg 1024w, https:\/\/fertilovit.com\/wp-content\/uploads\/2021\/12\/endometriosis-compressed-768x512.jpg 768w, https:\/\/fertilovit.com\/wp-content\/uploads\/2021\/12\/endometriosis-compressed-1536x1024.jpg 1536w, https:\/\/fertilovit.com\/wp-content\/uploads\/2021\/12\/endometriosis-compressed-18x12.jpg 18w\" sizes=\"(max-width: 1920px) 100vw, 1920px\" \/>\t\t\t\t\t\t<\/div>\r\n\t\t<\/div>\r\n\t\t\t\t\t\t<\/div>\r\n\t\t\t<\/div>\r\n\r\n\t\t<\/div>\r\n\r\n\t\t\t\t\t\t<\/div>\n\t\t\t\t<\/div>\n\t\t\t\t\t<\/div>\n\t\t<\/div>\n\t\t\t\t\t<\/div>\n\t\t<\/section>\n\t\t\t\t<section class=\"has_ae_slider elementor-section elementor-top-section elementor-element elementor-element-aa61fa7 elementor-section-boxed elementor-section-height-default elementor-section-height-default ae-bg-gallery-type-default\" data-id=\"aa61fa7\" data-element_type=\"section\" data-e-type=\"section\">\n\t\t\t\t\t\t<div class=\"elementor-container elementor-column-gap-default\">\n\t\t\t\t\t<div class=\"has_ae_slider elementor-column elementor-col-100 elementor-top-column elementor-element elementor-element-ad396b7 ae-bg-gallery-type-default\" data-id=\"ad396b7\" data-element_type=\"column\" data-e-type=\"column\">\n\t\t\t<div class=\"elementor-widget-wrap elementor-element-populated\">\n\t\t\t\t\t\t<section class=\"has_ae_slider elementor-section elementor-inner-section elementor-element elementor-element-753107b elementor-section-boxed elementor-section-height-default elementor-section-height-default ae-bg-gallery-type-default\" data-id=\"753107b\" data-element_type=\"section\" data-e-type=\"section\">\n\t\t\t\t\t\t<div class=\"elementor-container elementor-column-gap-extended\">\n\t\t\t\t\t<div class=\"has_ae_slider elementor-column elementor-col-100 elementor-inner-column elementor-element elementor-element-39e30e9 ae-bg-gallery-type-default\" data-id=\"39e30e9\" data-element_type=\"column\" data-e-type=\"column\">\n\t\t\t<div class=\"elementor-widget-wrap elementor-element-populated\">\n\t\t\t\t\t\t<div class=\"elementor-element elementor-element-2a19d6c elementor-widget elementor-widget-text-editor\" data-id=\"2a19d6c\" data-element_type=\"widget\" data-e-type=\"widget\" data-widget_type=\"text-editor.default\">\n\t\t\t\t<div class=\"elementor-widget-container\">\n\t\t\t\t\t\t\t\t\t<div class=\"page\" title=\"P\u00e1gina 1\"><div class=\"layoutArea\"><div class=\"column\"><div class=\"page\" title=\"P\u00e1gina 1\"><div class=\"layoutArea\"><div class=\"column\"><p><span style=\"font-weight: 400;\">La endometriosis es una afecci\u00f3n muy com\u00fan que afecta aproximadamente a una de cada diez mujeres durante sus a\u00f1os reproductivos. Se caracteriza por la presencia de tejido endometrial fuera del \u00fatero. El tejido mal colocado se convierte en crecimientos o lesiones que responden al ciclo menstrual de la misma manera que lo hace el tejido del revestimiento uterino: cada mes, el tejido se acumula, se descompone y se desprende. <br \/><\/span><\/p><p><span style=\"font-weight: 400;\">La sangre menstrual fluye desde el \u00fatero y sale del cuerpo a trav\u00e9s de la vagina, pero la sangre y el tejido que se desprenden de los crecimientos endometriales no tienen forma de salir del cuerpo. Esto provoca hemorragia interna, descomposici\u00f3n de la sangre y el tejido de las lesiones y, finalmente, inflamaci\u00f3n: las consecuencias incluyen dolor de moderado a intenso, formaci\u00f3n de tejido cicatricial, adherencias, problemas intestinales e infertilidad.<\/span><\/p><p><strong>\u00bfC\u00f3mo afecta exactamente la endometriosis a la fertilidad?<\/strong><\/p><p><span style=\"font-weight: 400;\">La endometriosis interfiere con la fertilidad saludable de diversas maneras. Alrededor del 30-40% de las mujeres que acuden a cl\u00ednicas de fertilidad padecen endometriosis. Dependiendo de la ubicaci\u00f3n de los endometriomas, a veces son simplemente un obst\u00e1culo mec\u00e1nico. Sin embargo, los problemas tambi\u00e9n son m\u00e1s profundos: las pacientes con endometriosis, en promedio, ovulan menos ovocitos que los controles sanos y los ovocitos ovulados tienen una calidad deteriorada. La mayor\u00eda de los expertos piensan hoy en d\u00eda que esto podr\u00eda atribuirse a niveles elevados de inflamaci\u00f3n y a un aumento del estr\u00e9s oxidativo.<\/span><\/p><p><strong>\u00bfCu\u00e1les son las opciones de tratamiento?<\/strong><\/p><p><span style=\"font-weight: 400;\">La endometriosis es un trastorno cr\u00f3nico y, lamentablemente, no existe una cura real. El tratamiento de los s\u00edntomas abarca desde analg\u00e9sicos hasta tratamiento hormonal y cirug\u00eda. Seg\u00fan las encuestas, a muchos pacientes tambi\u00e9n les gusta recurrir a la medicina complementaria. El tratamiento de fertilidad ha experimentado avances considerables en los \u00faltimos a\u00f1os y, a menudo, tiene excelentes resultados.<\/span><\/p><p><span style=\"font-weight: 400;\">Al planificar el embarazo, ajustar la dieta y agregar suplementos de micronutrientes espec\u00edficos puede ayudar a reducir suavemente los niveles de inflamaci\u00f3n y estr\u00e9s oxidativo desde dentro. <a href=\"https:\/\/endometriosis-info.net\/p.php?c=ernaehrung\"><strong>Aprende m\u00e1s\u2026<\/strong><\/a><\/span><\/p><p><strong>\u00bfC\u00f3mo puede ayudar Fertilovit\u00ae F Endo durante la preconcepci\u00f3n?<\/strong><\/p><p><span style=\"font-weight: 400;\">Fertilovit\u00ae F Endo es la primera formulaci\u00f3n preconcepcional del mundo dise\u00f1ada para satisfacer las necesidades de las mujeres con endometriosis que planifican el embarazo. Contiene \u00e1cido f\u00f3lico en altas dosis (800 \u00b5g) en combinaci\u00f3n con un aporte completo de vitaminas, minerales y antioxidantes.\u00a0<\/span><\/p><p><span style=\"font-weight: 400;\">Fertilovit\u00ae F Endo permite el tratamiento diet\u00e9tico espec\u00edfico pero integral de la endometriosis.\u00a0<\/span><\/p><p><span style=\"font-weight: 400;\">Con s\u00f3lo dos c\u00e1psulas al d\u00eda, el paciente no s\u00f3lo alcanza el nivel de folato recomendado para protegerse de los trastornos del tubo neural, sino que tambi\u00e9n cumple con las nuevas recomendaciones del American Nurses&#039; Health Study. La coenzima Q10 desempe\u00f1a un papel en la funci\u00f3n mitocondrial, que es especialmente importante en pacientes maduros.<\/span><\/p><p><span style=\"font-weight: 400;\">Adem\u00e1s de esto, la opci\u00f3n de tratamiento no invasivo proporciona una forma natural de disminuir los niveles de estr\u00e9s oxidativo.\u00a0<\/span><\/p><p><span style=\"font-weight: 400;\">Un efecto secundario bienvenido es el hecho de que muchos pacientes tambi\u00e9n experimentan un aumento en el bienestar general y una reducci\u00f3n del dolor. Esto \u00faltimo podr\u00eda deberse al hecho de que la nocicepci\u00f3n en pacientes con endometriosis se ha relacionado directamente con un aumento del estr\u00e9s oxidativo, y contrarrestar este mecanismo ha mostrado excelentes resultados para el alivio del dolor de forma natural. <\/span><\/p><\/div><\/div><\/div><\/div><\/div><\/div>\t\t\t\t\t\t\t\t<\/div>\n\t\t\t\t<\/div>\n\t\t\t\t\t<\/div>\n\t\t<\/div>\n\t\t\t\t\t<\/div>\n\t\t<\/section>\n\t\t\t\t\t<\/div>\n\t\t<\/div>\n\t\t\t\t\t<\/div>\n\t\t<\/section>\n\t\t\t\t<\/div>","protected":false},"excerpt":{"rendered":"<p>Endometriosis and fertility Fertilovit\u00ae F ENDO Endometriosis is a very common condition that affects approximately one in ten women during their reproductive years. It is characterized by the presence of endometrial tissue outside the uterus. The misplaced tissue develops into growths or lesions which respond to the menstrual cycle in the same way that the [&hellip;]<\/p>\n","protected":false},"author":2,"featured_media":0,"parent":99,"menu_order":0,"comment_status":"closed","ping_status":"closed","template":"","meta":{"_acf_changed":false,"footnotes":""},"class_list":["post-103","page","type-page","status-publish","hentry"],"acf":[],"yoast_head":"<!-- This site is optimized with the Yoast SEO Premium plugin v27.0 (Yoast SEO v27.3) - https:\/\/yoast.com\/product\/yoast-seo-premium-wordpress\/ -->\n<title>Endometriosis - Fertilovit\u00ae<\/title>\n<meta name=\"description\" content=\"Here you will learn everything you need to know about endometriosis, its possible effects on fertility and its dietary management.\" \/>\n<meta name=\"robots\" content=\"index, follow, max-snippet:-1, max-image-preview:large, max-video-preview:-1\" \/>\n<link rel=\"canonical\" href=\"https:\/\/fertilovit.com\/es\/informacion\/endometriosis\/\" \/>\n<meta property=\"og:locale\" content=\"es_ES\" \/>\n<meta property=\"og:type\" content=\"article\" \/>\n<meta property=\"og:title\" content=\"Endometriosis\" \/>\n<meta property=\"og:description\" content=\"Here you will learn everything you need to know about endometriosis, its possible effects on fertility and its dietary management.\" \/>\n<meta property=\"og:url\" content=\"https:\/\/fertilovit.com\/es\/informacion\/endometriosis\/\" \/>\n<meta property=\"og:site_name\" content=\"Fertilovit\u00ae\" \/>\n<meta property=\"article:publisher\" content=\"https:\/\/www.facebook.com\/fertilovit\" \/>\n<meta property=\"article:modified_time\" content=\"2024-05-09T10:39:58+00:00\" \/>\n<meta property=\"og:image\" content=\"https:\/\/fertilovit.com\/wp-content\/uploads\/2021\/12\/endometriosis-compressed.jpg\" \/>\n<meta name=\"twitter:card\" content=\"summary_large_image\" \/>\n<meta name=\"twitter:label1\" content=\"Tiempo de lectura\" \/>\n\t<meta name=\"twitter:data1\" content=\"3 minutos\" \/>\n<script type=\"application\/ld+json\" class=\"yoast-schema-graph\">{\"@context\":\"https:\\\/\\\/schema.org\",\"@graph\":[{\"@type\":\"WebPage\",\"@id\":\"https:\\\/\\\/fertilovit.com\\\/es\\\/informacion\\\/endometriosis\\\/\",\"url\":\"https:\\\/\\\/fertilovit.com\\\/es\\\/informacion\\\/endometriosis\\\/\",\"name\":\"Endometriosis - Fertilovit\u00ae\",\"isPartOf\":{\"@id\":\"https:\\\/\\\/fertilovit.com\\\/es\\\/#website\"},\"primaryImageOfPage\":{\"@id\":\"https:\\\/\\\/fertilovit.com\\\/es\\\/informacion\\\/endometriosis\\\/#primaryimage\"},\"image\":{\"@id\":\"https:\\\/\\\/fertilovit.com\\\/es\\\/informacion\\\/endometriosis\\\/#primaryimage\"},\"thumbnailUrl\":\"https:\\\/\\\/fertilovit.com\\\/wp-content\\\/uploads\\\/2021\\\/12\\\/endometriosis-compressed.jpg\",\"datePublished\":\"2021-10-12T19:37:56+00:00\",\"dateModified\":\"2024-05-09T10:39:58+00:00\",\"description\":\"Here you will learn everything you need to know about endometriosis, its possible effects on fertility and its dietary management.\",\"breadcrumb\":{\"@id\":\"https:\\\/\\\/fertilovit.com\\\/es\\\/informacion\\\/endometriosis\\\/#breadcrumb\"},\"inLanguage\":\"es\",\"potentialAction\":[{\"@type\":\"ReadAction\",\"target\":[\"https:\\\/\\\/fertilovit.com\\\/es\\\/informacion\\\/endometriosis\\\/\"]}]},{\"@type\":\"ImageObject\",\"inLanguage\":\"es\",\"@id\":\"https:\\\/\\\/fertilovit.com\\\/es\\\/informacion\\\/endometriosis\\\/#primaryimage\",\"url\":\"https:\\\/\\\/fertilovit.com\\\/wp-content\\\/uploads\\\/2021\\\/12\\\/endometriosis-compressed.jpg\",\"contentUrl\":\"https:\\\/\\\/fertilovit.com\\\/wp-content\\\/uploads\\\/2021\\\/12\\\/endometriosis-compressed.jpg\"},{\"@type\":\"BreadcrumbList\",\"@id\":\"https:\\\/\\\/fertilovit.com\\\/es\\\/informacion\\\/endometriosis\\\/#breadcrumb\",\"itemListElement\":[{\"@type\":\"ListItem\",\"position\":1,\"name\":\"Home\",\"item\":\"https:\\\/\\\/fertilovit.com\\\/\"},{\"@type\":\"ListItem\",\"position\":2,\"name\":\"Information\",\"item\":\"https:\\\/\\\/fertilovit.com\\\/information\\\/\"},{\"@type\":\"ListItem\",\"position\":3,\"name\":\"Endometriosis\"}]},{\"@type\":\"WebSite\",\"@id\":\"https:\\\/\\\/fertilovit.com\\\/es\\\/#website\",\"url\":\"https:\\\/\\\/fertilovit.com\\\/es\\\/\",\"name\":\"Fertilovit\u00ae\",\"description\":\"For a new life\",\"publisher\":{\"@id\":\"https:\\\/\\\/fertilovit.com\\\/es\\\/#organization\"},\"potentialAction\":[{\"@type\":\"SearchAction\",\"target\":{\"@type\":\"EntryPoint\",\"urlTemplate\":\"https:\\\/\\\/fertilovit.com\\\/es\\\/?s={search_term_string}\"},\"query-input\":{\"@type\":\"PropertyValueSpecification\",\"valueRequired\":true,\"valueName\":\"search_term_string\"}}],\"inLanguage\":\"es\"},{\"@type\":\"Organization\",\"@id\":\"https:\\\/\\\/fertilovit.com\\\/es\\\/#organization\",\"name\":\"Fertilovit\u00ae\",\"url\":\"https:\\\/\\\/fertilovit.com\\\/es\\\/\",\"logo\":{\"@type\":\"ImageObject\",\"inLanguage\":\"es\",\"@id\":\"https:\\\/\\\/fertilovit.com\\\/es\\\/#\\\/schema\\\/logo\\\/image\\\/\",\"url\":\"https:\\\/\\\/fertilovit.com\\\/wp-content\\\/uploads\\\/2021\\\/10\\\/fertilovit-logo.png\",\"contentUrl\":\"https:\\\/\\\/fertilovit.com\\\/wp-content\\\/uploads\\\/2021\\\/10\\\/fertilovit-logo.png\",\"width\":835,\"height\":188,\"caption\":\"Fertilovit\u00ae\"},\"image\":{\"@id\":\"https:\\\/\\\/fertilovit.com\\\/es\\\/#\\\/schema\\\/logo\\\/image\\\/\"},\"sameAs\":[\"https:\\\/\\\/www.facebook.com\\\/fertilovit\",\"https:\\\/\\\/www.instagram.com\\\/fertilovit_international\\\/\",\"https:\\\/\\\/www.youtube.com\\\/@Fertilovit-com\",\"https:\\\/\\\/www.instagram.com\\\/fertilovitaustria\\\/\"],\"description\":\"Fertilovit is a scientifically-backed brand of advanced micronutrient supplements specifically formulated for preconception, pregnancy, and reproductive health. Developed by fertility experts, our patent-protected products provide targeted nutritional support for women and men, addressing specific needs such as PCOS, endometriosis, and optimized sperm quality.\",\"email\":\"office@fertilovit.com\",\"telephone\":\"+43 5574 54195\",\"legalName\":\"Gonadosan Distribution GmbH\",\"foundingDate\":\"2010-01-01\",\"vatID\":\"ATU35594004\",\"duns\":\"302468913\"}]}<\/script>\n<!-- \/ Yoast SEO Premium plugin. -->","yoast_head_json":{"title":"Endometriosis - Fertilovit\u00ae","description":"Aqu\u00ed aprender\u00e1s todo lo que necesitas saber sobre la endometriosis, sus posibles efectos sobre la fertilidad y su manejo diet\u00e9tico.","robots":{"index":"index","follow":"follow","max-snippet":"max-snippet:-1","max-image-preview":"max-image-preview:large","max-video-preview":"max-video-preview:-1"},"canonical":"https:\/\/fertilovit.com\/es\/informacion\/endometriosis\/","og_locale":"es_ES","og_type":"article","og_title":"Endometriosis","og_description":"Here you will learn everything you need to know about endometriosis, its possible effects on fertility and its dietary management.","og_url":"https:\/\/fertilovit.com\/es\/informacion\/endometriosis\/","og_site_name":"Fertilovit\u00ae","article_publisher":"https:\/\/www.facebook.com\/fertilovit","article_modified_time":"2024-05-09T10:39:58+00:00","og_image":[{"url":"https:\/\/fertilovit.com\/wp-content\/uploads\/2021\/12\/endometriosis-compressed.jpg","type":"","width":"","height":""}],"twitter_card":"summary_large_image","twitter_misc":{"Tiempo de lectura":"3 minutos"},"schema":{"@context":"https:\/\/schema.org","@graph":[{"@type":"WebPage","@id":"https:\/\/fertilovit.com\/es\/informacion\/endometriosis\/","url":"https:\/\/fertilovit.com\/es\/informacion\/endometriosis\/","name":"Endometriosis - Fertilovit\u00ae","isPartOf":{"@id":"https:\/\/fertilovit.com\/es\/#website"},"primaryImageOfPage":{"@id":"https:\/\/fertilovit.com\/es\/informacion\/endometriosis\/#primaryimage"},"image":{"@id":"https:\/\/fertilovit.com\/es\/informacion\/endometriosis\/#primaryimage"},"thumbnailUrl":"https:\/\/fertilovit.com\/wp-content\/uploads\/2021\/12\/endometriosis-compressed.jpg","datePublished":"2021-10-12T19:37:56+00:00","dateModified":"2024-05-09T10:39:58+00:00","description":"Aqu\u00ed aprender\u00e1s todo lo que necesitas saber sobre la endometriosis, sus posibles efectos sobre la fertilidad y su manejo diet\u00e9tico.","breadcrumb":{"@id":"https:\/\/fertilovit.com\/es\/informacion\/endometriosis\/#breadcrumb"},"inLanguage":"es","potentialAction":[{"@type":"ReadAction","target":["https:\/\/fertilovit.com\/es\/informacion\/endometriosis\/"]}]},{"@type":"ImageObject","inLanguage":"es","@id":"https:\/\/fertilovit.com\/es\/informacion\/endometriosis\/#primaryimage","url":"https:\/\/fertilovit.com\/wp-content\/uploads\/2021\/12\/endometriosis-compressed.jpg","contentUrl":"https:\/\/fertilovit.com\/wp-content\/uploads\/2021\/12\/endometriosis-compressed.jpg"},{"@type":"BreadcrumbList","@id":"https:\/\/fertilovit.com\/es\/informacion\/endometriosis\/#breadcrumb","itemListElement":[{"@type":"ListItem","position":1,"name":"Home","item":"https:\/\/fertilovit.com\/"},{"@type":"ListItem","position":2,"name":"Information","item":"https:\/\/fertilovit.com\/information\/"},{"@type":"ListItem","position":3,"name":"Endometriosis"}]},{"@type":"WebSite","@id":"https:\/\/fertilovit.com\/es\/#website","url":"https:\/\/fertilovit.com\/es\/","name":"Fertilovit\u00ae","description":"PARA UNA VIDA NUEVA","publisher":{"@id":"https:\/\/fertilovit.com\/es\/#organization"},"potentialAction":[{"@type":"SearchAction","target":{"@type":"EntryPoint","urlTemplate":"https:\/\/fertilovit.com\/es\/?s={search_term_string}"},"query-input":{"@type":"PropertyValueSpecification","valueRequired":true,"valueName":"search_term_string"}}],"inLanguage":"es"},{"@type":"Organization","@id":"https:\/\/fertilovit.com\/es\/#organization","name":"Fertilovit\u00ae","url":"https:\/\/fertilovit.com\/es\/","logo":{"@type":"ImageObject","inLanguage":"es","@id":"https:\/\/fertilovit.com\/es\/#\/schema\/logo\/image\/","url":"https:\/\/fertilovit.com\/wp-content\/uploads\/2021\/10\/fertilovit-logo.png","contentUrl":"https:\/\/fertilovit.com\/wp-content\/uploads\/2021\/10\/fertilovit-logo.png","width":835,"height":188,"caption":"Fertilovit\u00ae"},"image":{"@id":"https:\/\/fertilovit.com\/es\/#\/schema\/logo\/image\/"},"sameAs":["https:\/\/www.facebook.com\/fertilovit","https:\/\/www.instagram.com\/fertilovit_international\/","https:\/\/www.youtube.com\/@Fertilovit-com","https:\/\/www.instagram.com\/fertilovitaustria\/"],"description":"Fertilovit es una marca con respaldo cient\u00edfico de suplementos avanzados de micronutrientes formulados espec\u00edficamente para la preconcepci\u00f3n, el embarazo y la salud reproductiva. Desarrollados por expertos en fertilidad, nuestros productos protegidos por patente proporcionan un apoyo nutricional espec\u00edfico para mujeres y hombres, abordando necesidades concretas como el s\u00edndrome de ovario poliqu\u00edstico, la endometriosis y la optimizaci\u00f3n de la calidad del esperma.","email":"office@fertilovit.com","telephone":"+43 5574 54195","legalName":"Gonadosan Distribution GmbH","foundingDate":"2010-01-01","vatID":"ATU35594004","duns":"302468913"}]}},"_links":{"self":[{"href":"https:\/\/fertilovit.com\/es\/wp-json\/wp\/v2\/pages\/103","targetHints":{"allow":["GET"]}}],"collection":[{"href":"https:\/\/fertilovit.com\/es\/wp-json\/wp\/v2\/pages"}],"about":[{"href":"https:\/\/fertilovit.com\/es\/wp-json\/wp\/v2\/types\/page"}],"author":[{"embeddable":true,"href":"https:\/\/fertilovit.com\/es\/wp-json\/wp\/v2\/users\/2"}],"replies":[{"embeddable":true,"href":"https:\/\/fertilovit.com\/es\/wp-json\/wp\/v2\/comments?post=103"}],"version-history":[{"count":0,"href":"https:\/\/fertilovit.com\/es\/wp-json\/wp\/v2\/pages\/103\/revisions"}],"up":[{"embeddable":true,"href":"https:\/\/fertilovit.com\/es\/wp-json\/wp\/v2\/pages\/99"}],"wp:attachment":[{"href":"https:\/\/fertilovit.com\/es\/wp-json\/wp\/v2\/media?parent=103"}],"curies":[{"name":"wp","href":"https:\/\/api.w.org\/{rel}","templated":true}]}}