{"id":3444,"date":"2021-11-04T23:29:57","date_gmt":"2021-11-04T23:29:57","guid":{"rendered":"https:\/\/temp.fertilovit.com\/?page_id=3444"},"modified":"2024-11-14T11:11:22","modified_gmt":"2024-11-14T10:11:22","slug":"datenschutzrichtlinie","status":"publish","type":"page","link":"https:\/\/fertilovit.com\/de\/datenschutzrichtlinie\/","title":{"rendered":"Datenschutzerkl\u00e4rung"},"content":{"rendered":"<div data-elementor-type=\"wp-page\" data-elementor-id=\"3444\" class=\"elementor elementor-3444\" data-elementor-settings=\"{&quot;element_pack_global_tooltip_width&quot;:{&quot;unit&quot;:&quot;px&quot;,&quot;size&quot;:&quot;&quot;,&quot;sizes&quot;:[]},&quot;element_pack_global_tooltip_width_laptop&quot;:{&quot;unit&quot;:&quot;px&quot;,&quot;size&quot;:&quot;&quot;,&quot;sizes&quot;:[]},&quot;element_pack_global_tooltip_width_tablet&quot;:{&quot;unit&quot;:&quot;px&quot;,&quot;size&quot;:&quot;&quot;,&quot;sizes&quot;:[]},&quot;element_pack_global_tooltip_width_mobile&quot;:{&quot;unit&quot;:&quot;px&quot;,&quot;size&quot;:&quot;&quot;,&quot;sizes&quot;:[]},&quot;element_pack_global_tooltip_padding&quot;:{&quot;unit&quot;:&quot;px&quot;,&quot;top&quot;:&quot;&quot;,&quot;right&quot;:&quot;&quot;,&quot;bottom&quot;:&quot;&quot;,&quot;left&quot;:&quot;&quot;,&quot;isLinked&quot;:true},&quot;element_pack_global_tooltip_padding_laptop&quot;:{&quot;unit&quot;:&quot;px&quot;,&quot;top&quot;:&quot;&quot;,&quot;right&quot;:&quot;&quot;,&quot;bottom&quot;:&quot;&quot;,&quot;left&quot;:&quot;&quot;,&quot;isLinked&quot;:true},&quot;element_pack_global_tooltip_padding_tablet&quot;:{&quot;unit&quot;:&quot;px&quot;,&quot;top&quot;:&quot;&quot;,&quot;right&quot;:&quot;&quot;,&quot;bottom&quot;:&quot;&quot;,&quot;left&quot;:&quot;&quot;,&quot;isLinked&quot;:true},&quot;element_pack_global_tooltip_padding_mobile&quot;:{&quot;unit&quot;:&quot;px&quot;,&quot;top&quot;:&quot;&quot;,&quot;right&quot;:&quot;&quot;,&quot;bottom&quot;:&quot;&quot;,&quot;left&quot;:&quot;&quot;,&quot;isLinked&quot;:true},&quot;element_pack_global_tooltip_border_radius&quot;:{&quot;unit&quot;:&quot;px&quot;,&quot;top&quot;:&quot;&quot;,&quot;right&quot;:&quot;&quot;,&quot;bottom&quot;:&quot;&quot;,&quot;left&quot;:&quot;&quot;,&quot;isLinked&quot;:true},&quot;element_pack_global_tooltip_border_radius_laptop&quot;:{&quot;unit&quot;:&quot;px&quot;,&quot;top&quot;:&quot;&quot;,&quot;right&quot;:&quot;&quot;,&quot;bottom&quot;:&quot;&quot;,&quot;left&quot;:&quot;&quot;,&quot;isLinked&quot;:true},&quot;element_pack_global_tooltip_border_radius_tablet&quot;:{&quot;unit&quot;:&quot;px&quot;,&quot;top&quot;:&quot;&quot;,&quot;right&quot;:&quot;&quot;,&quot;bottom&quot;:&quot;&quot;,&quot;left&quot;:&quot;&quot;,&quot;isLinked&quot;:true},&quot;element_pack_global_tooltip_border_radius_mobile&quot;:{&quot;unit&quot;:&quot;px&quot;,&quot;top&quot;:&quot;&quot;,&quot;right&quot;:&quot;&quot;,&quot;bottom&quot;:&quot;&quot;,&quot;left&quot;:&quot;&quot;,&quot;isLinked&quot;:true}}\" data-elementor-post-type=\"page\">\n\t\t\t\t\t\t<section class=\"has_ae_slider elementor-section elementor-top-section elementor-element elementor-element-2347dc4 elementor-section-boxed elementor-section-height-default elementor-section-height-default ae-bg-gallery-type-default\" data-id=\"2347dc4\" data-element_type=\"section\" data-e-type=\"section\">\n\t\t\t\t\t\t<div class=\"elementor-container elementor-column-gap-default\">\n\t\t\t\t\t<div class=\"has_ae_slider elementor-column elementor-col-100 elementor-top-column elementor-element elementor-element-fbb59c0 ae-bg-gallery-type-default\" data-id=\"fbb59c0\" data-element_type=\"column\" data-e-type=\"column\">\n\t\t\t<div class=\"elementor-widget-wrap elementor-element-populated\">\n\t\t\t\t\t\t<div class=\"elementor-element elementor-element-a7139ec elementor-widget elementor-widget-heading\" data-id=\"a7139ec\" data-element_type=\"widget\" data-e-type=\"widget\" data-widget_type=\"heading.default\">\n\t\t\t\t<div class=\"elementor-widget-container\">\n\t\t\t\t\t<h2 class=\"elementor-heading-title elementor-size-default\">Datenschutzerkl\u00e4rung<\/h2>\t\t\t\t<\/div>\n\t\t\t\t<\/div>\n\t\t\t\t<div class=\"elementor-element elementor-element-3e48ffc elementor-widget elementor-widget-text-editor\" data-id=\"3e48ffc\" data-element_type=\"widget\" data-e-type=\"widget\" data-widget_type=\"text-editor.default\">\n\t\t\t\t<div class=\"elementor-widget-container\">\n\t\t\t\t\t\t\t\t\t<h3 id=\"c3\">1. Allgemeines<\/h3>\n<p id=\"c4\" class=\"intro\">Wir nehmen den Schutz personenbezogener Daten sehr ernst und halten uns strikt an die Regeln der Datenschutzgesetze (DSGVO, TKG, MedienG, ECG, UGB). Die erhobenen Daten werden nach bestem Wissen und Gewissen durch technische und organisatorische Ma\u00dfnahmen gesch\u00fctzt. Personenbezogene Daten werden nur intern verarbeitet. Eine Weitergabe an Dritte erfolgt nicht. Ausnahmen hiervon gelten nur im Falle einer medizinischen oder gesetzlichen Verpflichtung oder wenn Sie einer solchen Weitergabe ausdr\u00fccklich zugestimmt haben.<\/p>\n<p id=\"c5\" class=\"intro\">Diese Erkl\u00e4rung soll Ihnen einen \u00dcberblick dar\u00fcber geben, wie wir diesen Schutz gew\u00e4hrleisten und welche Art von Daten zu welchem Zweck erhoben werden.<\/p>\n<h3 id=\"c6\">2. Verbindungs- und Laufzeitdaten<\/h3>\n<p id=\"c7\" class=\"intro\">Zur Fehlerfr\u00fcherkennung, zur Optimierung unserer Homepages oder zur Messung und Auswertung unserer Kommunikationskampagnen werden beim Aufruf unserer Webseiten automatisch technische Informationen zum Browser\/Verbindung im Server-Log gespeichert, u.a. Browsertyp\/-version, Betrieb System, IP-Adresse des Rechners, Verbindungskennung, verlinkende Ursprungsseite (Referrer URL) und Datum\/Uhrzeit.<\/p>\n<p id=\"c8\" class=\"intro\">Diese Daten sind nicht bestimmten Personen zuordenbar. Eine Zusammenf\u00fchrung dieser Daten mit anderen Datenquellen (zB etwaige Registrierungsdaten, siehe 3. Meldepflichtige Dienste) wird nicht vorgenommen. Die Daten werden nach dem in der Datenschutzerkl\u00e4rung angegebenen Verfahren gel\u00f6scht.<\/p>\n<p id=\"c9\" class=\"intro\">Durch die Nutzung dieser Website erkl\u00e4ren Sie sich mit der Bearbeitung Ihrer Daten durch Google in der zuvor beschriebenen Art und Weise und zu dem zuvor benannten Zweck einverstanden. Der Datenerhebung und -speicherung kann jederzeit mit Wirkung f\u00fcr die Zukunft widersprochen werden. Angesichts der Diskussion um den Einsatz von Analysetools mit vollst\u00e4ndigen IP-Adressen m\u00f6chten wir darauf hinweisen, dass diese Website Google Analytics mit der Erweiterung anonymizeIp verwendet und daher IP-Adressen nur gek\u00fcrzt weiterverarbeitet werden, um eine direkte Personenbeziehbarkeit auszuschlie\u00dfen.<\/p>\n<h3 id=\"c10\">3. Meldepflichtige Dienste<\/h3>\n<p id=\"c11\" class=\"intro\">Wenn Sie die auf der Website angebotenen personalisierten (teilweise kostenpflichtigen) Angebote und Dienste (wie Newsletter, Anmeldung zu unseren Informationsveranstaltungen) nutzen m\u00f6chten, m\u00fcssen wir zus\u00e4tzliche Informationen von Ihnen erheben, um Ihnen diese Dienste ordnungsgem\u00e4\u00df zur Verf\u00fcgung zu stellen.<\/p>\n<p id=\"c12\" class=\"intro\">Darunter fallen Ihr Name, Ihre E-Mail-Adresse und weitere Angaben (zB Wohnort, Telefonnummer). Nur mit diesen Informationen ist es uns m\u00f6glich, zu \u00fcberpr\u00fcfen, ob Sie der rechtm\u00e4\u00dfige Inhaber einer bestimmten E-Mail-Adresse sind (um missbr\u00e4uchliche Registrierungen zu verhindern), E-Mail-Nachrichten zu versenden, sich f\u00fcr Veranstaltungen anzumelden oder ordnungsgem\u00e4\u00df abgerechnete Leistungen zu erbringen.<\/p>\n<p id=\"c13\" class=\"intro\">Je nach Leistung k\u00f6nnen Sie uns im Rahmen von Registrierungen\/Bewerbungen auf freiwilliger Basis (zB \u00fcber entsprechende Formularfelder) weitere Angaben (zB Alter, pers\u00f6nliche Nachrichten) machen. Diese Informationen helfen uns, Prozesse in der Kommunikation mit Ihnen oder zur Erbringung unserer Dienstleistungen zu vereinfachen und zu beschleunigen, und wir nutzen sie, um unser Behandlungsangebot zuzuschneiden, weitere Informationen und Tipps zu geben und den Kontakt zu pflegen.<\/p>\n<p id=\"c14\" class=\"intro\">Bei diesen zus\u00e4tzlichen Informationen (zB E-Mail-Adresse) handelt es sich in der Regel um personenbezogene Daten oder um Daten, die eine Identifizierung Ihrer Identit\u00e4t erm\u00f6glichen. Eine Weitergabe an Dritte erfolgt nicht (siehe 1. Allgemeines).<\/p>\n<p id=\"c15\" class=\"intro\">Die generelle Nutzung der nicht eingeschr\u00e4nkten Bereiche\/Dienste unserer Webseiten erfordert jedoch grunds\u00e4tzlich keine Offenlegung Ihrer Identit\u00e4t.<\/p>\n<h3 id=\"c16\">4. Cookies<\/h3>\n<p id=\"c17\" class=\"intro\">Wie heute auf Websites \u00fcblich, verwenden wir auch Cookies. Diese dienen dazu, unser Angebot nutzerfreundlicher, effektiver und sicherer zu machen. Cookies sind kleine Textdateien, die auf Ihrem Computer abgelegt und von Ihrem Browser gespeichert werden. Sie k\u00f6nnen die Verwendung von Cookies durch entsprechende Einstellungen in Ihrem Browser verhindern. Wir weisen Sie darauf hin, dass in diesem Fall einige Funktionen der Website deaktiviert sind und Ihnen nicht mehr zur Verf\u00fcgung stehen. Unsere Cookies richten auf Ihrem Computer keinen Schaden an und enthalten keine Viren.<\/p>\n<h3>5. Drittanbieter-Dienste und -Tools<\/h3>\n<p>Unsere Website verwendet verschiedene Drittanbieter-Dienste und -Tools, um die Funktionalit\u00e4t zu verbessern und eine bessere Benutzererfahrung zu bieten. Diese Dienste k\u00f6nnen Ihre Daten gem\u00e4\u00df ihren Datenschutzrichtlinien sammeln und verarbeiten.<\/p>\n<p class=\"translation-block\">Google Analytics wird verwendet, um den Website-Traffic und das Nutzerverhalten zu analysieren. Es werden Daten wie IP-Adressen, Benutzerinteraktionen und Cookies gesammelt. Weitere Informationen finden Sie in der Datenschutzerkl\u00e4rung von Google Analytics unter https:\/\/policies.google.com\/privacy. Benutzer k\u00f6nnen sich durch die Installation des Google Analytics Opt-out Browser Add-on abmelden, das unter https:\/\/tools.google.com\/dlpage\/gaoptout verf\u00fcgbar ist.<\/p>\n<p class=\"translation-block\">Google Tag Manager hilft bei der Verwaltung verschiedener Tags auf unserer Website, ohne den Code zu \u00e4ndern. Es werden verschiedene Daten gesammelt, abh\u00e4ngig von den verwendeten Tags, m\u00f6glicherweise einschlie\u00dflich pers\u00f6nlicher Daten wie IP-Adressen. Weitere Details finden Sie in der Datenschutzerkl\u00e4rung von Google unter https:\/\/policies.google.com\/privacy.<\/p>\n<p class=\"translation-block\">reCAPTCHA wird implementiert, um unsere Website vor Spam und Missbrauch zu sch\u00fctzen, indem sichergestellt wird, dass Eingaben von Menschen und nicht von Bots stammen. Es werden Daten wie IP-Adressen und Benutzerverhaltensdaten gesammelt. Die Datenschutzerkl\u00e4rung f\u00fcr reCAPTCHA finden Sie unter https:\/\/policies.google.com\/privacy.<\/p>\n<p class=\"translation-block\">YouTube wird verwendet, um Videos auf unserer Website einzubetten und Videoinhalte bereitzustellen. Es werden Benutzerinteraktionen mit Videos und m\u00f6glicherweise IP-Adressen gesammelt. Weitere Informationen finden Sie in der Datenschutzerkl\u00e4rung von YouTube unter https:\/\/policies.google.com\/privacy.<\/p>\n<p class=\"translation-block\">DoubleClick von Google verwaltet und spielt Anzeigen auf unserer Website aus. Es werden Benutzerinteraktionen mit Anzeigen, IP-Adressen und Cookies gesammelt. Weitere Informationen finden Sie in der Datenschutzerkl\u00e4rung von DoubleClick unter https:\/\/policies.google.com\/technologies\/ads.<\/p>\n<p class=\"translation-block\">tawk.to bietet einen Live-Chat-Dienst, der es uns erm\u00f6glicht, in Echtzeit mit Website-Besuchern zu kommunizieren. Es werden Chat-Daten und IP-Adressen gesammelt. Weitere Informationen finden Sie in der Datenschutzerkl\u00e4rung von tawk.to unter https:\/\/www.tawk.to\/privacy-policy\/.<\/p>\n<p>Diese Dienste helfen uns, Nutzungsmuster zu analysieren, unsere Dienste zu verbessern und die Sicherheit und Integrit\u00e4t unserer Website zu gew\u00e4hrleisten. F\u00fcr detailliertere Informationen zu den gesammelten Daten und den Zwecken der Datenverarbeitung verweisen wir auf die jeweiligen Datenschutzrichtlinien.<\/p>\n<h3 id=\"c20\">6. Social Plugins (zB \u201eShare-Buttons\u201c)<\/h3>\n<p id=\"c21\" class=\"intro\">Wir weisen hiermit ausdr\u00fccklich darauf hin, dass Social Plugins (z. B. Facebook-Like-Buttons) im Hintergrund bei entsprechender Nutzerinteraktion (z. B. Anklicken) teilweise Nutzerdaten an die Server des jeweiligen sozialen Netzwerks (z. B. Facebook) \u00fcbermitteln. Dieser Vorgang ist Ihnen bewusst. Au\u00dferhalb unserer Server liegt die Verantwortung f\u00fcr die Datenverarbeitung beim Anbieter bzw. Betreiber des jeweiligen sozialen Netzwerks.<\/p>\n<h3 id=\"c22\">7. Remarketing\/Retargeting (zB Google Display Network)<\/h3>\n<p id=\"c23\" class=\"intro\">Remarketing-Technologien werden verwendet, um Internetnutzern interessenbezogene Werbeanzeigen zu pr\u00e4sentieren. Dazu wird im Browser des Websitebesuchers ein Cookie gespeichert (siehe 4. Cookies), das es erm\u00f6glicht, den Besucher auf anderen Seiten wiederzuerkennen und ihm Informationen (auch Werbung) zu f\u00fcr ihn relevanten Themen zu pr\u00e4sentieren.<\/p>\n<p id=\"c24\" class=\"intro\">Google behauptet, w\u00e4hrend dieses Vorgangs keine personenbezogenen Daten zu erheben. Sollten Sie dies jedoch nicht w\u00fcnschen, k\u00f6nnen Sie dies \u00fcber die entsprechenden Einstellungen unter http:\/\/www.google.com\/settings\/ads widersprechen. Alternativ k\u00f6nnen Sie die Verwendung von Cookies f\u00fcr interessenbezogene Werbung durch die Netzwerkinitiative deaktivieren, indem Sie den Anweisungen unter http:\/\/www.networkadvertising.org\/managing\/opt_out.asp folgen.<\/p>\n<h3 id=\"c25\">8. Widerspruch gegen die (weitere) Datenverarbeitung und -nutzung<\/h3>\n<p id=\"c26\" class=\"intro\">Die Einwilligung zur Speicherung Ihrer personenbezogenen Daten und deren Nutzung zur Erbringung der jeweiligen Dienste k\u00f6nnen Sie jederzeit widerrufen. Bitte beachten Sie, dass wir Ihre Daten auch nach Ihrem Widerspruch gegen die Nutzung und\/oder Speicherung Ihrer Daten im erforderlichen Umfang zu Abrechnungszwecken verarbeiten d\u00fcrfen.<\/p>\n<p id=\"c27\" class=\"intro\">Der Widerspruch gegen die weitere Verwendung der Daten hat dar\u00fcber hinaus zur Folge, dass Sie m\u00f6glicherweise keine weiteren Dienste mehr beziehen k\u00f6nnen oder die Erbringung unserer Dienste mit sofortiger Wirkung eingestellt wird. Ihre personenbezogenen Daten werden in diesem Zusammenhang gel\u00f6scht und nicht in unserem Bestand gef\u00fchrt.<\/p>\n<h3 id=\"c25\">9. Bewerbungen<\/h3>\n<p id=\"c26\" class=\"intro\">Es werden nur jene Daten verarbeitet, die sie selbst uns zum Zwecke ihrer Bewerbung zur Verf\u00fcgung stellen. Diese Daten werden ausschlie\u00dflich zur Bearbeitung Ihrer Bewerbung verwendet und daher ausschlie\u00dflich intern und nur an die mit der Stellenbesetzung befassten Personen weitergeleitet. \u00dcben Sie das Recht auf L\u00f6schung, Einschr\u00e4nkung der Verarbeitung oder Widerspruch w\u00e4hrend des Bewerbungsverfahrens aus, hat das die sofortige Beendigung der Bearbeitung zur Folge. Ist Ihre Bewerbung nicht erfolgreich, werden nach der Zusendung der Absage Ihre Bewerbungsunterlagen gel\u00f6scht bzw. vernichtet.<\/p>\n<h3 id=\"c28\">10. Auskunftsrecht<\/h3>\n<p id=\"c29\" class=\"intro\">Unter Ber\u00fccksichtigung der Kriterien und der geregelten Verfahren nach der Datenschutzrichtlinie haben Sie das Recht auf Auskunft \u00fcber Art und Umfang der \u00fcber Sie gespeicherten Daten, deren Herkunft und Empf\u00e4nger sowie den Zweck der Speicherung. (Siehe 12. Kontakt f\u00fcr Datenschutzbedenken).<\/p>\n<h3>11. Recht auf Datenportabilit\u00e4t<\/h3>\n<p>Nutzer haben das Recht, ihre personenbezogenen Daten, die sie uns bereitgestellt haben, in einem strukturierten, g\u00e4ngigen und maschinenlesbaren Format zu erhalten. Au\u00dferdem haben sie das Recht, diese Daten einem anderen Verantwortlichen ohne Behinderung durch uns zu \u00fcbermitteln, sofern die Verarbeitung auf einer Einwilligung oder einem Vertrag beruht und mithilfe automatisierter Verfahren erfolgt.<\/p>\n<h3>12. Nutzerrechte<\/h3>\n<p>Nutzer haben das Recht, jederzeit Auskunft \u00fcber ihre bei uns gespeicherten personenbezogenen Daten zu verlangen. Dar\u00fcber hinaus haben sie das Recht auf Berichtigung, L\u00f6schung, Einschr\u00e4nkung der Verarbeitung sowie das Recht, der Verarbeitung ihrer Daten zu widersprechen. Um diese Rechte auszu\u00fcben, k\u00f6nnen Nutzer sich jederzeit an uns wenden.<\/p>\n<h3 id=\"c30\">13. Weitere Informationen<\/h3>\n<p id=\"c31\" class=\"intro\">Vertrauen ist uns sehr wichtig. Wenn Sie Fragen haben, die diese Datenschutzerkl\u00e4rung nicht beantworten konnte, oder wenn Sie tiefergehende Informationen w\u00fcnschen, wenden Sie sich bitte jederzeit an unsere Datenschutzabteilung (siehe 12. Kontaktieren Sie uns f\u00fcr Datenschutzbedenken).<\/p>\n<h3 id=\"c32\">14. Kontaktieren Sie uns wegen Datenschutzbedenken<\/h3>\n<ul>\n<li id=\"c33\"><strong>Datenschutz beauftragte Firma<\/strong>&nbsp;Marc Wei\u00df Verwaltungs-GmbH<\/li>\n<li id=\"c34\"><strong>E-mail:<\/strong>&nbsp;mail@mwv-ulm.de<\/li>\n<li id=\"c35\"><strong>Telefon:<\/strong> +49-731-96589788<\/li>\n<li id=\"c36\"><strong>Betreiber und Herausgeber dieser Website:<\/strong> <a href=\"https:\/\/fertilovit.com\/de\/impressum\/\" target=\"_blank\" rel=\"noopener\">siehe Impressum<\/a><\/li>\n<\/ul>\t\t\t\t\t\t\t\t<\/div>\n\t\t\t\t<\/div>\n\t\t\t\t\t<\/div>\n\t\t<\/div>\n\t\t\t\t\t<\/div>\n\t\t<\/section>\n\t\t\t\t<\/div>","protected":false},"excerpt":{"rendered":"<p>Privacy Policy 1. General We take the protection of personal data very seriously and adhere strictly to the rules of data protection laws (DSGVO, TKG, MedienG, ECG, UGB). The collected data are protected by technical and organizational measures to the best of our ability. Personal data is only processed internally. There is no transfer to [&hellip;]<\/p>\n","protected":false},"author":2,"featured_media":0,"parent":0,"menu_order":0,"comment_status":"closed","ping_status":"closed","template":"","meta":{"_acf_changed":false,"footnotes":""},"class_list":["post-3444","page","type-page","status-publish","hentry"],"acf":[],"yoast_head":"<!-- This site is optimized with the Yoast SEO Premium plugin v27.0 (Yoast SEO v27.3) - https:\/\/yoast.com\/product\/yoast-seo-premium-wordpress\/ -->\n<title>Privacy Policy - Fertilovit\u00ae<\/title>\n<meta name=\"robots\" content=\"index, follow, max-snippet:-1, max-image-preview:large, max-video-preview:-1\" \/>\n<link rel=\"canonical\" href=\"https:\/\/fertilovit.com\/de\/datenschutzrichtlinie\/\" \/>\n<meta property=\"og:locale\" content=\"de_DE\" \/>\n<meta property=\"og:type\" content=\"article\" \/>\n<meta property=\"og:title\" content=\"Privacy Policy\" \/>\n<meta property=\"og:description\" content=\"Privacy Policy 1. General We take the protection of personal data very seriously and adhere strictly to the rules of data protection laws (DSGVO, TKG, MedienG, ECG, UGB). The collected data are protected by technical and organizational measures to the best of our ability. Personal data is only processed internally. There is no transfer to [&hellip;]\" \/>\n<meta property=\"og:url\" content=\"https:\/\/fertilovit.com\/de\/datenschutzrichtlinie\/\" \/>\n<meta property=\"og:site_name\" content=\"Fertilovit\u00ae\" \/>\n<meta property=\"article:publisher\" content=\"https:\/\/www.facebook.com\/fertilovit\" \/>\n<meta property=\"article:modified_time\" content=\"2024-11-14T10:11:22+00:00\" \/>\n<meta name=\"twitter:card\" content=\"summary_large_image\" \/>\n<meta name=\"twitter:label1\" content=\"Gesch\u00e4tzte Lesezeit\" \/>\n\t<meta name=\"twitter:data1\" content=\"7 Minuten\" \/>\n<script type=\"application\/ld+json\" class=\"yoast-schema-graph\">{\"@context\":\"https:\\\/\\\/schema.org\",\"@graph\":[{\"@type\":\"WebPage\",\"@id\":\"https:\\\/\\\/fertilovit.com\\\/de\\\/datenschutzrichtlinie\\\/\",\"url\":\"https:\\\/\\\/fertilovit.com\\\/de\\\/datenschutzrichtlinie\\\/\",\"name\":\"Privacy Policy - Fertilovit\u00ae\",\"isPartOf\":{\"@id\":\"https:\\\/\\\/fertilovit.com\\\/de\\\/#website\"},\"datePublished\":\"2021-11-04T23:29:57+00:00\",\"dateModified\":\"2024-11-14T10:11:22+00:00\",\"breadcrumb\":{\"@id\":\"https:\\\/\\\/fertilovit.com\\\/de\\\/datenschutzrichtlinie\\\/#breadcrumb\"},\"inLanguage\":\"de-AT\",\"potentialAction\":[{\"@type\":\"ReadAction\",\"target\":[\"https:\\\/\\\/fertilovit.com\\\/de\\\/datenschutzrichtlinie\\\/\"]}]},{\"@type\":\"BreadcrumbList\",\"@id\":\"https:\\\/\\\/fertilovit.com\\\/de\\\/datenschutzrichtlinie\\\/#breadcrumb\",\"itemListElement\":[{\"@type\":\"ListItem\",\"position\":1,\"name\":\"Home\",\"item\":\"https:\\\/\\\/fertilovit.com\\\/\"},{\"@type\":\"ListItem\",\"position\":2,\"name\":\"Privacy Policy\"}]},{\"@type\":\"WebSite\",\"@id\":\"https:\\\/\\\/fertilovit.com\\\/de\\\/#website\",\"url\":\"https:\\\/\\\/fertilovit.com\\\/de\\\/\",\"name\":\"Fertilovit\u00ae\",\"description\":\"For a new life\",\"publisher\":{\"@id\":\"https:\\\/\\\/fertilovit.com\\\/de\\\/#organization\"},\"potentialAction\":[{\"@type\":\"SearchAction\",\"target\":{\"@type\":\"EntryPoint\",\"urlTemplate\":\"https:\\\/\\\/fertilovit.com\\\/de\\\/?s={search_term_string}\"},\"query-input\":{\"@type\":\"PropertyValueSpecification\",\"valueRequired\":true,\"valueName\":\"search_term_string\"}}],\"inLanguage\":\"de-AT\"},{\"@type\":\"Organization\",\"@id\":\"https:\\\/\\\/fertilovit.com\\\/de\\\/#organization\",\"name\":\"Fertilovit\u00ae\",\"url\":\"https:\\\/\\\/fertilovit.com\\\/de\\\/\",\"logo\":{\"@type\":\"ImageObject\",\"inLanguage\":\"de-AT\",\"@id\":\"https:\\\/\\\/fertilovit.com\\\/de\\\/#\\\/schema\\\/logo\\\/image\\\/\",\"url\":\"https:\\\/\\\/fertilovit.com\\\/wp-content\\\/uploads\\\/2021\\\/10\\\/fertilovit-logo.png\",\"contentUrl\":\"https:\\\/\\\/fertilovit.com\\\/wp-content\\\/uploads\\\/2021\\\/10\\\/fertilovit-logo.png\",\"width\":835,\"height\":188,\"caption\":\"Fertilovit\u00ae\"},\"image\":{\"@id\":\"https:\\\/\\\/fertilovit.com\\\/de\\\/#\\\/schema\\\/logo\\\/image\\\/\"},\"sameAs\":[\"https:\\\/\\\/www.facebook.com\\\/fertilovit\",\"https:\\\/\\\/www.instagram.com\\\/fertilovit_international\\\/\",\"https:\\\/\\\/www.youtube.com\\\/@Fertilovit-com\",\"https:\\\/\\\/www.instagram.com\\\/fertilovitaustria\\\/\"],\"description\":\"Fertilovit is a scientifically-backed brand of advanced micronutrient supplements specifically formulated for preconception, pregnancy, and reproductive health. Developed by fertility experts, our patent-protected products provide targeted nutritional support for women and men, addressing specific needs such as PCOS, endometriosis, and optimized sperm quality.\",\"email\":\"office@fertilovit.com\",\"telephone\":\"+43 5574 54195\",\"legalName\":\"Gonadosan Distribution GmbH\",\"foundingDate\":\"2010-01-01\",\"vatID\":\"ATU35594004\",\"duns\":\"302468913\"}]}<\/script>\n<!-- \/ Yoast SEO Premium plugin. -->","yoast_head_json":{"title":"Datenschutzrichtlinie - Fertilovit\u00ae","robots":{"index":"index","follow":"follow","max-snippet":"max-snippet:-1","max-image-preview":"max-image-preview:large","max-video-preview":"max-video-preview:-1"},"canonical":"https:\/\/fertilovit.com\/de\/datenschutzrichtlinie\/","og_locale":"de_DE","og_type":"article","og_title":"Privacy Policy","og_description":"Privacy Policy 1. General We take the protection of personal data very seriously and adhere strictly to the rules of data protection laws (DSGVO, TKG, MedienG, ECG, UGB). The collected data are protected by technical and organizational measures to the best of our ability. Personal data is only processed internally. There is no transfer to [&hellip;]","og_url":"https:\/\/fertilovit.com\/de\/datenschutzrichtlinie\/","og_site_name":"Fertilovit\u00ae","article_publisher":"https:\/\/www.facebook.com\/fertilovit","article_modified_time":"2024-11-14T10:11:22+00:00","twitter_card":"summary_large_image","twitter_misc":{"Gesch\u00e4tzte Lesezeit":"7 Minuten"},"schema":{"@context":"https:\/\/schema.org","@graph":[{"@type":"WebPage","@id":"https:\/\/fertilovit.com\/de\/datenschutzrichtlinie\/","url":"https:\/\/fertilovit.com\/de\/datenschutzrichtlinie\/","name":"Datenschutzrichtlinie - Fertilovit\u00ae","isPartOf":{"@id":"https:\/\/fertilovit.com\/de\/#website"},"datePublished":"2021-11-04T23:29:57+00:00","dateModified":"2024-11-14T10:11:22+00:00","breadcrumb":{"@id":"https:\/\/fertilovit.com\/de\/datenschutzrichtlinie\/#breadcrumb"},"inLanguage":"de-AT","potentialAction":[{"@type":"ReadAction","target":["https:\/\/fertilovit.com\/de\/datenschutzrichtlinie\/"]}]},{"@type":"BreadcrumbList","@id":"https:\/\/fertilovit.com\/de\/datenschutzrichtlinie\/#breadcrumb","itemListElement":[{"@type":"ListItem","position":1,"name":"Home","item":"https:\/\/fertilovit.com\/"},{"@type":"ListItem","position":2,"name":"Privacy Policy"}]},{"@type":"WebSite","@id":"https:\/\/fertilovit.com\/de\/#website","url":"https:\/\/fertilovit.com\/de\/","name":"Fertilovit\u00ae","description":"F\u00fcr ein neues Leben","publisher":{"@id":"https:\/\/fertilovit.com\/de\/#organization"},"potentialAction":[{"@type":"SearchAction","target":{"@type":"EntryPoint","urlTemplate":"https:\/\/fertilovit.com\/de\/?s={search_term_string}"},"query-input":{"@type":"PropertyValueSpecification","valueRequired":true,"valueName":"search_term_string"}}],"inLanguage":"de-AT"},{"@type":"Organization","@id":"https:\/\/fertilovit.com\/de\/#organization","name":"Fertilovit\u00ae","url":"https:\/\/fertilovit.com\/de\/","logo":{"@type":"ImageObject","inLanguage":"de-AT","@id":"https:\/\/fertilovit.com\/de\/#\/schema\/logo\/image\/","url":"https:\/\/fertilovit.com\/wp-content\/uploads\/2021\/10\/fertilovit-logo.png","contentUrl":"https:\/\/fertilovit.com\/wp-content\/uploads\/2021\/10\/fertilovit-logo.png","width":835,"height":188,"caption":"Fertilovit\u00ae"},"image":{"@id":"https:\/\/fertilovit.com\/de\/#\/schema\/logo\/image\/"},"sameAs":["https:\/\/www.facebook.com\/fertilovit","https:\/\/www.instagram.com\/fertilovit_international\/","https:\/\/www.youtube.com\/@Fertilovit-com","https:\/\/www.instagram.com\/fertilovitaustria\/"],"description":"Fertilovit ist eine wissenschaftlich fundierte Marke f\u00fcr fortschrittliche Mikron\u00e4hrstoffpr\u00e4parate, die speziell f\u00fcr die Empf\u00e4ngnisvorbereitung, die Schwangerschaft und die reproduktive Gesundheit entwickelt wurden. Unsere patentgesch\u00fctzten Produkte wurden von Fruchtbarkeitsexperten entwickelt und bieten gezielte Ern\u00e4hrungsunterst\u00fctzung f\u00fcr Frauen und M\u00e4nner, die auf spezifische Bed\u00fcrfnisse wie PCOS, Endometriose und optimierte Spermienqualit\u00e4t eingehen.","email":"office@fertilovit.com","telephone":"+43 5574 54195","legalName":"Gonadosan Distribution GmbH","foundingDate":"2010-01-01","vatID":"ATU35594004","duns":"302468913"}]}},"_links":{"self":[{"href":"https:\/\/fertilovit.com\/de\/wp-json\/wp\/v2\/pages\/3444","targetHints":{"allow":["GET"]}}],"collection":[{"href":"https:\/\/fertilovit.com\/de\/wp-json\/wp\/v2\/pages"}],"about":[{"href":"https:\/\/fertilovit.com\/de\/wp-json\/wp\/v2\/types\/page"}],"author":[{"embeddable":true,"href":"https:\/\/fertilovit.com\/de\/wp-json\/wp\/v2\/users\/2"}],"replies":[{"embeddable":true,"href":"https:\/\/fertilovit.com\/de\/wp-json\/wp\/v2\/comments?post=3444"}],"version-history":[{"count":0,"href":"https:\/\/fertilovit.com\/de\/wp-json\/wp\/v2\/pages\/3444\/revisions"}],"wp:attachment":[{"href":"https:\/\/fertilovit.com\/de\/wp-json\/wp\/v2\/media?parent=3444"}],"curies":[{"name":"wp","href":"https:\/\/api.w.org\/{rel}","templated":true}]}}