{"id":107,"date":"2021-10-12T19:38:31","date_gmt":"2021-10-12T19:38:31","guid":{"rendered":"https:\/\/temp.fertilovit.com\/?page_id=107"},"modified":"2024-05-09T11:39:52","modified_gmt":"2024-05-09T10:39:52","slug":"hashimoto-thyreoiditis","status":"publish","type":"page","link":"https:\/\/fertilovit.com\/de\/information\/hashimoto-thyreoiditis\/","title":{"rendered":"Hashimoto"},"content":{"rendered":"<div data-elementor-type=\"wp-page\" data-elementor-id=\"107\" class=\"elementor elementor-107\" data-elementor-settings=\"{&quot;element_pack_global_tooltip_width&quot;:{&quot;unit&quot;:&quot;px&quot;,&quot;size&quot;:&quot;&quot;,&quot;sizes&quot;:[]},&quot;element_pack_global_tooltip_width_laptop&quot;:{&quot;unit&quot;:&quot;px&quot;,&quot;size&quot;:&quot;&quot;,&quot;sizes&quot;:[]},&quot;element_pack_global_tooltip_width_tablet&quot;:{&quot;unit&quot;:&quot;px&quot;,&quot;size&quot;:&quot;&quot;,&quot;sizes&quot;:[]},&quot;element_pack_global_tooltip_width_mobile&quot;:{&quot;unit&quot;:&quot;px&quot;,&quot;size&quot;:&quot;&quot;,&quot;sizes&quot;:[]},&quot;element_pack_global_tooltip_padding&quot;:{&quot;unit&quot;:&quot;px&quot;,&quot;top&quot;:&quot;&quot;,&quot;right&quot;:&quot;&quot;,&quot;bottom&quot;:&quot;&quot;,&quot;left&quot;:&quot;&quot;,&quot;isLinked&quot;:true},&quot;element_pack_global_tooltip_padding_laptop&quot;:{&quot;unit&quot;:&quot;px&quot;,&quot;top&quot;:&quot;&quot;,&quot;right&quot;:&quot;&quot;,&quot;bottom&quot;:&quot;&quot;,&quot;left&quot;:&quot;&quot;,&quot;isLinked&quot;:true},&quot;element_pack_global_tooltip_padding_tablet&quot;:{&quot;unit&quot;:&quot;px&quot;,&quot;top&quot;:&quot;&quot;,&quot;right&quot;:&quot;&quot;,&quot;bottom&quot;:&quot;&quot;,&quot;left&quot;:&quot;&quot;,&quot;isLinked&quot;:true},&quot;element_pack_global_tooltip_padding_mobile&quot;:{&quot;unit&quot;:&quot;px&quot;,&quot;top&quot;:&quot;&quot;,&quot;right&quot;:&quot;&quot;,&quot;bottom&quot;:&quot;&quot;,&quot;left&quot;:&quot;&quot;,&quot;isLinked&quot;:true},&quot;element_pack_global_tooltip_border_radius&quot;:{&quot;unit&quot;:&quot;px&quot;,&quot;top&quot;:&quot;&quot;,&quot;right&quot;:&quot;&quot;,&quot;bottom&quot;:&quot;&quot;,&quot;left&quot;:&quot;&quot;,&quot;isLinked&quot;:true},&quot;element_pack_global_tooltip_border_radius_laptop&quot;:{&quot;unit&quot;:&quot;px&quot;,&quot;top&quot;:&quot;&quot;,&quot;right&quot;:&quot;&quot;,&quot;bottom&quot;:&quot;&quot;,&quot;left&quot;:&quot;&quot;,&quot;isLinked&quot;:true},&quot;element_pack_global_tooltip_border_radius_tablet&quot;:{&quot;unit&quot;:&quot;px&quot;,&quot;top&quot;:&quot;&quot;,&quot;right&quot;:&quot;&quot;,&quot;bottom&quot;:&quot;&quot;,&quot;left&quot;:&quot;&quot;,&quot;isLinked&quot;:true},&quot;element_pack_global_tooltip_border_radius_mobile&quot;:{&quot;unit&quot;:&quot;px&quot;,&quot;top&quot;:&quot;&quot;,&quot;right&quot;:&quot;&quot;,&quot;bottom&quot;:&quot;&quot;,&quot;left&quot;:&quot;&quot;,&quot;isLinked&quot;:true}}\" data-elementor-post-type=\"page\">\r\n\t\t\t\t\t\t<section class=\"has_ae_slider elementor-section elementor-top-section elementor-element elementor-element-0419567 elementor-section-full_width elementor-section-height-default elementor-section-height-default ae-bg-gallery-type-default\" data-id=\"0419567\" data-element_type=\"section\" data-e-type=\"section\" data-settings=\"{&quot;background_background&quot;:&quot;classic&quot;}\">\r\n\t\t\t\t\t\t<div class=\"elementor-container elementor-column-gap-no\">\r\n\t\t\t\t\t<div class=\"has_ae_slider elementor-column elementor-col-100 elementor-top-column elementor-element elementor-element-5650d1c ae-bg-gallery-type-default\" data-id=\"5650d1c\" data-element_type=\"column\" data-e-type=\"column\">\r\n\t\t\t<div class=\"elementor-widget-wrap elementor-element-populated\">\r\n\t\t\t\t\t\t<div class=\"elementor-element elementor-element-5ced9e1 elementor-widget elementor-widget-bdt-featured-box\" data-id=\"5ced9e1\" data-element_type=\"widget\" data-e-type=\"widget\" data-widget_type=\"bdt-featured-box.split\">\r\n\t\t\t\t<div class=\"elementor-widget-container\">\r\n\t\t\t\t\t\t\t<div class=\"bdt-ep-featured-box bdt-ep-featured-box-skin-split\">\r\n\r\n\t\t\t<div class=\"bdt-grid\">\r\n\t\t\t\t<div class=\"bdt-width-1-1 bdt-width-2-5@s\">\r\n\t\t\t\t\t<div class=\"bdt-ep-featured-box-content bdt-position-z-index bdt-position-center-left bdt-text-left\">\r\n\t\t\t\t\t\t\t\t\t\t\t<div class=\"bdt-ep-featured-box-sub-title\">\r\n\t\t\t\tHashimoto\t\t\t<\/div>\r\n\t\t\r\n\t\t\t\t\t<h3\t\t\t\tclass=\"bdt-ep-featured-box-title\">\r\n\t\t\t\t<span >\r\n\t\t\t\t\tund Kinderwunsch\t\t\t\t<\/span>\r\n\t\t\t<\/h3>\r\n\t\t\r\n\t\t\r\n\t\t\t\t\t<div class=\"bdt-ep-featured-box-button\">\r\n\t\t\t\t<a class=\"bdt-ep-featured-box-readmore bdt-display-inline-block elementor-animation-wobble-horizontal\" href=\"https:\/\/fertilovit.com\/de\/frauen\/fertilovit-f-thy\/\" target=\"_blank\">\r\n\t\t\t\t\tFertilovit\u00ae F THY\t\t\t\t\t\t\t\t\t\t\t<span class=\"bdt-button-icon-align-right\">\r\n\t\t\t\t\t\t\t<i aria-hidden=\"true\" class=\"fa-fw fas fa-venus-mars\"><\/i>\t\t\t\t\t\t<\/span>\r\n\t\t\t\t\t\t\t\t\t<\/a>\r\n\t\t\t<\/div>\r\n\t\t\t\t\t\t\t\t<\/div>\r\n\t\t\t\t<\/div>\r\n\t\t\t\t<div class=\"bdt-width-1-1 bdt-width-3-5@s\">\r\n\t\t\t\t\t\t\t<div class=\"bdt-ep-featured-box-image\">\r\n\t\t\t<div class=\"bdt-position-relative\">\r\n\t\t\t\t<img fetchpriority=\"high\" decoding=\"async\" width=\"1920\" height=\"1280\" src=\"https:\/\/fertilovit.com\/wp-content\/uploads\/2021\/12\/hashimoto-compressed.jpg\" class=\"attachment-full size-full\" alt=\"und Kinderwunsch\" srcset=\"https:\/\/fertilovit.com\/wp-content\/uploads\/2021\/12\/hashimoto-compressed.jpg 1920w, https:\/\/fertilovit.com\/wp-content\/uploads\/2021\/12\/hashimoto-compressed-300x200.jpg 300w, https:\/\/fertilovit.com\/wp-content\/uploads\/2021\/12\/hashimoto-compressed-1024x683.jpg 1024w, https:\/\/fertilovit.com\/wp-content\/uploads\/2021\/12\/hashimoto-compressed-768x512.jpg 768w, https:\/\/fertilovit.com\/wp-content\/uploads\/2021\/12\/hashimoto-compressed-1536x1024.jpg 1536w, https:\/\/fertilovit.com\/wp-content\/uploads\/2021\/12\/hashimoto-compressed-18x12.jpg 18w\" sizes=\"(max-width: 1920px) 100vw, 1920px\" \/>\t\t\t\t\t\t<\/div>\r\n\t\t<\/div>\r\n\t\t\t\t\t\t<\/div>\r\n\t\t\t<\/div>\r\n\r\n\t\t<\/div>\r\n\r\n\t\t\t\t\t\t<\/div>\r\n\t\t\t\t<\/div>\r\n\t\t\t\t\t<\/div>\r\n\t\t<\/div>\r\n\t\t\t\t\t<\/div>\r\n\t\t<\/section>\r\n\t\t\t\t<section class=\"has_ae_slider elementor-section elementor-top-section elementor-element elementor-element-ff51dab elementor-section-boxed elementor-section-height-default elementor-section-height-default ae-bg-gallery-type-default\" data-id=\"ff51dab\" data-element_type=\"section\" data-e-type=\"section\">\r\n\t\t\t\t\t\t<div class=\"elementor-container elementor-column-gap-default\">\r\n\t\t\t\t\t<div class=\"has_ae_slider elementor-column elementor-col-100 elementor-top-column elementor-element elementor-element-1454345 ae-bg-gallery-type-default\" data-id=\"1454345\" data-element_type=\"column\" data-e-type=\"column\">\r\n\t\t\t<div class=\"elementor-widget-wrap elementor-element-populated\">\r\n\t\t\t\t\t\t<section class=\"has_ae_slider elementor-section elementor-inner-section elementor-element elementor-element-83ee502 elementor-section-boxed elementor-section-height-default elementor-section-height-default ae-bg-gallery-type-default\" data-id=\"83ee502\" data-element_type=\"section\" data-e-type=\"section\">\r\n\t\t\t\t\t\t<div class=\"elementor-container elementor-column-gap-extended\">\r\n\t\t\t\t\t<div class=\"has_ae_slider elementor-column elementor-col-100 elementor-inner-column elementor-element elementor-element-4037edf ae-bg-gallery-type-default\" data-id=\"4037edf\" data-element_type=\"column\" data-e-type=\"column\">\r\n\t\t\t<div class=\"elementor-widget-wrap elementor-element-populated\">\r\n\t\t\t\t\t\t<div class=\"elementor-element elementor-element-de0e223 elementor-widget elementor-widget-text-editor\" data-id=\"de0e223\" data-element_type=\"widget\" data-e-type=\"widget\" data-widget_type=\"text-editor.default\">\r\n\t\t\t\t<div class=\"elementor-widget-container\">\r\n\t\t\t\t\t\t\t\t\t<div class=\"page\" title=\"Seite 1\"><div class=\"layoutArea\"><div class=\"column\"><div class=\"page\" title=\"Seite 1\"><div class=\"layoutArea\"><div class=\"column\"><p id=\"c3\" class=\"intro\">Bei der Hashimoto-Thyreoiditis handelt es sich um eine Form der chronischen Autoimmunthyreoiditis. Darunter versteht man eine autoimmune Erkrankung der Schilddr\u00fcse (Thyreoidea), bei der der K\u00f6rper Autoantik\u00f6rper gegen gesunde Schilddr\u00fcsenzellen bildet, sodass diese angegriffen und zerst\u00f6rt werden. Die Folge ist ein Absinken der Hormonproduktion der Schilddr\u00fcse (Schilddr\u00fcsenunterfunktion = Hypothyreose).<\/p><p id=\"c4\" class=\"intro\">Benannt wurde die Erkrankung nach dem japanischen Arzt Hakaru Hashimoto (1881\u20131934), der sie 1912 als erster beschrieb. Die Hashimoto Thyreoiditis ist nicht nur eine der h\u00e4ufigsten Autoimmunerkrankungen des Menschen \u00fcberhaupt, sondern auch die h\u00e4ufigste Ursache der prim\u00e4ren Schilddr\u00fcsenunterfunktion.<\/p><p id=\"c5\">Bei der etwas selteneren Basedow-Thyreoiditis hingegen richten sich Autoantik\u00f6rper gegen ein Signalmolek\u00fcl auf der Oberfl\u00e4che der Schilddr\u00fcsenzellen, was diese zun\u00e4chst meist zu einer \u00fcberschie\u00dfenden Hormonproduktion veranlasst (Schilddr\u00fcsen\u00fcberfunktion = Hyperthyreose). Langfristig kommt es bei den betroffenen Patientinnen aber auch hier h\u00e4ufig zu einer Schilddr\u00fcsenunterfunktion.<\/p><p id=\"c6\" class=\"intro feature-color short\"><strong>Eingeschr\u00e4nkte Fruchtbarkeit<\/strong><\/p><p id=\"c7\" class=\"intro\">Die gest\u00f6rte Hormonproduktion der Schilddr\u00fcse beeintr\u00e4chtigt die Fruchtbarkeit: Patientinnen erleben h\u00e4ufig, dass eine nat\u00fcrliche Empf\u00e4ngnis erschwert ist. Auch das Risiko einer Fehlgeburt ist bei einer Autoimmunerkrankung der Schilddr\u00fcse leider deutlich erh\u00f6ht. Eine Behandlung durch einen spezialisierten Arzt kann in vielen F\u00e4llen gl\u00fccklicherweise dennoch eine gesunde Schwangerschaft erm\u00f6glichen.<\/p><p id=\"c8\" class=\"intro feature-color short\"><strong>Die Patientin kann die Therapie unterst\u00fctzen<\/strong><\/p><p id=\"c9\" class=\"intro\">Auch die Patientin selbst kann einiges zum Erfolg einer Kinderwunschtherapie beitragen. Neben einer gesunden Lebensf\u00fchrung kann n\u00e4mlich auch eine krankheitsangemessene Ern\u00e4hrung den Krankheitsverlauf und die Fruchtbarkeit positiv beeinflussen.<\/p><p id=\"c10\" class=\"intro feature-color short\"><strong>Jodarme Ern\u00e4hrung<\/strong><\/p><p id=\"c11\" class=\"intro\">Eine \u00fcberm\u00e4\u00dfige Jodbelastung beschleunigt wissenschaftlichen Untersuchungen zufolge h\u00e4ufig den Krankheitsverlauf, w\u00e4hrend von einer Verbesserung bei jodarmer Ern\u00e4hrung berichtet wird. Daher sollten Patientinnen mit aktiver Autoimmunthyreoiditis auf jodiertes Speisesalz verzichten und auch bei der Einnahme von Nahrungserg\u00e4nzungsmitteln ist darauf zu achten, dass diese kein zus\u00e4tzliches Jod enthalten.<\/p><p id=\"c12\" class=\"intro feature-color short\"><strong>Selen<\/strong><\/p><p id=\"c13\" class=\"intro\">Die B\u00f6den in Europa sind sehr selenarm, sodass in den Pflanzen, die auf diesen B\u00f6den wachsen, und damit auch in der Nahrung, nur wenig Selen vorhanden ist. Studien belegen, dass eine t\u00e4gliche Seleneinnahme eine Verbesserung der Beschwerden bewirken kann.<\/p><p id=\"c14\" class=\"intro feature-color short\"><strong>Oxidativer Stress und Antioxidantien<\/strong><\/p><p id=\"c15\" class=\"intro\">Auch wenn die Ursachen f\u00fcr das Auftreten einer Autoimmunthyreoiditis nicht klar sind, so wird immer deutlicher, dass oxidativer Stress an der Krankheitsentstehung zumindest mitbeteiligt ist. Da oxidative Sch\u00e4digungen gleichzeitig auch die Eizellqualit\u00e4t, die fr\u00fche Embryonalentwicklung und sogar die Einnistung des fr\u00fchen Embryos beeintr\u00e4chtigen, raten Experten, auf eine ausreichende Versorgung mit Antioxidantien zu achten.<\/p><p id=\"c16\" class=\"intro\">Unter Stress, bei Rauchern oder bei schlechten Ern\u00e4hrungsgewohnheiten kann eine zus\u00e4tzliche Versorgung \u00fcber entsprechende Pr\u00e4parate sinnvoll sein und die Erkrankung in ihrem Verlauf positiv beeinflussen.<\/p><p id=\"c17\" class=\"intro feature-color short\"><strong>B-Vitamine<\/strong><\/p><p id=\"c18\" class=\"intro\">Patienten mit Autoimmunthyreoiditis haben auch ein erh\u00f6htes Risiko f\u00fcr einen Vitamin B12-Mangel. Dies ist problematisch, da Vitamin B12 neben seiner Bedeutung f\u00fcr die Zellteilung zusammen mit anderen Vitaminen der B-Gruppe unentbehrlich f\u00fcr die Regulation des Homocysteinstoffwechsels ist. Daher wird die zus\u00e4tzliche Einnahme dieser Vitamine ebenfalls angeraten.<\/p><\/div><\/div><\/div><\/div><\/div><\/div>\t\t\t\t\t\t\t\t<\/div>\r\n\t\t\t\t<\/div>\r\n\t\t\t\t\t<\/div>\r\n\t\t<\/div>\r\n\t\t\t\t\t<\/div>\r\n\t\t<\/section>\r\n\t\t\t\t\t<\/div>\r\n\t\t<\/div>\r\n\t\t\t\t\t<\/div>\r\n\t\t<\/section>\r\n\t\t\t\t<\/div>","protected":false},"excerpt":{"rendered":"<p>Hashimoto&#8217;s thyroiditis and Fertility Fertilovit\u00ae F THY Hashimoto\u2019s thyroiditis is a common variety of chronic autoimmune thyroiditis. This is an auto-immune disease of the thyroid in which the body produces auto-antibodies directed against healthy thyroid cells, destroying them. As a consequence of this, thyroid hormone production. decreases substantially (thyroid hypofunction or hypothyroidism). The disorder was [&hellip;]<\/p>\n","protected":false},"author":2,"featured_media":0,"parent":99,"menu_order":0,"comment_status":"closed","ping_status":"closed","template":"","meta":{"_acf_changed":false,"footnotes":""},"class_list":["post-107","page","type-page","status-publish","hentry"],"acf":[],"yoast_head":"<!-- This site is optimized with the Yoast SEO Premium plugin v27.0 (Yoast SEO v27.1.1) - https:\/\/yoast.com\/product\/yoast-seo-premium-wordpress\/ -->\n<title>Hashimoto&#039;s thyroiditis - Fertilovit\u00ae<\/title>\n<meta name=\"description\" content=\"Here you can learn more about Hashimoto&#039;s thyroiditis, its impairment of fertility and the importance of an iodine-free diet.\" \/>\n<meta name=\"robots\" content=\"index, follow, max-snippet:-1, max-image-preview:large, max-video-preview:-1\" \/>\n<link rel=\"canonical\" href=\"https:\/\/fertilovit.com\/de\/information\/hashimoto-thyreoiditis\/\" \/>\n<meta property=\"og:locale\" content=\"de_DE\" \/>\n<meta property=\"og:type\" content=\"article\" \/>\n<meta property=\"og:title\" content=\"Hashimoto\" \/>\n<meta property=\"og:description\" content=\"Here you can learn more about Hashimoto&#039;s thyroiditis, its impairment of fertility and the importance of an iodine-free diet.\" \/>\n<meta property=\"og:url\" content=\"https:\/\/fertilovit.com\/de\/information\/hashimoto-thyreoiditis\/\" \/>\n<meta property=\"og:site_name\" content=\"Fertilovit\u00ae\" \/>\n<meta property=\"article:publisher\" content=\"https:\/\/www.facebook.com\/fertilovit\" \/>\n<meta property=\"article:modified_time\" content=\"2024-05-09T10:39:52+00:00\" \/>\n<meta property=\"og:image\" content=\"https:\/\/fertilovit.com\/wp-content\/uploads\/2021\/12\/hashimoto-compressed.jpg\" \/>\n<meta name=\"twitter:card\" content=\"summary_large_image\" \/>\n<meta name=\"twitter:label1\" content=\"Gesch\u00e4tzte Lesezeit\" \/>\n\t<meta name=\"twitter:data1\" content=\"3 Minuten\" \/>\n<script type=\"application\/ld+json\" class=\"yoast-schema-graph\">{\"@context\":\"https:\/\/schema.org\",\"@graph\":[{\"@type\":\"WebPage\",\"@id\":\"https:\/\/fertilovit.com\/de\/information\/hashimoto-thyreoiditis\/\",\"url\":\"https:\/\/fertilovit.com\/de\/information\/hashimoto-thyreoiditis\/\",\"name\":\"Hashimoto's thyroiditis - Fertilovit\u00ae\",\"isPartOf\":{\"@id\":\"https:\/\/fertilovit.com\/de\/#website\"},\"primaryImageOfPage\":{\"@id\":\"https:\/\/fertilovit.com\/de\/information\/hashimoto-thyreoiditis\/#primaryimage\"},\"image\":{\"@id\":\"https:\/\/fertilovit.com\/de\/information\/hashimoto-thyreoiditis\/#primaryimage\"},\"thumbnailUrl\":\"https:\/\/fertilovit.com\/wp-content\/uploads\/2021\/12\/hashimoto-compressed.jpg\",\"datePublished\":\"2021-10-12T19:38:31+00:00\",\"dateModified\":\"2024-05-09T10:39:52+00:00\",\"description\":\"Here you can learn more about Hashimoto's thyroiditis, its impairment of fertility and the importance of an iodine-free diet.\",\"breadcrumb\":{\"@id\":\"https:\/\/fertilovit.com\/de\/information\/hashimoto-thyreoiditis\/#breadcrumb\"},\"inLanguage\":\"de-AT\",\"potentialAction\":[{\"@type\":\"ReadAction\",\"target\":[\"https:\/\/fertilovit.com\/de\/information\/hashimoto-thyreoiditis\/\"]}]},{\"@type\":\"ImageObject\",\"inLanguage\":\"de-AT\",\"@id\":\"https:\/\/fertilovit.com\/de\/information\/hashimoto-thyreoiditis\/#primaryimage\",\"url\":\"https:\/\/fertilovit.com\/wp-content\/uploads\/2021\/12\/hashimoto-compressed.jpg\",\"contentUrl\":\"https:\/\/fertilovit.com\/wp-content\/uploads\/2021\/12\/hashimoto-compressed.jpg\"},{\"@type\":\"BreadcrumbList\",\"@id\":\"https:\/\/fertilovit.com\/de\/information\/hashimoto-thyreoiditis\/#breadcrumb\",\"itemListElement\":[{\"@type\":\"ListItem\",\"position\":1,\"name\":\"Home\",\"item\":\"https:\/\/fertilovit.com\/\"},{\"@type\":\"ListItem\",\"position\":2,\"name\":\"Information\",\"item\":\"https:\/\/fertilovit.com\/information\/\"},{\"@type\":\"ListItem\",\"position\":3,\"name\":\"Hashimoto\"}]},{\"@type\":\"WebSite\",\"@id\":\"https:\/\/fertilovit.com\/de\/#website\",\"url\":\"https:\/\/fertilovit.com\/de\/\",\"name\":\"Fertilovit\u00ae\",\"description\":\"For a new life\",\"publisher\":{\"@id\":\"https:\/\/fertilovit.com\/de\/#organization\"},\"potentialAction\":[{\"@type\":\"SearchAction\",\"target\":{\"@type\":\"EntryPoint\",\"urlTemplate\":\"https:\/\/fertilovit.com\/de\/?s={search_term_string}\"},\"query-input\":{\"@type\":\"PropertyValueSpecification\",\"valueRequired\":true,\"valueName\":\"search_term_string\"}}],\"inLanguage\":\"de-AT\"},{\"@type\":\"Organization\",\"@id\":\"https:\/\/fertilovit.com\/de\/#organization\",\"name\":\"Fertilovit\u00ae\",\"url\":\"https:\/\/fertilovit.com\/de\/\",\"logo\":{\"@type\":\"ImageObject\",\"inLanguage\":\"de-AT\",\"@id\":\"https:\/\/fertilovit.com\/de\/#\/schema\/logo\/image\/\",\"url\":\"https:\/\/fertilovit.com\/wp-content\/uploads\/2021\/10\/fertilovit-logo.png\",\"contentUrl\":\"https:\/\/fertilovit.com\/wp-content\/uploads\/2021\/10\/fertilovit-logo.png\",\"width\":835,\"height\":188,\"caption\":\"Fertilovit\u00ae\"},\"image\":{\"@id\":\"https:\/\/fertilovit.com\/de\/#\/schema\/logo\/image\/\"},\"sameAs\":[\"https:\/\/www.facebook.com\/fertilovit\",\"https:\/\/www.instagram.com\/fertilovit_international\/\",\"https:\/\/www.youtube.com\/@Fertilovit-com\",\"https:\/\/www.instagram.com\/fertilovitaustria\/\"],\"description\":\"Fertilovit is a scientifically-backed brand of advanced micronutrient supplements specifically formulated for preconception, pregnancy, and reproductive health. Developed by fertility experts, our patent-protected products provide targeted nutritional support for women and men, addressing specific needs such as PCOS, endometriosis, and optimized sperm quality.\",\"email\":\"office@fertilovit.com\",\"telephone\":\"+43 5574 54195\",\"legalName\":\"Gonadosan Distribution GmbH\",\"foundingDate\":\"2010-01-01\",\"vatID\":\"ATU35594004\",\"duns\":\"302468913\"}]}<\/script>\n<!-- \/ Yoast SEO Premium plugin. -->","yoast_head_json":{"title":"Hashimoto-Thyreoiditis - Fertilovit\u00ae","description":"Hier erfahren Sie mehr \u00fcber Hashimoto Thyreoiditis, ihre Beeintr\u00e4chtigung der Fruchtbarkeit und die Bedeutung einer jodfreien Ern\u00e4hrung bei Kinderwunsch.","robots":{"index":"index","follow":"follow","max-snippet":"max-snippet:-1","max-image-preview":"max-image-preview:large","max-video-preview":"max-video-preview:-1"},"canonical":"https:\/\/fertilovit.com\/de\/information\/hashimoto-thyreoiditis\/","og_locale":"de_DE","og_type":"article","og_title":"Hashimoto","og_description":"Here you can learn more about Hashimoto's thyroiditis, its impairment of fertility and the importance of an iodine-free diet.","og_url":"https:\/\/fertilovit.com\/de\/information\/hashimoto-thyreoiditis\/","og_site_name":"Fertilovit\u00ae","article_publisher":"https:\/\/www.facebook.com\/fertilovit","article_modified_time":"2024-05-09T10:39:52+00:00","og_image":[{"url":"https:\/\/fertilovit.com\/wp-content\/uploads\/2021\/12\/hashimoto-compressed.jpg","type":"","width":"","height":""}],"twitter_card":"summary_large_image","twitter_misc":{"Gesch\u00e4tzte Lesezeit":"3 Minuten"},"schema":{"@context":"https:\/\/schema.org","@graph":[{"@type":"WebPage","@id":"https:\/\/fertilovit.com\/de\/information\/hashimoto-thyreoiditis\/","url":"https:\/\/fertilovit.com\/de\/information\/hashimoto-thyreoiditis\/","name":"Hashimoto-Thyreoiditis - Fertilovit\u00ae","isPartOf":{"@id":"https:\/\/fertilovit.com\/de\/#website"},"primaryImageOfPage":{"@id":"https:\/\/fertilovit.com\/de\/information\/hashimoto-thyreoiditis\/#primaryimage"},"image":{"@id":"https:\/\/fertilovit.com\/de\/information\/hashimoto-thyreoiditis\/#primaryimage"},"thumbnailUrl":"https:\/\/fertilovit.com\/wp-content\/uploads\/2021\/12\/hashimoto-compressed.jpg","datePublished":"2021-10-12T19:38:31+00:00","dateModified":"2024-05-09T10:39:52+00:00","description":"Hier erfahren Sie mehr \u00fcber Hashimoto Thyreoiditis, ihre Beeintr\u00e4chtigung der Fruchtbarkeit und die Bedeutung einer jodfreien Ern\u00e4hrung bei Kinderwunsch.","breadcrumb":{"@id":"https:\/\/fertilovit.com\/de\/information\/hashimoto-thyreoiditis\/#breadcrumb"},"inLanguage":"de-AT","potentialAction":[{"@type":"ReadAction","target":["https:\/\/fertilovit.com\/de\/information\/hashimoto-thyreoiditis\/"]}]},{"@type":"ImageObject","inLanguage":"de-AT","@id":"https:\/\/fertilovit.com\/de\/information\/hashimoto-thyreoiditis\/#primaryimage","url":"https:\/\/fertilovit.com\/wp-content\/uploads\/2021\/12\/hashimoto-compressed.jpg","contentUrl":"https:\/\/fertilovit.com\/wp-content\/uploads\/2021\/12\/hashimoto-compressed.jpg"},{"@type":"BreadcrumbList","@id":"https:\/\/fertilovit.com\/de\/information\/hashimoto-thyreoiditis\/#breadcrumb","itemListElement":[{"@type":"ListItem","position":1,"name":"Home","item":"https:\/\/fertilovit.com\/"},{"@type":"ListItem","position":2,"name":"Information","item":"https:\/\/fertilovit.com\/information\/"},{"@type":"ListItem","position":3,"name":"Hashimoto"}]},{"@type":"WebSite","@id":"https:\/\/fertilovit.com\/de\/#website","url":"https:\/\/fertilovit.com\/de\/","name":"Fertilovit\u00ae","description":"F\u00fcr ein neues Leben","publisher":{"@id":"https:\/\/fertilovit.com\/de\/#organization"},"potentialAction":[{"@type":"SearchAction","target":{"@type":"EntryPoint","urlTemplate":"https:\/\/fertilovit.com\/de\/?s={search_term_string}"},"query-input":{"@type":"PropertyValueSpecification","valueRequired":true,"valueName":"search_term_string"}}],"inLanguage":"de-AT"},{"@type":"Organization","@id":"https:\/\/fertilovit.com\/de\/#organization","name":"Fertilovit\u00ae","url":"https:\/\/fertilovit.com\/de\/","logo":{"@type":"ImageObject","inLanguage":"de-AT","@id":"https:\/\/fertilovit.com\/de\/#\/schema\/logo\/image\/","url":"https:\/\/fertilovit.com\/wp-content\/uploads\/2021\/10\/fertilovit-logo.png","contentUrl":"https:\/\/fertilovit.com\/wp-content\/uploads\/2021\/10\/fertilovit-logo.png","width":835,"height":188,"caption":"Fertilovit\u00ae"},"image":{"@id":"https:\/\/fertilovit.com\/de\/#\/schema\/logo\/image\/"},"sameAs":["https:\/\/www.facebook.com\/fertilovit","https:\/\/www.instagram.com\/fertilovit_international\/","https:\/\/www.youtube.com\/@Fertilovit-com","https:\/\/www.instagram.com\/fertilovitaustria\/"],"description":"Fertilovit ist eine wissenschaftlich fundierte Marke f\u00fcr fortschrittliche Mikron\u00e4hrstoffpr\u00e4parate, die speziell f\u00fcr die Empf\u00e4ngnisvorbereitung, die Schwangerschaft und die reproduktive Gesundheit entwickelt wurden. Unsere patentgesch\u00fctzten Produkte wurden von Fruchtbarkeitsexperten entwickelt und bieten gezielte Ern\u00e4hrungsunterst\u00fctzung f\u00fcr Frauen und M\u00e4nner, die auf spezifische Bed\u00fcrfnisse wie PCOS, Endometriose und optimierte Spermienqualit\u00e4t eingehen.","email":"office@fertilovit.com","telephone":"+43 5574 54195","legalName":"Gonadosan Distribution GmbH","foundingDate":"2010-01-01","vatID":"ATU35594004","duns":"302468913"}]}},"_links":{"self":[{"href":"https:\/\/fertilovit.com\/de\/wp-json\/wp\/v2\/pages\/107","targetHints":{"allow":["GET"]}}],"collection":[{"href":"https:\/\/fertilovit.com\/de\/wp-json\/wp\/v2\/pages"}],"about":[{"href":"https:\/\/fertilovit.com\/de\/wp-json\/wp\/v2\/types\/page"}],"author":[{"embeddable":true,"href":"https:\/\/fertilovit.com\/de\/wp-json\/wp\/v2\/users\/2"}],"replies":[{"embeddable":true,"href":"https:\/\/fertilovit.com\/de\/wp-json\/wp\/v2\/comments?post=107"}],"version-history":[{"count":0,"href":"https:\/\/fertilovit.com\/de\/wp-json\/wp\/v2\/pages\/107\/revisions"}],"up":[{"embeddable":true,"href":"https:\/\/fertilovit.com\/de\/wp-json\/wp\/v2\/pages\/99"}],"wp:attachment":[{"href":"https:\/\/fertilovit.com\/de\/wp-json\/wp\/v2\/media?parent=107"}],"curies":[{"name":"wp","href":"https:\/\/api.w.org\/{rel}","templated":true}]}}