{"id":105,"date":"2021-10-12T19:38:14","date_gmt":"2021-10-12T19:38:14","guid":{"rendered":"https:\/\/temp.fertilovit.com\/?page_id=105"},"modified":"2024-05-09T11:39:55","modified_gmt":"2024-05-09T10:39:55","slug":"pcos-2","status":"publish","type":"page","link":"https:\/\/fertilovit.com\/de\/information\/pcos-2\/","title":{"rendered":"Inositol"},"content":{"rendered":"<div data-elementor-type=\"wp-page\" data-elementor-id=\"105\" class=\"elementor elementor-105\" data-elementor-settings=\"{&quot;element_pack_global_tooltip_width&quot;:{&quot;unit&quot;:&quot;px&quot;,&quot;size&quot;:&quot;&quot;,&quot;sizes&quot;:[]},&quot;element_pack_global_tooltip_width_laptop&quot;:{&quot;unit&quot;:&quot;px&quot;,&quot;size&quot;:&quot;&quot;,&quot;sizes&quot;:[]},&quot;element_pack_global_tooltip_width_tablet&quot;:{&quot;unit&quot;:&quot;px&quot;,&quot;size&quot;:&quot;&quot;,&quot;sizes&quot;:[]},&quot;element_pack_global_tooltip_width_mobile&quot;:{&quot;unit&quot;:&quot;px&quot;,&quot;size&quot;:&quot;&quot;,&quot;sizes&quot;:[]},&quot;element_pack_global_tooltip_padding&quot;:{&quot;unit&quot;:&quot;px&quot;,&quot;top&quot;:&quot;&quot;,&quot;right&quot;:&quot;&quot;,&quot;bottom&quot;:&quot;&quot;,&quot;left&quot;:&quot;&quot;,&quot;isLinked&quot;:true},&quot;element_pack_global_tooltip_padding_laptop&quot;:{&quot;unit&quot;:&quot;px&quot;,&quot;top&quot;:&quot;&quot;,&quot;right&quot;:&quot;&quot;,&quot;bottom&quot;:&quot;&quot;,&quot;left&quot;:&quot;&quot;,&quot;isLinked&quot;:true},&quot;element_pack_global_tooltip_padding_tablet&quot;:{&quot;unit&quot;:&quot;px&quot;,&quot;top&quot;:&quot;&quot;,&quot;right&quot;:&quot;&quot;,&quot;bottom&quot;:&quot;&quot;,&quot;left&quot;:&quot;&quot;,&quot;isLinked&quot;:true},&quot;element_pack_global_tooltip_padding_mobile&quot;:{&quot;unit&quot;:&quot;px&quot;,&quot;top&quot;:&quot;&quot;,&quot;right&quot;:&quot;&quot;,&quot;bottom&quot;:&quot;&quot;,&quot;left&quot;:&quot;&quot;,&quot;isLinked&quot;:true},&quot;element_pack_global_tooltip_border_radius&quot;:{&quot;unit&quot;:&quot;px&quot;,&quot;top&quot;:&quot;&quot;,&quot;right&quot;:&quot;&quot;,&quot;bottom&quot;:&quot;&quot;,&quot;left&quot;:&quot;&quot;,&quot;isLinked&quot;:true},&quot;element_pack_global_tooltip_border_radius_laptop&quot;:{&quot;unit&quot;:&quot;px&quot;,&quot;top&quot;:&quot;&quot;,&quot;right&quot;:&quot;&quot;,&quot;bottom&quot;:&quot;&quot;,&quot;left&quot;:&quot;&quot;,&quot;isLinked&quot;:true},&quot;element_pack_global_tooltip_border_radius_tablet&quot;:{&quot;unit&quot;:&quot;px&quot;,&quot;top&quot;:&quot;&quot;,&quot;right&quot;:&quot;&quot;,&quot;bottom&quot;:&quot;&quot;,&quot;left&quot;:&quot;&quot;,&quot;isLinked&quot;:true},&quot;element_pack_global_tooltip_border_radius_mobile&quot;:{&quot;unit&quot;:&quot;px&quot;,&quot;top&quot;:&quot;&quot;,&quot;right&quot;:&quot;&quot;,&quot;bottom&quot;:&quot;&quot;,&quot;left&quot;:&quot;&quot;,&quot;isLinked&quot;:true}}\" data-elementor-post-type=\"page\">\r\n\t\t\t\t\t\t<section class=\"has_ae_slider elementor-section elementor-top-section elementor-element elementor-element-9e8fc93 elementor-section-full_width elementor-section-height-default elementor-section-height-default ae-bg-gallery-type-default\" data-id=\"9e8fc93\" data-element_type=\"section\" data-e-type=\"section\" data-settings=\"{&quot;background_background&quot;:&quot;classic&quot;}\">\r\n\t\t\t\t\t\t<div class=\"elementor-container elementor-column-gap-no\">\r\n\t\t\t\t\t<div class=\"has_ae_slider elementor-column elementor-col-100 elementor-top-column elementor-element elementor-element-8e4a187 ae-bg-gallery-type-default\" data-id=\"8e4a187\" data-element_type=\"column\" data-e-type=\"column\">\r\n\t\t\t<div class=\"elementor-widget-wrap elementor-element-populated\">\r\n\t\t\t\t\t\t<div class=\"elementor-element elementor-element-4fd2e6b elementor-widget elementor-widget-bdt-featured-box\" data-id=\"4fd2e6b\" data-element_type=\"widget\" data-e-type=\"widget\" data-widget_type=\"bdt-featured-box.split\">\r\n\t\t\t\t<div class=\"elementor-widget-container\">\r\n\t\t\t\t\t\t\t<div class=\"bdt-ep-featured-box bdt-ep-featured-box-skin-split\">\r\n\r\n\t\t\t<div class=\"bdt-grid\">\r\n\t\t\t\t<div class=\"bdt-width-1-1 bdt-width-2-5@s\">\r\n\t\t\t\t\t<div class=\"bdt-ep-featured-box-content bdt-position-z-index bdt-position-center-left bdt-text-left\">\r\n\t\t\t\t\t\t\t\t\t\t\t<div class=\"bdt-ep-featured-box-sub-title\">\r\n\t\t\t\tPCOS\t\t\t<\/div>\r\n\t\t\r\n\t\t\t\t\t<h3\t\t\t\tclass=\"bdt-ep-featured-box-title\">\r\n\t\t\t\t<span >\r\n\t\t\t\t\tund Kinderwunsch\t\t\t\t<\/span>\r\n\t\t\t<\/h3>\r\n\t\t\r\n\t\t\r\n\t\t\t\t\t<div class=\"bdt-ep-featured-box-button\">\r\n\t\t\t\t<a class=\"bdt-ep-featured-box-readmore bdt-display-inline-block elementor-animation-wobble-horizontal\" href=\"https:\/\/fertilovit.com\/de\/frauen\/fertilovit-f-pcos\/\" target=\"_blank\">\r\n\t\t\t\t\tFertilovit\u00ae F PCOS\t\t\t\t\t\t\t\t\t\t\t<span class=\"bdt-button-icon-align-right\">\r\n\t\t\t\t\t\t\t<i aria-hidden=\"true\" class=\"fa-fw fas fa-venus-mars\"><\/i>\t\t\t\t\t\t<\/span>\r\n\t\t\t\t\t\t\t\t\t<\/a>\r\n\t\t\t<\/div>\r\n\t\t\t\t\t\t\t\t<\/div>\r\n\t\t\t\t<\/div>\r\n\t\t\t\t<div class=\"bdt-width-1-1 bdt-width-3-5@s\">\r\n\t\t\t\t\t\t\t<div class=\"bdt-ep-featured-box-image\">\r\n\t\t\t<div class=\"bdt-position-relative\">\r\n\t\t\t\t<img fetchpriority=\"high\" decoding=\"async\" width=\"1920\" height=\"1280\" src=\"https:\/\/fertilovit.com\/wp-content\/uploads\/2021\/12\/pcos-2-compressed.jpg\" class=\"attachment-full size-full\" alt=\"und Kinderwunsch\" srcset=\"https:\/\/fertilovit.com\/wp-content\/uploads\/2021\/12\/pcos-2-compressed.jpg 1920w, https:\/\/fertilovit.com\/wp-content\/uploads\/2021\/12\/pcos-2-compressed-300x200.jpg 300w, https:\/\/fertilovit.com\/wp-content\/uploads\/2021\/12\/pcos-2-compressed-1024x683.jpg 1024w, https:\/\/fertilovit.com\/wp-content\/uploads\/2021\/12\/pcos-2-compressed-768x512.jpg 768w, https:\/\/fertilovit.com\/wp-content\/uploads\/2021\/12\/pcos-2-compressed-1536x1024.jpg 1536w, https:\/\/fertilovit.com\/wp-content\/uploads\/2021\/12\/pcos-2-compressed-18x12.jpg 18w\" sizes=\"(max-width: 1920px) 100vw, 1920px\" \/>\t\t\t\t\t\t<\/div>\r\n\t\t<\/div>\r\n\t\t\t\t\t\t<\/div>\r\n\t\t\t<\/div>\r\n\r\n\t\t<\/div>\r\n\r\n\t\t\t\t\t\t<\/div>\r\n\t\t\t\t<\/div>\r\n\t\t\t\t\t<\/div>\r\n\t\t<\/div>\r\n\t\t\t\t\t<\/div>\r\n\t\t<\/section>\r\n\t\t\t\t<section class=\"has_ae_slider elementor-section elementor-top-section elementor-element elementor-element-c0de4b5 elementor-section-boxed elementor-section-height-default elementor-section-height-default ae-bg-gallery-type-default\" data-id=\"c0de4b5\" data-element_type=\"section\" data-e-type=\"section\">\r\n\t\t\t\t\t\t<div class=\"elementor-container elementor-column-gap-default\">\r\n\t\t\t\t\t<div class=\"has_ae_slider elementor-column elementor-col-100 elementor-top-column elementor-element elementor-element-3742ffd ae-bg-gallery-type-default\" data-id=\"3742ffd\" data-element_type=\"column\" data-e-type=\"column\">\r\n\t\t\t<div class=\"elementor-widget-wrap elementor-element-populated\">\r\n\t\t\t\t\t\t<section class=\"has_ae_slider elementor-section elementor-inner-section elementor-element elementor-element-3b90985 elementor-section-boxed elementor-section-height-default elementor-section-height-default ae-bg-gallery-type-default\" data-id=\"3b90985\" data-element_type=\"section\" data-e-type=\"section\">\r\n\t\t\t\t\t\t<div class=\"elementor-container elementor-column-gap-extended\">\r\n\t\t\t\t\t<div class=\"has_ae_slider elementor-column elementor-col-100 elementor-inner-column elementor-element elementor-element-9e109e5 ae-bg-gallery-type-default\" data-id=\"9e109e5\" data-element_type=\"column\" data-e-type=\"column\">\r\n\t\t\t<div class=\"elementor-widget-wrap elementor-element-populated\">\r\n\t\t\t\t\t\t<div class=\"elementor-element elementor-element-591d7ff elementor-widget elementor-widget-text-editor\" data-id=\"591d7ff\" data-element_type=\"widget\" data-e-type=\"widget\" data-widget_type=\"text-editor.default\">\r\n\t\t\t\t<div class=\"elementor-widget-container\">\r\n\t\t\t\t\t\t\t\t\t<p><span style=\"font-weight: 400;\">Sch\u00e4tzungen zufolge leiden weltweit 5 \u2013 10 % aller Frauen im geb\u00e4rf\u00e4higen Alter an polyzystischem Ovarialsyndrom (<\/span><a href=\"https:\/\/www.fruchtbarkeit-blog.com\/2017\/09\/01\/10-anzeichen-fuer-polyzystisches-ovarsyndrom\/\"><span style=\"font-weight: 400;\">PCOS<\/span><\/a><span style=\"font-weight: 400;\">). Es handelt sich dabei um eine St\u00f6rung des Hormonhaushaltes, die sich durch Haarausfall, unreine Haut und Unfruchtbarkeit \u00e4u\u00dfern kann.<\/span><\/p><p><strong>Wie wirkt sich PCOS auf die Fruchtbarkeit aus?<\/strong><\/p><p><span style=\"font-weight: 400;\">Durch die mit dem PCOS zusammenh\u00e4ngenden Zyklusst\u00f6rungen gilt die Erkrankung als eine der h\u00e4ufigsten Ursachen f\u00fcr weibliche Unfruchtbarkeit. Die f\u00fcr PCOS typischen \u00c4nderungen im Hormonhaushalt beeintr\u00e4chtigen die ovarielle Funktion und damit auch Eizellreifung und Ovulation. F\u00fcr die Patientin \u00e4u\u00dfert sich dies durch unregelm\u00e4\u00dfige oder sogar ausbleibende Monatsblutung und das Auftreten zahlreicher ovarieller Zysten.\u00a0<\/span><\/p><p><strong>PCOS: Therapieoptionen<\/strong><\/p><ol><li style=\"font-weight: 400;\" aria-level=\"1\"><p><b>\u00a0<\/b><span style=\"font-weight: 400;\"><strong>Gewichtsreduktion:<\/strong> Bei \u00dcbergewicht besteht der erste Schritt im Abnehmen. Bereits eine Gewichtsabnahme von 5 % kann deutliche Verbesserungen bringen. Bei einem K\u00f6rpergewicht von 80 kg entspricht dies 4 kg \u2013 das ist zu schaffen! Die Belohnung: eine sch\u00f6nere Haut, weniger Haarwuchs im Gesicht, regelm\u00e4\u00dfigere Zyklen. <\/span><a href=\"https:\/\/www.fruchtbarkeit-blog.com\/2019\/09\/19\/leichter-abnehmen-bei-pcos-mit-tricks-aus-der-forschung\/\"><span style=\"font-weight: 400;\">Mehr erfahren...<\/span><\/a><span style=\"font-weight: 400;\">\u00a0<\/span><\/p><\/li><li style=\"font-weight: 400;\" aria-level=\"1\"><p><span style=\"font-weight: 400;\"><strong>Metformin:<\/strong> Eine Insulinresistenz l\u00e4sst sich mit Metformin behandeln, einem Wirkstoff, der sonst bei Patienten mit Typ-2-Diabetes Anwendung findet. Metformin optimiert die Insulinwirkung. Das wirkt sich g\u00fcnstig auf das PCOS aus. Sinkt die Insulinresistenz, wird bei den betroffenen Frauen unter anderem die Produktion der m\u00e4nnlichen Hormone weniger angeregt. Au\u00dferdem ver\u00e4ndert sich der Fettstoffwechsel.\n\nAllerdings ist der Wirkstoff Metformin noch nicht f\u00fcr die Behandlung von PCOS zugelassen und ist auch nicht f\u00fcr jede Frau gut vertr\u00e4glich.<\/span><\/p><\/li><li style=\"font-weight: 400;\" aria-level=\"1\"><p><span style=\"font-weight: 400;\"><strong>Ern\u00e4hrungsmedizin:<\/strong> Aufgrund des engen Zusammenhangs zwischen Stoffwechsel und PCOS sind eine Umstellung des Lebensstils in Kombination mit <\/span><a href=\"https:\/\/www.pcos-info.eu\/index.php?lang=de-DE\"><span style=\"font-weight: 400;\">ern\u00e4hrungsphysiologischen Ma\u00dfnahmen<\/span><\/a><span style=\"font-weight: 400;\"> eine schonende und oft sehr hilfreiche Herangehensweise. <a href=\"https:\/\/www.pcos-info.eu\/p.php?c=ernaehrung\">Mehr erfahren...<\/a><\/span><\/p><\/li><li style=\"font-weight: 400;\" aria-level=\"1\"><p><span style=\"font-weight: 400;\"><strong>Supportive N\u00e4hrstofftherapie:<\/strong> Supportive N\u00e4hrstofftherapie: Bereits eine ganze Reihe von Mikron\u00e4hrstoffen wurde bisland auf Ihre Wirkung bei PCOS hin untersucht. Forschungen zufolge kann eine <\/span><a href=\"https:\/\/www.my-fertility-blog.com\/2016\/08\/25\/dietetic-treatment-of-pcos-inositol\/\"><span style=\"font-weight: 400;\">gezielte Nahrungserg\u00e4nzung<\/span><\/a><span style=\"font-weight: 400;\"> bei PCOS sanft von innen heraus zu einem besseren Gleichgewicht von Stoffwechsel und Hormonsystem beitragen. Basierend auf aktuellen Forschungsergebnissen wurde die Dreifach-Wirkformel von Fertilovit\u00ae F PCOS entwickelt, um Frauen mit PCOS, die eine Schwangerschaft planen, mit allen Vitaminen, Mineralstoffen und anderen N\u00e4hrstoffen zu versorgen, die sich in dieser besonderen Situation als wichtig erwiesen haben.<\/span><\/p><\/li><li style=\"font-weight: 400;\" aria-level=\"1\"><p><strong>Kinderwunschbehandlung: <\/strong><span style=\"font-weight: 400;\">Sehr oft ist die k\u00fcnstliche Ausl\u00f6sung des Eisprungs durch einen Facharzt, z.B. mit Clomifen, notwendig. Manchmal k\u00f6nnen operative Ma\u00dfnahmen helfen. Beim sogenannten laparoskopischen Ovarian Drilling kann durch mechanische Zerst\u00f6rung der Thekazellen der hormonelle Teufelskreis durchbrochen und die Hormonproduktion reguliert werden. Auch eine Hormonbehandlung mit FSH ist eine Behandlungsoption.<\/span><\/p><\/li><\/ol><p><strong>PCOS in der Schwangerschaft<\/strong><span style=\"font-weight: 400;\"><br \/><\/span><\/p><p><span style=\"font-weight: 400;\">Frauen mit PCOS haben ein erh\u00f6htes Risiko, an Schwangerschaftsdiabetes zu erkranken. Sie sollten also regelm\u00e4\u00dfig daraufhin untersucht werden und eine Insulinresistenz fachgerecht behandelt werden.<\/span><\/p><p><strong>Ist PCOS heilbar?<\/strong><\/p><p><span style=\"font-weight: 400;\">Leider nein. Aber den meisten Patientinnen kann mit Medikamenten oder mit einer Umstellung ihrer Lebensgewohnheiten geholfen werden. Manchmal bessert sich das Leiden nach einer Schwangerschaft von selbst. Und: Auch bei Frauen nach den Wechseljahren werden manche Beschwerden besser. Das liegt daran, dass der K\u00f6rper dann die Produktion vieler Geschlechtshormone zur\u00fcckf\u00e4hrt.<\/span><\/p>\t\t\t\t\t\t\t\t<\/div>\r\n\t\t\t\t<\/div>\r\n\t\t\t\t\t<\/div>\r\n\t\t<\/div>\r\n\t\t\t\t\t<\/div>\r\n\t\t<\/section>\r\n\t\t\t\t\t<\/div>\r\n\t\t<\/div>\r\n\t\t\t\t\t<\/div>\r\n\t\t<\/section>\r\n\t\t\t\t<\/div>","protected":false},"excerpt":{"rendered":"<p>PCOS and fertility Fertilovit\u00ae F PCOS Approximately 5 \u2013 10 % of women of reproductive age are affected by polycystic ovarian syndrome (PCOS). The syndrome is, in fact, a hormonal disorder with a variety of symptoms including excess facial hair, acne, irregular cycles, and ovarian cysts. How does PCOS interfere with fertility? PCOS is one [&hellip;]<\/p>\n","protected":false},"author":2,"featured_media":0,"parent":99,"menu_order":0,"comment_status":"closed","ping_status":"closed","template":"","meta":{"_acf_changed":false,"footnotes":""},"class_list":["post-105","page","type-page","status-publish","hentry"],"acf":[],"yoast_head":"<!-- This site is optimized with the Yoast SEO Premium plugin v27.0 (Yoast SEO v27.1.1) - https:\/\/yoast.com\/product\/yoast-seo-premium-wordpress\/ -->\n<title>PCOS - Fertilovit\u00ae<\/title>\n<meta name=\"description\" content=\"Find out more about Polycystic Ovary Syndrome (PCOS), how it interferes with fertility and different therapeutic options.\" \/>\n<meta name=\"robots\" content=\"index, follow, max-snippet:-1, max-image-preview:large, max-video-preview:-1\" \/>\n<link rel=\"canonical\" href=\"https:\/\/fertilovit.com\/de\/information\/pcos-2\/\" \/>\n<meta property=\"og:locale\" content=\"de_DE\" \/>\n<meta property=\"og:type\" content=\"article\" \/>\n<meta property=\"og:title\" content=\"Inositol\" \/>\n<meta property=\"og:description\" content=\"Find out more about Polycystic Ovary Syndrome (PCOS), how it interferes with fertility and different therapeutic options.\" \/>\n<meta property=\"og:url\" content=\"https:\/\/fertilovit.com\/de\/information\/pcos-2\/\" \/>\n<meta property=\"og:site_name\" content=\"Fertilovit\u00ae\" \/>\n<meta property=\"article:publisher\" content=\"https:\/\/www.facebook.com\/fertilovit\" \/>\n<meta property=\"article:modified_time\" content=\"2024-05-09T10:39:55+00:00\" \/>\n<meta property=\"og:image\" content=\"https:\/\/fertilovit.com\/wp-content\/uploads\/2021\/12\/pcos-2-compressed.jpg\" \/>\n<meta name=\"twitter:card\" content=\"summary_large_image\" \/>\n<meta name=\"twitter:label1\" content=\"Gesch\u00e4tzte Lesezeit\" \/>\n\t<meta name=\"twitter:data1\" content=\"3 Minuten\" \/>\n<script type=\"application\/ld+json\" class=\"yoast-schema-graph\">{\"@context\":\"https:\/\/schema.org\",\"@graph\":[{\"@type\":\"WebPage\",\"@id\":\"https:\/\/fertilovit.com\/de\/information\/pcos-2\/\",\"url\":\"https:\/\/fertilovit.com\/de\/information\/pcos-2\/\",\"name\":\"PCOS - Fertilovit\u00ae\",\"isPartOf\":{\"@id\":\"https:\/\/fertilovit.com\/de\/#website\"},\"primaryImageOfPage\":{\"@id\":\"https:\/\/fertilovit.com\/de\/information\/pcos-2\/#primaryimage\"},\"image\":{\"@id\":\"https:\/\/fertilovit.com\/de\/information\/pcos-2\/#primaryimage\"},\"thumbnailUrl\":\"https:\/\/fertilovit.com\/wp-content\/uploads\/2021\/12\/pcos-2-compressed.jpg\",\"datePublished\":\"2021-10-12T19:38:14+00:00\",\"dateModified\":\"2024-05-09T10:39:55+00:00\",\"description\":\"Find out more about Polycystic Ovary Syndrome (PCOS), how it interferes with fertility and different therapeutic options.\",\"breadcrumb\":{\"@id\":\"https:\/\/fertilovit.com\/de\/information\/pcos-2\/#breadcrumb\"},\"inLanguage\":\"de-AT\",\"potentialAction\":[{\"@type\":\"ReadAction\",\"target\":[\"https:\/\/fertilovit.com\/de\/information\/pcos-2\/\"]}]},{\"@type\":\"ImageObject\",\"inLanguage\":\"de-AT\",\"@id\":\"https:\/\/fertilovit.com\/de\/information\/pcos-2\/#primaryimage\",\"url\":\"https:\/\/fertilovit.com\/wp-content\/uploads\/2021\/12\/pcos-2-compressed.jpg\",\"contentUrl\":\"https:\/\/fertilovit.com\/wp-content\/uploads\/2021\/12\/pcos-2-compressed.jpg\"},{\"@type\":\"BreadcrumbList\",\"@id\":\"https:\/\/fertilovit.com\/de\/information\/pcos-2\/#breadcrumb\",\"itemListElement\":[{\"@type\":\"ListItem\",\"position\":1,\"name\":\"Home\",\"item\":\"https:\/\/fertilovit.com\/\"},{\"@type\":\"ListItem\",\"position\":2,\"name\":\"Information\",\"item\":\"https:\/\/fertilovit.com\/information\/\"},{\"@type\":\"ListItem\",\"position\":3,\"name\":\"Inositol\"}]},{\"@type\":\"WebSite\",\"@id\":\"https:\/\/fertilovit.com\/de\/#website\",\"url\":\"https:\/\/fertilovit.com\/de\/\",\"name\":\"Fertilovit\u00ae\",\"description\":\"For a new life\",\"publisher\":{\"@id\":\"https:\/\/fertilovit.com\/de\/#organization\"},\"potentialAction\":[{\"@type\":\"SearchAction\",\"target\":{\"@type\":\"EntryPoint\",\"urlTemplate\":\"https:\/\/fertilovit.com\/de\/?s={search_term_string}\"},\"query-input\":{\"@type\":\"PropertyValueSpecification\",\"valueRequired\":true,\"valueName\":\"search_term_string\"}}],\"inLanguage\":\"de-AT\"},{\"@type\":\"Organization\",\"@id\":\"https:\/\/fertilovit.com\/de\/#organization\",\"name\":\"Fertilovit\u00ae\",\"url\":\"https:\/\/fertilovit.com\/de\/\",\"logo\":{\"@type\":\"ImageObject\",\"inLanguage\":\"de-AT\",\"@id\":\"https:\/\/fertilovit.com\/de\/#\/schema\/logo\/image\/\",\"url\":\"https:\/\/fertilovit.com\/wp-content\/uploads\/2021\/10\/fertilovit-logo.png\",\"contentUrl\":\"https:\/\/fertilovit.com\/wp-content\/uploads\/2021\/10\/fertilovit-logo.png\",\"width\":835,\"height\":188,\"caption\":\"Fertilovit\u00ae\"},\"image\":{\"@id\":\"https:\/\/fertilovit.com\/de\/#\/schema\/logo\/image\/\"},\"sameAs\":[\"https:\/\/www.facebook.com\/fertilovit\",\"https:\/\/www.instagram.com\/fertilovit_international\/\",\"https:\/\/www.youtube.com\/@Fertilovit-com\",\"https:\/\/www.instagram.com\/fertilovitaustria\/\"],\"description\":\"Fertilovit is a scientifically-backed brand of advanced micronutrient supplements specifically formulated for preconception, pregnancy, and reproductive health. Developed by fertility experts, our patent-protected products provide targeted nutritional support for women and men, addressing specific needs such as PCOS, endometriosis, and optimized sperm quality.\",\"email\":\"office@fertilovit.com\",\"telephone\":\"+43 5574 54195\",\"legalName\":\"Gonadosan Distribution GmbH\",\"foundingDate\":\"2010-01-01\",\"vatID\":\"ATU35594004\",\"duns\":\"302468913\"}]}<\/script>\n<!-- \/ Yoast SEO Premium plugin. -->","yoast_head_json":{"title":"PCOS - Fertilovit\u00ae","description":"Erfahren Sie mehr \u00fcber das polyzystische Ovarialsyndrom (PCOS), seine Auswirkungen auf die Fruchtbarkeit und die verschiedenen Therapiem\u00f6glichkeiten.","robots":{"index":"index","follow":"follow","max-snippet":"max-snippet:-1","max-image-preview":"max-image-preview:large","max-video-preview":"max-video-preview:-1"},"canonical":"https:\/\/fertilovit.com\/de\/information\/pcos-2\/","og_locale":"de_DE","og_type":"article","og_title":"Inositol","og_description":"Find out more about Polycystic Ovary Syndrome (PCOS), how it interferes with fertility and different therapeutic options.","og_url":"https:\/\/fertilovit.com\/de\/information\/pcos-2\/","og_site_name":"Fertilovit\u00ae","article_publisher":"https:\/\/www.facebook.com\/fertilovit","article_modified_time":"2024-05-09T10:39:55+00:00","og_image":[{"url":"https:\/\/fertilovit.com\/wp-content\/uploads\/2021\/12\/pcos-2-compressed.jpg","type":"","width":"","height":""}],"twitter_card":"summary_large_image","twitter_misc":{"Gesch\u00e4tzte Lesezeit":"3 Minuten"},"schema":{"@context":"https:\/\/schema.org","@graph":[{"@type":"WebPage","@id":"https:\/\/fertilovit.com\/de\/information\/pcos-2\/","url":"https:\/\/fertilovit.com\/de\/information\/pcos-2\/","name":"PCOS - Fertilovit\u00ae","isPartOf":{"@id":"https:\/\/fertilovit.com\/de\/#website"},"primaryImageOfPage":{"@id":"https:\/\/fertilovit.com\/de\/information\/pcos-2\/#primaryimage"},"image":{"@id":"https:\/\/fertilovit.com\/de\/information\/pcos-2\/#primaryimage"},"thumbnailUrl":"https:\/\/fertilovit.com\/wp-content\/uploads\/2021\/12\/pcos-2-compressed.jpg","datePublished":"2021-10-12T19:38:14+00:00","dateModified":"2024-05-09T10:39:55+00:00","description":"Erfahren Sie mehr \u00fcber das polyzystische Ovarialsyndrom (PCOS), seine Auswirkungen auf die Fruchtbarkeit und die verschiedenen Therapiem\u00f6glichkeiten.","breadcrumb":{"@id":"https:\/\/fertilovit.com\/de\/information\/pcos-2\/#breadcrumb"},"inLanguage":"de-AT","potentialAction":[{"@type":"ReadAction","target":["https:\/\/fertilovit.com\/de\/information\/pcos-2\/"]}]},{"@type":"ImageObject","inLanguage":"de-AT","@id":"https:\/\/fertilovit.com\/de\/information\/pcos-2\/#primaryimage","url":"https:\/\/fertilovit.com\/wp-content\/uploads\/2021\/12\/pcos-2-compressed.jpg","contentUrl":"https:\/\/fertilovit.com\/wp-content\/uploads\/2021\/12\/pcos-2-compressed.jpg"},{"@type":"BreadcrumbList","@id":"https:\/\/fertilovit.com\/de\/information\/pcos-2\/#breadcrumb","itemListElement":[{"@type":"ListItem","position":1,"name":"Home","item":"https:\/\/fertilovit.com\/"},{"@type":"ListItem","position":2,"name":"Information","item":"https:\/\/fertilovit.com\/information\/"},{"@type":"ListItem","position":3,"name":"Inositol"}]},{"@type":"WebSite","@id":"https:\/\/fertilovit.com\/de\/#website","url":"https:\/\/fertilovit.com\/de\/","name":"Fertilovit\u00ae","description":"F\u00fcr ein neues Leben","publisher":{"@id":"https:\/\/fertilovit.com\/de\/#organization"},"potentialAction":[{"@type":"SearchAction","target":{"@type":"EntryPoint","urlTemplate":"https:\/\/fertilovit.com\/de\/?s={search_term_string}"},"query-input":{"@type":"PropertyValueSpecification","valueRequired":true,"valueName":"search_term_string"}}],"inLanguage":"de-AT"},{"@type":"Organization","@id":"https:\/\/fertilovit.com\/de\/#organization","name":"Fertilovit\u00ae","url":"https:\/\/fertilovit.com\/de\/","logo":{"@type":"ImageObject","inLanguage":"de-AT","@id":"https:\/\/fertilovit.com\/de\/#\/schema\/logo\/image\/","url":"https:\/\/fertilovit.com\/wp-content\/uploads\/2021\/10\/fertilovit-logo.png","contentUrl":"https:\/\/fertilovit.com\/wp-content\/uploads\/2021\/10\/fertilovit-logo.png","width":835,"height":188,"caption":"Fertilovit\u00ae"},"image":{"@id":"https:\/\/fertilovit.com\/de\/#\/schema\/logo\/image\/"},"sameAs":["https:\/\/www.facebook.com\/fertilovit","https:\/\/www.instagram.com\/fertilovit_international\/","https:\/\/www.youtube.com\/@Fertilovit-com","https:\/\/www.instagram.com\/fertilovitaustria\/"],"description":"Fertilovit ist eine wissenschaftlich fundierte Marke f\u00fcr fortschrittliche Mikron\u00e4hrstoffpr\u00e4parate, die speziell f\u00fcr die Empf\u00e4ngnisvorbereitung, die Schwangerschaft und die reproduktive Gesundheit entwickelt wurden. Unsere patentgesch\u00fctzten Produkte wurden von Fruchtbarkeitsexperten entwickelt und bieten gezielte Ern\u00e4hrungsunterst\u00fctzung f\u00fcr Frauen und M\u00e4nner, die auf spezifische Bed\u00fcrfnisse wie PCOS, Endometriose und optimierte Spermienqualit\u00e4t eingehen.","email":"office@fertilovit.com","telephone":"+43 5574 54195","legalName":"Gonadosan Distribution GmbH","foundingDate":"2010-01-01","vatID":"ATU35594004","duns":"302468913"}]}},"_links":{"self":[{"href":"https:\/\/fertilovit.com\/de\/wp-json\/wp\/v2\/pages\/105","targetHints":{"allow":["GET"]}}],"collection":[{"href":"https:\/\/fertilovit.com\/de\/wp-json\/wp\/v2\/pages"}],"about":[{"href":"https:\/\/fertilovit.com\/de\/wp-json\/wp\/v2\/types\/page"}],"author":[{"embeddable":true,"href":"https:\/\/fertilovit.com\/de\/wp-json\/wp\/v2\/users\/2"}],"replies":[{"embeddable":true,"href":"https:\/\/fertilovit.com\/de\/wp-json\/wp\/v2\/comments?post=105"}],"version-history":[{"count":0,"href":"https:\/\/fertilovit.com\/de\/wp-json\/wp\/v2\/pages\/105\/revisions"}],"up":[{"embeddable":true,"href":"https:\/\/fertilovit.com\/de\/wp-json\/wp\/v2\/pages\/99"}],"wp:attachment":[{"href":"https:\/\/fertilovit.com\/de\/wp-json\/wp\/v2\/media?parent=105"}],"curies":[{"name":"wp","href":"https:\/\/api.w.org\/{rel}","templated":true}]}}