{"id":103,"date":"2021-10-12T19:37:56","date_gmt":"2021-10-12T19:37:56","guid":{"rendered":"https:\/\/temp.fertilovit.com\/?page_id=103"},"modified":"2024-05-09T11:39:58","modified_gmt":"2024-05-09T10:39:58","slug":"endometriose","status":"publish","type":"page","link":"https:\/\/fertilovit.com\/de\/information\/endometriose\/","title":{"rendered":"Endometriose"},"content":{"rendered":"<div data-elementor-type=\"wp-page\" data-elementor-id=\"103\" class=\"elementor elementor-103\" data-elementor-settings=\"{&quot;element_pack_global_tooltip_width&quot;:{&quot;unit&quot;:&quot;px&quot;,&quot;size&quot;:&quot;&quot;,&quot;sizes&quot;:[]},&quot;element_pack_global_tooltip_width_laptop&quot;:{&quot;unit&quot;:&quot;px&quot;,&quot;size&quot;:&quot;&quot;,&quot;sizes&quot;:[]},&quot;element_pack_global_tooltip_width_tablet&quot;:{&quot;unit&quot;:&quot;px&quot;,&quot;size&quot;:&quot;&quot;,&quot;sizes&quot;:[]},&quot;element_pack_global_tooltip_width_mobile&quot;:{&quot;unit&quot;:&quot;px&quot;,&quot;size&quot;:&quot;&quot;,&quot;sizes&quot;:[]},&quot;element_pack_global_tooltip_padding&quot;:{&quot;unit&quot;:&quot;px&quot;,&quot;top&quot;:&quot;&quot;,&quot;right&quot;:&quot;&quot;,&quot;bottom&quot;:&quot;&quot;,&quot;left&quot;:&quot;&quot;,&quot;isLinked&quot;:true},&quot;element_pack_global_tooltip_padding_laptop&quot;:{&quot;unit&quot;:&quot;px&quot;,&quot;top&quot;:&quot;&quot;,&quot;right&quot;:&quot;&quot;,&quot;bottom&quot;:&quot;&quot;,&quot;left&quot;:&quot;&quot;,&quot;isLinked&quot;:true},&quot;element_pack_global_tooltip_padding_tablet&quot;:{&quot;unit&quot;:&quot;px&quot;,&quot;top&quot;:&quot;&quot;,&quot;right&quot;:&quot;&quot;,&quot;bottom&quot;:&quot;&quot;,&quot;left&quot;:&quot;&quot;,&quot;isLinked&quot;:true},&quot;element_pack_global_tooltip_padding_mobile&quot;:{&quot;unit&quot;:&quot;px&quot;,&quot;top&quot;:&quot;&quot;,&quot;right&quot;:&quot;&quot;,&quot;bottom&quot;:&quot;&quot;,&quot;left&quot;:&quot;&quot;,&quot;isLinked&quot;:true},&quot;element_pack_global_tooltip_border_radius&quot;:{&quot;unit&quot;:&quot;px&quot;,&quot;top&quot;:&quot;&quot;,&quot;right&quot;:&quot;&quot;,&quot;bottom&quot;:&quot;&quot;,&quot;left&quot;:&quot;&quot;,&quot;isLinked&quot;:true},&quot;element_pack_global_tooltip_border_radius_laptop&quot;:{&quot;unit&quot;:&quot;px&quot;,&quot;top&quot;:&quot;&quot;,&quot;right&quot;:&quot;&quot;,&quot;bottom&quot;:&quot;&quot;,&quot;left&quot;:&quot;&quot;,&quot;isLinked&quot;:true},&quot;element_pack_global_tooltip_border_radius_tablet&quot;:{&quot;unit&quot;:&quot;px&quot;,&quot;top&quot;:&quot;&quot;,&quot;right&quot;:&quot;&quot;,&quot;bottom&quot;:&quot;&quot;,&quot;left&quot;:&quot;&quot;,&quot;isLinked&quot;:true},&quot;element_pack_global_tooltip_border_radius_mobile&quot;:{&quot;unit&quot;:&quot;px&quot;,&quot;top&quot;:&quot;&quot;,&quot;right&quot;:&quot;&quot;,&quot;bottom&quot;:&quot;&quot;,&quot;left&quot;:&quot;&quot;,&quot;isLinked&quot;:true}}\" data-elementor-post-type=\"page\">\n\t\t\t\t\t\t<section class=\"has_ae_slider elementor-section elementor-top-section elementor-element elementor-element-cbaca7e elementor-section-full_width elementor-section-height-default elementor-section-height-default ae-bg-gallery-type-default\" data-id=\"cbaca7e\" data-element_type=\"section\" data-e-type=\"section\" data-settings=\"{&quot;background_background&quot;:&quot;classic&quot;}\">\n\t\t\t\t\t\t<div class=\"elementor-container elementor-column-gap-no\">\n\t\t\t\t\t<div class=\"has_ae_slider elementor-column elementor-col-100 elementor-top-column elementor-element elementor-element-4b055ca ae-bg-gallery-type-default\" data-id=\"4b055ca\" data-element_type=\"column\" data-e-type=\"column\">\n\t\t\t<div class=\"elementor-widget-wrap elementor-element-populated\">\n\t\t\t\t\t\t<div class=\"elementor-element elementor-element-c806ce9 elementor-widget elementor-widget-bdt-featured-box\" data-id=\"c806ce9\" data-element_type=\"widget\" data-e-type=\"widget\" data-widget_type=\"bdt-featured-box.split\">\n\t\t\t\t<div class=\"elementor-widget-container\">\n\t\t\t\t\t\t\t<div class=\"bdt-ep-featured-box bdt-ep-featured-box-skin-split\">\r\n\r\n\t\t\t<div class=\"bdt-grid\">\r\n\t\t\t\t<div class=\"bdt-width-1-1 bdt-width-2-5@s\">\r\n\t\t\t\t\t<div class=\"bdt-ep-featured-box-content bdt-position-z-index bdt-position-center-left bdt-text-left\">\r\n\t\t\t\t\t\t\t\t\t\t\t<div class=\"bdt-ep-featured-box-sub-title\">\r\n\t\t\t\tEndometriose\t\t\t<\/div>\r\n\t\t\r\n\t\t\t\t\t<h3\t\t\t\tclass=\"bdt-ep-featured-box-title\">\r\n\t\t\t\t<span >\r\n\t\t\t\t\tund Kinderwunsch\t\t\t\t<\/span>\r\n\t\t\t<\/h3>\r\n\t\t\r\n\t\t\r\n\t\t\t\t\t<div class=\"bdt-ep-featured-box-button\">\r\n\t\t\t\t<a class=\"bdt-ep-featured-box-readmore bdt-display-inline-block elementor-animation-wobble-horizontal\" href=\"https:\/\/fertilovit.com\/de\/frauen\/fertilovit-f-endo\/\" target=\"_blank\">\r\n\t\t\t\t\tFertilovit\u00ae F ENDO\t\t\t\t\t\t\t\t\t\t\t<span class=\"bdt-button-icon-align-right\">\r\n\t\t\t\t\t\t\t<i aria-hidden=\"true\" class=\"fa-fw fas fa-venus-mars\"><\/i>\t\t\t\t\t\t<\/span>\r\n\t\t\t\t\t\t\t\t\t<\/a>\r\n\t\t\t<\/div>\r\n\t\t\t\t\t\t\t\t<\/div>\r\n\t\t\t\t<\/div>\r\n\t\t\t\t<div class=\"bdt-width-1-1 bdt-width-3-5@s\">\r\n\t\t\t\t\t\t\t<div class=\"bdt-ep-featured-box-image\">\r\n\t\t\t<div class=\"bdt-position-relative\">\r\n\t\t\t\t<img fetchpriority=\"high\" decoding=\"async\" width=\"1920\" height=\"1280\" src=\"https:\/\/fertilovit.com\/wp-content\/uploads\/2021\/12\/endometriosis-compressed.jpg\" class=\"attachment-full size-full\" alt=\"und Kinderwunsch\" srcset=\"https:\/\/fertilovit.com\/wp-content\/uploads\/2021\/12\/endometriosis-compressed.jpg 1920w, https:\/\/fertilovit.com\/wp-content\/uploads\/2021\/12\/endometriosis-compressed-300x200.jpg 300w, https:\/\/fertilovit.com\/wp-content\/uploads\/2021\/12\/endometriosis-compressed-1024x683.jpg 1024w, https:\/\/fertilovit.com\/wp-content\/uploads\/2021\/12\/endometriosis-compressed-768x512.jpg 768w, https:\/\/fertilovit.com\/wp-content\/uploads\/2021\/12\/endometriosis-compressed-1536x1024.jpg 1536w, https:\/\/fertilovit.com\/wp-content\/uploads\/2021\/12\/endometriosis-compressed-18x12.jpg 18w\" sizes=\"(max-width: 1920px) 100vw, 1920px\" \/>\t\t\t\t\t\t<\/div>\r\n\t\t<\/div>\r\n\t\t\t\t\t\t<\/div>\r\n\t\t\t<\/div>\r\n\r\n\t\t<\/div>\r\n\r\n\t\t\t\t\t\t<\/div>\n\t\t\t\t<\/div>\n\t\t\t\t\t<\/div>\n\t\t<\/div>\n\t\t\t\t\t<\/div>\n\t\t<\/section>\n\t\t\t\t<section class=\"has_ae_slider elementor-section elementor-top-section elementor-element elementor-element-aa61fa7 elementor-section-boxed elementor-section-height-default elementor-section-height-default ae-bg-gallery-type-default\" data-id=\"aa61fa7\" data-element_type=\"section\" data-e-type=\"section\">\n\t\t\t\t\t\t<div class=\"elementor-container elementor-column-gap-default\">\n\t\t\t\t\t<div class=\"has_ae_slider elementor-column elementor-col-100 elementor-top-column elementor-element elementor-element-ad396b7 ae-bg-gallery-type-default\" data-id=\"ad396b7\" data-element_type=\"column\" data-e-type=\"column\">\n\t\t\t<div class=\"elementor-widget-wrap elementor-element-populated\">\n\t\t\t\t\t\t<section class=\"has_ae_slider elementor-section elementor-inner-section elementor-element elementor-element-753107b elementor-section-boxed elementor-section-height-default elementor-section-height-default ae-bg-gallery-type-default\" data-id=\"753107b\" data-element_type=\"section\" data-e-type=\"section\">\n\t\t\t\t\t\t<div class=\"elementor-container elementor-column-gap-extended\">\n\t\t\t\t\t<div class=\"has_ae_slider elementor-column elementor-col-100 elementor-inner-column elementor-element elementor-element-39e30e9 ae-bg-gallery-type-default\" data-id=\"39e30e9\" data-element_type=\"column\" data-e-type=\"column\">\n\t\t\t<div class=\"elementor-widget-wrap elementor-element-populated\">\n\t\t\t\t\t\t<div class=\"elementor-element elementor-element-2a19d6c elementor-widget elementor-widget-text-editor\" data-id=\"2a19d6c\" data-element_type=\"widget\" data-e-type=\"widget\" data-widget_type=\"text-editor.default\">\n\t\t\t\t<div class=\"elementor-widget-container\">\n\t\t\t\t\t\t\t\t\t<div class=\"page\" title=\"Seite 1\"><div class=\"layoutArea\"><div class=\"column\"><div class=\"page\" title=\"Seite 1\"><div class=\"layoutArea\"><div class=\"column\"><p><span style=\"font-weight: 400;\">Bei einer Endometriose handelt es sich um eine zum Gl\u00fcck gutartige, jedoch chronische Erkrankung, von der fast 10 % aller Frauen im geb\u00e4rf\u00e4higen Alter betroffen sind. Bei der Endometriose siedelt sich Gewebe, das der Geb\u00e4rmutterschleimhaut (Endometrium) gleicht, au\u00dferhalb der inneren H\u00f6hle der Geb\u00e4rmutter an. Da das Gewebe dieser Endometrioseherde funktionst\u00fcchtig ist, ist es wie die normale Geb\u00e4rmutterschleimhaut am Menstruationszyklus beteiligt. <br \/><\/span><\/p><p><span style=\"font-weight: 400;\">Im Gegensatz zur normalen Geb\u00e4rmutterschleimhaut aber kann das Gewebe nicht abbluten und kann den K\u00f6rper nicht ohne weiteres verlassen. In der Umgebung der Endometrioseherde kommt es daher zu teilweise starken Entz\u00fcndungsreaktionen und damit verbunden zu erh\u00f6htem oxidativen Stress. Dies f\u00fchrt besonders w\u00e4hrend der Menstruation zu Beschwerden: Viele Patientinnen leiden unter schmerzhafter Regelblutung, mit zum Teil schweren Kr\u00e4mpfen. Je nach Auspr\u00e4gung und Lokalisierung der Endometrioseherde k\u00f6nnen auch weitere Probleme sowie eine Beeintr\u00e4chtigung der Fruchtbarkeit entstehen.<\/span><\/p><p><strong>Wie kann eine Endometriose den Kinderwunsch erschweren?<\/strong><\/p><p><span style=\"font-weight: 400;\">Endometriose beeintr\u00e4chtigt die gesunde Fruchtbarkeit auf vielf\u00e4ltige Weise. Etwa 30-40 % der Frauen, die sich in Kinderwunschkliniken vorstellen, leiden an Endometriose. Je nach Lokalisation von Endometriomen sind sie manchmal einfach ein mechanisches Hindernis. Die Probleme liegen aber auch tiefer: Endometriose-Patientinnen ovulieren im Durchschnitt weniger Eizellen als gesunde Kontrollen und die Eizellen haben eine schlechtere Qualit\u00e4t. Die meisten Experten glauben heute, dass dies auf erh\u00f6hte Entz\u00fcndungswerte und erh\u00f6hten oxidativen Stress zur\u00fcckzuf\u00fchren sein k\u00f6nnte.<\/span><\/p><p><strong>Welche Behandlungsm\u00f6glichkeiten gibt es?<\/strong><\/p><p><span style=\"font-weight: 400;\">Endometriose ist eine chronische Erkrankung und leider gibt es keine wirkliche Heilung. Die Behandlung der Symptome reicht von Schmerzmitteln \u00fcber Hormonbehandlungen bis hin zu Operationen. Umfragen zufolge nutzen auch viele Patientinnen gerne naturheilkundliche M\u00f6glichkeiten. Die Kinderwunschbehandlung hat in den letzten Jahren erhebliche Fortschritte gemacht und erzielt oft tolle Ergebnisse.<\/span><\/p><p><span style=\"font-weight: 400;\">Bei Kinderwunsch k\u00f6nnen eine angepasste Ern\u00e4hrung und eine gezielte Nahrungserg\u00e4nzung mit Mikron\u00e4hrstoffen helfen, Entz\u00fcndungen und oxidativen Stress von innen heraus sanft zu senken. <a href=\"https:\/\/endometriosis-info.net\/p.php?c=ernaehrung\"><strong>Mehr erfahren...<\/strong><\/a><\/span><\/p><p><strong>Wie kann Fertilovit\u00ae F Endo bei Kinderwunsch helfen?<\/strong><\/p><p><span style=\"font-weight: 400;\">Fertilovit\u00ae F Endo ist die weltweit erste pr\u00e4konzeptionelle Formulierung, die auf die Bed\u00fcrfnisse von Frauen mit Endometriose und Kinderwunsch zugeschnitten ist. Sie enth\u00e4lt hochdosierte Fols\u00e4ure (800 \u00b5g) in Kombination mit einer umfassenden Versorgung mit Vitaminen, Mineralstoffen und Antioxidantien.\u00a0<\/span><\/p><p><span style=\"font-weight: 400;\">Fertilovit\u00ae F Endo erm\u00f6glicht ein gezieltes und gleichzeitig umfassendes Di\u00e4tmanagement der Endometriose.\u00a0<\/span><\/p><p><span style=\"font-weight: 400;\">Mit nur zwei Kapseln t\u00e4glich erreicht die Patientin nicht nur den empfohlenen Folatspiegel zum Schutz vor Neuralrohrerkrankungen, sondern erf\u00fcllt auch neue Empfehlungen der American Nurses\u2019 Health Study. Coenzym Q10 spielt eine Rolle bei der mitochondrialen Funktion, was besonders bei Patientinnen ab Mitte 30 wichtig ist.<\/span><\/p><p><span style=\"font-weight: 400;\">Dar\u00fcber hinaus bietet diese schonende Behandlungsoption eine nat\u00fcrliche M\u00f6glichkeit, oxidativen Stress von innen heraus zu verringern.\u00a0<\/span><\/p><p><span style=\"font-weight: 400;\">Ein willkommener Nebeneffekt ist die Tatsache, dass viele Patientinnen sich auch einfach wohler f\u00fchlen und von weniger Schmerzen berichten. Letzteres k\u00f6nnte daran liegen, dass die Schmerzempfindung bei Endometriose-Patientinnen mittlerweile direkt mit erh\u00f6htem oxidativem Stress in Verbindung gebracht wird und daher die senkung von oxidativem Stress umgekehrt sehr gut zur Schmerzlinderung auf nat\u00fcrlicher Basis geeignet ist. <\/span><\/p><\/div><\/div><\/div><\/div><\/div><\/div>\t\t\t\t\t\t\t\t<\/div>\n\t\t\t\t<\/div>\n\t\t\t\t\t<\/div>\n\t\t<\/div>\n\t\t\t\t\t<\/div>\n\t\t<\/section>\n\t\t\t\t\t<\/div>\n\t\t<\/div>\n\t\t\t\t\t<\/div>\n\t\t<\/section>\n\t\t\t\t<\/div>","protected":false},"excerpt":{"rendered":"<p>Endometriosis and fertility Fertilovit\u00ae F ENDO Endometriosis is a very common condition that affects approximately one in ten women during their reproductive years. It is characterized by the presence of endometrial tissue outside the uterus. The misplaced tissue develops into growths or lesions which respond to the menstrual cycle in the same way that the [&hellip;]<\/p>\n","protected":false},"author":2,"featured_media":0,"parent":99,"menu_order":0,"comment_status":"closed","ping_status":"closed","template":"","meta":{"_acf_changed":false,"footnotes":""},"class_list":["post-103","page","type-page","status-publish","hentry"],"acf":[],"yoast_head":"<!-- This site is optimized with the Yoast SEO Premium plugin v27.0 (Yoast SEO v27.3) - https:\/\/yoast.com\/product\/yoast-seo-premium-wordpress\/ -->\n<title>Endometriosis - Fertilovit\u00ae<\/title>\n<meta name=\"description\" content=\"Here you will learn everything you need to know about endometriosis, its possible effects on fertility and its dietary management.\" \/>\n<meta name=\"robots\" content=\"index, follow, max-snippet:-1, max-image-preview:large, max-video-preview:-1\" \/>\n<link rel=\"canonical\" href=\"https:\/\/fertilovit.com\/de\/information\/endometriose\/\" \/>\n<meta property=\"og:locale\" content=\"de_DE\" \/>\n<meta property=\"og:type\" content=\"article\" \/>\n<meta property=\"og:title\" content=\"Endometriosis\" \/>\n<meta property=\"og:description\" content=\"Here you will learn everything you need to know about endometriosis, its possible effects on fertility and its dietary management.\" \/>\n<meta property=\"og:url\" content=\"https:\/\/fertilovit.com\/de\/information\/endometriose\/\" \/>\n<meta property=\"og:site_name\" content=\"Fertilovit\u00ae\" \/>\n<meta property=\"article:publisher\" content=\"https:\/\/www.facebook.com\/fertilovit\" \/>\n<meta property=\"article:modified_time\" content=\"2024-05-09T10:39:58+00:00\" \/>\n<meta property=\"og:image\" content=\"https:\/\/fertilovit.com\/wp-content\/uploads\/2021\/12\/endometriosis-compressed.jpg\" \/>\n<meta name=\"twitter:card\" content=\"summary_large_image\" \/>\n<meta name=\"twitter:label1\" content=\"Gesch\u00e4tzte Lesezeit\" \/>\n\t<meta name=\"twitter:data1\" content=\"3 Minuten\" \/>\n<script type=\"application\/ld+json\" class=\"yoast-schema-graph\">{\"@context\":\"https:\\\/\\\/schema.org\",\"@graph\":[{\"@type\":\"WebPage\",\"@id\":\"https:\\\/\\\/fertilovit.com\\\/de\\\/information\\\/endometriose\\\/\",\"url\":\"https:\\\/\\\/fertilovit.com\\\/de\\\/information\\\/endometriose\\\/\",\"name\":\"Endometriosis - Fertilovit\u00ae\",\"isPartOf\":{\"@id\":\"https:\\\/\\\/fertilovit.com\\\/de\\\/#website\"},\"primaryImageOfPage\":{\"@id\":\"https:\\\/\\\/fertilovit.com\\\/de\\\/information\\\/endometriose\\\/#primaryimage\"},\"image\":{\"@id\":\"https:\\\/\\\/fertilovit.com\\\/de\\\/information\\\/endometriose\\\/#primaryimage\"},\"thumbnailUrl\":\"https:\\\/\\\/fertilovit.com\\\/wp-content\\\/uploads\\\/2021\\\/12\\\/endometriosis-compressed.jpg\",\"datePublished\":\"2021-10-12T19:37:56+00:00\",\"dateModified\":\"2024-05-09T10:39:58+00:00\",\"description\":\"Here you will learn everything you need to know about endometriosis, its possible effects on fertility and its dietary management.\",\"breadcrumb\":{\"@id\":\"https:\\\/\\\/fertilovit.com\\\/de\\\/information\\\/endometriose\\\/#breadcrumb\"},\"inLanguage\":\"de-AT\",\"potentialAction\":[{\"@type\":\"ReadAction\",\"target\":[\"https:\\\/\\\/fertilovit.com\\\/de\\\/information\\\/endometriose\\\/\"]}]},{\"@type\":\"ImageObject\",\"inLanguage\":\"de-AT\",\"@id\":\"https:\\\/\\\/fertilovit.com\\\/de\\\/information\\\/endometriose\\\/#primaryimage\",\"url\":\"https:\\\/\\\/fertilovit.com\\\/wp-content\\\/uploads\\\/2021\\\/12\\\/endometriosis-compressed.jpg\",\"contentUrl\":\"https:\\\/\\\/fertilovit.com\\\/wp-content\\\/uploads\\\/2021\\\/12\\\/endometriosis-compressed.jpg\"},{\"@type\":\"BreadcrumbList\",\"@id\":\"https:\\\/\\\/fertilovit.com\\\/de\\\/information\\\/endometriose\\\/#breadcrumb\",\"itemListElement\":[{\"@type\":\"ListItem\",\"position\":1,\"name\":\"Home\",\"item\":\"https:\\\/\\\/fertilovit.com\\\/\"},{\"@type\":\"ListItem\",\"position\":2,\"name\":\"Information\",\"item\":\"https:\\\/\\\/fertilovit.com\\\/information\\\/\"},{\"@type\":\"ListItem\",\"position\":3,\"name\":\"Endometriosis\"}]},{\"@type\":\"WebSite\",\"@id\":\"https:\\\/\\\/fertilovit.com\\\/de\\\/#website\",\"url\":\"https:\\\/\\\/fertilovit.com\\\/de\\\/\",\"name\":\"Fertilovit\u00ae\",\"description\":\"For a new life\",\"publisher\":{\"@id\":\"https:\\\/\\\/fertilovit.com\\\/de\\\/#organization\"},\"potentialAction\":[{\"@type\":\"SearchAction\",\"target\":{\"@type\":\"EntryPoint\",\"urlTemplate\":\"https:\\\/\\\/fertilovit.com\\\/de\\\/?s={search_term_string}\"},\"query-input\":{\"@type\":\"PropertyValueSpecification\",\"valueRequired\":true,\"valueName\":\"search_term_string\"}}],\"inLanguage\":\"de-AT\"},{\"@type\":\"Organization\",\"@id\":\"https:\\\/\\\/fertilovit.com\\\/de\\\/#organization\",\"name\":\"Fertilovit\u00ae\",\"url\":\"https:\\\/\\\/fertilovit.com\\\/de\\\/\",\"logo\":{\"@type\":\"ImageObject\",\"inLanguage\":\"de-AT\",\"@id\":\"https:\\\/\\\/fertilovit.com\\\/de\\\/#\\\/schema\\\/logo\\\/image\\\/\",\"url\":\"https:\\\/\\\/fertilovit.com\\\/wp-content\\\/uploads\\\/2021\\\/10\\\/fertilovit-logo.png\",\"contentUrl\":\"https:\\\/\\\/fertilovit.com\\\/wp-content\\\/uploads\\\/2021\\\/10\\\/fertilovit-logo.png\",\"width\":835,\"height\":188,\"caption\":\"Fertilovit\u00ae\"},\"image\":{\"@id\":\"https:\\\/\\\/fertilovit.com\\\/de\\\/#\\\/schema\\\/logo\\\/image\\\/\"},\"sameAs\":[\"https:\\\/\\\/www.facebook.com\\\/fertilovit\",\"https:\\\/\\\/www.instagram.com\\\/fertilovit_international\\\/\",\"https:\\\/\\\/www.youtube.com\\\/@Fertilovit-com\",\"https:\\\/\\\/www.instagram.com\\\/fertilovitaustria\\\/\"],\"description\":\"Fertilovit is a scientifically-backed brand of advanced micronutrient supplements specifically formulated for preconception, pregnancy, and reproductive health. Developed by fertility experts, our patent-protected products provide targeted nutritional support for women and men, addressing specific needs such as PCOS, endometriosis, and optimized sperm quality.\",\"email\":\"office@fertilovit.com\",\"telephone\":\"+43 5574 54195\",\"legalName\":\"Gonadosan Distribution GmbH\",\"foundingDate\":\"2010-01-01\",\"vatID\":\"ATU35594004\",\"duns\":\"302468913\"}]}<\/script>\n<!-- \/ Yoast SEO Premium plugin. -->","yoast_head_json":{"title":"Endometriose - Fertilovit\u00ae","description":"Hier erfahren Sie alles \u00fcber Endometriose, ihre m\u00f6glichen Auswirkungen auf die Fruchtbarkeit und ihre di\u00e4tetische Behandlung.","robots":{"index":"index","follow":"follow","max-snippet":"max-snippet:-1","max-image-preview":"max-image-preview:large","max-video-preview":"max-video-preview:-1"},"canonical":"https:\/\/fertilovit.com\/de\/information\/endometriose\/","og_locale":"de_DE","og_type":"article","og_title":"Endometriosis","og_description":"Here you will learn everything you need to know about endometriosis, its possible effects on fertility and its dietary management.","og_url":"https:\/\/fertilovit.com\/de\/information\/endometriose\/","og_site_name":"Fertilovit\u00ae","article_publisher":"https:\/\/www.facebook.com\/fertilovit","article_modified_time":"2024-05-09T10:39:58+00:00","og_image":[{"url":"https:\/\/fertilovit.com\/wp-content\/uploads\/2021\/12\/endometriosis-compressed.jpg","type":"","width":"","height":""}],"twitter_card":"summary_large_image","twitter_misc":{"Gesch\u00e4tzte Lesezeit":"3 Minuten"},"schema":{"@context":"https:\/\/schema.org","@graph":[{"@type":"WebPage","@id":"https:\/\/fertilovit.com\/de\/information\/endometriose\/","url":"https:\/\/fertilovit.com\/de\/information\/endometriose\/","name":"Endometriose - Fertilovit\u00ae","isPartOf":{"@id":"https:\/\/fertilovit.com\/de\/#website"},"primaryImageOfPage":{"@id":"https:\/\/fertilovit.com\/de\/information\/endometriose\/#primaryimage"},"image":{"@id":"https:\/\/fertilovit.com\/de\/information\/endometriose\/#primaryimage"},"thumbnailUrl":"https:\/\/fertilovit.com\/wp-content\/uploads\/2021\/12\/endometriosis-compressed.jpg","datePublished":"2021-10-12T19:37:56+00:00","dateModified":"2024-05-09T10:39:58+00:00","description":"Hier erfahren Sie alles \u00fcber Endometriose, ihre m\u00f6glichen Auswirkungen auf die Fruchtbarkeit und ihre di\u00e4tetische Behandlung.","breadcrumb":{"@id":"https:\/\/fertilovit.com\/de\/information\/endometriose\/#breadcrumb"},"inLanguage":"de-AT","potentialAction":[{"@type":"ReadAction","target":["https:\/\/fertilovit.com\/de\/information\/endometriose\/"]}]},{"@type":"ImageObject","inLanguage":"de-AT","@id":"https:\/\/fertilovit.com\/de\/information\/endometriose\/#primaryimage","url":"https:\/\/fertilovit.com\/wp-content\/uploads\/2021\/12\/endometriosis-compressed.jpg","contentUrl":"https:\/\/fertilovit.com\/wp-content\/uploads\/2021\/12\/endometriosis-compressed.jpg"},{"@type":"BreadcrumbList","@id":"https:\/\/fertilovit.com\/de\/information\/endometriose\/#breadcrumb","itemListElement":[{"@type":"ListItem","position":1,"name":"Home","item":"https:\/\/fertilovit.com\/"},{"@type":"ListItem","position":2,"name":"Information","item":"https:\/\/fertilovit.com\/information\/"},{"@type":"ListItem","position":3,"name":"Endometriosis"}]},{"@type":"WebSite","@id":"https:\/\/fertilovit.com\/de\/#website","url":"https:\/\/fertilovit.com\/de\/","name":"Fertilovit\u00ae","description":"F\u00fcr ein neues Leben","publisher":{"@id":"https:\/\/fertilovit.com\/de\/#organization"},"potentialAction":[{"@type":"SearchAction","target":{"@type":"EntryPoint","urlTemplate":"https:\/\/fertilovit.com\/de\/?s={search_term_string}"},"query-input":{"@type":"PropertyValueSpecification","valueRequired":true,"valueName":"search_term_string"}}],"inLanguage":"de-AT"},{"@type":"Organization","@id":"https:\/\/fertilovit.com\/de\/#organization","name":"Fertilovit\u00ae","url":"https:\/\/fertilovit.com\/de\/","logo":{"@type":"ImageObject","inLanguage":"de-AT","@id":"https:\/\/fertilovit.com\/de\/#\/schema\/logo\/image\/","url":"https:\/\/fertilovit.com\/wp-content\/uploads\/2021\/10\/fertilovit-logo.png","contentUrl":"https:\/\/fertilovit.com\/wp-content\/uploads\/2021\/10\/fertilovit-logo.png","width":835,"height":188,"caption":"Fertilovit\u00ae"},"image":{"@id":"https:\/\/fertilovit.com\/de\/#\/schema\/logo\/image\/"},"sameAs":["https:\/\/www.facebook.com\/fertilovit","https:\/\/www.instagram.com\/fertilovit_international\/","https:\/\/www.youtube.com\/@Fertilovit-com","https:\/\/www.instagram.com\/fertilovitaustria\/"],"description":"Fertilovit ist eine wissenschaftlich fundierte Marke f\u00fcr fortschrittliche Mikron\u00e4hrstoffpr\u00e4parate, die speziell f\u00fcr die Empf\u00e4ngnisvorbereitung, die Schwangerschaft und die reproduktive Gesundheit entwickelt wurden. Unsere patentgesch\u00fctzten Produkte wurden von Fruchtbarkeitsexperten entwickelt und bieten gezielte Ern\u00e4hrungsunterst\u00fctzung f\u00fcr Frauen und M\u00e4nner, die auf spezifische Bed\u00fcrfnisse wie PCOS, Endometriose und optimierte Spermienqualit\u00e4t eingehen.","email":"office@fertilovit.com","telephone":"+43 5574 54195","legalName":"Gonadosan Distribution GmbH","foundingDate":"2010-01-01","vatID":"ATU35594004","duns":"302468913"}]}},"_links":{"self":[{"href":"https:\/\/fertilovit.com\/de\/wp-json\/wp\/v2\/pages\/103","targetHints":{"allow":["GET"]}}],"collection":[{"href":"https:\/\/fertilovit.com\/de\/wp-json\/wp\/v2\/pages"}],"about":[{"href":"https:\/\/fertilovit.com\/de\/wp-json\/wp\/v2\/types\/page"}],"author":[{"embeddable":true,"href":"https:\/\/fertilovit.com\/de\/wp-json\/wp\/v2\/users\/2"}],"replies":[{"embeddable":true,"href":"https:\/\/fertilovit.com\/de\/wp-json\/wp\/v2\/comments?post=103"}],"version-history":[{"count":0,"href":"https:\/\/fertilovit.com\/de\/wp-json\/wp\/v2\/pages\/103\/revisions"}],"up":[{"embeddable":true,"href":"https:\/\/fertilovit.com\/de\/wp-json\/wp\/v2\/pages\/99"}],"wp:attachment":[{"href":"https:\/\/fertilovit.com\/de\/wp-json\/wp\/v2\/media?parent=103"}],"curies":[{"name":"wp","href":"https:\/\/api.w.org\/{rel}","templated":true}]}}